{"id":4508,"date":"2025-08-16T08:58:36","date_gmt":"2025-08-16T08:58:36","guid":{"rendered":"https:\/\/www.hg-cooker.com\/?post_type=product&#038;p=4508"},"modified":"2025-11-13T02:22:39","modified_gmt":"2025-11-13T02:22:39","slug":"pote-de-leite-fervente-de-aco-inoxidavel-por-atacado-42","status":"publish","type":"product","link":"https:\/\/www.hg-cooker.com\/pt\/produto\/pote-de-leite-fervente-de-aco-inoxidavel-por-atacado-42\/","title":{"rendered":"Panelas de press\u00e3o para campismo por grosso, para cozinhar ao ar livre, fazer caminhadas, pescar e muito mais"},"content":{"rendered":"<div class=\"wp-block-columns is-layout-flex wp-container-core-columns-is-layout-9d6595d7 wp-block-columns-is-layout-flex\">\n<div class=\"wp-block-column is-layout-flow wp-block-column-is-layout-flow\">\n<h2 class=\"wp-block-heading\">Par\u00e2metros da panela de press\u00e3o para campismo<\/h2>\n\n\n\n<p><strong>Nome do produto<\/strong>: Panela de press\u00e3o para campismo<br><br><strong>Estilo<\/strong>: Parede interior em a\u00e7o inoxid\u00e1vel \/ Parede interior antiaderente<br><br><strong>Capacidade<\/strong>: 0,8L\/1,2L\/1,6L\/2,0L<br><br><strong>Fog\u00e3o adequado<\/strong>: Fog\u00e3o a g\u00e1s \/ Fog\u00e3o de indu\u00e7\u00e3o \/ Fog\u00e3o el\u00e9trico de cer\u00e2mica \/ Fog\u00e3o el\u00e9trico.<br><\/p>\n<\/div>\n\n\n\n<div class=\"wp-block-column is-layout-flow wp-block-column-is-layout-flow\">\n<h2 class=\"wp-block-heading\">Op\u00e7\u00f5es personalizadas<\/h2>\n\n\n\n<p><strong>Log\u00f3tipo<\/strong>: Personalize o log\u00f3tipo da sua marca na panela de press\u00e3o de campismo e na embalagem.<br><br><strong>Tamanho:<\/strong> Personalize diferentes tamanhos de panela de press\u00e3o de campismo de acordo com as suas necessidades.<br><br><strong>Embalagem<\/strong>: cart\u00e3o\/caixa de cor.<br><br><a href=\"https:\/\/www.hg-cooker.com\/pt\/custom-solution\/\" data-type=\"page\" data-id=\"2793\" target=\"_blank\" rel=\"noreferrer noopener\"><strong>Explorar mais pormenores sobre panelas de press\u00e3o personalizadas<\/strong><\/a><\/p>\n<\/div>\n<\/div>\n\n\n\n<div class=\"wp-block-columns is-layout-flex wp-container-core-columns-is-layout-9d6595d7 wp-block-columns-is-layout-flex\">\n<div class=\"wp-block-column is-layout-flow wp-block-column-is-layout-flow\">\n<figure class=\"wp-block-image size-full\"><img fetchpriority=\"high\" decoding=\"async\" width=\"616\" height=\"616\" src=\"https:\/\/www.hg-cooker.com\/wp-content\/uploads\/2024\/10\/Wholesale-Camping-Pressure-Cooker-4.png\" alt=\"Panela de press\u00e3o de campismo por atacado (4)\" class=\"wp-image-4512\" srcset=\"https:\/\/www.hg-cooker.com\/wp-content\/uploads\/2024\/10\/Wholesale-Camping-Pressure-Cooker-4.png 616w, https:\/\/www.hg-cooker.com\/wp-content\/uploads\/2024\/10\/Wholesale-Camping-Pressure-Cooker-4-150x150.png 150w, https:\/\/www.hg-cooker.com\/wp-content\/uploads\/2024\/10\/Wholesale-Camping-Pressure-Cooker-4-300x300.png 300w, https:\/\/www.hg-cooker.com\/wp-content\/uploads\/2024\/10\/Wholesale-Camping-Pressure-Cooker-4-12x12.png 12w, https:\/\/www.hg-cooker.com\/wp-content\/uploads\/2024\/10\/Wholesale-Camping-Pressure-Cooker-4-285x285.png 285w, https:\/\/www.hg-cooker.com\/wp-content\/uploads\/2024\/10\/Wholesale-Camping-Pressure-Cooker-4-270x270.png 270w, https:\/\/www.hg-cooker.com\/wp-content\/uploads\/2024\/10\/Wholesale-Camping-Pressure-Cooker-4-540x540.png 540w\" sizes=\"(max-width: 616px) 100vw, 616px\" \/><\/figure>\n<\/div>\n\n\n\n<div class=\"wp-block-column is-layout-flow wp-block-column-is-layout-flow\">\n<figure class=\"wp-block-image size-full\"><img decoding=\"async\" width=\"611\" height=\"611\" src=\"https:\/\/www.hg-cooker.com\/wp-content\/uploads\/2024\/10\/Wholesale-Camping-Pressure-Cooker-5.png\" alt=\"Panela de press\u00e3o de acampamento por atacado (5)\" class=\"wp-image-4513\" srcset=\"https:\/\/www.hg-cooker.com\/wp-content\/uploads\/2024\/10\/Wholesale-Camping-Pressure-Cooker-5.png 611w, https:\/\/www.hg-cooker.com\/wp-content\/uploads\/2024\/10\/Wholesale-Camping-Pressure-Cooker-5-150x150.png 150w, https:\/\/www.hg-cooker.com\/wp-content\/uploads\/2024\/10\/Wholesale-Camping-Pressure-Cooker-5-300x300.png 300w, https:\/\/www.hg-cooker.com\/wp-content\/uploads\/2024\/10\/Wholesale-Camping-Pressure-Cooker-5-12x12.png 12w, https:\/\/www.hg-cooker.com\/wp-content\/uploads\/2024\/10\/Wholesale-Camping-Pressure-Cooker-5-285x285.png 285w, https:\/\/www.hg-cooker.com\/wp-content\/uploads\/2024\/10\/Wholesale-Camping-Pressure-Cooker-5-270x270.png 270w, https:\/\/www.hg-cooker.com\/wp-content\/uploads\/2024\/10\/Wholesale-Camping-Pressure-Cooker-5-540x540.png 540w\" sizes=\"(max-width: 611px) 100vw, 611px\" \/><\/figure>\n<\/div>\n<\/div>","protected":false},"excerpt":{"rendered":"<p>A panela de press\u00e3o de campismo por atacado satisfaz as necessidades culin\u00e1rias dos entusiastas do ar livre. Nossa panela de press\u00e3o de acampamento \u00e9 compacta e f\u00e1cil de transportar, perfeita para acampar, fazer caminhadas e viajar. \u652f\u6301OEM e ODM, contacte-nos para uma cota\u00e7\u00e3o.<\/p>\n<h2>Carater\u00edsticas e vantagens da panela de press\u00e3o de campismo<\/h2>\n<p><strong>Leve e port\u00e1til:<\/strong> O peso \u00e9 apenas 60% dos fog\u00f5es normais, pode suportar uma cozedura a alta press\u00e3o, suporta fog\u00f5es a g\u00e1s, a lenha e de indu\u00e7\u00e3o e adapta-se a diferentes condi\u00e7\u00f5es de campismo.<\/p>\n<p><strong>Cozinhar de forma eficiente:<\/strong> A panela de press\u00e3o para campismo adopta o melhor design estrutural, que pode cozinhar arroz em 5 minutos, e \u00e9 a melhor ferramenta para cozinhar ao ar livre.<\/p>\n<p><strong>Sistema de seguran\u00e7a:<\/strong> A panela de press\u00e3o de campismo disp\u00f5e de uma variedade de dispositivos de prote\u00e7\u00e3o para a seguran\u00e7a dos utilizadores durante a cozedura a alta press\u00e3o, incluindo v\u00e1lvulas de seguran\u00e7a eficientes e dispositivos de bloqueio altamente fi\u00e1veis.<\/p>\n<p><strong>Servi\u00e7o de personaliza\u00e7\u00e3o:<\/strong> Como um fabricante profissional de panelas de press\u00e3o, fornecemos servi\u00e7os de personaliza\u00e7\u00e3o flex\u00edveis para atender \u00e0s diversas necessidades dos compradores B2B. Incluindo o tamanho do produto, design de apar\u00eancia, configura\u00e7\u00e3o funcional, etc.<\/p>","protected":false},"featured_media":4509,"comment_status":"closed","ping_status":"closed","template":"","meta":[],"product_brand":[],"product_cat":[54],"product_tag":[],"class_list":{"0":"post-4508","1":"product","2":"type-product","3":"status-publish","4":"has-post-thumbnail","6":"product_cat-pressure-cooker","8":"first","9":"instock","10":"shipping-taxable","11":"product-type-simple"},"_links":{"self":[{"href":"https:\/\/www.hg-cooker.com\/pt\/wp-json\/wp\/v2\/product\/4508","targetHints":{"allow":["GET"]}}],"collection":[{"href":"https:\/\/www.hg-cooker.com\/pt\/wp-json\/wp\/v2\/product"}],"about":[{"href":"https:\/\/www.hg-cooker.com\/pt\/wp-json\/wp\/v2\/types\/product"}],"replies":[{"embeddable":true,"href":"https:\/\/www.hg-cooker.com\/pt\/wp-json\/wp\/v2\/comments?post=4508"}],"wp:featuredmedia":[{"embeddable":true,"href":"https:\/\/www.hg-cooker.com\/pt\/wp-json\/wp\/v2\/media\/4509"}],"wp:attachment":[{"href":"https:\/\/www.hg-cooker.com\/pt\/wp-json\/wp\/v2\/media?parent=4508"}],"wp:term":[{"taxonomy":"product_brand","embeddable":true,"href":"https:\/\/www.hg-cooker.com\/pt\/wp-json\/wp\/v2\/product_brand?post=4508"},{"taxonomy":"product_cat","embeddable":true,"href":"https:\/\/www.hg-cooker.com\/pt\/wp-json\/wp\/v2\/product_cat?post=4508"},{"taxonomy":"product_tag","embeddable":true,"href":"https:\/\/www.hg-cooker.com\/pt\/wp-json\/wp\/v2\/product_tag?post=4508"}],"curies":[{"name":"wp","href":"https:\/\/api.w.org\/{rel}","templated":true}]}}