{"id":4503,"date":"2025-08-14T08:10:22","date_gmt":"2025-08-14T08:10:22","guid":{"rendered":"https:\/\/www.hg-cooker.com\/?post_type=product&#038;p=4503"},"modified":"2025-11-13T02:25:39","modified_gmt":"2025-11-13T02:25:39","slug":"pote-de-leite-fervente-de-aco-inoxidavel-por-atacado-41","status":"publish","type":"product","link":"https:\/\/www.hg-cooker.com\/pt\/produto\/pote-de-leite-fervente-de-aco-inoxidavel-por-atacado-41\/","title":{"rendered":"Panelas de press\u00e3o de a\u00e7o inoxid\u00e1vel por atacado, panela de press\u00e3o a granel 4l \uff0c 5l \uff0c 6l para venda"},"content":{"rendered":"<div class=\"wp-block-columns is-layout-flex wp-container-core-columns-is-layout-9d6595d7 wp-block-columns-is-layout-flex\">\n<div class=\"wp-block-column is-layout-flow wp-block-column-is-layout-flow\">\n<h2 class=\"wp-block-heading\">Par\u00e2metros da panela de press\u00e3o<\/h2>\n\n\n\n<p><strong>Nome do produto<\/strong>: Panela de press\u00e3o de a\u00e7o inoxid\u00e1vel<\/p>\n\n\n\n<p><strong>N\u00famero do modelo<\/strong>: HGYLG30UX<br><br><strong>Capacidade<\/strong>: 4.0L\/5.0L\/6.0L\/8.0L\/10L\/12L<br><br><strong>Fog\u00e3o adequado<\/strong>: Fog\u00e3o a g\u00e1s \/ Fog\u00e3o de indu\u00e7\u00e3o \/ Fog\u00e3o el\u00e9trico de cer\u00e2mica \/ Fog\u00e3o el\u00e9trico.<br><\/p>\n<\/div>\n\n\n\n<div class=\"wp-block-column is-layout-flow wp-block-column-is-layout-flow\">\n<h2 class=\"wp-block-heading\">Op\u00e7\u00f5es de panelas de press\u00e3o personalizadas<\/h2>\n\n\n\n<p><strong>Log\u00f3tipo<\/strong>: Personalize o log\u00f3tipo da sua marca na panela de press\u00e3o e na embalagem.<br><br><strong>Tamanho<\/strong>: Tamanhos personalizados de panelas de press\u00e3o.<br><br><strong>Embalagem<\/strong>: cart\u00e3o\/caixa de cor.<br><br><a href=\"https:\/\/www.hg-cooker.com\/pt\/custom-solution\/\" data-type=\"page\" data-id=\"2793\" target=\"_blank\" rel=\"noreferrer noopener\"><strong>Explorar mais pormenores sobre panelas de press\u00e3o personalizadas<\/strong><\/a><\/p>\n<\/div>\n<\/div>\n\n\n\n<div class=\"wp-block-columns is-layout-flex wp-container-core-columns-is-layout-9d6595d7 wp-block-columns-is-layout-flex\">\n<div class=\"wp-block-column is-layout-flow wp-block-column-is-layout-flow\">\n<figure class=\"wp-block-image size-full\"><img fetchpriority=\"high\" decoding=\"async\" width=\"988\" height=\"509\" src=\"https:\/\/www.hg-cooker.com\/wp-content\/uploads\/2024\/10\/stainless-steel-cookware-2.png\" alt=\"utens\u00edlios de cozinha em a\u00e7o inoxid\u00e1vel (2)\" class=\"wp-image-4505\" srcset=\"https:\/\/www.hg-cooker.com\/wp-content\/uploads\/2024\/10\/stainless-steel-cookware-2.png 988w, https:\/\/www.hg-cooker.com\/wp-content\/uploads\/2024\/10\/stainless-steel-cookware-2-150x77.png 150w, https:\/\/www.hg-cooker.com\/wp-content\/uploads\/2024\/10\/stainless-steel-cookware-2-660x340.png 660w, https:\/\/www.hg-cooker.com\/wp-content\/uploads\/2024\/10\/stainless-steel-cookware-2-300x155.png 300w, https:\/\/www.hg-cooker.com\/wp-content\/uploads\/2024\/10\/stainless-steel-cookware-2-768x396.png 768w, https:\/\/www.hg-cooker.com\/wp-content\/uploads\/2024\/10\/stainless-steel-cookware-2-18x9.png 18w, https:\/\/www.hg-cooker.com\/wp-content\/uploads\/2024\/10\/stainless-steel-cookware-2-285x147.png 285w\" sizes=\"(max-width: 988px) 100vw, 988px\" \/><\/figure>\n<\/div>\n<\/div>\n\n\n\n<p><\/p>","protected":false},"excerpt":{"rendered":"<p>Panelas de press\u00e3o de a\u00e7o inoxid\u00e1vel por atacado em v\u00e1rias capacidades, incluindo 4L, 5L e 6L, estas panelas de press\u00e3o s\u00e3o dur\u00e1veis, de cozedura r\u00e1pida, eficientes em termos energ\u00e9ticos e vers\u00e1teis, indispens\u00e1veis para qualquer cozinha. Contacte-nos para obter um or\u00e7amento.<\/p>\n<h2>Carater\u00edsticas e vantagens da panela de press\u00e3o de a\u00e7o inoxid\u00e1vel<\/h2>\n<p><strong>Vasta gama de aplica\u00e7\u00f5es:<\/strong> A panela de press\u00e3o de a\u00e7o inoxid\u00e1vel por atacado pode ser aplicada a diferentes fog\u00f5es, tais como fog\u00f5es a g\u00e1s, fog\u00f5es de indu\u00e7\u00e3o, fog\u00f5es el\u00e9ctricos, fog\u00f5es el\u00e9ctricos de cer\u00e2mica, etc. Os utilizadores podem escolher livremente de acordo com o fog\u00e3o apropriado.<\/p>\n<p><strong>Cozedura r\u00e1pida:<\/strong> O mecanismo de cozedura sob press\u00e3o reduz significativamente o tempo de cozedura, mantendo a nutri\u00e7\u00e3o enquanto prepara as refei\u00e7\u00f5es rapidamente. Ajuda as fam\u00edlias ocupadas a cozinhar facilmente refei\u00e7\u00f5es deliciosas nas suas vidas aceleradas.<\/p>\n<p><strong>Alta temperatura e resist\u00eancia \u00e0 corros\u00e3o:<\/strong> A panela de press\u00e3o \u00e9 feita de a\u00e7o inoxid\u00e1vel 304 de qualidade alimentar. A excelente resist\u00eancia \u00e0 corros\u00e3o do a\u00e7o inoxid\u00e1vel 304 pode suportar diferentes ingredientes, incluindo alimentos \u00e1cidos como o tomate e o vinagre, e pode ser utilizada durante muito tempo.<\/p>\n<p><strong>Versatilidade:<\/strong> Estas panelas de press\u00e3o est\u00e3o dispon\u00edveis em tr\u00eas tamanhos: 4L, 5L e 6L, que s\u00e3o perfeitas para preparar uma variedade de pratos, desde sopas e guisados a carne e cereais, e s\u00e3o muito adequadas para fam\u00edlias pequenas e grandes.<\/p>\n<p><strong>Seis grandes sistemas de seguran\u00e7a:<\/strong> Esta panela de press\u00e3o disp\u00f5e de dispositivos de seguran\u00e7a, tais como v\u00e1lvula de seguran\u00e7a, v\u00e1lvula limitadora de press\u00e3o, v\u00e1lvula de alarme, etc., para que os utilizadores se sintam mais \u00e0 vontade quando cozinham a alta press\u00e3o.<\/p>","protected":false},"featured_media":4504,"comment_status":"closed","ping_status":"closed","template":"","meta":[],"product_brand":[],"product_cat":[54],"product_tag":[],"class_list":{"0":"post-4503","1":"product","2":"type-product","3":"status-publish","4":"has-post-thumbnail","6":"product_cat-pressure-cooker","8":"first","9":"instock","10":"shipping-taxable","11":"product-type-simple"},"_links":{"self":[{"href":"https:\/\/www.hg-cooker.com\/pt\/wp-json\/wp\/v2\/product\/4503","targetHints":{"allow":["GET"]}}],"collection":[{"href":"https:\/\/www.hg-cooker.com\/pt\/wp-json\/wp\/v2\/product"}],"about":[{"href":"https:\/\/www.hg-cooker.com\/pt\/wp-json\/wp\/v2\/types\/product"}],"replies":[{"embeddable":true,"href":"https:\/\/www.hg-cooker.com\/pt\/wp-json\/wp\/v2\/comments?post=4503"}],"wp:featuredmedia":[{"embeddable":true,"href":"https:\/\/www.hg-cooker.com\/pt\/wp-json\/wp\/v2\/media\/4504"}],"wp:attachment":[{"href":"https:\/\/www.hg-cooker.com\/pt\/wp-json\/wp\/v2\/media?parent=4503"}],"wp:term":[{"taxonomy":"product_brand","embeddable":true,"href":"https:\/\/www.hg-cooker.com\/pt\/wp-json\/wp\/v2\/product_brand?post=4503"},{"taxonomy":"product_cat","embeddable":true,"href":"https:\/\/www.hg-cooker.com\/pt\/wp-json\/wp\/v2\/product_cat?post=4503"},{"taxonomy":"product_tag","embeddable":true,"href":"https:\/\/www.hg-cooker.com\/pt\/wp-json\/wp\/v2\/product_tag?post=4503"}],"curies":[{"name":"wp","href":"https:\/\/api.w.org\/{rel}","templated":true}]}}