{"id":4495,"date":"2025-08-31T07:18:42","date_gmt":"2025-08-31T07:18:42","guid":{"rendered":"https:\/\/www.hg-cooker.com\/?post_type=product&#038;p=4495"},"modified":"2025-09-13T02:26:58","modified_gmt":"2025-09-13T02:26:58","slug":"pote-de-leite-fervente-de-aco-inoxidavel-por-atacado-40","status":"publish","type":"product","link":"https:\/\/www.hg-cooker.com\/pt\/produto\/pote-de-leite-fervente-de-aco-inoxidavel-por-atacado-40\/","title":{"rendered":"Panelas a vapor de a\u00e7o inoxid\u00e1vel dur\u00e1vel por atacado para uso profissional e dom\u00e9stico"},"content":{"rendered":"<h3 class=\"wp-block-heading\">Par\u00e2metros da panela de a\u00e7o inoxid\u00e1vel para vapor<\/h3>\n\n\n\n<figure class=\"wp-block-table\"><table class=\"has-fixed-layout\"><tbody><tr><td>&nbsp;Nome do produto<\/td><td>&nbsp;Utiliza\u00e7\u00e3o<\/td><td>&nbsp;Cor<\/td><td>&nbsp;Tamanho<\/td><td>&nbsp;Aplica\u00e7\u00e3o<\/td><td>&nbsp;Fun\u00e7\u00e3o<\/td><td>&nbsp;Log\u00f3tipo<\/td><td>&nbsp;MOQ<\/td><td>&nbsp;Pega<\/td><\/tr><tr><td>&nbsp;Vaporizador de fundo duplo 26CM<\/td><td>&nbsp;Cozinha caseira<\/td><td>&nbsp;Prata<\/td><td>&nbsp;67*55*72 cm<\/td><td>&nbsp;Cozinha comercial<\/td><td>&nbsp;Utiliza\u00e7\u00e3o na cozinha Cozinhar<\/td><td>&nbsp;Personalizar o log\u00f3tipo<\/td><td>&nbsp;Conjunto 2000<\/td><td>&nbsp;Pega em a\u00e7o inoxid\u00e1vel<\/td><\/tr><\/tbody><\/table><\/figure>\n\n\n\n<div class=\"wp-block-columns is-layout-flex wp-container-core-columns-is-layout-9d6595d7 wp-block-columns-is-layout-flex\">\n<div class=\"wp-block-column is-layout-flow wp-block-column-is-layout-flow\">\n<h3 class=\"wp-block-heading\">Op\u00e7\u00f5es de recipiente para vapor em a\u00e7o inoxid\u00e1vel personalizado<\/h3>\n\n\n\n<p><strong>Log\u00f3tipo<\/strong>: Personalize o log\u00f3tipo da sua marca na panela t\u00e9rmica e na embalagem.<br><br><strong>Tamanho:<\/strong> Personalize diferentes tamanhos de panela t\u00e9rmica de acordo com as suas necessidades.<br><br><strong>Embalagem<\/strong>: cart\u00e3o\/caixa de cor.<br><br><a href=\"https:\/\/www.hg-cooker.com\/pt\/custom-solution\/\" data-type=\"page\" data-id=\"2793\" target=\"_blank\" rel=\"noreferrer noopener\"><strong>Explorar mais pormenores de utens\u00edlios de cozinha personalizados<\/strong><\/a>.<\/p>\n<\/div>\n\n\n\n<div class=\"wp-block-column is-layout-flow wp-block-column-is-layout-flow\">\n<figure class=\"wp-block-image size-full\"><img fetchpriority=\"high\" decoding=\"async\" width=\"750\" height=\"750\" src=\"https:\/\/www.hg-cooker.com\/wp-content\/uploads\/2024\/10\/stainless-steel-steamer-pot-5.webp\" alt=\"panela de a\u00e7o inoxid\u00e1vel para cozer a vapor (5)\" class=\"wp-image-4501\" srcset=\"https:\/\/www.hg-cooker.com\/wp-content\/uploads\/2024\/10\/stainless-steel-steamer-pot-5.webp 750w, https:\/\/www.hg-cooker.com\/wp-content\/uploads\/2024\/10\/stainless-steel-steamer-pot-5-150x150.webp 150w, https:\/\/www.hg-cooker.com\/wp-content\/uploads\/2024\/10\/stainless-steel-steamer-pot-5-660x660.webp 660w, https:\/\/www.hg-cooker.com\/wp-content\/uploads\/2024\/10\/stainless-steel-steamer-pot-5-300x300.webp 300w, https:\/\/www.hg-cooker.com\/wp-content\/uploads\/2024\/10\/stainless-steel-steamer-pot-5-12x12.webp 12w, https:\/\/www.hg-cooker.com\/wp-content\/uploads\/2024\/10\/stainless-steel-steamer-pot-5-285x285.webp 285w, https:\/\/www.hg-cooker.com\/wp-content\/uploads\/2024\/10\/stainless-steel-steamer-pot-5-270x270.webp 270w, https:\/\/www.hg-cooker.com\/wp-content\/uploads\/2024\/10\/stainless-steel-steamer-pot-5-540x540.webp 540w\" sizes=\"(max-width: 750px) 100vw, 750px\" \/><\/figure>\n<\/div>\n<\/div>","protected":false},"excerpt":{"rendered":"<p>O vaporizador de a\u00e7o inoxid\u00e1vel por atacado \u00e9 muito adequado para uso comercial e dom\u00e9stico na cozinha. Feito de a\u00e7o inoxid\u00e1vel de alta qualidade, o design de v\u00e1rias camadas pode vaporizar e cozinhar v\u00e1rios alimentos ao mesmo tempo, melhorando a efici\u00eancia do cozimento. N\u00f3s fornecemos servi\u00e7os profissionais de personaliza\u00e7\u00e3o OEM e ODM, entre em contato conosco.<\/p>\n<h3>Carater\u00edsticas e vantagens da panela de a\u00e7o inoxid\u00e1vel para vapor<\/h3>\n<p><strong>Material duradouro:<\/strong> A panela de vapor \u00e9 feita de a\u00e7o inoxid\u00e1vel de alta qualidade, que \u00e9 resistente \u00e0 corros\u00e3o e \u00e0 ferrugem e garante uma longa vida \u00fatil.<\/p>\n<p><strong>Design multi-camadas:<\/strong> O design de empilhamento de 3 camadas permite cozer a vapor e cozinhar v\u00e1rios alimentos de uma s\u00f3 vez, poupando assim tempo e energia.<\/p>\n<p><strong>Aquecimento uniforme:<\/strong> Isto assegurava que os alimentos eram aquecidos uniformemente sem sobreaquecimento local.<\/p>\n<p><strong>Pega ergon\u00f3mica:<\/strong> Esta panela a vapor em a\u00e7o inoxid\u00e1vel possui uma pega robusta e resistente ao calor para uma desloca\u00e7\u00e3o e opera\u00e7\u00e3o seguras com cozedura a alta temperatura.<\/p>\n<p><strong>F\u00e1cil de limpar:<\/strong> \u00c9 feito de a\u00e7o inoxid\u00e1vel que permite a lavagem \u00e0 m\u00e3o ou na m\u00e1quina de lavar lou\u00e7a para uma manuten\u00e7\u00e3o f\u00e1cil.<\/p>\n<p><strong>Multi-funcional:<\/strong> Pode ser utilizada para cozer legumes a vapor, peixe, bolinhos de massa e muitos outros pratos. Perfeito para cozinhas dom\u00e9sticas ou comerciais.<\/p>","protected":false},"featured_media":4497,"comment_status":"closed","ping_status":"closed","template":"","meta":[],"product_brand":[],"product_cat":[52],"product_tag":[],"class_list":{"0":"post-4495","1":"product","2":"type-product","3":"status-publish","4":"has-post-thumbnail","6":"product_cat-stainless-steel-cookware","8":"first","9":"instock","10":"shipping-taxable","11":"product-type-simple"},"_links":{"self":[{"href":"https:\/\/www.hg-cooker.com\/pt\/wp-json\/wp\/v2\/product\/4495","targetHints":{"allow":["GET"]}}],"collection":[{"href":"https:\/\/www.hg-cooker.com\/pt\/wp-json\/wp\/v2\/product"}],"about":[{"href":"https:\/\/www.hg-cooker.com\/pt\/wp-json\/wp\/v2\/types\/product"}],"replies":[{"embeddable":true,"href":"https:\/\/www.hg-cooker.com\/pt\/wp-json\/wp\/v2\/comments?post=4495"}],"wp:featuredmedia":[{"embeddable":true,"href":"https:\/\/www.hg-cooker.com\/pt\/wp-json\/wp\/v2\/media\/4497"}],"wp:attachment":[{"href":"https:\/\/www.hg-cooker.com\/pt\/wp-json\/wp\/v2\/media?parent=4495"}],"wp:term":[{"taxonomy":"product_brand","embeddable":true,"href":"https:\/\/www.hg-cooker.com\/pt\/wp-json\/wp\/v2\/product_brand?post=4495"},{"taxonomy":"product_cat","embeddable":true,"href":"https:\/\/www.hg-cooker.com\/pt\/wp-json\/wp\/v2\/product_cat?post=4495"},{"taxonomy":"product_tag","embeddable":true,"href":"https:\/\/www.hg-cooker.com\/pt\/wp-json\/wp\/v2\/product_tag?post=4495"}],"curies":[{"name":"wp","href":"https:\/\/api.w.org\/{rel}","templated":true}]}}