{"id":4486,"date":"2024-10-30T02:57:31","date_gmt":"2024-10-30T02:57:31","guid":{"rendered":"https:\/\/www.hg-cooker.com\/?post_type=product&#038;p=4486"},"modified":"2024-10-30T07:18:25","modified_gmt":"2024-10-30T07:18:25","slug":"pote-de-leite-fervente-de-aco-inoxidavel-por-atacado-39","status":"publish","type":"product","link":"https:\/\/www.hg-cooker.com\/pt\/produto\/pote-de-leite-fervente-de-aco-inoxidavel-por-atacado-39\/","title":{"rendered":"Panela t\u00e9rmica por atacado: economia de energia e preserva\u00e7\u00e3o de calor"},"content":{"rendered":"<div class=\"wp-block-columns is-layout-flex wp-container-core-columns-is-layout-9d6595d7 wp-block-columns-is-layout-flex\">\n<div class=\"wp-block-column is-layout-flow wp-block-column-is-layout-flow\">\n<h2 class=\"wp-block-heading\">Par\u00e2metros da panela t\u00e9rmica<\/h2>\n\n\n\n<p><strong>Nome do produto<\/strong>: Panela t\u00e9rmica<br><br><strong>Estilo<\/strong>: Parede interior em a\u00e7o inoxid\u00e1vel \/ Parede interior antiaderente<br><br><strong>Capacidade<\/strong>: 4.5L\/7.0L<br><br><strong>Fog\u00e3o adequado<\/strong>: Fog\u00e3o a g\u00e1s \/ Fog\u00e3o de indu\u00e7\u00e3o \/ Fog\u00e3o el\u00e9trico de cer\u00e2mica \/ Fog\u00e3o el\u00e9trico.<br><\/p>\n<\/div>\n\n\n\n<div class=\"wp-block-column is-layout-flow wp-block-column-is-layout-flow\">\n<h2 class=\"wp-block-heading\">Op\u00e7\u00f5es de panelas t\u00e9rmicas personalizadas<\/h2>\n\n\n\n<p><strong>Log\u00f3tipo<\/strong>: Personalize o log\u00f3tipo da sua marca na panela t\u00e9rmica e na embalagem.<br><br><strong>Tamanho:<\/strong> Personalize diferentes tamanhos de panela t\u00e9rmica de acordo com as suas necessidades.<br><br><strong>Embalagem<\/strong>: cart\u00e3o\/caixa de cor.<br><br><a href=\"https:\/\/www.hg-cooker.com\/pt\/custom-solution\/\" data-type=\"page\" data-id=\"2793\" target=\"_blank\" rel=\"noreferrer noopener\"><strong>Explorar mais pormenores de utens\u00edlios de cozinha personalizados<\/strong><\/a><\/p>\n<\/div>\n<\/div>\n\n\n\n<figure class=\"wp-block-image size-full\"><img fetchpriority=\"high\" decoding=\"async\" width=\"1104\" height=\"634\" src=\"https:\/\/www.hg-cooker.com\/wp-content\/uploads\/2024\/10\/Thermal-Cook-Pot-Style-Options.png\" alt=\"Op\u00e7\u00f5es de estilo da panela t\u00e9rmica\" class=\"wp-image-4491\" srcset=\"https:\/\/www.hg-cooker.com\/wp-content\/uploads\/2024\/10\/Thermal-Cook-Pot-Style-Options.png 1104w, https:\/\/www.hg-cooker.com\/wp-content\/uploads\/2024\/10\/Thermal-Cook-Pot-Style-Options-150x86.png 150w, https:\/\/www.hg-cooker.com\/wp-content\/uploads\/2024\/10\/Thermal-Cook-Pot-Style-Options-660x379.png 660w, https:\/\/www.hg-cooker.com\/wp-content\/uploads\/2024\/10\/Thermal-Cook-Pot-Style-Options-300x172.png 300w, https:\/\/www.hg-cooker.com\/wp-content\/uploads\/2024\/10\/Thermal-Cook-Pot-Style-Options-768x441.png 768w, https:\/\/www.hg-cooker.com\/wp-content\/uploads\/2024\/10\/Thermal-Cook-Pot-Style-Options-18x10.png 18w, https:\/\/www.hg-cooker.com\/wp-content\/uploads\/2024\/10\/Thermal-Cook-Pot-Style-Options-285x164.png 285w\" sizes=\"(max-width: 1104px) 100vw, 1104px\" \/><\/figure>\n\n\n\n<figure class=\"wp-block-image size-full\"><img decoding=\"async\" width=\"1500\" height=\"665\" src=\"https:\/\/www.hg-cooker.com\/wp-content\/uploads\/2024\/10\/Suitable-stoves-for-Thermal-Cook-Pot.png\" alt=\"Fog\u00f5es adequados para a panela t\u00e9rmica\" class=\"wp-image-4487\" srcset=\"https:\/\/www.hg-cooker.com\/wp-content\/uploads\/2024\/10\/Suitable-stoves-for-Thermal-Cook-Pot.png 1500w, https:\/\/www.hg-cooker.com\/wp-content\/uploads\/2024\/10\/Suitable-stoves-for-Thermal-Cook-Pot-150x67.png 150w, https:\/\/www.hg-cooker.com\/wp-content\/uploads\/2024\/10\/Suitable-stoves-for-Thermal-Cook-Pot-660x293.png 660w, https:\/\/www.hg-cooker.com\/wp-content\/uploads\/2024\/10\/Suitable-stoves-for-Thermal-Cook-Pot-300x133.png 300w, https:\/\/www.hg-cooker.com\/wp-content\/uploads\/2024\/10\/Suitable-stoves-for-Thermal-Cook-Pot-768x340.png 768w, https:\/\/www.hg-cooker.com\/wp-content\/uploads\/2024\/10\/Suitable-stoves-for-Thermal-Cook-Pot-18x8.png 18w, https:\/\/www.hg-cooker.com\/wp-content\/uploads\/2024\/10\/Suitable-stoves-for-Thermal-Cook-Pot-285x126.png 285w\" sizes=\"(max-width: 1500px) 100vw, 1500px\" \/><\/figure>\n\n\n\n<p><\/p>","protected":false},"excerpt":{"rendered":"<p>A panela t\u00e9rmica de cozinha por atacado, n\u00f3s fornecemos uma variedade de estilos e capacidades de panela t\u00e9rmica de cozinha para atender \u00e0s diferentes necessidades do mercado. Esta panela t\u00e9rmica pode manter o calor por at\u00e9 dez horas. Escolha a nossa panela t\u00e9rmica para lhe fornecer solu\u00e7\u00f5es de cozinha eficientes e economizadoras de energia.<\/p>\n<h3>Carater\u00edsticas e vantagens da panela t\u00e9rmica<\/h3>\n<p><strong>Poupan\u00e7a de energia e poupan\u00e7a de pot\u00eancia:<\/strong> N\u00e3o \u00e9 necess\u00e1rio aquecer continuamente, basta aquecer a panela interior durante 10 minutos, depois coloc\u00e1-la na panela exterior e continuar a aquecer durante 40 minutos, o que reduz consideravelmente o consumo de energia.<\/p>\n<p><strong>Conserva\u00e7\u00e3o eficiente do calor:<\/strong> A panela exterior da panela t\u00e9rmica adopta material de isolamento t\u00e9rmico eficiente, que pode manter o calor durante muito tempo, e o tempo de preserva\u00e7\u00e3o do calor \u00e9 de at\u00e9 10 horas, mantendo a temperatura e o sabor dos alimentos.<\/p>\n<p><strong>F\u00e1cil de utilizar:<\/strong> S\u00e3o necess\u00e1rios apenas dois passos, basta coloc\u00e1-lo na panela exterior diretamente ap\u00f3s o aquecimento, sem passos de cozedura complicados, adequado para fam\u00edlias ocupadas.<\/p>\n<p><strong>Aplica\u00e7\u00e3o multifuncional:<\/strong> Adequada para cozinhar sopa, papas, guisados e outros alimentos, a panela t\u00e9rmica pode ser utilizada n\u00e3o s\u00f3 na cozinha de casa, mas tamb\u00e9m em piqueniques e acampamentos ao ar livre.<\/p>\n<p><strong>Servi\u00e7o grossista:<\/strong> Hengguang fornece servi\u00e7o de panela t\u00e9rmica por atacado para garantir que voc\u00ea possa obter produtos de alta qualidade ao pre\u00e7o mais competitivo.<\/p>","protected":false},"featured_media":4492,"comment_status":"closed","ping_status":"closed","template":"","meta":[],"product_brand":[],"product_cat":[50],"product_tag":[],"class_list":{"0":"post-4486","1":"product","2":"type-product","3":"status-publish","4":"has-post-thumbnail","6":"product_cat-vacuum-thermal-cooker","8":"first","9":"instock","10":"shipping-taxable","11":"product-type-simple"},"_links":{"self":[{"href":"https:\/\/www.hg-cooker.com\/pt\/wp-json\/wp\/v2\/product\/4486","targetHints":{"allow":["GET"]}}],"collection":[{"href":"https:\/\/www.hg-cooker.com\/pt\/wp-json\/wp\/v2\/product"}],"about":[{"href":"https:\/\/www.hg-cooker.com\/pt\/wp-json\/wp\/v2\/types\/product"}],"replies":[{"embeddable":true,"href":"https:\/\/www.hg-cooker.com\/pt\/wp-json\/wp\/v2\/comments?post=4486"}],"wp:featuredmedia":[{"embeddable":true,"href":"https:\/\/www.hg-cooker.com\/pt\/wp-json\/wp\/v2\/media\/4492"}],"wp:attachment":[{"href":"https:\/\/www.hg-cooker.com\/pt\/wp-json\/wp\/v2\/media?parent=4486"}],"wp:term":[{"taxonomy":"product_brand","embeddable":true,"href":"https:\/\/www.hg-cooker.com\/pt\/wp-json\/wp\/v2\/product_brand?post=4486"},{"taxonomy":"product_cat","embeddable":true,"href":"https:\/\/www.hg-cooker.com\/pt\/wp-json\/wp\/v2\/product_cat?post=4486"},{"taxonomy":"product_tag","embeddable":true,"href":"https:\/\/www.hg-cooker.com\/pt\/wp-json\/wp\/v2\/product_tag?post=4486"}],"curies":[{"name":"wp","href":"https:\/\/api.w.org\/{rel}","templated":true}]}}