{"id":4452,"date":"2024-09-29T06:46:05","date_gmt":"2024-09-29T06:46:05","guid":{"rendered":"https:\/\/www.hg-cooker.com\/?post_type=product&#038;p=4452"},"modified":"2026-04-20T09:18:06","modified_gmt":"2026-04-20T09:18:06","slug":"pote-de-leite-fervente-de-aco-inoxidavel-por-atacado-38","status":"publish","type":"product","link":"https:\/\/www.hg-cooker.com\/pt\/produto\/pote-de-leite-fervente-de-aco-inoxidavel-por-atacado-38\/","title":{"rendered":"Mini Panela de Press\u00e3o Eficiente por Atacado, Suporte OEM e ODM - Fabricante de Panela de Press\u00e3o HG"},"content":{"rendered":"<div class=\"wp-block-columns is-layout-flex wp-container-core-columns-is-layout-9d6595d7 wp-block-columns-is-layout-flex\">\n<div class=\"wp-block-column is-layout-flow wp-block-column-is-layout-flow\">\n<h3 class=\"wp-block-heading\">Par\u00e2metros da Mini Panela de Press\u00e3o<\/h3>\n\n\n\n<figure class=\"wp-block-table\"><table class=\"has-fixed-layout\"><tbody><tr><td>Nome do produto<\/td><td>Material<\/td><td>Estilo<\/td><td>Capacidade<\/td><td>Fog\u00e3o adequado<\/td><\/tr><tr><td>Mini panela de press\u00e3o<\/td><td>A\u00e7o inoxid\u00e1vel 304# (tampa) + a\u00e7o inoxid\u00e1vel Tri-Ply (corpo da panela)<\/td><td>A\u00e7o inoxid\u00e1vel \/ Revestimento antiaderente<\/td><td>0,8L \/ 1,2L \/ 1,6L \/ 2,0L \/ 2,5L \/ 3,0L \/ 3,5L \/ 4,0L<\/td><td>Fog\u00e3o a g\u00e1s \/ Chama aberta \/ Fog\u00e3o de indu\u00e7\u00e3o<\/td><\/tr><\/tbody><\/table><\/figure>\n\n\n\n<h3 class=\"wp-block-heading\">Op\u00e7\u00f5es de mini panelas de press\u00e3o personalizadas<\/h3>\n\n\n\n<p><strong>Log\u00f3tipo<\/strong>: Personalize o log\u00f3tipo da sua marca na mini panela de press\u00e3o e na embalagem.<br><br><strong>Revestimento<\/strong>: Revestimento antiaderente \/ A\u00e7o inoxid\u00e1vel <br><br><strong>Tamanho<\/strong>: Personalize diferentes tamanhos de mini panelas de press\u00e3o de acordo com as suas necessidades.<br><br><strong>Embalagem<\/strong>: cart\u00e3o\/caixa de cor.<br><br><a href=\"https:\/\/www.hg-cooker.com\/pt\/custom-solution\/\" data-type=\"page\" data-id=\"2793\" target=\"_blank\" rel=\"noreferrer noopener\"><strong>Saiba mais sobre as solu\u00e7\u00f5es personalizadas para mini panelas de press\u00e3o.<\/strong><\/a><\/p>\n<\/div>\n<\/div>\n\n\n\n<div class=\"wp-block-columns is-layout-flex wp-container-core-columns-is-layout-9d6595d7 wp-block-columns-is-layout-flex\">\n<div class=\"wp-block-column is-layout-flow wp-block-column-is-layout-flow\">\n<figure class=\"wp-block-image size-full\"><img fetchpriority=\"high\" decoding=\"async\" width=\"790\" height=\"1090\" src=\"https:\/\/www.hg-cooker.com\/wp-content\/uploads\/2024\/09\/Mini-pressure-cooker-detail.webp\" alt=\"Detalhes da mini-panela de press\u00e3o\" class=\"wp-image-4454\" srcset=\"https:\/\/www.hg-cooker.com\/wp-content\/uploads\/2024\/09\/Mini-pressure-cooker-detail.webp 790w, https:\/\/www.hg-cooker.com\/wp-content\/uploads\/2024\/09\/Mini-pressure-cooker-detail-109x150.webp 109w, https:\/\/www.hg-cooker.com\/wp-content\/uploads\/2024\/09\/Mini-pressure-cooker-detail-478x660.webp 478w, https:\/\/www.hg-cooker.com\/wp-content\/uploads\/2024\/09\/Mini-pressure-cooker-detail-217x300.webp 217w, https:\/\/www.hg-cooker.com\/wp-content\/uploads\/2024\/09\/Mini-pressure-cooker-detail-768x1060.webp 768w, https:\/\/www.hg-cooker.com\/wp-content\/uploads\/2024\/09\/Mini-pressure-cooker-detail-9x12.webp 9w, https:\/\/www.hg-cooker.com\/wp-content\/uploads\/2024\/09\/Mini-pressure-cooker-detail-285x393.webp 285w\" sizes=\"(max-width: 790px) 100vw, 790px\" \/><\/figure>\n<\/div>\n\n\n\n<div class=\"wp-block-column is-layout-flow wp-block-column-is-layout-flow\">\n<figure class=\"wp-block-image size-full\"><img decoding=\"async\" width=\"790\" height=\"1094\" src=\"https:\/\/www.hg-cooker.com\/wp-content\/uploads\/2024\/09\/Mini-pressure-cooker-detail-2.webp\" alt=\"Mini panela de press\u00e3o pormenor 2\" class=\"wp-image-4453\" srcset=\"https:\/\/www.hg-cooker.com\/wp-content\/uploads\/2024\/09\/Mini-pressure-cooker-detail-2.webp 790w, https:\/\/www.hg-cooker.com\/wp-content\/uploads\/2024\/09\/Mini-pressure-cooker-detail-2-108x150.webp 108w, https:\/\/www.hg-cooker.com\/wp-content\/uploads\/2024\/09\/Mini-pressure-cooker-detail-2-477x660.webp 477w, https:\/\/www.hg-cooker.com\/wp-content\/uploads\/2024\/09\/Mini-pressure-cooker-detail-2-217x300.webp 217w, https:\/\/www.hg-cooker.com\/wp-content\/uploads\/2024\/09\/Mini-pressure-cooker-detail-2-768x1064.webp 768w, https:\/\/www.hg-cooker.com\/wp-content\/uploads\/2024\/09\/Mini-pressure-cooker-detail-2-9x12.webp 9w, https:\/\/www.hg-cooker.com\/wp-content\/uploads\/2024\/09\/Mini-pressure-cooker-detail-2-285x395.webp 285w\" sizes=\"(max-width: 790px) 100vw, 790px\" \/><\/figure>\n<\/div>\n<\/div>","protected":false},"excerpt":{"rendered":"<p>Mini panela de press\u00e3o por atacado, o seu tamanho compacto torna-a perfeita para pequenas cozinhas ou acampamentos, pode facilmente lidar com v\u00e1rias necessidades culin\u00e1rias. Com um super desempenho de cozedura, o arroz pode ser cozinhado em 5 minutos. Apoiamos OEM e ODM, bem-vindos compradores B2B para nos contactar.<\/p>\n<h2>Carater\u00edsticas e vantagens da mini panela de press\u00e3o<\/h2>\n<div>\n<p><strong>Design compacto:<\/strong> A nossa mini panela de press\u00e3o foi concebida com um design pequeno para cozinhas, dormit\u00f3rios ou entusiastas de campismo com espa\u00e7o limitado.<\/p>\n<p><strong>Cozinhar de forma eficiente:<\/strong> Com uma excelente condutividade t\u00e9rmica e tecnologia de alta press\u00e3o, esta mini panela de press\u00e3o pode aumentar rapidamente a press\u00e3o interna e reduzir significativamente o tempo de cozedura.<\/p>\n<p><strong>Desempenho de seguran\u00e7a:<\/strong> Esta mini panela de press\u00e3o est\u00e1 equipada com v\u00e1rias v\u00e1lvulas de seguran\u00e7a e fechos de seguran\u00e7a para garantir a seguran\u00e7a durante a cozedura a alta press\u00e3o.<\/p>\n<p><strong>Material duradouro:<\/strong> A mini panela de press\u00e3o \u00e9 fabricada em a\u00e7o inoxid\u00e1vel de alta qualidade com excelente resist\u00eancia \u00e0 corros\u00e3o e \u00e0 oxida\u00e7\u00e3o.<\/p>\n<p><strong>Muitas op\u00e7\u00f5es de personaliza\u00e7\u00e3o:<\/strong> Oferecemos muitas op\u00e7\u00f5es de personaliza\u00e7\u00e3o, incluindo capacidade, tamanho e embalagem personalizados da panela de press\u00e3o, para criar a panela de press\u00e3o da sua pr\u00f3pria marca.<\/p>\n<\/div>","protected":false},"featured_media":7033,"comment_status":"closed","ping_status":"closed","template":"","meta":[],"product_brand":[],"product_cat":[49],"product_tag":[],"class_list":{"0":"post-4452","1":"product","2":"type-product","3":"status-publish","4":"has-post-thumbnail","6":"product_cat-mini-pressure-cooker","8":"first","9":"instock","10":"shipping-taxable","11":"product-type-simple"},"_links":{"self":[{"href":"https:\/\/www.hg-cooker.com\/pt\/wp-json\/wp\/v2\/product\/4452","targetHints":{"allow":["GET"]}}],"collection":[{"href":"https:\/\/www.hg-cooker.com\/pt\/wp-json\/wp\/v2\/product"}],"about":[{"href":"https:\/\/www.hg-cooker.com\/pt\/wp-json\/wp\/v2\/types\/product"}],"replies":[{"embeddable":true,"href":"https:\/\/www.hg-cooker.com\/pt\/wp-json\/wp\/v2\/comments?post=4452"}],"wp:featuredmedia":[{"embeddable":true,"href":"https:\/\/www.hg-cooker.com\/pt\/wp-json\/wp\/v2\/media\/7033"}],"wp:attachment":[{"href":"https:\/\/www.hg-cooker.com\/pt\/wp-json\/wp\/v2\/media?parent=4452"}],"wp:term":[{"taxonomy":"product_brand","embeddable":true,"href":"https:\/\/www.hg-cooker.com\/pt\/wp-json\/wp\/v2\/product_brand?post=4452"},{"taxonomy":"product_cat","embeddable":true,"href":"https:\/\/www.hg-cooker.com\/pt\/wp-json\/wp\/v2\/product_cat?post=4452"},{"taxonomy":"product_tag","embeddable":true,"href":"https:\/\/www.hg-cooker.com\/pt\/wp-json\/wp\/v2\/product_tag?post=4452"}],"curies":[{"name":"wp","href":"https:\/\/api.w.org\/{rel}","templated":true}]}}