{"id":4440,"date":"2025-09-09T01:53:29","date_gmt":"2025-09-09T01:53:29","guid":{"rendered":"https:\/\/www.hg-cooker.com\/?post_type=product&#038;p=4440"},"modified":"2025-09-13T01:38:06","modified_gmt":"2025-09-13T01:38:06","slug":"pote-de-leite-fervente-de-aco-inoxidavel-por-atacado-37","status":"publish","type":"product","link":"https:\/\/www.hg-cooker.com\/pt\/produto\/pote-de-leite-fervente-de-aco-inoxidavel-por-atacado-37\/","title":{"rendered":"Conjunto de utens\u00edlios de cozinha em a\u00e7o inoxid\u00e1vel de tr\u00eas pe\u00e7as, incluindo panela de sopa, panela de leite, panela de caldo"},"content":{"rendered":"<div class=\"wp-block-columns is-layout-flex wp-container-core-columns-is-layout-9d6595d7 wp-block-columns-is-layout-flex\">\n<div class=\"wp-block-column is-layout-flow wp-block-column-is-layout-flow\">\n<h3 class=\"wp-block-heading\">Par\u00e2metros do conjunto de panelas Tri Ply<\/h3>\n\n\n\n<figure class=\"wp-block-table\"><table class=\"has-fixed-layout\"><tbody><tr><td>Nome do produto<\/td><td>Conjunto de panelas de a\u00e7o inoxid\u00e1vel (panela de sopa, panela de leite, panela de caldo)<\/td><\/tr><tr><td>Material<\/td><td>A\u00e7o inoxid\u00e1vel 304 e a\u00e7o inoxid\u00e1vel composto de tr\u00eas camadas<\/td><\/tr><tr><td>Fog\u00e3o adequado<\/td><td>Fog\u00e3o radiante, Forno de halog\u00e9neo, Fog\u00e3o a g\u00e1s, Fog\u00e3o de indu\u00e7\u00e3o<\/td><\/tr><\/tbody><\/table><\/figure>\n<\/div>\n<\/div>\n\n\n\n<h3 class=\"wp-block-heading\">Op\u00e7\u00f5es de utens\u00edlios de cozinha personalizados<\/h3>\n\n\n\n<figure class=\"wp-block-table\"><table class=\"has-fixed-layout\"><tbody><tr><td>Op\u00e7\u00f5es personalizadas<\/td><td>Detalhes<\/td><\/tr><tr><td>Log\u00f3tipo<\/td><td>Personalize o log\u00f3tipo da sua marca no produto e na embalagem.<\/td><\/tr><tr><td>Material<\/td><td>A\u00e7o inoxid\u00e1vel triplo\/304 A\u00e7o inoxid\u00e1vel\/316 A\u00e7o inoxid\u00e1vel<\/td><\/tr><tr><td>Revestimento<\/td><td>Revestimento antiaderente\/Combina\u00e7\u00e3o de favos de mel Antiaderente f\u00edsico\/A\u00e7o inoxid\u00e1vel (sem revestimento)<\/td><\/tr><tr><td>Tamanho<\/td><td>Tamanhos de utens\u00edlios de cozinha personalizados<\/td><\/tr><tr><td>Embalagem<\/td><td>Caixa de cart\u00e3o, caixa de cor<\/td><\/tr><\/tbody><\/table><\/figure>\n\n\n\n<div class=\"wp-block-columns is-layout-flex wp-container-core-columns-is-layout-9d6595d7 wp-block-columns-is-layout-flex\">\n<div class=\"wp-block-column is-layout-flow wp-block-column-is-layout-flow\">\n<figure class=\"wp-block-image size-full\"><img fetchpriority=\"high\" decoding=\"async\" width=\"790\" height=\"1000\" src=\"https:\/\/www.hg-cooker.com\/wp-content\/uploads\/2024\/09\/Soup-Pot-and-Stock-Pot-Dimensions.jpg\" alt=\"Dimens\u00f5es da panela de sopa e da panela de caldo\" class=\"wp-image-4444\" srcset=\"https:\/\/www.hg-cooker.com\/wp-content\/uploads\/2024\/09\/Soup-Pot-and-Stock-Pot-Dimensions.jpg 790w, https:\/\/www.hg-cooker.com\/wp-content\/uploads\/2024\/09\/Soup-Pot-and-Stock-Pot-Dimensions-119x150.jpg 119w, https:\/\/www.hg-cooker.com\/wp-content\/uploads\/2024\/09\/Soup-Pot-and-Stock-Pot-Dimensions-521x660.jpg 521w, https:\/\/www.hg-cooker.com\/wp-content\/uploads\/2024\/09\/Soup-Pot-and-Stock-Pot-Dimensions-237x300.jpg 237w, https:\/\/www.hg-cooker.com\/wp-content\/uploads\/2024\/09\/Soup-Pot-and-Stock-Pot-Dimensions-768x972.jpg 768w, https:\/\/www.hg-cooker.com\/wp-content\/uploads\/2024\/09\/Soup-Pot-and-Stock-Pot-Dimensions-9x12.jpg 9w, https:\/\/www.hg-cooker.com\/wp-content\/uploads\/2024\/09\/Soup-Pot-and-Stock-Pot-Dimensions-285x361.jpg 285w\" sizes=\"(max-width: 790px) 100vw, 790px\" \/><\/figure>\n<\/div>\n\n\n\n<div class=\"wp-block-column is-layout-flow wp-block-column-is-layout-flow\">\n<figure class=\"wp-block-image size-full\"><img decoding=\"async\" width=\"790\" height=\"1000\" src=\"https:\/\/www.hg-cooker.com\/wp-content\/uploads\/2024\/09\/Milk-Pot-Dimensions-and-Parameters.jpg\" alt=\"Dimens\u00f5es e par\u00e2metros do recipiente para leite\" class=\"wp-image-4443\" srcset=\"https:\/\/www.hg-cooker.com\/wp-content\/uploads\/2024\/09\/Milk-Pot-Dimensions-and-Parameters.jpg 790w, https:\/\/www.hg-cooker.com\/wp-content\/uploads\/2024\/09\/Milk-Pot-Dimensions-and-Parameters-119x150.jpg 119w, https:\/\/www.hg-cooker.com\/wp-content\/uploads\/2024\/09\/Milk-Pot-Dimensions-and-Parameters-521x660.jpg 521w, https:\/\/www.hg-cooker.com\/wp-content\/uploads\/2024\/09\/Milk-Pot-Dimensions-and-Parameters-237x300.jpg 237w, https:\/\/www.hg-cooker.com\/wp-content\/uploads\/2024\/09\/Milk-Pot-Dimensions-and-Parameters-768x972.jpg 768w, https:\/\/www.hg-cooker.com\/wp-content\/uploads\/2024\/09\/Milk-Pot-Dimensions-and-Parameters-9x12.jpg 9w, https:\/\/www.hg-cooker.com\/wp-content\/uploads\/2024\/09\/Milk-Pot-Dimensions-and-Parameters-285x361.jpg 285w\" sizes=\"(max-width: 790px) 100vw, 790px\" \/><\/figure>\n<\/div>\n<\/div>","protected":false},"excerpt":{"rendered":"<p>Conjunto de panelas de a\u00e7o inoxid\u00e1vel de tr\u00eas camadas por atacado, o conjunto de panelas cont\u00e9m uma panela de sopa, uma panela de leite e uma panela de caldo. O fundo do conjunto de panelas \u00e9 de a\u00e7o inoxid\u00e1vel de tr\u00eas camadas, que tem um melhor efeito de aquecimento e uma distribui\u00e7\u00e3o de calor mais uniforme, adequado para cozinhas comerciais e uso dom\u00e9stico.<\/p>\n<p>Como fabricante de utens\u00edlios de cozinha, fornecemos pre\u00e7os de f\u00e1brica por atacado. Bem-vindo a contactar-nos.<\/p>\n<h2>Carater\u00edsticas e vantagens do conjunto de panelas em a\u00e7o inoxid\u00e1vel Tri-Ply\u00a0<\/h2>\n<div>\n<p><strong>F\u00e1cil de utilizar:<\/strong> Os nossos conjuntos de utens\u00edlios de cozinha est\u00e3o equipados com pegas robustas, que s\u00e3o mais seguras e mais confort\u00e1veis de utilizar. Cada panela tem uma tampa de vidro transparente, que n\u00e3o s\u00f3 \u00e9 conveniente para observar o processo de cozedura dos alimentos, como tamb\u00e9m ret\u00e9m eficazmente o calor e a humidade.<\/p>\n<p><strong>Amigo do ambiente e seguro:<\/strong> Os utens\u00edlios de cozinha Hengguang s\u00e3o feitos de a\u00e7o inoxid\u00e1vel de alta qualidade. O a\u00e7o inoxid\u00e1vel \u00e9 um material n\u00e3o t\u00f3xico com uma estabilidade muito boa, n\u00e3o cont\u00e9m PFOA e \u00e9 muito dur\u00e1vel. Tem uma longa vida \u00fatil.<\/p>\n<p><strong>Fundo triplo em a\u00e7o inoxid\u00e1vel:<\/strong> O fundo da panela utiliza uma tecnologia inovadora de liga\u00e7\u00e3o de triplo impacto, injectando uma camada de alum\u00ednio com excelente condutividade t\u00e9rmica entre duas camadas de a\u00e7o inoxid\u00e1vel, para que os alimentos possam ser aquecidos uniformemente durante o processo de cozedura.<\/p>\n<p><strong>Ampla compatibilidade:<\/strong> Os nossos fog\u00f5es s\u00e3o adequados para todas as fontes de calor, incluindo fog\u00f5es de indu\u00e7\u00e3o, fog\u00f5es a g\u00e1s, fog\u00f5es de vidro e fog\u00f5es de cer\u00e2mica. Independentemente do equipamento com que a sua cozinha est\u00e1 equipada, pode utiliz\u00e1-lo facilmente.<\/p>\n<p><strong>Servi\u00e7o grossista:<\/strong> Oferecemos servi\u00e7os flex\u00edveis de venda por grosso de utens\u00edlios de cozinha para satisfazer as necessidades de diferentes clientes, quer sejam pequenas empresas ou grandes retalhistas. A nossa equipa assegurar\u00e1 uma entrega eficiente e um apoio p\u00f3s-venda de qualidade para o ajudar a obter uma vantagem competitiva no mercado.<\/p>\n<p><strong>Solu\u00e7\u00f5es personalizadas:<\/strong> Como um fabricante profissional de utens\u00edlios de cozinha, n\u00f3s fornecemos solu\u00e7\u00f5es personalizadas one-stop para compradores B2B em necessidade, cobrindo design de produto, design de embalagem, etc. Bem-vindo a contactar-nos.<\/p>\n<\/div>","protected":false},"featured_media":4446,"comment_status":"closed","ping_status":"closed","template":"","meta":[],"product_brand":[],"product_cat":[52],"product_tag":[],"class_list":{"0":"post-4440","1":"product","2":"type-product","3":"status-publish","4":"has-post-thumbnail","6":"product_cat-stainless-steel-cookware","8":"first","9":"instock","10":"shipping-taxable","11":"product-type-simple"},"_links":{"self":[{"href":"https:\/\/www.hg-cooker.com\/pt\/wp-json\/wp\/v2\/product\/4440","targetHints":{"allow":["GET"]}}],"collection":[{"href":"https:\/\/www.hg-cooker.com\/pt\/wp-json\/wp\/v2\/product"}],"about":[{"href":"https:\/\/www.hg-cooker.com\/pt\/wp-json\/wp\/v2\/types\/product"}],"replies":[{"embeddable":true,"href":"https:\/\/www.hg-cooker.com\/pt\/wp-json\/wp\/v2\/comments?post=4440"}],"wp:featuredmedia":[{"embeddable":true,"href":"https:\/\/www.hg-cooker.com\/pt\/wp-json\/wp\/v2\/media\/4446"}],"wp:attachment":[{"href":"https:\/\/www.hg-cooker.com\/pt\/wp-json\/wp\/v2\/media?parent=4440"}],"wp:term":[{"taxonomy":"product_brand","embeddable":true,"href":"https:\/\/www.hg-cooker.com\/pt\/wp-json\/wp\/v2\/product_brand?post=4440"},{"taxonomy":"product_cat","embeddable":true,"href":"https:\/\/www.hg-cooker.com\/pt\/wp-json\/wp\/v2\/product_cat?post=4440"},{"taxonomy":"product_tag","embeddable":true,"href":"https:\/\/www.hg-cooker.com\/pt\/wp-json\/wp\/v2\/product_tag?post=4440"}],"curies":[{"name":"wp","href":"https:\/\/api.w.org\/{rel}","templated":true}]}}