{"id":4432,"date":"2025-09-01T05:13:29","date_gmt":"2025-09-01T05:13:29","guid":{"rendered":"https:\/\/www.hg-cooker.com\/?post_type=product&#038;p=4432"},"modified":"2025-09-13T02:08:42","modified_gmt":"2025-09-13T02:08:42","slug":"pote-de-leite-fervente-de-aco-inoxidavel-por-atacado-36","status":"publish","type":"product","link":"https:\/\/www.hg-cooker.com\/pt\/produto\/pote-de-leite-fervente-de-aco-inoxidavel-por-atacado-36\/","title":{"rendered":"Conjunto de utens\u00edlios de cozinha antiaderentes por atacado, incluindo Wok, frigideira e pote de leite"},"content":{"rendered":"<div class=\"wp-block-columns is-layout-flex wp-container-core-columns-is-layout-9d6595d7 wp-block-columns-is-layout-flex\">\n<div class=\"wp-block-column is-layout-flow wp-block-column-is-layout-flow\">\n<h3 class=\"wp-block-heading\">Par\u00e2metros do conjunto de panelas antiaderentes<\/h3>\n\n\n\n<figure class=\"wp-block-table\"><table class=\"has-fixed-layout\"><tbody><tr><td>Nome do produto<\/td><td>Conjunto de panelas antiaderentes de a\u00e7o inoxid\u00e1vel (panela de sopa + panela de leite)<\/td><\/tr><tr><td>Material do produto<\/td><td>A\u00e7o inoxid\u00e1vel 304 e a\u00e7o inoxid\u00e1vel composto de tr\u00eas camadas<\/td><\/tr><tr><td>Panela de sopa<\/td><td>20cm \/ 22cm \/ 24cm \/ 26cm<\/td><\/tr><tr><td>Frasco de leite<\/td><td>14cm \/ 16cm \/ 18cm<\/td><\/tr><tr><td>Wok<\/td><td>32 cm<\/td><\/tr><tr><td>Fog\u00e3o adequado<\/td><td>Fog\u00e3o radiante \/ Forno de halog\u00e9neo \/ Fog\u00e3o a g\u00e1s \/ Fog\u00e3o de indu\u00e7\u00e3o<\/td><\/tr><\/tbody><\/table><\/figure>\n\n\n\n<h3 class=\"wp-block-heading\">Op\u00e7\u00f5es de utens\u00edlios de cozinha personalizados<\/h3>\n\n\n\n<figure class=\"wp-block-table\"><table class=\"has-fixed-layout\"><tbody><tr><td>Op\u00e7\u00f5es de utens\u00edlios de cozinha personalizados<\/td><td>Detalhes<\/td><\/tr><tr><td>Log\u00f3tipo<\/td><td>Personalize o log\u00f3tipo da sua marca nos utens\u00edlios de cozinha e nas embalagens<\/td><\/tr><tr><td>Material<\/td><td>A\u00e7o inoxid\u00e1vel de tr\u00eas camadas \/ A\u00e7o inoxid\u00e1vel 304 \/ A\u00e7o inoxid\u00e1vel 316<\/td><\/tr><tr><td>Revestimento<\/td><td>Revestimento antiaderente f\u00edsico em favo de mel \/ A\u00e7o inoxid\u00e1vel (sem revestimento)<\/td><\/tr><tr><td>Tamanho<\/td><td>Tamanhos de utens\u00edlios de cozinha personalizados<\/td><\/tr><tr><td>Embalagem<\/td><td>Caixa de cart\u00e3o \/ Caixa de cor<\/td><\/tr><\/tbody><\/table><\/figure>\n\n\n\n<p class=\"has-medium-font-size\"><\/p>\n<\/div>\n<\/div>\n\n\n\n<div class=\"wp-block-columns is-layout-flex wp-container-core-columns-is-layout-9d6595d7 wp-block-columns-is-layout-flex\">\n<div class=\"wp-block-column is-layout-flow wp-block-column-is-layout-flow\">\n<figure class=\"wp-block-image size-full\"><img fetchpriority=\"high\" decoding=\"async\" width=\"790\" height=\"1240\" src=\"https:\/\/www.hg-cooker.com\/wp-content\/uploads\/2024\/09\/Non-stick-Cookware-Set-Details-1.png\" alt=\"Detalhes do conjunto de panelas antiaderentes (1)\" class=\"wp-image-4589\" srcset=\"https:\/\/www.hg-cooker.com\/wp-content\/uploads\/2024\/09\/Non-stick-Cookware-Set-Details-1.png 790w, https:\/\/www.hg-cooker.com\/wp-content\/uploads\/2024\/09\/Non-stick-Cookware-Set-Details-1-96x150.png 96w, https:\/\/www.hg-cooker.com\/wp-content\/uploads\/2024\/09\/Non-stick-Cookware-Set-Details-1-420x660.png 420w, https:\/\/www.hg-cooker.com\/wp-content\/uploads\/2024\/09\/Non-stick-Cookware-Set-Details-1-191x300.png 191w, https:\/\/www.hg-cooker.com\/wp-content\/uploads\/2024\/09\/Non-stick-Cookware-Set-Details-1-768x1205.png 768w, https:\/\/www.hg-cooker.com\/wp-content\/uploads\/2024\/09\/Non-stick-Cookware-Set-Details-1-8x12.png 8w, https:\/\/www.hg-cooker.com\/wp-content\/uploads\/2024\/09\/Non-stick-Cookware-Set-Details-1-285x447.png 285w\" sizes=\"(max-width: 790px) 100vw, 790px\" \/><\/figure>\n<\/div>\n\n\n\n<div class=\"wp-block-column is-layout-flow wp-block-column-is-layout-flow\">\n<figure class=\"wp-block-image size-full\"><img decoding=\"async\" width=\"790\" height=\"1240\" src=\"https:\/\/www.hg-cooker.com\/wp-content\/uploads\/2024\/09\/Non-stick-Cookware-Set-Details-2.png\" alt=\"Detalhes do conjunto de panelas antiaderentes (2)\" class=\"wp-image-4590\" srcset=\"https:\/\/www.hg-cooker.com\/wp-content\/uploads\/2024\/09\/Non-stick-Cookware-Set-Details-2.png 790w, https:\/\/www.hg-cooker.com\/wp-content\/uploads\/2024\/09\/Non-stick-Cookware-Set-Details-2-96x150.png 96w, https:\/\/www.hg-cooker.com\/wp-content\/uploads\/2024\/09\/Non-stick-Cookware-Set-Details-2-420x660.png 420w, https:\/\/www.hg-cooker.com\/wp-content\/uploads\/2024\/09\/Non-stick-Cookware-Set-Details-2-191x300.png 191w, https:\/\/www.hg-cooker.com\/wp-content\/uploads\/2024\/09\/Non-stick-Cookware-Set-Details-2-768x1205.png 768w, https:\/\/www.hg-cooker.com\/wp-content\/uploads\/2024\/09\/Non-stick-Cookware-Set-Details-2-8x12.png 8w, https:\/\/www.hg-cooker.com\/wp-content\/uploads\/2024\/09\/Non-stick-Cookware-Set-Details-2-285x447.png 285w\" sizes=\"(max-width: 790px) 100vw, 790px\" \/><\/figure>\n<\/div>\n<\/div>\n\n\n\n<div class=\"wp-block-columns is-layout-flex wp-container-core-columns-is-layout-9d6595d7 wp-block-columns-is-layout-flex\">\n<div class=\"wp-block-column is-layout-flow wp-block-column-is-layout-flow\"><\/div>\n\n\n\n<div class=\"wp-block-column is-layout-flow wp-block-column-is-layout-flow\"><\/div>\n<\/div>","protected":false},"excerpt":{"rendered":"<p>Conjunto de panelas antiaderentes em favo de mel de 3 pe\u00e7as, que inclui uma frigideira, uma leiteira e um wok, satisfazendo todas as necessidades b\u00e1sicas de cozinha da fam\u00edlia.<\/p>\n<p>O corpo da panela \u00e9 feito de a\u00e7o triplamente inoxid\u00e1vel, com uma estrutura robusta e assegura uma distribui\u00e7\u00e3o uniforme do calor. \u00c9 adequado para todos os fog\u00f5es e satisfaz as necessidades de cozedura de diferentes cozinhas. Contacte-nos para um or\u00e7amento.<\/p>\n<h3>Carater\u00edsticas do conjunto de panelas antiaderentes Honeycomb\u00a0<\/h3>\n<div>\n<p><strong>Especifica\u00e7\u00f5es completas:<\/strong> Este conjunto de utens\u00edlios de cozinha antiaderente est\u00e1 dispon\u00edvel numa variedade de especifica\u00e7\u00f5es, incluindo panelas de sopa de 20 cm\/22 cm\/24 cm\/26 cm, panelas de leite de 14 cm\/16 cm\/18 cm e woks de 32 cm, para satisfazer as necessidades de diferentes utilizadores.<\/p>\n<p><strong>Adequado para uma variedade de fog\u00f5es:<\/strong> O conjunto de utens\u00edlios de cozinha \u00e9 feito de a\u00e7o inoxid\u00e1vel de tr\u00eas camadas, pelo que \u00e9 adequado para uma variedade de fog\u00f5es, incluindo fog\u00f5es de indu\u00e7\u00e3o, fog\u00f5es a g\u00e1s e fog\u00f5es de cer\u00e2mica, melhorando consideravelmente a flexibilidade de cozedura.<\/p>\n<p><strong>Tampa de vidro temperado:<\/strong> O conjunto de panelas antiaderentes est\u00e1 equipado com uma tampa de vidro temperado inquebr\u00e1vel e \u00e0 prova de explos\u00e3o, que \u00e9 mais adequada para cozinhas comerciais utilizadas frequentemente.<\/p>\n<p><strong>Cozinha saud\u00e1vel:<\/strong> Com o seu excelente desempenho antiaderente, pode efetivamente reduzir a utiliza\u00e7\u00e3o de \u00f3leo, ajudar a cozinhar alimentos saud\u00e1veis com baixo teor de gordura e \u00e9 adequado para pessoas que prestam aten\u00e7\u00e3o a uma alimenta\u00e7\u00e3o saud\u00e1vel.<\/p>\n<p><strong>Servi\u00e7o OEM&amp;ODM:<\/strong> O fabricante de utens\u00edlios de cozinha Hengguang fornece suporte OEM e ODM para ajudar os clientes a realizar as necessidades de personaliza\u00e7\u00e3o personalizada de utens\u00edlios de cozinha de alta qualidade.<\/p>\n<\/div>","protected":false},"featured_media":4593,"comment_status":"closed","ping_status":"closed","template":"","meta":[],"product_brand":[],"product_cat":[52],"product_tag":[],"class_list":{"0":"post-4432","1":"product","2":"type-product","3":"status-publish","4":"has-post-thumbnail","6":"product_cat-stainless-steel-cookware","8":"first","9":"instock","10":"shipping-taxable","11":"product-type-simple"},"_links":{"self":[{"href":"https:\/\/www.hg-cooker.com\/pt\/wp-json\/wp\/v2\/product\/4432","targetHints":{"allow":["GET"]}}],"collection":[{"href":"https:\/\/www.hg-cooker.com\/pt\/wp-json\/wp\/v2\/product"}],"about":[{"href":"https:\/\/www.hg-cooker.com\/pt\/wp-json\/wp\/v2\/types\/product"}],"replies":[{"embeddable":true,"href":"https:\/\/www.hg-cooker.com\/pt\/wp-json\/wp\/v2\/comments?post=4432"}],"wp:featuredmedia":[{"embeddable":true,"href":"https:\/\/www.hg-cooker.com\/pt\/wp-json\/wp\/v2\/media\/4593"}],"wp:attachment":[{"href":"https:\/\/www.hg-cooker.com\/pt\/wp-json\/wp\/v2\/media?parent=4432"}],"wp:term":[{"taxonomy":"product_brand","embeddable":true,"href":"https:\/\/www.hg-cooker.com\/pt\/wp-json\/wp\/v2\/product_brand?post=4432"},{"taxonomy":"product_cat","embeddable":true,"href":"https:\/\/www.hg-cooker.com\/pt\/wp-json\/wp\/v2\/product_cat?post=4432"},{"taxonomy":"product_tag","embeddable":true,"href":"https:\/\/www.hg-cooker.com\/pt\/wp-json\/wp\/v2\/product_tag?post=4432"}],"curies":[{"name":"wp","href":"https:\/\/api.w.org\/{rel}","templated":true}]}}