{"id":4422,"date":"2025-05-06T08:20:23","date_gmt":"2025-05-06T08:20:23","guid":{"rendered":"https:\/\/www.hg-cooker.com\/?post_type=product&#038;p=4422"},"modified":"2025-11-13T02:31:31","modified_gmt":"2025-11-13T02:31:31","slug":"pote-de-leite-fervente-de-aco-inoxidavel-por-atacado-35","status":"publish","type":"product","link":"https:\/\/www.hg-cooker.com\/pt\/produto\/pote-de-leite-fervente-de-aco-inoxidavel-por-atacado-35\/","title":{"rendered":"Mat\u00e9ria-prima de a\u00e7o inoxid\u00e1vel Tri Ply por atacado, material revestido Tri Ply"},"content":{"rendered":"<div class=\"wp-block-columns is-layout-flex wp-container-core-columns-is-layout-9d6595d7 wp-block-columns-is-layout-flex\">\n<div class=\"wp-block-column is-layout-flow wp-block-column-is-layout-flow\">\n<h2 class=\"wp-block-heading\">Par\u00e2metros da mat\u00e9ria-prima de a\u00e7o inoxid\u00e1vel Tri Ply<\/h2>\n\n\n\n<p><strong>Nome do produto<\/strong>Mat\u00e9ria-prima de a\u00e7o inoxid\u00e1vel de tr\u00eas camadas<\/p>\n\n\n\n<p><strong>Material do produto<\/strong>:A\u00e7o inoxid\u00e1vel 304\/316 + alum\u00ednio + a\u00e7o inoxid\u00e1vel 430<br><br><strong>Espessura opcional do produto<\/strong>:<br>1.8mm\/2.0mm\/2.2mm\/2.5mm\/3.0mm<\/p>\n\n\n\n<p><strong>Formas do produto<\/strong>:circular \/ de forma especial<\/p>\n\n\n\n<p><strong>Tamanho opcional do produto<\/strong>:<br>O tamanho circular pode ser de 250mm-500mm. <br>O tamanho da forma especial pode ser de 900 mm.<\/p>\n<\/div>\n\n\n\n<div class=\"wp-block-column is-layout-flow wp-block-column-is-layout-flow\">\n<h2 class=\"wp-block-heading\">Op\u00e7\u00f5es personaliz\u00e1veis de mat\u00e9ria-prima de a\u00e7o inoxid\u00e1vel Tri Ply<\/h2>\n\n\n\n<p><strong>Padr\u00e3o<\/strong>Personaliza\u00e7\u00e3o de todos os tipos de padr\u00f5es no a\u00e7o inoxid\u00e1vel de tr\u00eas camadas.<br><br><strong>Material<\/strong>:A\u00e7o inoxid\u00e1vel 304\/316 + alum\u00ednio + a\u00e7o inoxid\u00e1vel 430<br><br><strong>Tamanho<\/strong>Personaliza\u00e7\u00e3o de diferentes tamanhos de a\u00e7o inoxid\u00e1vel de tr\u00eas camadas.<br><br><strong>Formas<\/strong>:Placas redondas \/ Qualquer forma especial<br><br><strong>MOQ<\/strong>:1000 pe\u00e7as<\/p>\n\n\n\n<p><a href=\"https:\/\/www.hg-cooker.com\/pt\/discos-de-aco-inoxidavel-de-tres-camadas\/\" data-type=\"link\" data-id=\"https:\/\/www.hg-cooker.com\/tri-ply-stainless-steel-discs\/\" target=\"_blank\" rel=\"noreferrer noopener\"><strong>Explore mais op\u00e7\u00f5es personaliz\u00e1veis em a\u00e7o inoxid\u00e1vel de tr\u00eas camadas<\/strong><\/a><\/p>\n<\/div>\n<\/div>\n\n\n\n<div class=\"wp-block-columns is-layout-flex wp-container-core-columns-is-layout-9d6595d7 wp-block-columns-is-layout-flex\">\n<div class=\"wp-block-column is-layout-flow wp-block-column-is-layout-flow\">\n<figure class=\"wp-block-image size-full\"><img fetchpriority=\"high\" decoding=\"async\" width=\"530\" height=\"530\" src=\"https:\/\/www.hg-cooker.com\/wp-content\/uploads\/2024\/09\/tri-ply-stainless-steel-raw-material-3.png\" alt=\"tripla folha de a\u00e7o sem mancha - mat\u00e9ria-prima (3)\" class=\"wp-image-4429\" srcset=\"https:\/\/www.hg-cooker.com\/wp-content\/uploads\/2024\/09\/tri-ply-stainless-steel-raw-material-3.png 530w, https:\/\/www.hg-cooker.com\/wp-content\/uploads\/2024\/09\/tri-ply-stainless-steel-raw-material-3-150x150.png 150w, https:\/\/www.hg-cooker.com\/wp-content\/uploads\/2024\/09\/tri-ply-stainless-steel-raw-material-3-300x300.png 300w, https:\/\/www.hg-cooker.com\/wp-content\/uploads\/2024\/09\/tri-ply-stainless-steel-raw-material-3-12x12.png 12w, https:\/\/www.hg-cooker.com\/wp-content\/uploads\/2024\/09\/tri-ply-stainless-steel-raw-material-3-285x285.png 285w, https:\/\/www.hg-cooker.com\/wp-content\/uploads\/2024\/09\/tri-ply-stainless-steel-raw-material-3-270x270.png 270w\" sizes=\"(max-width: 530px) 100vw, 530px\" \/><\/figure>\n<\/div>\n\n\n\n<div class=\"wp-block-column is-layout-flow wp-block-column-is-layout-flow\">\n<figure class=\"wp-block-image size-full\"><img decoding=\"async\" width=\"540\" height=\"540\" src=\"https:\/\/www.hg-cooker.com\/wp-content\/uploads\/2024\/09\/tri-ply-stainless-steel-raw-material-4.png\" alt=\"tripla folha de a\u00e7o sem mancha - mat\u00e9ria-prima (4)\" class=\"wp-image-4430\" srcset=\"https:\/\/www.hg-cooker.com\/wp-content\/uploads\/2024\/09\/tri-ply-stainless-steel-raw-material-4.png 540w, https:\/\/www.hg-cooker.com\/wp-content\/uploads\/2024\/09\/tri-ply-stainless-steel-raw-material-4-150x150.png 150w, https:\/\/www.hg-cooker.com\/wp-content\/uploads\/2024\/09\/tri-ply-stainless-steel-raw-material-4-300x300.png 300w, https:\/\/www.hg-cooker.com\/wp-content\/uploads\/2024\/09\/tri-ply-stainless-steel-raw-material-4-12x12.png 12w, https:\/\/www.hg-cooker.com\/wp-content\/uploads\/2024\/09\/tri-ply-stainless-steel-raw-material-4-285x285.png 285w, https:\/\/www.hg-cooker.com\/wp-content\/uploads\/2024\/09\/tri-ply-stainless-steel-raw-material-4-270x270.png 270w\" sizes=\"(max-width: 540px) 100vw, 540px\" \/><\/figure>\n<\/div>\n<\/div>\n\n\n\n<div class=\"wp-block-columns is-layout-flex wp-container-core-columns-is-layout-9d6595d7 wp-block-columns-is-layout-flex\">\n<div class=\"wp-block-column is-layout-flow wp-block-column-is-layout-flow\"><\/div>\n\n\n\n<div class=\"wp-block-column is-layout-flow wp-block-column-is-layout-flow\"><\/div>\n<\/div>","protected":false},"excerpt":{"rendered":"<p>Mat\u00e9rias-primas de a\u00e7o inoxid\u00e1vel triplo por grosso. A camada interna \u00e9 de alum\u00ednio, ensanduichada entre duas camadas de a\u00e7o inoxid\u00e1vel. Este material tem excelente condutividade t\u00e9rmica, durabilidade e resist\u00eancia \u00e0 corros\u00e3o. \u00c9 amplamente utilizado em muitos campos e \u00e9 uma mat\u00e9ria-prima importante para a fabrica\u00e7\u00e3o de utens\u00edlios de cozinha e utens\u00edlios de mesa de alta qualidade. No dom\u00ednio industrial, tamb\u00e9m desempenha um papel importante. Por exemplo, no fabrico de alguns equipamentos qu\u00edmicos com requisitos de desempenho de material extremamente elevados, o excelente desempenho do a\u00e7o inoxid\u00e1vel triplo proporciona uma forte garantia para a seguran\u00e7a e estabilidade da produ\u00e7\u00e3o. Como um fabricante de mat\u00e9rias-primas de a\u00e7o inoxid\u00e1vel triplo, fornecemos mat\u00e9rias-primas de a\u00e7o inoxid\u00e1vel triplo de alta qualidade e apoiamos a personaliza\u00e7\u00e3o. Bem-vindo a contactar-nos B2B para explorar mais oportunidades de coopera\u00e7\u00e3o!<\/p>\n<h3>Carater\u00edsticas e vantagens dos discos de a\u00e7o inoxid\u00e1vel Tri Ply<\/h3>\n<p><strong>Excelente condutividade t\u00e9rmica<\/strong>: A camada de alum\u00ednio no meio das mat\u00e9rias-primas de a\u00e7o inoxid\u00e1vel triplo faz com que o calor seja distribu\u00eddo uniformemente e o efeito de aquecimento seja melhor. Quando utilizada no fabrico de utens\u00edlios de cozinha, pode tornar a cozedura mais eficiente e poupar energia.<\/p>\n<p><strong>Excelente durabilidade<\/strong>Em termos de durabilidade, o nosso a\u00e7o inoxid\u00e1vel triplo tem um desempenho extremamente bom. Pode suportar uma utiliza\u00e7\u00e3o de alta intensidade e o teste de v\u00e1rios ambientes agressivos, e n\u00e3o \u00e9 f\u00e1cil de deformar, desgastar ou danificar. Ap\u00f3s uma utiliza\u00e7\u00e3o prolongada, pode ainda manter uma boa apar\u00eancia e desempenho, proporcionando-lhe um valor duradouro.<\/p>\n<p><strong>Vasta gama de aplica\u00e7\u00f5es<\/strong>As mat\u00e9rias-primas de a\u00e7o inoxid\u00e1vel triplo s\u00e3o amplamente utilizadas no fabrico de utens\u00edlios de cozinha, no fabrico industrial e no fabrico de dispositivos m\u00e9dicos. \u00c9 um excelente material.<\/p>\n<p><strong>Tamanho exato<\/strong>: O nosso processo de fabrico permite controlar com precis\u00e3o o tamanho e a espessura do disco, garantindo que cada produto cumpre as normas em termos de peso, espessura e planicidade.<\/p>\n<p><strong>Solu\u00e7\u00f5es personalizadas<\/strong>: Como um fabricante de mat\u00e9ria-prima de a\u00e7o triplamente inoxid\u00e1vel, n\u00f3s fornecemos suporte personalizado para os clientes, padr\u00f5es, formas, tamanhos e espessuras podem ser personalizados.<\/p>\n<div><a href=\"https:\/\/www.hg-cooker.com\/pt\/produto\/pote-de-leite-fervente-de-aco-inoxidavel-por-atacado-14\/\" target=\"_blank\" rel=\"noopener\"><strong>Saiba mais sobre o material de a\u00e7o inoxid\u00e1vel de tr\u00eas camadas.<\/strong><\/a><\/div>","protected":false},"featured_media":4425,"comment_status":"closed","ping_status":"closed","template":"","meta":[],"product_brand":[],"product_cat":[53],"product_tag":[],"class_list":{"0":"post-4422","1":"product","2":"type-product","3":"status-publish","4":"has-post-thumbnail","6":"product_cat-tri-ply-stainless-steel-discs","8":"first","9":"instock","10":"shipping-taxable","11":"product-type-simple"},"_links":{"self":[{"href":"https:\/\/www.hg-cooker.com\/pt\/wp-json\/wp\/v2\/product\/4422","targetHints":{"allow":["GET"]}}],"collection":[{"href":"https:\/\/www.hg-cooker.com\/pt\/wp-json\/wp\/v2\/product"}],"about":[{"href":"https:\/\/www.hg-cooker.com\/pt\/wp-json\/wp\/v2\/types\/product"}],"replies":[{"embeddable":true,"href":"https:\/\/www.hg-cooker.com\/pt\/wp-json\/wp\/v2\/comments?post=4422"}],"wp:featuredmedia":[{"embeddable":true,"href":"https:\/\/www.hg-cooker.com\/pt\/wp-json\/wp\/v2\/media\/4425"}],"wp:attachment":[{"href":"https:\/\/www.hg-cooker.com\/pt\/wp-json\/wp\/v2\/media?parent=4422"}],"wp:term":[{"taxonomy":"product_brand","embeddable":true,"href":"https:\/\/www.hg-cooker.com\/pt\/wp-json\/wp\/v2\/product_brand?post=4422"},{"taxonomy":"product_cat","embeddable":true,"href":"https:\/\/www.hg-cooker.com\/pt\/wp-json\/wp\/v2\/product_cat?post=4422"},{"taxonomy":"product_tag","embeddable":true,"href":"https:\/\/www.hg-cooker.com\/pt\/wp-json\/wp\/v2\/product_tag?post=4422"}],"curies":[{"name":"wp","href":"https:\/\/api.w.org\/{rel}","templated":true}]}}