{"id":4416,"date":"2025-09-11T07:26:22","date_gmt":"2025-09-11T07:26:22","guid":{"rendered":"https:\/\/www.hg-cooker.com\/?post_type=product&#038;p=4416"},"modified":"2026-04-10T09:54:36","modified_gmt":"2026-04-10T09:54:36","slug":"pote-de-leite-fervente-de-aco-inoxidavel-por-atacado-34","status":"publish","type":"product","link":"https:\/\/www.hg-cooker.com\/pt\/produto\/pote-de-leite-fervente-de-aco-inoxidavel-por-atacado-34\/","title":{"rendered":"Mini panela de press\u00e3o por atacado para a prepara\u00e7\u00e3o r\u00e1pida de refei\u00e7\u00f5es, perfeita para cozinhar no interior e no exterior."},"content":{"rendered":"<div class=\"wp-block-columns is-layout-flex wp-container-core-columns-is-layout-9d6595d7 wp-block-columns-is-layout-flex\">\n<div class=\"wp-block-column is-layout-flow wp-block-column-is-layout-flow\">\n<h2 class=\"wp-block-heading\">Par\u00e2metros da Mini Panela de Press\u00e3o<\/h2>\n\n\n\n<p><strong>Nome do produto<\/strong>: Mini panela de press\u00e3o em a\u00e7o inoxid\u00e1vel<br><br><strong>Material do produto<\/strong>: A\u00e7o inoxid\u00e1vel 304#S (tampa) + a\u00e7o inoxid\u00e1vel de tr\u00eas camadas (corpo do tacho) <br><br><strong>Estilo<\/strong>: Parede interior em a\u00e7o inoxid\u00e1vel \/ Parede interior antiaderente<br><br><strong>Capacidade<\/strong>: 0.8L\/1.2L\/1.6L\/2.0L\/2.5L\/3.0L\/3.5L\/4.0L<br><br><strong>Fog\u00e3o adequado<\/strong>: A mini-panela de press\u00e3o suporta fog\u00e3o a g\u00e1s\/chama aberta\/panela de indu\u00e7\u00e3o.<br><\/p>\n<\/div>\n\n\n\n<div class=\"wp-block-column is-layout-flow wp-block-column-is-layout-flow\">\n<h2 class=\"wp-block-heading\">Op\u00e7\u00f5es de mini panelas de press\u00e3o personalizadas<\/h2>\n\n\n\n<p><strong>Log\u00f3tipo<\/strong>: Personalize o log\u00f3tipo da sua marca na mini panela de press\u00e3o e na embalagem.<br><br><strong>Revestimento<\/strong>: Revestimento antiaderente \/ A\u00e7o inoxid\u00e1vel <br><br><strong>Tamanho<\/strong>: Personalize diferentes tamanhos de mini panelas de press\u00e3o de acordo com as suas necessidades.<br><br><strong>Embalagem<\/strong>: cart\u00e3o\/caixa de cor.<br><br><a href=\"https:\/\/www.hg-cooker.com\/pt\/custom-solution\/\" data-type=\"page\" data-id=\"2793\" target=\"_blank\" rel=\"noreferrer noopener\"><strong>Explorar mais detalhes do mini purecooker personalizado<\/strong><\/a><\/p>\n<\/div>\n<\/div>\n\n\n\n<div class=\"wp-block-columns is-layout-flex wp-container-core-columns-is-layout-9d6595d7 wp-block-columns-is-layout-flex\">\n<div class=\"wp-block-column is-layout-flow wp-block-column-is-layout-flow\">\n<figure class=\"wp-block-image size-full\"><img fetchpriority=\"high\" decoding=\"async\" width=\"790\" height=\"1007\" src=\"https:\/\/www.hg-cooker.com\/wp-content\/uploads\/2024\/07\/large-capacity-mini-pressure-cooker-detail4.webp\" alt=\"pormenor da mini panela de press\u00e3o de grande capacidade\" class=\"wp-image-4005\" srcset=\"https:\/\/www.hg-cooker.com\/wp-content\/uploads\/2024\/07\/large-capacity-mini-pressure-cooker-detail4.webp 790w, https:\/\/www.hg-cooker.com\/wp-content\/uploads\/2024\/07\/large-capacity-mini-pressure-cooker-detail4-118x150.webp 118w, https:\/\/www.hg-cooker.com\/wp-content\/uploads\/2024\/07\/large-capacity-mini-pressure-cooker-detail4-518x660.webp 518w, https:\/\/www.hg-cooker.com\/wp-content\/uploads\/2024\/07\/large-capacity-mini-pressure-cooker-detail4-235x300.webp 235w, https:\/\/www.hg-cooker.com\/wp-content\/uploads\/2024\/07\/large-capacity-mini-pressure-cooker-detail4-768x979.webp 768w, https:\/\/www.hg-cooker.com\/wp-content\/uploads\/2024\/07\/large-capacity-mini-pressure-cooker-detail4-9x12.webp 9w, https:\/\/www.hg-cooker.com\/wp-content\/uploads\/2024\/07\/large-capacity-mini-pressure-cooker-detail4-285x363.webp 285w\" sizes=\"(max-width: 790px) 100vw, 790px\" \/><\/figure>\n<\/div>\n\n\n\n<div class=\"wp-block-column is-layout-flow wp-block-column-is-layout-flow\">\n<figure class=\"wp-block-image size-full\"><img decoding=\"async\" width=\"789\" height=\"1000\" src=\"https:\/\/www.hg-cooker.com\/wp-content\/uploads\/2024\/09\/Mini-pressure-cooker-parameter-0.81.2L1.6L2.0L.png\" alt=\"Par\u00e2metro da mini panela de press\u00e3o 0.8,1.2L1.6L,2.0L\" class=\"wp-image-4417\" srcset=\"https:\/\/www.hg-cooker.com\/wp-content\/uploads\/2024\/09\/Mini-pressure-cooker-parameter-0.81.2L1.6L2.0L.png 789w, https:\/\/www.hg-cooker.com\/wp-content\/uploads\/2024\/09\/Mini-pressure-cooker-parameter-0.81.2L1.6L2.0L-118x150.png 118w, https:\/\/www.hg-cooker.com\/wp-content\/uploads\/2024\/09\/Mini-pressure-cooker-parameter-0.81.2L1.6L2.0L-521x660.png 521w, https:\/\/www.hg-cooker.com\/wp-content\/uploads\/2024\/09\/Mini-pressure-cooker-parameter-0.81.2L1.6L2.0L-237x300.png 237w, https:\/\/www.hg-cooker.com\/wp-content\/uploads\/2024\/09\/Mini-pressure-cooker-parameter-0.81.2L1.6L2.0L-768x973.png 768w, https:\/\/www.hg-cooker.com\/wp-content\/uploads\/2024\/09\/Mini-pressure-cooker-parameter-0.81.2L1.6L2.0L-9x12.png 9w, https:\/\/www.hg-cooker.com\/wp-content\/uploads\/2024\/09\/Mini-pressure-cooker-parameter-0.81.2L1.6L2.0L-285x361.png 285w\" sizes=\"(max-width: 789px) 100vw, 789px\" \/><\/figure>\n<\/div>\n<\/div>","protected":false},"excerpt":{"rendered":"<p>Mini panela de press\u00e3o por atacado. Esta mini panela de press\u00e3o pode cozinhar rapidamente, cozinhando arroz em apenas 5 minutos, poupando tempo, equipada com um sistema avan\u00e7ado de controlo de press\u00e3o, permitindo-lhe fazer facilmente pratos deliciosos. Bem-vindo distribuidores, grossistas, compradores B2B para nos contactar para comprar.<\/p>\n<h2>Carater\u00edsticas e vantagens da mini panela de press\u00e3o<\/h2>\n<div>\n<p><strong>Economia de espa\u00e7o:<\/strong> O modelo mais pequeno da mini panela de press\u00e3o \u00e9 de 0,8L, o que \u00e9 adequado para espa\u00e7os limitados. Especialmente em cozinhas pequenas ou em viagens ao ar livre, acampamentos e outros cen\u00e1rios.<\/p>\n<p><strong>Sem revestimento e com revestimento:<\/strong> Oferecemos dois tipos de mini panelas de press\u00e3o: sem revestimento e com revestimento. A mini panela de press\u00e3o revestida adopta uma parede interior nano-revestida de cer\u00e2mica de qualidade alimentar, tem um excelente desempenho antiaderente e \u00e9 muito segura.<\/p>\n<p><strong>Capacidades m\u00faltiplas:<\/strong> Oferecemos 7 capacidades de mini panelas de press\u00e3o, com capacidades de 0,8L, 1,2L, 1,6L, 2,0L, 2,5L, 3,5L e 4,0L para satisfazer as necessidades de diferentes pessoas e fam\u00edlias. A panela de press\u00e3o de 4,0L pode satisfazer as necessidades alimentares de 7-8 pessoas. As mini panelas de press\u00e3o de 0,8L e 1,2L s\u00e3o mais adequadas para solteiros e fam\u00edlias pequenas<\/p>\n<p><strong>Cozedura r\u00e1pida:<\/strong> A mini-panela de press\u00e3o adopta a tecnologia de alta press\u00e3o, o que pode reduzir significativamente o tempo de cozedura dos alimentos durante o processo de cozedura. Com a mini-panela de press\u00e3o, s\u00f3 s\u00e3o necess\u00e1rios 5 minutos para cozer o arroz.<\/p>\n<p><strong>Servi\u00e7o grossista:<\/strong> N\u00f3s fornecemos mini panelas de press\u00e3o por atacado e fornecemos servi\u00e7os profissionais de OEM e ODM. Desde a personaliza\u00e7\u00e3o, produ\u00e7\u00e3o at\u00e9 ao transporte, a f\u00e1brica de panelas de press\u00e3o de Hengguang fornece-lhe todo o apoio.<\/p>\n<\/div>","protected":false},"featured_media":7025,"comment_status":"closed","ping_status":"closed","template":"","meta":[],"product_brand":[],"product_cat":[49],"product_tag":[],"class_list":{"0":"post-4416","1":"product","2":"type-product","3":"status-publish","4":"has-post-thumbnail","6":"product_cat-mini-pressure-cooker","8":"first","9":"instock","10":"shipping-taxable","11":"product-type-simple"},"_links":{"self":[{"href":"https:\/\/www.hg-cooker.com\/pt\/wp-json\/wp\/v2\/product\/4416","targetHints":{"allow":["GET"]}}],"collection":[{"href":"https:\/\/www.hg-cooker.com\/pt\/wp-json\/wp\/v2\/product"}],"about":[{"href":"https:\/\/www.hg-cooker.com\/pt\/wp-json\/wp\/v2\/types\/product"}],"replies":[{"embeddable":true,"href":"https:\/\/www.hg-cooker.com\/pt\/wp-json\/wp\/v2\/comments?post=4416"}],"wp:featuredmedia":[{"embeddable":true,"href":"https:\/\/www.hg-cooker.com\/pt\/wp-json\/wp\/v2\/media\/7025"}],"wp:attachment":[{"href":"https:\/\/www.hg-cooker.com\/pt\/wp-json\/wp\/v2\/media?parent=4416"}],"wp:term":[{"taxonomy":"product_brand","embeddable":true,"href":"https:\/\/www.hg-cooker.com\/pt\/wp-json\/wp\/v2\/product_brand?post=4416"},{"taxonomy":"product_cat","embeddable":true,"href":"https:\/\/www.hg-cooker.com\/pt\/wp-json\/wp\/v2\/product_cat?post=4416"},{"taxonomy":"product_tag","embeddable":true,"href":"https:\/\/www.hg-cooker.com\/pt\/wp-json\/wp\/v2\/product_tag?post=4416"}],"curies":[{"name":"wp","href":"https:\/\/api.w.org\/{rel}","templated":true}]}}