{"id":4353,"date":"2024-08-30T09:31:40","date_gmt":"2024-08-30T09:31:40","guid":{"rendered":"https:\/\/www.hg-cooker.com\/?post_type=product&#038;p=4353"},"modified":"2024-08-30T10:16:00","modified_gmt":"2024-08-30T10:16:00","slug":"pote-de-leite-fervente-de-aco-inoxidavel-por-atacado-33","status":"publish","type":"product","link":"https:\/\/www.hg-cooker.com\/pt\/produto\/pote-de-leite-fervente-de-aco-inoxidavel-por-atacado-33\/","title":{"rendered":"Caixa Bento em a\u00e7o inoxid\u00e1vel Pre\u00e7o de f\u00e1brica por atacado Ideal para escolas, distribuidores e grossistas"},"content":{"rendered":"<div class=\"wp-block-columns is-layout-flex wp-container-core-columns-is-layout-9d6595d7 wp-block-columns-is-layout-flex\">\n<div class=\"wp-block-column is-layout-flow wp-block-column-is-layout-flow\">\n<h3 class=\"wp-block-heading\">Par\u00e2metros das caixas Bento em a\u00e7o inoxid\u00e1vel<\/h3>\n\n\n\n<figure class=\"wp-block-table\"><table class=\"has-fixed-layout\"><tbody><tr><td>Local de origem<\/td><td>Nome da marca<\/td><td>Tipo<\/td><td>Nome do produto<\/td><td>Embalagem<\/td><td>Grau<\/td><td>Cor<\/td><td>Forma<\/td><td>Tipo<\/td><td>Tamanho<\/td><td>Descri\u00e7\u00e3o<\/td><td>Cust\u00f3dia<\/td><td>Detalhes da embalagem<\/td><\/tr><tr><td>China<\/td><td>Hengguang<\/td><td>Lancheira<\/td><td>Lancheira \u00e0 prova de fugas<\/td><td>Caixa de cores<\/td><td>Grau alimentar<\/td><td>Prata<\/td><td>Ret\u00e2ngulo<\/td><td>2 componentes,3 componentes<\/td><td>pequeno, m\u00e9dio, grande<\/td><td>Amigo do ambiente<\/td><td>Dispon\u00edvel<\/td><td>saco de filme pl\u00e1stico por pe\u00e7a, depois embalado numa caixa de cor e mais quantidades para a caixa de exporta\u00e7\u00e3o.<\/td><\/tr><\/tbody><\/table><\/figure>\n<\/div>\n<\/div>\n\n\n\n<div class=\"wp-block-columns is-layout-flex wp-container-core-columns-is-layout-9d6595d7 wp-block-columns-is-layout-flex\">\n<div class=\"wp-block-column is-layout-flow wp-block-column-is-layout-flow\">\n<h3 class=\"wp-block-heading\">Caixa bento personalizada<\/h3>\n\n\n\n<p><strong>Log\u00f3tipo<\/strong>: Personalize o log\u00f3tipo da sua marca na caixa e na embalagem do bento.<br><br><strong>Tamanho<\/strong>: Podemos personalizar a caixa bento em diferentes tamanhos de acordo com a sua necessidade.<br><br><strong>Embalagem<\/strong>: cart\u00e3o\/caixa de cor.<br><br><a href=\"https:\/\/www.hg-cooker.com\/pt\/custom-solution\/\" data-type=\"page\" data-id=\"2793\" target=\"_blank\" rel=\"noreferrer noopener\"><strong>Explorar mais detalhes personalizados OEM&amp;ODM<\/strong><\/a><\/p>\n<\/div>\n<\/div>\n\n\n\n<div class=\"wp-block-columns is-layout-flex wp-container-core-columns-is-layout-9d6595d7 wp-block-columns-is-layout-flex\">\n<div class=\"wp-block-column is-layout-flow wp-block-column-is-layout-flow\">\n<figure class=\"wp-block-image size-full\"><img fetchpriority=\"high\" decoding=\"async\" width=\"750\" height=\"452\" src=\"https:\/\/www.hg-cooker.com\/wp-content\/uploads\/2024\/08\/pink-bento-box-wholesale-2.jpg\" alt=\"caixa bento cor-de-rosa por atacado (2)\" class=\"wp-image-4355\" srcset=\"https:\/\/www.hg-cooker.com\/wp-content\/uploads\/2024\/08\/pink-bento-box-wholesale-2.jpg 750w, https:\/\/www.hg-cooker.com\/wp-content\/uploads\/2024\/08\/pink-bento-box-wholesale-2-150x90.jpg 150w, https:\/\/www.hg-cooker.com\/wp-content\/uploads\/2024\/08\/pink-bento-box-wholesale-2-660x398.jpg 660w, https:\/\/www.hg-cooker.com\/wp-content\/uploads\/2024\/08\/pink-bento-box-wholesale-2-300x181.jpg 300w, https:\/\/www.hg-cooker.com\/wp-content\/uploads\/2024\/08\/pink-bento-box-wholesale-2-18x12.jpg 18w, https:\/\/www.hg-cooker.com\/wp-content\/uploads\/2024\/08\/pink-bento-box-wholesale-2-285x172.jpg 285w\" sizes=\"(max-width: 750px) 100vw, 750px\" \/><\/figure>\n<\/div>\n\n\n\n<div class=\"wp-block-column is-layout-flow wp-block-column-is-layout-flow\">\n<figure class=\"wp-block-image size-full\"><img decoding=\"async\" width=\"750\" height=\"452\" src=\"https:\/\/www.hg-cooker.com\/wp-content\/uploads\/2024\/08\/green-bento-box-wholesale-1.jpg\" alt=\"caixa bento verde por atacado (1)\" class=\"wp-image-4354\" srcset=\"https:\/\/www.hg-cooker.com\/wp-content\/uploads\/2024\/08\/green-bento-box-wholesale-1.jpg 750w, https:\/\/www.hg-cooker.com\/wp-content\/uploads\/2024\/08\/green-bento-box-wholesale-1-150x90.jpg 150w, https:\/\/www.hg-cooker.com\/wp-content\/uploads\/2024\/08\/green-bento-box-wholesale-1-660x398.jpg 660w, https:\/\/www.hg-cooker.com\/wp-content\/uploads\/2024\/08\/green-bento-box-wholesale-1-300x181.jpg 300w, https:\/\/www.hg-cooker.com\/wp-content\/uploads\/2024\/08\/green-bento-box-wholesale-1-18x12.jpg 18w, https:\/\/www.hg-cooker.com\/wp-content\/uploads\/2024\/08\/green-bento-box-wholesale-1-285x172.jpg 285w\" sizes=\"(max-width: 750px) 100vw, 750px\" \/><\/figure>\n<\/div>\n<\/div>","protected":false},"excerpt":{"rendered":"<p>Lancheira por atacado, a nossa lancheira de a\u00e7o inoxid\u00e1vel est\u00e1 dispon\u00edvel a pre\u00e7o de f\u00e1brica por atacado, adequada para retalhistas, grossistas, escolas que precisam de comprar em grandes quantidades. Esta lancheira \u00e9 feita de a\u00e7o inoxid\u00e1vel de alta qualidade e o design de v\u00e1rias camadas pode separar eficazmente diferentes alimentos, adequados para uma dieta equilibrada e um controlo razo\u00e1vel das por\u00e7\u00f5es. Fornecemos servi\u00e7os de personaliza\u00e7\u00e3o OEM&amp;ODM para satisfazer necessidades espec\u00edficas e requisitos da marca.<\/p>\n<h2>Carater\u00edsticas da Caixa Bento em a\u00e7o inoxid\u00e1vel<\/p>\n<\/h2>\n<p><strong>Material de a\u00e7o inoxid\u00e1vel de alta qualidade<\/strong>: A nossa lancheira \u00e9 feita de a\u00e7o inoxid\u00e1vel 304 de alta qualidade, que pode facilmente resistir a desafios \u00e1cidos e alcalinos, ficar longe dos problemas de ferrugem e descolora\u00e7\u00e3o, e garantir que permanece em boas condi\u00e7\u00f5es durante a utiliza\u00e7\u00e3o a longo prazo.<\/p>\n<p><strong>Design em camadas<\/strong>: O design em camadas permite que diferentes tipos de alimentos sejam armazenados de forma independente, adaptando-se de forma flex\u00edvel a uma variedade de refei\u00e7\u00f5es, simplificando a gest\u00e3o dos alimentos e fazendo com que todas as refei\u00e7\u00f5es estejam em ordem.<\/p>\n<p><strong>Estrutura duradoura<\/strong>: Esta lancheira foi concebida para ser robusta e dur\u00e1vel, utilizando a\u00e7o inoxid\u00e1vel de alta resist\u00eancia, que pode suportar a press\u00e3o e o impacto da utiliza\u00e7\u00e3o di\u00e1ria, e \u00e9 um produto de alta qualidade que pode resistir ao teste.<\/p>\n<p><strong>Tampa estanque selada<\/strong>: A lancheira est\u00e1 equipada com uma boa tampa de veda\u00e7\u00e3o, que pode impedir eficazmente a fuga de l\u00edquidos. Garante a seguran\u00e7a dos alimentos durante o transporte e assegura que os alimentos permanecem limpos e arrumados.<\/p>\n<p><strong>Desempenho do isolamento<\/strong>: A lancheira de a\u00e7o inoxid\u00e1vel tem um bom desempenho de isolamento. N\u00e3o s\u00f3 \u00e9 adequada para armazenar alimentos quentes, como tamb\u00e9m pode suportar baixas temperaturas, pelo que \u00e9 adequada para armazenar alimentos refrigerados.<\/p>\n<p><strong>Materiais amigos do ambiente<\/strong>: Em compara\u00e7\u00e3o com os produtos de pl\u00e1stico descart\u00e1veis, as lancheiras de a\u00e7o inoxid\u00e1vel podem ser recicladas, proporcionando um estilo de vida sustent\u00e1vel e uma escolha ideal para a prote\u00e7\u00e3o do ambiente verde.<\/p>\n<p><strong>Ampla aplica\u00e7\u00e3o<\/strong>: Esta lancheira \u00e9 muito adequada para refei\u00e7\u00f5es escolares, almo\u00e7os de trabalho, reuni\u00f5es familiares e outras ocasi\u00f5es com o seu excelente desempenho e design.<\/p>","protected":false},"featured_media":4354,"comment_status":"closed","ping_status":"closed","template":"","meta":[],"product_brand":[],"product_cat":[51],"product_tag":[],"class_list":{"0":"post-4353","1":"product","2":"type-product","3":"status-publish","4":"has-post-thumbnail","6":"product_cat-food-storage-container","8":"first","9":"instock","10":"shipping-taxable","11":"product-type-simple"},"_links":{"self":[{"href":"https:\/\/www.hg-cooker.com\/pt\/wp-json\/wp\/v2\/product\/4353","targetHints":{"allow":["GET"]}}],"collection":[{"href":"https:\/\/www.hg-cooker.com\/pt\/wp-json\/wp\/v2\/product"}],"about":[{"href":"https:\/\/www.hg-cooker.com\/pt\/wp-json\/wp\/v2\/types\/product"}],"replies":[{"embeddable":true,"href":"https:\/\/www.hg-cooker.com\/pt\/wp-json\/wp\/v2\/comments?post=4353"}],"wp:featuredmedia":[{"embeddable":true,"href":"https:\/\/www.hg-cooker.com\/pt\/wp-json\/wp\/v2\/media\/4354"}],"wp:attachment":[{"href":"https:\/\/www.hg-cooker.com\/pt\/wp-json\/wp\/v2\/media?parent=4353"}],"wp:term":[{"taxonomy":"product_brand","embeddable":true,"href":"https:\/\/www.hg-cooker.com\/pt\/wp-json\/wp\/v2\/product_brand?post=4353"},{"taxonomy":"product_cat","embeddable":true,"href":"https:\/\/www.hg-cooker.com\/pt\/wp-json\/wp\/v2\/product_cat?post=4353"},{"taxonomy":"product_tag","embeddable":true,"href":"https:\/\/www.hg-cooker.com\/pt\/wp-json\/wp\/v2\/product_tag?post=4353"}],"curies":[{"name":"wp","href":"https:\/\/api.w.org\/{rel}","templated":true}]}}