{"id":4345,"date":"2024-09-01T08:31:08","date_gmt":"2024-09-01T08:31:08","guid":{"rendered":"https:\/\/www.hg-cooker.com\/?post_type=product&#038;p=4345"},"modified":"2025-11-13T06:02:13","modified_gmt":"2025-11-13T06:02:13","slug":"pote-de-leite-fervente-de-aco-inoxidavel-por-atacado-32","status":"publish","type":"product","link":"https:\/\/www.hg-cooker.com\/pt\/produto\/pote-de-leite-fervente-de-aco-inoxidavel-por-atacado-32\/","title":{"rendered":"Lancheiras por grosso fabricadas em a\u00e7o inoxid\u00e1vel duradouro"},"content":{"rendered":"<div class=\"wp-block-columns is-layout-flex wp-container-core-columns-is-layout-9d6595d7 wp-block-columns-is-layout-flex\">\n<div class=\"wp-block-column is-layout-flow wp-block-column-is-layout-flow\">\n<h3 class=\"wp-block-heading\">Par\u00e2metros das lancheiras de a\u00e7o inoxid\u00e1vel<\/h3>\n\n\n\n<figure class=\"wp-block-table\"><table class=\"has-fixed-layout\"><tbody><tr><td>Local de origem<\/td><td>Nome da marca<\/td><td>Tipo<\/td><td>Nome do produto<\/td><td>Embalagem<\/td><td>Grau<\/td><td>Cor<\/td><td>Forma<\/td><td>Tipo<\/td><td>Tamanho<\/td><td>Descri\u00e7\u00e3o<\/td><td>Cust\u00f3dia<\/td><td>Detalhes da embalagem<\/td><\/tr><tr><td>China<\/td><td>Hengguang<\/td><td>Lancheira<\/td><td>Lancheira \u00e0 prova de fugas<\/td><td>Caixa de cores<\/td><td>Grau alimentar<\/td><td>Prata<\/td><td>Ret\u00e2ngulo<\/td><td>2 componentes,3 componentes<\/td><td>pequeno, m\u00e9dio, grande<\/td><td>Amigo do ambiente<\/td><td>Dispon\u00edvel<\/td><td>saco de filme pl\u00e1stico por pe\u00e7a, depois embalado numa caixa de cor e mais quantidades para a caixa de exporta\u00e7\u00e3o.<\/td><\/tr><\/tbody><\/table><\/figure>\n<\/div>\n<\/div>\n\n\n\n<div class=\"wp-block-columns is-layout-flex wp-container-core-columns-is-layout-9d6595d7 wp-block-columns-is-layout-flex\">\n<div class=\"wp-block-column is-layout-flow wp-block-column-is-layout-flow\">\n<h3 class=\"wp-block-heading\">Lancheira personalizada<\/h3>\n\n\n\n<p><strong>Log\u00f3tipo<\/strong>: Personalize o log\u00f3tipo da sua marca na lancheira e na embalagem.<br><br><strong>Tamanho<\/strong>: Podemos personalizar a lancheira em diferentes tamanhos de acordo com a sua necessidade.<br><br><strong>Embalagem<\/strong>: cart\u00e3o\/caixa de cor.<br><br><a href=\"https:\/\/www.hg-cooker.com\/pt\/custom-solution\/\" data-type=\"page\" data-id=\"2793\" target=\"_blank\" rel=\"noreferrer noopener\"><strong>Explorar mais detalhes personalizados OEM&amp;ODM<\/strong><\/a><\/p>\n<\/div>\n<\/div>\n\n\n\n<div class=\"wp-block-columns is-layout-flex wp-container-core-columns-is-layout-9d6595d7 wp-block-columns-is-layout-flex\">\n<div class=\"wp-block-column is-layout-flow wp-block-column-is-layout-flow\">\n<figure class=\"wp-block-image size-full\"><img fetchpriority=\"high\" decoding=\"async\" width=\"790\" height=\"1113\" src=\"https:\/\/www.hg-cooker.com\/wp-content\/uploads\/2024\/08\/lunch-boxes-parameter.jpg\" alt=\"par\u00e2metro das lancheiras\" class=\"wp-image-4347\" srcset=\"https:\/\/www.hg-cooker.com\/wp-content\/uploads\/2024\/08\/lunch-boxes-parameter.jpg 790w, https:\/\/www.hg-cooker.com\/wp-content\/uploads\/2024\/08\/lunch-boxes-parameter-106x150.jpg 106w, https:\/\/www.hg-cooker.com\/wp-content\/uploads\/2024\/08\/lunch-boxes-parameter-468x660.jpg 468w, https:\/\/www.hg-cooker.com\/wp-content\/uploads\/2024\/08\/lunch-boxes-parameter-213x300.jpg 213w, https:\/\/www.hg-cooker.com\/wp-content\/uploads\/2024\/08\/lunch-boxes-parameter-768x1082.jpg 768w, https:\/\/www.hg-cooker.com\/wp-content\/uploads\/2024\/08\/lunch-boxes-parameter-9x12.jpg 9w, https:\/\/www.hg-cooker.com\/wp-content\/uploads\/2024\/08\/lunch-boxes-parameter-285x402.jpg 285w\" sizes=\"(max-width: 790px) 100vw, 790px\" \/><\/figure>\n<\/div>\n\n\n\n<div class=\"wp-block-column is-layout-flow wp-block-column-is-layout-flow\">\n<figure class=\"wp-block-image size-full\"><img decoding=\"async\" width=\"790\" height=\"1113\" src=\"https:\/\/www.hg-cooker.com\/wp-content\/uploads\/2024\/08\/lunch-boxes-design.jpg\" alt=\"design de lancheiras\" class=\"wp-image-4346\" srcset=\"https:\/\/www.hg-cooker.com\/wp-content\/uploads\/2024\/08\/lunch-boxes-design.jpg 790w, https:\/\/www.hg-cooker.com\/wp-content\/uploads\/2024\/08\/lunch-boxes-design-106x150.jpg 106w, https:\/\/www.hg-cooker.com\/wp-content\/uploads\/2024\/08\/lunch-boxes-design-468x660.jpg 468w, https:\/\/www.hg-cooker.com\/wp-content\/uploads\/2024\/08\/lunch-boxes-design-213x300.jpg 213w, https:\/\/www.hg-cooker.com\/wp-content\/uploads\/2024\/08\/lunch-boxes-design-768x1082.jpg 768w, https:\/\/www.hg-cooker.com\/wp-content\/uploads\/2024\/08\/lunch-boxes-design-9x12.jpg 9w, https:\/\/www.hg-cooker.com\/wp-content\/uploads\/2024\/08\/lunch-boxes-design-285x402.jpg 285w\" sizes=\"(max-width: 790px) 100vw, 790px\" \/><\/figure>\n<\/div>\n<\/div>","protected":false},"excerpt":{"rendered":"<p>Lancheiras de alta qualidade por atacado, nossas lancheiras por atacado s\u00e3o feitas de a\u00e7o inoxid\u00e1vel 304 de alta qualidade, que \u00e9 dur\u00e1vel e atende aos padr\u00f5es de qualidade alimentar, permitindo que voc\u00ea desfrute de alimentos saud\u00e1veis e seguros a qualquer hora, em qualquer lugar. O design da pega \u00e9 optimizado, ergon\u00f3mico e f\u00e1cil de transportar. O rebordo curvo e suave n\u00e3o tem rebarbas, proporcionando aos utilizadores uma experi\u00eancia de utiliza\u00e7\u00e3o confort\u00e1vel. Como um fabricante de lancheira de a\u00e7o inoxid\u00e1vel, n\u00f3s fornecemos servi\u00e7os de OEM e ODM, contacte-nos agora para obter lancheiras por atacado a pre\u00e7os de f\u00e1brica.<\/p>\n<h2>Carater\u00edsticas da Lancheira de a\u00e7o inoxid\u00e1vel<\/p>\n<\/h2>\n<p><strong>A\u00e7o inoxid\u00e1vel 304 de qualidade alimentar<\/strong>: Fabricada em a\u00e7o inoxid\u00e1vel 304 de qualidade alimentar, a excelente resist\u00eancia \u00e0 corros\u00e3o pode resistir \u00e0 eros\u00e3o \u00e1cida e alcalina na utiliza\u00e7\u00e3o di\u00e1ria, e a forte durabilidade faz com que esta lancheira de a\u00e7o inoxid\u00e1vel n\u00e3o se deforme nem se desgaste ap\u00f3s uma utiliza\u00e7\u00e3o prolongada.<\/p>\n<p><strong>Veda\u00e7\u00e3o \u00e0 prova de fugas<\/strong>: Equipado com um vedante eficaz \u00e0 prova de fugas, o design \u00e9 requintado para evitar fugas de sopa e de l\u00edquidos, evitar a contamina\u00e7\u00e3o de outros artigos e evitar os problemas e a limpeza causados por fugas.<\/p>\n<p><strong>Fecho de seguran\u00e7a forte<\/strong>: Equipada com um fecho de seguran\u00e7a robusto, pode bloquear eficazmente a lancheira para evitar fugas acidentais de alimentos durante o movimento.<\/p>\n<p><strong>Design c\u00f3modo da pega<\/strong>: O design da pega da lancheira \u00e9 ergon\u00f3mico, proporcionando uma ader\u00eancia confort\u00e1vel e uma experi\u00eancia de transporte conveniente, adequada para transportar para o trabalho, escola e viagens.<\/p>\n<p><strong>Dur\u00e1vel e f\u00e1cil de limpar<\/strong>: O material em a\u00e7o inoxid\u00e1vel n\u00e3o s\u00f3 tem uma excelente durabilidade, como tamb\u00e9m \u00e9 f\u00e1cil de limpar e manter. Ap\u00f3s uma utiliza\u00e7\u00e3o frequente, n\u00e3o \u00e9 f\u00e1cil apresentar odores ou descolora\u00e7\u00f5es, garantindo que a lancheira se mant\u00e9m sempre higi\u00e9nica e bonita.<\/p>\n<p><strong>Design moderno<\/strong>: O design da lancheira \u00e9 simples e elegante, podendo ser perfeitamente combinado com v\u00e1rios estilos de utens\u00edlios de cozinha e de mesa.<\/p>\n<p><strong>Op\u00e7\u00f5es de tamanhos m\u00faltiplos<\/strong>: Oferecemos uma variedade de tamanhos de lancheiras para satisfazer diferentes necessidades, quer se trate de uma \u00fanica refei\u00e7\u00e3o ou de um jantar em fam\u00edlia, pode encontrar o estilo certo. Os diferentes tamanhos t\u00eam compartimentos duplos ou triplos, permitindo aos utilizadores transportar uma variedade de refei\u00e7\u00f5es diferentes, conforme necess\u00e1rio.<\/p>\n<p>&nbsp;<\/p>","protected":false},"featured_media":4352,"comment_status":"closed","ping_status":"closed","template":"","meta":[],"product_brand":[],"product_cat":[51],"product_tag":[],"class_list":{"0":"post-4345","1":"product","2":"type-product","3":"status-publish","4":"has-post-thumbnail","6":"product_cat-food-storage-container","8":"first","9":"instock","10":"shipping-taxable","11":"product-type-simple"},"_links":{"self":[{"href":"https:\/\/www.hg-cooker.com\/pt\/wp-json\/wp\/v2\/product\/4345","targetHints":{"allow":["GET"]}}],"collection":[{"href":"https:\/\/www.hg-cooker.com\/pt\/wp-json\/wp\/v2\/product"}],"about":[{"href":"https:\/\/www.hg-cooker.com\/pt\/wp-json\/wp\/v2\/types\/product"}],"replies":[{"embeddable":true,"href":"https:\/\/www.hg-cooker.com\/pt\/wp-json\/wp\/v2\/comments?post=4345"}],"wp:featuredmedia":[{"embeddable":true,"href":"https:\/\/www.hg-cooker.com\/pt\/wp-json\/wp\/v2\/media\/4352"}],"wp:attachment":[{"href":"https:\/\/www.hg-cooker.com\/pt\/wp-json\/wp\/v2\/media?parent=4345"}],"wp:term":[{"taxonomy":"product_brand","embeddable":true,"href":"https:\/\/www.hg-cooker.com\/pt\/wp-json\/wp\/v2\/product_brand?post=4345"},{"taxonomy":"product_cat","embeddable":true,"href":"https:\/\/www.hg-cooker.com\/pt\/wp-json\/wp\/v2\/product_cat?post=4345"},{"taxonomy":"product_tag","embeddable":true,"href":"https:\/\/www.hg-cooker.com\/pt\/wp-json\/wp\/v2\/product_tag?post=4345"}],"curies":[{"name":"wp","href":"https:\/\/api.w.org\/{rel}","templated":true}]}}