{"id":4332,"date":"2024-08-29T02:14:08","date_gmt":"2024-08-29T02:14:08","guid":{"rendered":"https:\/\/www.hg-cooker.com\/?post_type=product&#038;p=4332"},"modified":"2024-08-30T07:15:33","modified_gmt":"2024-08-30T07:15:33","slug":"pote-de-leite-fervente-de-aco-inoxidavel-por-atacado-30","status":"publish","type":"product","link":"https:\/\/www.hg-cooker.com\/pt\/produto\/pote-de-leite-fervente-de-aco-inoxidavel-por-atacado-30\/","title":{"rendered":"Pratos de Chafing por atacado para uso em buffets, catering, hot\u00e9is e restaurantes"},"content":{"rendered":"<div class=\"wp-block-columns is-layout-flex wp-container-core-columns-is-layout-9d6595d7 wp-block-columns-is-layout-flex\">\n<div class=\"wp-block-column is-layout-flow wp-block-column-is-layout-flow\">\n<h3 class=\"wp-block-heading\">Par\u00e2metros dos pratos de fric\u00e7\u00e3o Wholsale<\/h3>\n\n\n\n<figure class=\"wp-block-table\"><table class=\"has-fixed-layout\"><tbody><tr><td>Nome do artigo<\/td><td>Material<\/td><td>Embalagem<\/td><td>Tamanho da caixa<\/td><td>Capacidade<\/td><td>Peso bruto<\/td><td>Prazo de execu\u00e7\u00e3o<\/td><td>porto de carga<\/td><\/tr><tr><td>Fog\u00e3o a \u00e1lcool buffet em a\u00e7o inoxid\u00e1vel<\/td><td>A\u00e7o inoxid\u00e1vel magn\u00e9tico 410 com polimento<\/td><td>Caixa de cor<\/td><td>68*53*30cm<\/td><td>11L<\/td><td>5KG<\/td><td>30 dias ap\u00f3s a rece\u00e7\u00e3o do dep\u00f3sito<\/td><td>Shenzhen ou Shantou<\/td><\/tr><\/tbody><\/table><\/figure>\n<\/div>\n<\/div>\n\n\n\n<div class=\"wp-block-columns is-layout-flex wp-container-core-columns-is-layout-9d6595d7 wp-block-columns-is-layout-flex\">\n<div class=\"wp-block-column is-layout-flow wp-block-column-is-layout-flow\">\n<h3 class=\"wp-block-heading\">Op\u00e7\u00f5es de pratos para assar personalizados<\/h3>\n\n\n\n<p><strong>Log\u00f3tipo<\/strong>: Personalize o log\u00f3tipo da sua marca na travessa e na embalagem.<br><br><strong>Tamanho<\/strong>: Podemos personalizar o prato de chafing em diferentes tamanhos de acordo com a sua necessidade.<br><br><strong>Embalagem<\/strong>: cart\u00e3o\/caixa de cor.<br><br><a href=\"https:\/\/www.hg-cooker.com\/pt\/custom-solution\/\" data-type=\"page\" data-id=\"2793\" target=\"_blank\" rel=\"noreferrer noopener\"><strong>Explorar mais detalhes personalizados OEM&amp;ODM<\/strong><\/a><\/p>\n<\/div>\n<\/div>\n\n\n\n<div class=\"wp-block-columns is-layout-flex wp-container-core-columns-is-layout-9d6595d7 wp-block-columns-is-layout-flex\">\n<div class=\"wp-block-column is-layout-flow wp-block-column-is-layout-flow\">\n<figure class=\"wp-block-image size-full\"><img fetchpriority=\"high\" decoding=\"async\" width=\"750\" height=\"750\" src=\"https:\/\/www.hg-cooker.com\/wp-content\/uploads\/2024\/08\/Single-compartment-chafing-dish.jpg\" alt=\"Chafing dish de um compartimento\" class=\"wp-image-4334\" srcset=\"https:\/\/www.hg-cooker.com\/wp-content\/uploads\/2024\/08\/Single-compartment-chafing-dish.jpg 750w, https:\/\/www.hg-cooker.com\/wp-content\/uploads\/2024\/08\/Single-compartment-chafing-dish-150x150.jpg 150w, https:\/\/www.hg-cooker.com\/wp-content\/uploads\/2024\/08\/Single-compartment-chafing-dish-660x660.jpg 660w, https:\/\/www.hg-cooker.com\/wp-content\/uploads\/2024\/08\/Single-compartment-chafing-dish-300x300.jpg 300w, https:\/\/www.hg-cooker.com\/wp-content\/uploads\/2024\/08\/Single-compartment-chafing-dish-12x12.jpg 12w, https:\/\/www.hg-cooker.com\/wp-content\/uploads\/2024\/08\/Single-compartment-chafing-dish-285x285.jpg 285w, https:\/\/www.hg-cooker.com\/wp-content\/uploads\/2024\/08\/Single-compartment-chafing-dish-270x270.jpg 270w, https:\/\/www.hg-cooker.com\/wp-content\/uploads\/2024\/08\/Single-compartment-chafing-dish-540x540.jpg 540w\" sizes=\"(max-width: 750px) 100vw, 750px\" \/><\/figure>\n<\/div>\n\n\n\n<div class=\"wp-block-column is-layout-flow wp-block-column-is-layout-flow\">\n<figure class=\"wp-block-image size-full\"><img decoding=\"async\" width=\"750\" height=\"750\" src=\"https:\/\/www.hg-cooker.com\/wp-content\/uploads\/2024\/08\/Double-compartment-chafing-dish.jpg\" alt=\"Chafing dish de duplo compartimento\" class=\"wp-image-4333\" srcset=\"https:\/\/www.hg-cooker.com\/wp-content\/uploads\/2024\/08\/Double-compartment-chafing-dish.jpg 750w, https:\/\/www.hg-cooker.com\/wp-content\/uploads\/2024\/08\/Double-compartment-chafing-dish-150x150.jpg 150w, https:\/\/www.hg-cooker.com\/wp-content\/uploads\/2024\/08\/Double-compartment-chafing-dish-660x660.jpg 660w, https:\/\/www.hg-cooker.com\/wp-content\/uploads\/2024\/08\/Double-compartment-chafing-dish-300x300.jpg 300w, https:\/\/www.hg-cooker.com\/wp-content\/uploads\/2024\/08\/Double-compartment-chafing-dish-12x12.jpg 12w, https:\/\/www.hg-cooker.com\/wp-content\/uploads\/2024\/08\/Double-compartment-chafing-dish-285x285.jpg 285w, https:\/\/www.hg-cooker.com\/wp-content\/uploads\/2024\/08\/Double-compartment-chafing-dish-270x270.jpg 270w, https:\/\/www.hg-cooker.com\/wp-content\/uploads\/2024\/08\/Double-compartment-chafing-dish-540x540.jpg 540w\" sizes=\"(max-width: 750px) 100vw, 750px\" \/><\/figure>\n<\/div>\n<\/div>","protected":false},"excerpt":{"rendered":"<p>Os nossos pratos para chafing por atacado de alta qualidade s\u00e3o concebidos para satisfazer as rigorosas exig\u00eancias de buffets, eventos de catering, hot\u00e9is e restaurantes. Cada prato para chafing est\u00e1 equipado com um suporte robusto, uma tampa f\u00e1cil de operar e um dep\u00f3sito de combust\u00edvel para garantir que os alimentos permanecem \u00e0 temperatura correta durante muito tempo, tornando-o uma solu\u00e7\u00e3o pr\u00e1tica e elegante para servir pratos quentes. Quer se trate de um banquete formal ou de uma utiliza\u00e7\u00e3o quotidiana, oferecemos pratos de chafing por atacado a pre\u00e7os de f\u00e1brica, contacte-nos.<\/p>\n<h2>Carater\u00edsticas do Chafing Dish<\/h2>\n<p><strong>Bom efeito de isolamento<\/strong>: O fog\u00e3o buffet est\u00e1 equipado com um dep\u00f3sito de combust\u00edvel, que pode manter a temperatura dos alimentos durante muito tempo, garantindo que os clientes possam desfrutar de alimentos quentes durante toda a refei\u00e7\u00e3o.<\/p>\n<p><strong>Grande durabilidade<\/strong>: Fabricado em a\u00e7o inoxid\u00e1vel de alta qualidade, tem uma excelente resist\u00eancia \u00e0 corros\u00e3o e ao desgaste, pode suportar uma utiliza\u00e7\u00e3o frequente e prolongar a sua vida \u00fatil.<\/p>\n<p><strong>F\u00e1cil de utilizar<\/strong>: O fog\u00e3o buffet tem um design simples, com uma tampa f\u00e1cil de operar e uma prateleira est\u00e1vel, o que \u00e9 conveniente para o pessoal de servi\u00e7o arrumar e organizar rapidamente.<\/p>\n<p><strong>F\u00e1cil de limpar<\/strong>: O material em a\u00e7o inoxid\u00e1vel \u00e9 liso e n\u00e3o deixa facilmente res\u00edduos de alimentos. \u00c9 muito pr\u00e1tico de limpar, poupando tempo e energia para a manuten\u00e7\u00e3o subsequente.<\/p>\n<p><strong>Apar\u00eancia profissional<\/strong>: O design simples e elegante real\u00e7a a beleza geral da mesa, adequada para v\u00e1rias ocasi\u00f5es de jantar formais e informais, deixando uma profunda impress\u00e3o nos clientes.<\/p>\n<p><strong>Prote\u00e7\u00e3o do ambiente e poupan\u00e7a de energia<\/strong>: A utiliza\u00e7\u00e3o de combust\u00edvel amigo do ambiente pode efetivamente poupar energia, reduzir as emiss\u00f5es de carbono e cumprir os requisitos modernos de prote\u00e7\u00e3o ambiental.<\/p>","protected":false},"featured_media":4335,"comment_status":"closed","ping_status":"closed","template":"","meta":[],"product_brand":[],"product_cat":[62],"product_tag":[],"class_list":{"0":"post-4332","1":"product","2":"type-product","3":"status-publish","4":"has-post-thumbnail","6":"product_cat-wholesale-chafing-dishes","8":"first","9":"instock","10":"shipping-taxable","11":"product-type-simple"},"_links":{"self":[{"href":"https:\/\/www.hg-cooker.com\/pt\/wp-json\/wp\/v2\/product\/4332","targetHints":{"allow":["GET"]}}],"collection":[{"href":"https:\/\/www.hg-cooker.com\/pt\/wp-json\/wp\/v2\/product"}],"about":[{"href":"https:\/\/www.hg-cooker.com\/pt\/wp-json\/wp\/v2\/types\/product"}],"replies":[{"embeddable":true,"href":"https:\/\/www.hg-cooker.com\/pt\/wp-json\/wp\/v2\/comments?post=4332"}],"wp:featuredmedia":[{"embeddable":true,"href":"https:\/\/www.hg-cooker.com\/pt\/wp-json\/wp\/v2\/media\/4335"}],"wp:attachment":[{"href":"https:\/\/www.hg-cooker.com\/pt\/wp-json\/wp\/v2\/media?parent=4332"}],"wp:term":[{"taxonomy":"product_brand","embeddable":true,"href":"https:\/\/www.hg-cooker.com\/pt\/wp-json\/wp\/v2\/product_brand?post=4332"},{"taxonomy":"product_cat","embeddable":true,"href":"https:\/\/www.hg-cooker.com\/pt\/wp-json\/wp\/v2\/product_cat?post=4332"},{"taxonomy":"product_tag","embeddable":true,"href":"https:\/\/www.hg-cooker.com\/pt\/wp-json\/wp\/v2\/product_tag?post=4332"}],"curies":[{"name":"wp","href":"https:\/\/api.w.org\/{rel}","templated":true}]}}