{"id":4323,"date":"2024-08-29T01:05:21","date_gmt":"2024-08-29T01:05:21","guid":{"rendered":"https:\/\/www.hg-cooker.com\/?post_type=product&#038;p=4323"},"modified":"2024-08-30T07:16:07","modified_gmt":"2024-08-30T07:16:07","slug":"pote-de-leite-fervente-de-aco-inoxidavel-por-atacado-29","status":"publish","type":"product","link":"https:\/\/www.hg-cooker.com\/pt\/produto\/pote-de-leite-fervente-de-aco-inoxidavel-por-atacado-29\/","title":{"rendered":"Prato para assar de a\u00e7o inoxid\u00e1vel por atacado para uso hoteleiro e comercial"},"content":{"rendered":"<div class=\"wp-block-columns is-layout-flex wp-container-core-columns-is-layout-9d6595d7 wp-block-columns-is-layout-flex\">\n<div class=\"wp-block-column is-layout-flow wp-block-column-is-layout-flow\">\n<h3 class=\"wp-block-heading\">Par\u00e2metros do Chafing Dish<\/h3>\n\n\n\n<figure class=\"wp-block-table\"><table class=\"has-fixed-layout\"><tbody><tr><td>Local de origem<\/td><td>Forno de comida r\u00e1pida<\/td><td>Material<\/td><td>embalagem<\/td><td>cor<\/td><td>cor<\/td><td>Aplica\u00e7\u00e3o<\/td><td>Utiliza\u00e7\u00e3o<\/td><td>Superf\u00edcie<\/td><td>MOQ<\/td><td>Capacidade<\/td><td>Tamanho da embalagem individual:<\/td><td>Peso bruto \u00fanico:<\/td><\/tr><tr><td>Guangdong, China<\/td><td>O forno de aquecimento<\/td><td>A\u00e7o inoxid\u00e1vel 410<\/td><td>caixa de cor<\/td><td>prata<\/td><td>prata<\/td><td>Equipamento para buffet de hotel<\/td><td>Isolamento da \u00e1gua de aquecimento ou aquecimento do fog\u00e3o a \u00e1lcool<\/td><td>Polimento por eletr\u00f3lise<\/td><td>4 pe\u00e7as<\/td><td>11L<\/td><td>30X30X30 cm<\/td><td>5 kg<\/td><\/tr><\/tbody><\/table><\/figure>\n<\/div>\n<\/div>\n\n\n\n<div class=\"wp-block-columns is-layout-flex wp-container-core-columns-is-layout-9d6595d7 wp-block-columns-is-layout-flex\">\n<div class=\"wp-block-column is-layout-flow wp-block-column-is-layout-flow\">\n<h3 class=\"wp-block-heading\">Op\u00e7\u00f5es de pratos para assar personalizados<\/h3>\n\n\n\n<p><strong>Log\u00f3tipo<\/strong>: Personalize o log\u00f3tipo da sua marca na travessa e na embalagem.<br><br><strong>Tamanho<\/strong>: Podemos personalizar o prato de chafing em diferentes tamanhos de acordo com a sua necessidade.<br><br><strong>Embalagem<\/strong>: cart\u00e3o\/caixa de cor.<br><br><a href=\"https:\/\/www.hg-cooker.com\/pt\/custom-solution\/\" data-type=\"page\" data-id=\"2793\" target=\"_blank\" rel=\"noreferrer noopener\"><strong>Explorar mais detalhes personalizados OEM&amp;ODM<\/strong><\/a><\/p>\n<\/div>\n<\/div>\n\n\n\n<div class=\"wp-block-columns is-layout-flex wp-container-core-columns-is-layout-9d6595d7 wp-block-columns-is-layout-flex\">\n<div class=\"wp-block-column is-layout-flow wp-block-column-is-layout-flow\">\n<figure class=\"wp-block-image size-full\"><img fetchpriority=\"high\" decoding=\"async\" width=\"790\" height=\"1115\" src=\"https:\/\/www.hg-cooker.com\/wp-content\/uploads\/2024\/08\/chafing-dish-size-1.jpg\" alt=\"tamanho da travessa (1)\" class=\"wp-image-4324\" srcset=\"https:\/\/www.hg-cooker.com\/wp-content\/uploads\/2024\/08\/chafing-dish-size-1.jpg 790w, https:\/\/www.hg-cooker.com\/wp-content\/uploads\/2024\/08\/chafing-dish-size-1-106x150.jpg 106w, https:\/\/www.hg-cooker.com\/wp-content\/uploads\/2024\/08\/chafing-dish-size-1-468x660.jpg 468w, https:\/\/www.hg-cooker.com\/wp-content\/uploads\/2024\/08\/chafing-dish-size-1-213x300.jpg 213w, https:\/\/www.hg-cooker.com\/wp-content\/uploads\/2024\/08\/chafing-dish-size-1-768x1084.jpg 768w, https:\/\/www.hg-cooker.com\/wp-content\/uploads\/2024\/08\/chafing-dish-size-1-9x12.jpg 9w, https:\/\/www.hg-cooker.com\/wp-content\/uploads\/2024\/08\/chafing-dish-size-1-285x402.jpg 285w\" sizes=\"(max-width: 790px) 100vw, 790px\" \/><\/figure>\n<\/div>\n\n\n\n<div class=\"wp-block-column is-layout-flow wp-block-column-is-layout-flow\">\n<figure class=\"wp-block-image size-full\"><img decoding=\"async\" width=\"790\" height=\"1115\" src=\"https:\/\/www.hg-cooker.com\/wp-content\/uploads\/2024\/08\/chafing-dish-size-2.jpg\" alt=\"tamanho da travessa (2)\" class=\"wp-image-4325\" srcset=\"https:\/\/www.hg-cooker.com\/wp-content\/uploads\/2024\/08\/chafing-dish-size-2.jpg 790w, https:\/\/www.hg-cooker.com\/wp-content\/uploads\/2024\/08\/chafing-dish-size-2-106x150.jpg 106w, https:\/\/www.hg-cooker.com\/wp-content\/uploads\/2024\/08\/chafing-dish-size-2-468x660.jpg 468w, https:\/\/www.hg-cooker.com\/wp-content\/uploads\/2024\/08\/chafing-dish-size-2-213x300.jpg 213w, https:\/\/www.hg-cooker.com\/wp-content\/uploads\/2024\/08\/chafing-dish-size-2-768x1084.jpg 768w, https:\/\/www.hg-cooker.com\/wp-content\/uploads\/2024\/08\/chafing-dish-size-2-9x12.jpg 9w, https:\/\/www.hg-cooker.com\/wp-content\/uploads\/2024\/08\/chafing-dish-size-2-285x402.jpg 285w\" sizes=\"(max-width: 790px) 100vw, 790px\" \/><\/figure>\n<\/div>\n<\/div>","protected":false},"excerpt":{"rendered":"<p>Prato de chafing por atacado, projetado para uso hoteleiro e comercial, feito de a\u00e7o inoxid\u00e1vel de alta qualidade de grau aliment\u00edcio, com excelente durabilidade e resist\u00eancia \u00e0 corros\u00e3o, a superf\u00edcie polida espelhada adiciona um toque de eleg\u00e2ncia a banquetes sofisticados e servi\u00e7os di\u00e1rios de restaurante, o suporte \u00e9 dobr\u00e1vel, tornando-o mais conveniente para usar e armazenar. Oferecemos uma baixa quantidade m\u00ednima de encomenda de 4 pe\u00e7as, bem-vindo a contactar-nos para pratos de chafing por atacado.<\/p>\n<h2>Carater\u00edsticas do Chafing Dish\u00a0<\/h2>\n<p><strong>Incr\u00edvel resist\u00eancia<\/strong>: Com a sua extraordin\u00e1ria durabilidade e fortes propriedades anti-corros\u00e3o, \u00e9 feito de a\u00e7o inoxid\u00e1vel de alta qualidade e pode suportar uma utiliza\u00e7\u00e3o frequente, bem como a lavagem, o que o torna perfeitamente adequado para a ind\u00fastria da restaura\u00e7\u00e3o.<\/p>\n<p><strong>Excelente isolamento t\u00e9rmico<\/strong>: Quando aquecido com \u00e1lcool combust\u00edvel, este tipo de material pode proporcionar uma temperatura est\u00e1vel a longo prazo para os alimentos nele contidos, garantindo assim que os clientes tenham o m\u00e1ximo prazer ao comer.<\/p>\n<p><strong>Apar\u00eancia topo de gama<\/strong>: A superf\u00edcie da travessa de a\u00e7o inoxid\u00e1vel \u00e9 polida como um espelho, com um aspeto brilhante e bonito, que \u00e9 muito adequado para banquetes formais ou restaurantes de luxo.<\/p>\n<p><strong>F\u00e1cil de limpar<\/strong>: O a\u00e7o inoxid\u00e1vel tem uma propriedade de superf\u00edcie lisa, pelo que \u00e9 muito f\u00e1cil de limpar ap\u00f3s a utiliza\u00e7\u00e3o. Mesmo depois de um servi\u00e7o de restaura\u00e7\u00e3o intenso, o trabalho de limpeza pode ser conclu\u00eddo rapidamente, poupando-lhe tempo.<\/p>\n<p><strong>Seguro e fi\u00e1vel<\/strong>: A chafing dish de a\u00e7o inoxid\u00e1vel est\u00e1 equipada com um suporte est\u00e1vel e um design antiderrapante, n\u00e3o tombando nem deslizando durante a utiliza\u00e7\u00e3o.<\/p>","protected":false},"featured_media":4330,"comment_status":"closed","ping_status":"closed","template":"","meta":[],"product_brand":[],"product_cat":[62],"product_tag":[],"class_list":{"0":"post-4323","1":"product","2":"type-product","3":"status-publish","4":"has-post-thumbnail","6":"product_cat-wholesale-chafing-dishes","8":"first","9":"instock","10":"shipping-taxable","11":"product-type-simple"},"_links":{"self":[{"href":"https:\/\/www.hg-cooker.com\/pt\/wp-json\/wp\/v2\/product\/4323","targetHints":{"allow":["GET"]}}],"collection":[{"href":"https:\/\/www.hg-cooker.com\/pt\/wp-json\/wp\/v2\/product"}],"about":[{"href":"https:\/\/www.hg-cooker.com\/pt\/wp-json\/wp\/v2\/types\/product"}],"replies":[{"embeddable":true,"href":"https:\/\/www.hg-cooker.com\/pt\/wp-json\/wp\/v2\/comments?post=4323"}],"wp:featuredmedia":[{"embeddable":true,"href":"https:\/\/www.hg-cooker.com\/pt\/wp-json\/wp\/v2\/media\/4330"}],"wp:attachment":[{"href":"https:\/\/www.hg-cooker.com\/pt\/wp-json\/wp\/v2\/media?parent=4323"}],"wp:term":[{"taxonomy":"product_brand","embeddable":true,"href":"https:\/\/www.hg-cooker.com\/pt\/wp-json\/wp\/v2\/product_brand?post=4323"},{"taxonomy":"product_cat","embeddable":true,"href":"https:\/\/www.hg-cooker.com\/pt\/wp-json\/wp\/v2\/product_cat?post=4323"},{"taxonomy":"product_tag","embeddable":true,"href":"https:\/\/www.hg-cooker.com\/pt\/wp-json\/wp\/v2\/product_tag?post=4323"}],"curies":[{"name":"wp","href":"https:\/\/api.w.org\/{rel}","templated":true}]}}