{"id":4315,"date":"2024-08-28T09:56:27","date_gmt":"2024-08-28T09:56:27","guid":{"rendered":"https:\/\/www.hg-cooker.com\/?post_type=product&#038;p=4315"},"modified":"2024-08-28T15:28:31","modified_gmt":"2024-08-28T15:28:31","slug":"pote-de-leite-fervente-de-aco-inoxidavel-por-atacado-28","status":"publish","type":"product","link":"https:\/\/www.hg-cooker.com\/pt\/produto\/pote-de-leite-fervente-de-aco-inoxidavel-por-atacado-28\/","title":{"rendered":"Grelhadores de churrasco por atacado para uso dom\u00e9stico e comercial"},"content":{"rendered":"<div class=\"wp-block-columns is-layout-flex wp-container-core-columns-is-layout-9d6595d7 wp-block-columns-is-layout-flex\">\n<div class=\"wp-block-column is-layout-flow wp-block-column-is-layout-flow\">\n<h3 class=\"wp-block-heading\">Par\u00e2metros dos grelhadores por grosso<\/h3>\n\n\n\n<figure class=\"wp-block-table\"><table class=\"has-fixed-layout\"><tbody><tr><td>Local de origem<\/td><td>Material<\/td><td>Combust\u00edvel<\/td><td>Nome do produto<\/td><td>Fun\u00e7\u00e3o<\/td><td>MOQ<\/td><td>Embalagem<\/td><td>Utiliza\u00e7\u00e3o<\/td><td>Forma<\/td><td>Tipo<\/td><td>tamanho<\/td><td>Detalhes da embalagem<\/td><td>Tamanho da embalagem individual:<\/td><td>Peso bruto \u00fanico:<\/td><\/tr><tr><td>Guangdong, China<\/td><td>A\u00e7o inoxid\u00e1vel<\/td><td>Churrasco com \u00e1lcool<\/td><td>mini grelhador para churrasco<\/td><td>Grelhador para churrasco sem fumo para interior e exterior<\/td><td>4 pe\u00e7as<\/td><td>caixa branca<\/td><td>Cozinhar na cozinha\\Cozinhar\\BBQ\\Fumar<\/td><td>Forma redonda<\/td><td>Aquecimento do fog\u00e3o a \u00e1lcool<\/td><td>di\u00e2metro 19,5 cm<\/td><td>saco de filme pl\u00e1stico por pe\u00e7a, depois embalado numa caixa de cor e mais quantidades para a caixa de exporta\u00e7\u00e3o.<\/td><td>12X12X28 cm<\/td><td>0,800 kg<\/td><\/tr><\/tbody><\/table><\/figure>\n<\/div>\n<\/div>\n\n\n\n<div class=\"wp-block-columns is-layout-flex wp-container-core-columns-is-layout-9d6595d7 wp-block-columns-is-layout-flex\">\n<div class=\"wp-block-column is-layout-flow wp-block-column-is-layout-flow\">\n<h3 class=\"wp-block-heading\">Op\u00e7\u00f5es de grelhadores personalizados<\/h3>\n\n\n\n<p><strong>Log\u00f3tipo<\/strong>: Personalize o log\u00f3tipo da sua marca na grelha e na embalagem.<br><br><strong>Tamanho<\/strong>: Podemos personalizar o grelhador em diferentes tamanhos de acordo com as suas necessidades.<br><br><strong>Embalagem<\/strong>: cart\u00e3o\/caixa de cor.<br><br><a href=\"https:\/\/www.hg-cooker.com\/pt\/custom-solution\/\" data-type=\"page\" data-id=\"2793\" target=\"_blank\" rel=\"noreferrer noopener\"><strong>Explorar mais detalhes personalizados OEM&amp;ODM<\/strong><\/a><\/p>\n<\/div>\n<\/div>\n\n\n\n<div class=\"wp-block-columns is-layout-flex wp-container-core-columns-is-layout-9d6595d7 wp-block-columns-is-layout-flex\">\n<div class=\"wp-block-column is-layout-flow wp-block-column-is-layout-flow\">\n<figure class=\"wp-block-image size-full\"><img fetchpriority=\"high\" decoding=\"async\" width=\"760\" height=\"875\" src=\"https:\/\/www.hg-cooker.com\/wp-content\/uploads\/2024\/08\/advantage-of-BBQ-grill-1.jpg\" alt=\"vantagem do grelhador para churrasco (1)\" class=\"wp-image-4321\" srcset=\"https:\/\/www.hg-cooker.com\/wp-content\/uploads\/2024\/08\/advantage-of-BBQ-grill-1.jpg 760w, https:\/\/www.hg-cooker.com\/wp-content\/uploads\/2024\/08\/advantage-of-BBQ-grill-1-130x150.jpg 130w, https:\/\/www.hg-cooker.com\/wp-content\/uploads\/2024\/08\/advantage-of-BBQ-grill-1-573x660.jpg 573w, https:\/\/www.hg-cooker.com\/wp-content\/uploads\/2024\/08\/advantage-of-BBQ-grill-1-261x300.jpg 261w, https:\/\/www.hg-cooker.com\/wp-content\/uploads\/2024\/08\/advantage-of-BBQ-grill-1-10x12.jpg 10w, https:\/\/www.hg-cooker.com\/wp-content\/uploads\/2024\/08\/advantage-of-BBQ-grill-1-285x328.jpg 285w\" sizes=\"(max-width: 760px) 100vw, 760px\" \/><\/figure>\n<\/div>\n\n\n\n<div class=\"wp-block-column is-layout-flow wp-block-column-is-layout-flow\">\n<figure class=\"wp-block-image size-full\"><img decoding=\"async\" width=\"760\" height=\"875\" src=\"https:\/\/www.hg-cooker.com\/wp-content\/uploads\/2024\/08\/advantage-of-BBQ-grill-2.jpg\" alt=\"vantagem do grelhador para churrasco (2)\" class=\"wp-image-4322\" srcset=\"https:\/\/www.hg-cooker.com\/wp-content\/uploads\/2024\/08\/advantage-of-BBQ-grill-2.jpg 760w, https:\/\/www.hg-cooker.com\/wp-content\/uploads\/2024\/08\/advantage-of-BBQ-grill-2-130x150.jpg 130w, https:\/\/www.hg-cooker.com\/wp-content\/uploads\/2024\/08\/advantage-of-BBQ-grill-2-573x660.jpg 573w, https:\/\/www.hg-cooker.com\/wp-content\/uploads\/2024\/08\/advantage-of-BBQ-grill-2-261x300.jpg 261w, https:\/\/www.hg-cooker.com\/wp-content\/uploads\/2024\/08\/advantage-of-BBQ-grill-2-10x12.jpg 10w, https:\/\/www.hg-cooker.com\/wp-content\/uploads\/2024\/08\/advantage-of-BBQ-grill-2-285x328.jpg 285w\" sizes=\"(max-width: 760px) 100vw, 760px\" \/><\/figure>\n<\/div>\n<\/div>","protected":false},"excerpt":{"rendered":"<p>Este grelhador \u00e9 um complemento divertido para as reuni\u00f5es familiares e tamb\u00e9m pode ser utilizado como um dispositivo de cozinha profissional para eventos comerciais. \u00c9 alimentado a carv\u00e3o, adequado para utiliza\u00e7\u00e3o no exterior, e tem uma ventoinha alimentada por bateria que pode controlar com precis\u00e3o o tamanho da chama. Fornecemos grelhadores de alta qualidade por grosso com quantidades m\u00ednimas de encomenda reduzidas, dando-lhe a flexibilidade para satisfazer necessidades de diferentes dimens\u00f5es.<\/p>\n<h2>Carater\u00edsticas do grelhador para churrasco<\/h2>\n<p><strong>Conce\u00e7\u00e3o polivalente<\/strong>: Este grelhador satisfaz as necessidades dom\u00e9sticas e comerciais, sendo adequado para reuni\u00f5es familiares, festas ao ar livre, restaurantes e servi\u00e7os de catering. Quer se trate de um jantar familiar de pequena dimens\u00e3o ou de um evento comercial de grande dimens\u00e3o, este grelhador pode facilmente dar conta do recado.<\/p>\n<p><strong>Aquecimento eficiente<\/strong>: Equipado com uma ventoinha el\u00e9ctrica, pode acelerar eficazmente a combust\u00e3o do carv\u00e3o vegetal e assegurar uma dissipa\u00e7\u00e3o uniforme do calor, de modo a que os alimentos possam ser grelhados r\u00e1pida e uniformemente, apresentando um sabor e uma cor perfeitos.<\/p>\n<p><strong>Material duradouro<\/strong>: Fabricado com materiais de a\u00e7o inoxid\u00e1vel de alta qualidade, resistente a altas temperaturas e \u00e0 prova de ferrugem, garante uma utiliza\u00e7\u00e3o a longo prazo em v\u00e1rios ambientes e \u00e9 f\u00e1cil de limpar e manter.<\/p>\n<p><strong>Portabilidade<\/strong>: O design \u00e9 leve, o peso total \u00e9 leve e existem pegas em ambas as extremidades para facilitar o levantamento. \u00c9 adequada para ser transportada e tamb\u00e9m para ocasi\u00f5es comerciais que exijam movimentos frequentes.<\/p>\n<p><strong>Funcionamento simples<\/strong>: Acrescentar o carv\u00e3o e acender o combust\u00edvel \u00e9 muito f\u00e1cil. Mesmo os principiantes podem come\u00e7ar rapidamente e grelhar facilmente pratos deliciosos.<\/p>\n<p><strong>Quantidade m\u00ednima de encomenda reduzida<\/strong>: Apoiamos quantidades m\u00ednimas de encomenda baixas, e pode obter um plano de aquisi\u00e7\u00e3o adequado aqui na henghuang.<\/p>\n<p><strong>Modo de utiliza\u00e7\u00e3o:<\/strong><br \/>1.Carregar 4 pilhas aa1.5v (tamb\u00e9m alimentadas pela porta usB). <br \/>2) Colocar o bloco de combust\u00e3o na c\u00e2mara de carv\u00e3o e acender. <br \/>3. adicionar o carv\u00e3o, ligar a ventoinha Max e deixar arder. <br \/>4. colocar o grelhador e a tampa, fechar o cadeado e cozer em 10 minutos.<\/p>","protected":false},"featured_media":4317,"comment_status":"closed","ping_status":"closed","template":"","meta":[],"product_brand":[],"product_cat":[61],"product_tag":[],"class_list":{"0":"post-4315","1":"product","2":"type-product","3":"status-publish","4":"has-post-thumbnail","6":"product_cat-wholesale-grills","8":"first","9":"instock","10":"shipping-taxable","11":"product-type-simple"},"_links":{"self":[{"href":"https:\/\/www.hg-cooker.com\/pt\/wp-json\/wp\/v2\/product\/4315","targetHints":{"allow":["GET"]}}],"collection":[{"href":"https:\/\/www.hg-cooker.com\/pt\/wp-json\/wp\/v2\/product"}],"about":[{"href":"https:\/\/www.hg-cooker.com\/pt\/wp-json\/wp\/v2\/types\/product"}],"replies":[{"embeddable":true,"href":"https:\/\/www.hg-cooker.com\/pt\/wp-json\/wp\/v2\/comments?post=4315"}],"wp:featuredmedia":[{"embeddable":true,"href":"https:\/\/www.hg-cooker.com\/pt\/wp-json\/wp\/v2\/media\/4317"}],"wp:attachment":[{"href":"https:\/\/www.hg-cooker.com\/pt\/wp-json\/wp\/v2\/media?parent=4315"}],"wp:term":[{"taxonomy":"product_brand","embeddable":true,"href":"https:\/\/www.hg-cooker.com\/pt\/wp-json\/wp\/v2\/product_brand?post=4315"},{"taxonomy":"product_cat","embeddable":true,"href":"https:\/\/www.hg-cooker.com\/pt\/wp-json\/wp\/v2\/product_cat?post=4315"},{"taxonomy":"product_tag","embeddable":true,"href":"https:\/\/www.hg-cooker.com\/pt\/wp-json\/wp\/v2\/product_tag?post=4315"}],"curies":[{"name":"wp","href":"https:\/\/api.w.org\/{rel}","templated":true}]}}