{"id":4304,"date":"2024-08-28T06:00:56","date_gmt":"2024-08-28T06:00:56","guid":{"rendered":"https:\/\/www.hg-cooker.com\/?post_type=product&#038;p=4304"},"modified":"2024-08-28T09:17:40","modified_gmt":"2024-08-28T09:17:40","slug":"pote-de-leite-fervente-de-aco-inoxidavel-por-atacado-27","status":"publish","type":"product","link":"https:\/\/www.hg-cooker.com\/pt\/produto\/pote-de-leite-fervente-de-aco-inoxidavel-por-atacado-27\/","title":{"rendered":"Grelhador a carv\u00e3o personalizado por atacado com ventoinha que regula o fogo do carv\u00e3o"},"content":{"rendered":"<div class=\"wp-block-columns is-layout-flex wp-container-core-columns-is-layout-9d6595d7 wp-block-columns-is-layout-flex\">\n<div class=\"wp-block-column is-layout-flow wp-block-column-is-layout-flow\">\n<h3 class=\"wp-block-heading\">Par\u00e2metros do grelhador a carv\u00e3o personaliz\u00e1vel<\/h3>\n\n\n\n<figure class=\"wp-block-table\"><table class=\"has-fixed-layout\"><tbody><tr><td>Local de origem<\/td><td>Tipo de grelhador<\/td><td>N\u00famero do modelo<\/td><td>Utiliza\u00e7\u00e3o<\/td><td>Fun\u00e7\u00e3o<\/td><td>Vantagem<\/td><td>Grau<\/td><td>Tipo de metal<\/td><td>Carater\u00edstica<\/td><td>Dispositivo de seguran\u00e7a<\/td><td>Cor<\/td><td>Bateria<\/td><td>Adequado para (ambiente)<\/td><\/tr><tr><td>Guangdong, China<\/td><td>Grelhadores a carv\u00e3o<\/td><td>HG-SKL<\/td><td>em interiores, especialmente \u00fatil em exteriores<\/td><td>Cozinhados<\/td><td>Port\u00e1til, opera\u00e7\u00e3o c\u00f3moda<\/td><td>Seguro para contacto com alimentos<\/td><td>a\u00e7o inoxid\u00e1vel<\/td><td>F\u00e1cil de montar, f\u00e1cil de limpar, igni\u00e7\u00e3o eletr\u00f3nica por impulsos<\/td><td>Dispositivo de prote\u00e7\u00e3o de alta press\u00e3o<\/td><td>Pintura a cor de laranja ou personalizada para grandes quantidades<\/td><td>4*AA 1,5V<\/td><td>Festa de churrasco ao ar livre<\/td><\/tr><\/tbody><\/table><\/figure>\n<\/div>\n<\/div>\n\n\n\n<div class=\"wp-block-columns is-layout-flex wp-container-core-columns-is-layout-9d6595d7 wp-block-columns-is-layout-flex\">\n<div class=\"wp-block-column is-layout-flow wp-block-column-is-layout-flow\">\n<h3 class=\"wp-block-heading\">Op\u00e7\u00f5es de grelhadores a carv\u00e3o personalizados<\/h3>\n\n\n\n<p><strong>Log\u00f3tipo<\/strong>: Personalize o log\u00f3tipo da sua marca no grelhador a carv\u00e3o e na embalagem.<br><br><strong>Tamanho<\/strong>: Podemos personalizar o grelhador a carv\u00e3o em diferentes tamanhos de acordo com a sua necessidade.<br><br><strong>Embalagem<\/strong>: cart\u00e3o\/caixa de cor.<br><br><a href=\"https:\/\/www.hg-cooker.com\/pt\/custom-solution\/\" data-type=\"page\" data-id=\"2793\" target=\"_blank\" rel=\"noreferrer noopener\"><strong>Explorar mais detalhes personalizados OEM&amp;ODM<\/strong><\/a><\/p>\n<\/div>\n<\/div>\n\n\n\n<div class=\"wp-block-columns is-layout-flex wp-container-core-columns-is-layout-9d6595d7 wp-block-columns-is-layout-flex\">\n<div class=\"wp-block-column is-layout-flow wp-block-column-is-layout-flow\">\n<figure class=\"wp-block-image size-full\"><img fetchpriority=\"high\" decoding=\"async\" width=\"760\" height=\"875\" src=\"https:\/\/www.hg-cooker.com\/wp-content\/uploads\/2024\/08\/advantage-of-custom-charcoal-grill-1.jpg\" alt=\"vantagens do grelhador a carv\u00e3o personalizado (1)\" class=\"wp-image-4310\" srcset=\"https:\/\/www.hg-cooker.com\/wp-content\/uploads\/2024\/08\/advantage-of-custom-charcoal-grill-1.jpg 760w, https:\/\/www.hg-cooker.com\/wp-content\/uploads\/2024\/08\/advantage-of-custom-charcoal-grill-1-130x150.jpg 130w, https:\/\/www.hg-cooker.com\/wp-content\/uploads\/2024\/08\/advantage-of-custom-charcoal-grill-1-573x660.jpg 573w, https:\/\/www.hg-cooker.com\/wp-content\/uploads\/2024\/08\/advantage-of-custom-charcoal-grill-1-261x300.jpg 261w, https:\/\/www.hg-cooker.com\/wp-content\/uploads\/2024\/08\/advantage-of-custom-charcoal-grill-1-10x12.jpg 10w, https:\/\/www.hg-cooker.com\/wp-content\/uploads\/2024\/08\/advantage-of-custom-charcoal-grill-1-285x328.jpg 285w\" sizes=\"(max-width: 760px) 100vw, 760px\" \/><\/figure>\n<\/div>\n\n\n\n<div class=\"wp-block-column is-layout-flow wp-block-column-is-layout-flow\">\n<figure class=\"wp-block-image size-full\"><img decoding=\"async\" width=\"760\" height=\"875\" src=\"https:\/\/www.hg-cooker.com\/wp-content\/uploads\/2024\/08\/advantage-of-custom-charcoal-grill-2.jpg\" alt=\"vantagens do grelhador a carv\u00e3o personalizado (2)\" class=\"wp-image-4311\" srcset=\"https:\/\/www.hg-cooker.com\/wp-content\/uploads\/2024\/08\/advantage-of-custom-charcoal-grill-2.jpg 760w, https:\/\/www.hg-cooker.com\/wp-content\/uploads\/2024\/08\/advantage-of-custom-charcoal-grill-2-130x150.jpg 130w, https:\/\/www.hg-cooker.com\/wp-content\/uploads\/2024\/08\/advantage-of-custom-charcoal-grill-2-573x660.jpg 573w, https:\/\/www.hg-cooker.com\/wp-content\/uploads\/2024\/08\/advantage-of-custom-charcoal-grill-2-261x300.jpg 261w, https:\/\/www.hg-cooker.com\/wp-content\/uploads\/2024\/08\/advantage-of-custom-charcoal-grill-2-10x12.jpg 10w, https:\/\/www.hg-cooker.com\/wp-content\/uploads\/2024\/08\/advantage-of-custom-charcoal-grill-2-285x328.jpg 285w\" sizes=\"(max-width: 760px) 100vw, 760px\" \/><\/figure>\n<\/div>\n<\/div>","protected":false},"excerpt":{"rendered":"<p>Grelhador a carv\u00e3o personaliz\u00e1vel por atacado, os tamanhos e as configura\u00e7\u00f5es podem ser personalizados. Este grelhador com um ventilador el\u00e9trico permite controlar o tamanho do fogo do carv\u00e3o vegetal. \u00c9 a solu\u00e7\u00e3o ideal para os entusiastas do churrasco que t\u00eam requisitos rigorosos em termos de detalhes do churrasco e controlo do fogo. \u00c9 adequado para p\u00e1tios dom\u00e9sticos e churrascarias. A sua flexibilidade e capacidade de ajuste tornam-no adequado para v\u00e1rios ambientes de cozinha. Bem-vindo a contactar-nos para solu\u00e7\u00f5es por atacado e personalizadas.<\/p>\n<h3>Carater\u00edsticas do grelhador a carv\u00e3o<\/h3>\n<p><strong>O ventilador ajusta o poder de fogo<\/strong>: O sistema de ventoinha incorporado pode ajustar com precis\u00e3o o poder de fogo do carv\u00e3o vegetal, permitindo-lhe controlar facilmente a temperatura do grelhador, garantir que os alimentos s\u00e3o cozinhados uniformemente e obter o efeito ideal de grelhar.<\/p>\n<p><strong>Fonte de alimenta\u00e7\u00e3o do ventilador<\/strong>: Dois tipos de alimenta\u00e7\u00e3o el\u00e9ctrica O carregador e a pilha n.\u00ba 5 podem ser utilizados para a alimenta\u00e7\u00e3o el\u00e9ctrica.<\/p>\n<p><strong>Op\u00e7\u00f5es de personaliza\u00e7\u00e3o<\/strong>: S\u00e3o fornecidas v\u00e1rias op\u00e7\u00f5es de personaliza\u00e7\u00e3o de acordo com as necessidades do cliente. A personaliza\u00e7\u00e3o ligeira pode adicionar log\u00f3tipos aos estilos existentes e a personaliza\u00e7\u00e3o profunda inclui o tamanho, o material e o design de apar\u00eancia para satisfazer diferentes necessidades de cozinha e requisitos de cena.<\/p>\n<p><strong>Material duradouro<\/strong>: Fabricado em a\u00e7o inoxid\u00e1vel de alta qualidade e resistente a altas temperaturas, garante que o grelhador de churrasco pode manter um excelente desempenho durante a utiliza\u00e7\u00e3o a longo prazo e tem uma longa vida \u00fatil.<\/p>\n<p><strong>F\u00e1cil de limpar<\/strong>: As pe\u00e7as amov\u00edveis e o design simples facilitam o processo de limpeza, garantindo que o grelhador est\u00e1 sempre limpo e arrumado, o que \u00e9 muito adequado para locais comerciais, como restaurantes.<\/p>\n<p><strong>Funcionamento c\u00f3modo<\/strong>: O design \u00e9 intuitivo e f\u00e1cil de utilizar. Mesmo os principiantes em churrasco podem facilmente come\u00e7ar e controlar facilmente todo o processo de churrasco.<\/p>\n<p><strong>F\u00e1cil de transportar<\/strong>: O tamanho pequeno pode ser facilmente colocado numa mochila, o que o torna uma escolha ideal para piqueniques e acampamentos.<\/p>\n<p><strong>Conce\u00e7\u00e3o de seguran\u00e7a<\/strong>: O ventilador combina-se com o orif\u00edcio de ar em torno do forno para ajudar a queimar o carv\u00e3o, emitindo o calor da base, que n\u00e3o \u00e9 quente ao toque. <\/p>\n<p><strong>Modo de utiliza\u00e7\u00e3o:<\/strong><br \/>1.Carregar 4 pilhas aa1.5v (tamb\u00e9m alimentadas pela porta usB). <br \/>2) Colocar o bloco de combust\u00e3o na c\u00e2mara de carv\u00e3o e acender. <br \/>3. adicionar o carv\u00e3o, ligar a ventoinha Max e deixar arder. <br \/>4. colocar o grelhador e a tampa, fechar o cadeado e cozer em 10 minutos.<\/p>","protected":false},"featured_media":4312,"comment_status":"closed","ping_status":"closed","template":"","meta":[],"product_brand":[],"product_cat":[61],"product_tag":[],"class_list":{"0":"post-4304","1":"product","2":"type-product","3":"status-publish","4":"has-post-thumbnail","6":"product_cat-wholesale-grills","8":"first","9":"instock","10":"shipping-taxable","11":"product-type-simple"},"_links":{"self":[{"href":"https:\/\/www.hg-cooker.com\/pt\/wp-json\/wp\/v2\/product\/4304","targetHints":{"allow":["GET"]}}],"collection":[{"href":"https:\/\/www.hg-cooker.com\/pt\/wp-json\/wp\/v2\/product"}],"about":[{"href":"https:\/\/www.hg-cooker.com\/pt\/wp-json\/wp\/v2\/types\/product"}],"replies":[{"embeddable":true,"href":"https:\/\/www.hg-cooker.com\/pt\/wp-json\/wp\/v2\/comments?post=4304"}],"wp:featuredmedia":[{"embeddable":true,"href":"https:\/\/www.hg-cooker.com\/pt\/wp-json\/wp\/v2\/media\/4312"}],"wp:attachment":[{"href":"https:\/\/www.hg-cooker.com\/pt\/wp-json\/wp\/v2\/media?parent=4304"}],"wp:term":[{"taxonomy":"product_brand","embeddable":true,"href":"https:\/\/www.hg-cooker.com\/pt\/wp-json\/wp\/v2\/product_brand?post=4304"},{"taxonomy":"product_cat","embeddable":true,"href":"https:\/\/www.hg-cooker.com\/pt\/wp-json\/wp\/v2\/product_cat?post=4304"},{"taxonomy":"product_tag","embeddable":true,"href":"https:\/\/www.hg-cooker.com\/pt\/wp-json\/wp\/v2\/product_tag?post=4304"}],"curies":[{"name":"wp","href":"https:\/\/api.w.org\/{rel}","templated":true}]}}