{"id":4303,"date":"2024-08-28T04:46:11","date_gmt":"2024-08-28T04:46:11","guid":{"rendered":"https:\/\/www.hg-cooker.com\/?post_type=product&#038;p=4303"},"modified":"2024-08-28T06:49:41","modified_gmt":"2024-08-28T06:49:41","slug":"pote-de-leite-fervente-de-aco-inoxidavel-por-atacado-26","status":"publish","type":"product","link":"https:\/\/www.hg-cooker.com\/pt\/produto\/pote-de-leite-fervente-de-aco-inoxidavel-por-atacado-26\/","title":{"rendered":"Grelhadores por atacado personalizados - perfeitos para restaurantes e aventuras de campismo ao ar livre"},"content":{"rendered":"<div class=\"wp-block-columns is-layout-flex wp-container-core-columns-is-layout-9d6595d7 wp-block-columns-is-layout-flex\">\n<div class=\"wp-block-column is-layout-flow wp-block-column-is-layout-flow\">\n<h3 class=\"wp-block-heading\">Par\u00e2metros do grelhador<\/h3>\n\n\n\n<figure class=\"wp-block-table\"><table class=\"has-fixed-layout\"><tbody><tr><td>Local de origem<\/td><td>Tipo<\/td><td>Material<\/td><td>Carater\u00edstica<\/td><td>Combust\u00edvel<\/td><td>Utiliza\u00e7\u00e3o<\/td><td>Dispositivo de seguran\u00e7a<\/td><td>MOQ<\/td><td>Cor<\/td><td>Detalhes da embalagem<\/td><\/tr><tr><td>Guangdong, China<\/td><td>Grelhador, mini grelhador para churrasco<\/td><td>a\u00e7o inoxid\u00e1vel<\/td><td>F\u00e1cil de limpar<\/td><td>Carv\u00e3o vegetal<\/td><td>Grelhador a carv\u00e3o para churrasco ao ar livre<\/td><td>Dispositivo de seguran\u00e7a contra chamas, dispositivo de prote\u00e7\u00e3o de alta press\u00e3o<\/td><td>12 unidades<\/td><td>A\u00e7o inoxid\u00e1vel Original Prata+preto<\/td><td>saco de filme pl\u00e1stico por pe\u00e7a, depois embalado numa caixa de cor e mais quantidades para a caixa de exporta\u00e7\u00e3o.<\/td><\/tr><\/tbody><\/table><\/figure>\n<\/div>\n<\/div>\n\n\n\n<div class=\"wp-block-columns is-layout-flex wp-container-core-columns-is-layout-9d6595d7 wp-block-columns-is-layout-flex\">\n<div class=\"wp-block-column is-layout-flow wp-block-column-is-layout-flow\">\n<h3 class=\"wp-block-heading\">Op\u00e7\u00f5es de grelhadores personalizados<\/h3>\n\n\n\n<p><strong>Log\u00f3tipo<\/strong>: Personalize o log\u00f3tipo da sua marca na grelha e na embalagem.<br><br><strong>Tamanho<\/strong>: Podemos personalizar o grelhador em diferentes tamanhos de acordo com as suas necessidades.<br><br><strong>Embalagem<\/strong>: cart\u00e3o\/caixa de cor.<br><br><a href=\"https:\/\/www.hg-cooker.com\/pt\/custom-solution\/\" data-type=\"page\" data-id=\"2793\" target=\"_blank\" rel=\"noreferrer noopener\"><strong>Explorar mais detalhes personalizados OEM&amp;ODM<\/strong><\/a><\/p>\n<\/div>\n<\/div>\n\n\n\n<div class=\"wp-block-columns is-layout-flex wp-container-core-columns-is-layout-9d6595d7 wp-block-columns-is-layout-flex\">\n<div class=\"wp-block-column is-layout-flow wp-block-column-is-layout-flow\">\n<figure class=\"wp-block-image size-full\"><img fetchpriority=\"high\" decoding=\"async\" width=\"790\" height=\"1090\" src=\"https:\/\/www.hg-cooker.com\/wp-content\/uploads\/2024\/08\/custom-grill-4.jpg\" alt=\"grelhador personalizado (4)\" class=\"wp-image-4308\" srcset=\"https:\/\/www.hg-cooker.com\/wp-content\/uploads\/2024\/08\/custom-grill-4.jpg 790w, https:\/\/www.hg-cooker.com\/wp-content\/uploads\/2024\/08\/custom-grill-4-109x150.jpg 109w, https:\/\/www.hg-cooker.com\/wp-content\/uploads\/2024\/08\/custom-grill-4-478x660.jpg 478w, https:\/\/www.hg-cooker.com\/wp-content\/uploads\/2024\/08\/custom-grill-4-217x300.jpg 217w, https:\/\/www.hg-cooker.com\/wp-content\/uploads\/2024\/08\/custom-grill-4-768x1060.jpg 768w, https:\/\/www.hg-cooker.com\/wp-content\/uploads\/2024\/08\/custom-grill-4-9x12.jpg 9w, https:\/\/www.hg-cooker.com\/wp-content\/uploads\/2024\/08\/custom-grill-4-285x393.jpg 285w\" sizes=\"(max-width: 790px) 100vw, 790px\" \/><\/figure>\n<\/div>\n\n\n\n<div class=\"wp-block-column is-layout-flow wp-block-column-is-layout-flow\">\n<figure class=\"wp-block-image size-full\"><img decoding=\"async\" width=\"790\" height=\"1090\" src=\"https:\/\/www.hg-cooker.com\/wp-content\/uploads\/2024\/08\/custom-grill-5.jpg\" alt=\"grelhador personalizado (5)\" class=\"wp-image-4309\" srcset=\"https:\/\/www.hg-cooker.com\/wp-content\/uploads\/2024\/08\/custom-grill-5.jpg 790w, https:\/\/www.hg-cooker.com\/wp-content\/uploads\/2024\/08\/custom-grill-5-109x150.jpg 109w, https:\/\/www.hg-cooker.com\/wp-content\/uploads\/2024\/08\/custom-grill-5-478x660.jpg 478w, https:\/\/www.hg-cooker.com\/wp-content\/uploads\/2024\/08\/custom-grill-5-217x300.jpg 217w, https:\/\/www.hg-cooker.com\/wp-content\/uploads\/2024\/08\/custom-grill-5-768x1060.jpg 768w, https:\/\/www.hg-cooker.com\/wp-content\/uploads\/2024\/08\/custom-grill-5-9x12.jpg 9w, https:\/\/www.hg-cooker.com\/wp-content\/uploads\/2024\/08\/custom-grill-5-285x393.jpg 285w\" sizes=\"(max-width: 790px) 100vw, 790px\" \/><\/figure>\n<\/div>\n<\/div>","protected":false},"excerpt":{"rendered":"<p>Grelhadores personaliz\u00e1veis por atacado, este grelhador foi concebido para reduzir as emiss\u00f5es de fumo, garantindo que pode desfrutar da divers\u00e3o de grelhar enquanto mant\u00e9m o ambiente limpo, pelo que \u00e9 adequado para churrascarias e restaurantes. N\u00f3s fornecemos servi\u00e7os de grelha de churrasco por atacado e solu\u00e7\u00f5es profissionais de grelha de churrasco personalizadas, tamanho e configura\u00e7\u00e3o podem ser personalizados, bem-vindo a contactar-nos.<\/p>\n<h3>Carater\u00edsticas do grelhador personaliz\u00e1vel<\/h3>\n<p><strong>Op\u00e7\u00f5es de personaliza\u00e7\u00e3o<\/strong>: Est\u00e1 dispon\u00edvel uma variedade de op\u00e7\u00f5es de personaliza\u00e7\u00e3o e os tamanhos e configura\u00e7\u00f5es podem ser personalizados para satisfazer diferentes necessidades e cen\u00e1rios de cozinha, garantindo que cada experi\u00eancia de churrasco corresponde \u00e0s suas expectativas.<\/p>\n<p><strong>Aquecimento eficiente<\/strong>: O sistema de aquecimento uniforme garante que os alimentos s\u00e3o cozinhados r\u00e1pida e uniformemente, mantendo o sabor original.<\/p>\n<p><strong>Materiais duradouros<\/strong>: S\u00e3o selecionados materiais de a\u00e7o inoxid\u00e1vel de alta qualidade, resistentes a altas temperaturas e \u00e0 corros\u00e3o, para garantir a estabilidade e a durabilidade a longo prazo do grelhador para churrasco.<\/p>\n<p><strong>F\u00e1cil de limpar<\/strong>: O design simples e a facilidade de desmontagem facilitam a limpeza e a manuten\u00e7\u00e3o, o que permite poupar tempo e energia, e \u00e9 muito adequado para utiliza\u00e7\u00e3o em churrascarias e restaurantes.<\/p>\n<p><strong>Aplica\u00e7\u00e3o multi-cen\u00e1rio<\/strong>: Quer se trate de uma cozinha de restaurante, de uma festa ou de uma atividade de campismo, este grelhador de churrasco pode proporcionar comodidade e uma rica divers\u00e3o culin\u00e1ria.<\/p>\n<p><strong>Funcionamento c\u00f3modo<\/strong>: O design de f\u00e1cil utiliza\u00e7\u00e3o facilita o controlo tanto para os novatos como para os chefes de cozinha experientes.<\/p>\n<p><strong>Pega resistente a altas temperaturas<\/strong>: O design da pega utiliza materiais resistentes a altas temperaturas para garantir uma experi\u00eancia de funcionamento segura e confort\u00e1vel e evitar queimaduras a altas temperaturas.<\/p>","protected":false},"featured_media":4305,"comment_status":"closed","ping_status":"closed","template":"","meta":[],"product_brand":[],"product_cat":[61],"product_tag":[],"class_list":{"0":"post-4303","1":"product","2":"type-product","3":"status-publish","4":"has-post-thumbnail","6":"product_cat-wholesale-grills","8":"first","9":"instock","10":"shipping-taxable","11":"product-type-simple"},"_links":{"self":[{"href":"https:\/\/www.hg-cooker.com\/pt\/wp-json\/wp\/v2\/product\/4303","targetHints":{"allow":["GET"]}}],"collection":[{"href":"https:\/\/www.hg-cooker.com\/pt\/wp-json\/wp\/v2\/product"}],"about":[{"href":"https:\/\/www.hg-cooker.com\/pt\/wp-json\/wp\/v2\/types\/product"}],"replies":[{"embeddable":true,"href":"https:\/\/www.hg-cooker.com\/pt\/wp-json\/wp\/v2\/comments?post=4303"}],"wp:featuredmedia":[{"embeddable":true,"href":"https:\/\/www.hg-cooker.com\/pt\/wp-json\/wp\/v2\/media\/4305"}],"wp:attachment":[{"href":"https:\/\/www.hg-cooker.com\/pt\/wp-json\/wp\/v2\/media?parent=4303"}],"wp:term":[{"taxonomy":"product_brand","embeddable":true,"href":"https:\/\/www.hg-cooker.com\/pt\/wp-json\/wp\/v2\/product_brand?post=4303"},{"taxonomy":"product_cat","embeddable":true,"href":"https:\/\/www.hg-cooker.com\/pt\/wp-json\/wp\/v2\/product_cat?post=4303"},{"taxonomy":"product_tag","embeddable":true,"href":"https:\/\/www.hg-cooker.com\/pt\/wp-json\/wp\/v2\/product_tag?post=4303"}],"curies":[{"name":"wp","href":"https:\/\/api.w.org\/{rel}","templated":true}]}}