{"id":4297,"date":"2024-08-28T02:46:59","date_gmt":"2024-08-28T02:46:59","guid":{"rendered":"https:\/\/www.hg-cooker.com\/?post_type=product&#038;p=4297"},"modified":"2024-11-30T03:46:42","modified_gmt":"2024-11-30T03:46:42","slug":"pote-de-leite-fervente-de-aco-inoxidavel-por-atacado-25","status":"publish","type":"product","link":"https:\/\/www.hg-cooker.com\/pt\/produto\/pote-de-leite-fervente-de-aco-inoxidavel-por-atacado-25\/","title":{"rendered":"Grelhadores por grosso acess\u00edveis e fi\u00e1veis para todas as suas necessidades de churrasco"},"content":{"rendered":"<div class=\"wp-block-columns is-layout-flex wp-container-core-columns-is-layout-9d6595d7 wp-block-columns-is-layout-flex\">\n<div class=\"wp-block-column is-layout-flow wp-block-column-is-layout-flow\">\n<h3 class=\"wp-block-heading\">Par\u00e2metros dos grelhadores por grosso<\/h3>\n\n\n\n<figure class=\"wp-block-table\"><table class=\"has-fixed-layout\"><tbody><tr><td>Local de origem<\/td><td>Nome do produto<\/td><td>Material<\/td><td>Utiliza\u00e7\u00e3o<\/td><td>Cor<\/td><td>Tamanho<\/td><td>Fun\u00e7\u00e3o<\/td><td>Peso<\/td><td>Unidades de venda<\/td><td>Tamanho da embalagem individual:<\/td><td>Peso bruto \u00fanico:<\/td><\/tr><tr><td>Guangdong, China<\/td><td>Grelhador para churrasco<\/td><td>A\u00e7o inoxid\u00e1vel<\/td><td>Restaurante e cozinha caseira<\/td><td>prata<\/td><td>35 cm<\/td><td>Grelhador para churrasco sem fumo no interior e no exterior<\/td><td>2,13 kg<\/td><td>Artigo \u00fanico<\/td><td>76X70X56 cm<\/td><td>2,130 kg<\/td><\/tr><\/tbody><\/table><\/figure>\n<\/div>\n<\/div>\n\n\n\n<div class=\"wp-block-columns is-layout-flex wp-container-core-columns-is-layout-9d6595d7 wp-block-columns-is-layout-flex\">\n<div class=\"wp-block-column is-layout-flow wp-block-column-is-layout-flow\">\n<h3 class=\"wp-block-heading\">Op\u00e7\u00f5es de grelhadores personalizados<\/h3>\n\n\n\n<p><strong>Log\u00f3tipo<\/strong>: Personalize o log\u00f3tipo da sua marca na grelha e na embalagem.<br><br><strong>Tamanho<\/strong>: Podemos personalizar o grelhador em diferentes tamanhos de acordo com as suas necessidades.<br><br><strong>Embalagem<\/strong>: cart\u00e3o\/caixa de cor.<br><br><a href=\"https:\/\/www.hg-cooker.com\/pt\/custom-solution\/\" data-type=\"page\" data-id=\"2793\" target=\"_blank\" rel=\"noreferrer noopener\"><strong>Explorar mais detalhes personalizados OEM&amp;ODM<\/strong><\/a><\/p>\n<\/div>\n<\/div>\n\n\n\n<div class=\"wp-block-columns is-layout-flex wp-container-core-columns-is-layout-9d6595d7 wp-block-columns-is-layout-flex\">\n<div class=\"wp-block-column is-layout-flow wp-block-column-is-layout-flow\">\n<figure class=\"wp-block-image size-full\"><img fetchpriority=\"high\" decoding=\"async\" width=\"790\" height=\"1191\" src=\"https:\/\/www.hg-cooker.com\/wp-content\/uploads\/2024\/08\/BBQ-grill-detail-1.jpg\" alt=\"Detalhe do grelhador para churrasco (1)\" class=\"wp-image-4301\" srcset=\"https:\/\/www.hg-cooker.com\/wp-content\/uploads\/2024\/08\/BBQ-grill-detail-1.jpg 790w, https:\/\/www.hg-cooker.com\/wp-content\/uploads\/2024\/08\/BBQ-grill-detail-1-99x150.jpg 99w, https:\/\/www.hg-cooker.com\/wp-content\/uploads\/2024\/08\/BBQ-grill-detail-1-438x660.jpg 438w, https:\/\/www.hg-cooker.com\/wp-content\/uploads\/2024\/08\/BBQ-grill-detail-1-199x300.jpg 199w, https:\/\/www.hg-cooker.com\/wp-content\/uploads\/2024\/08\/BBQ-grill-detail-1-768x1158.jpg 768w, https:\/\/www.hg-cooker.com\/wp-content\/uploads\/2024\/08\/BBQ-grill-detail-1-8x12.jpg 8w, https:\/\/www.hg-cooker.com\/wp-content\/uploads\/2024\/08\/BBQ-grill-detail-1-285x430.jpg 285w\" sizes=\"(max-width: 790px) 100vw, 790px\" \/><\/figure>\n<\/div>\n\n\n\n<div class=\"wp-block-column is-layout-flow wp-block-column-is-layout-flow\">\n<figure class=\"wp-block-image size-full\"><img decoding=\"async\" width=\"790\" height=\"1191\" src=\"https:\/\/www.hg-cooker.com\/wp-content\/uploads\/2024\/08\/BBQ-grill-detail-2.jpg\" alt=\"Pormenor do grelhador para churrasco (2)\" class=\"wp-image-4302\" srcset=\"https:\/\/www.hg-cooker.com\/wp-content\/uploads\/2024\/08\/BBQ-grill-detail-2.jpg 790w, https:\/\/www.hg-cooker.com\/wp-content\/uploads\/2024\/08\/BBQ-grill-detail-2-99x150.jpg 99w, https:\/\/www.hg-cooker.com\/wp-content\/uploads\/2024\/08\/BBQ-grill-detail-2-438x660.jpg 438w, https:\/\/www.hg-cooker.com\/wp-content\/uploads\/2024\/08\/BBQ-grill-detail-2-199x300.jpg 199w, https:\/\/www.hg-cooker.com\/wp-content\/uploads\/2024\/08\/BBQ-grill-detail-2-768x1158.jpg 768w, https:\/\/www.hg-cooker.com\/wp-content\/uploads\/2024\/08\/BBQ-grill-detail-2-8x12.jpg 8w, https:\/\/www.hg-cooker.com\/wp-content\/uploads\/2024\/08\/BBQ-grill-detail-2-285x430.jpg 285w\" sizes=\"(max-width: 790px) 100vw, 790px\" \/><\/figure>\n<\/div>\n<\/div>","protected":false},"excerpt":{"rendered":"<p>Grelhadores de alta qualidade por atacado. Este grelhador \u00e9 feito de material de a\u00e7o inoxid\u00e1vel resistente a altas temperaturas e robusto para lhe proporcionar a melhor experi\u00eancia de grelhar a carv\u00e3o. O grelhador est\u00e1 equipado com uma base s\u00f3lida para garantir a seguran\u00e7a e a estabilidade. E este grelhador \u00e9 f\u00e1cil de utilizar e transportar, o que o torna perfeito para churrascos no p\u00e1tio, campismo e pequenas reuni\u00f5es.<\/p>\n<h3>Carater\u00edsticas da caixa Bento por atacado<\/h3>\n<p><strong>A\u00e7o inoxid\u00e1vel de alta qualidade<\/strong>: Fabricado em a\u00e7o inoxid\u00e1vel resistente a altas temperaturas e robusto, este grelhador tem uma longa vida \u00fatil.<\/p>\n<p><strong>F\u00e1cil de transportar<\/strong>: O grelhador \u00e9 compacto e f\u00e1cil de transportar e guardar, adequado para colocar no carro e \u00e9 ideal para campismo e actividades ao ar livre.<\/p>\n<p><strong>Estabilidade e seguran\u00e7a<\/strong>: O grelhador est\u00e1 equipado com uma base s\u00f3lida para garantir seguran\u00e7a e estabilidade em v\u00e1rias superf\u00edcies.<\/p>\n<p><strong>Controlo preciso da temperatura<\/strong>: Equipado com aberturas de ventila\u00e7\u00e3o ajust\u00e1veis, pode controlar com precis\u00e3o a temperatura de cozedura para garantir que os alimentos s\u00e3o sempre grelhados com o grau de cozedura ideal.<\/p>\n<p><strong>F\u00e1cil de utilizar<\/strong>: Adequado tanto para principiantes como para mestres de grelha experientes, proporciona um excelente desempenho de cozedura e d\u00e1 aos alimentos um sabor a fumo \u00fanico.<\/p>\n<p><strong>Vers\u00e1til<\/strong>: Este grelhador \u00e9 adequado para uma variedade de necessidades culin\u00e1rias e pode lidar com uma variedade de ingredientes, desde grelhar hamb\u00fargueres a espetadas. N\u00e3o \u00e9 apenas adequado para principiantes em churrasco, mas tamb\u00e9m satisfaz os requisitos dos mestres de grelha experientes para um aquecimento perfeito.<\/p>","protected":false},"featured_media":4298,"comment_status":"closed","ping_status":"closed","template":"","meta":[],"product_brand":[],"product_cat":[61],"product_tag":[],"class_list":{"0":"post-4297","1":"product","2":"type-product","3":"status-publish","4":"has-post-thumbnail","6":"product_cat-wholesale-grills","8":"first","9":"instock","10":"shipping-taxable","11":"product-type-simple"},"_links":{"self":[{"href":"https:\/\/www.hg-cooker.com\/pt\/wp-json\/wp\/v2\/product\/4297","targetHints":{"allow":["GET"]}}],"collection":[{"href":"https:\/\/www.hg-cooker.com\/pt\/wp-json\/wp\/v2\/product"}],"about":[{"href":"https:\/\/www.hg-cooker.com\/pt\/wp-json\/wp\/v2\/types\/product"}],"replies":[{"embeddable":true,"href":"https:\/\/www.hg-cooker.com\/pt\/wp-json\/wp\/v2\/comments?post=4297"}],"wp:featuredmedia":[{"embeddable":true,"href":"https:\/\/www.hg-cooker.com\/pt\/wp-json\/wp\/v2\/media\/4298"}],"wp:attachment":[{"href":"https:\/\/www.hg-cooker.com\/pt\/wp-json\/wp\/v2\/media?parent=4297"}],"wp:term":[{"taxonomy":"product_brand","embeddable":true,"href":"https:\/\/www.hg-cooker.com\/pt\/wp-json\/wp\/v2\/product_brand?post=4297"},{"taxonomy":"product_cat","embeddable":true,"href":"https:\/\/www.hg-cooker.com\/pt\/wp-json\/wp\/v2\/product_cat?post=4297"},{"taxonomy":"product_tag","embeddable":true,"href":"https:\/\/www.hg-cooker.com\/pt\/wp-json\/wp\/v2\/product_tag?post=4297"}],"curies":[{"name":"wp","href":"https:\/\/api.w.org\/{rel}","templated":true}]}}