{"id":4276,"date":"2024-08-19T08:47:28","date_gmt":"2024-08-19T08:47:28","guid":{"rendered":"https:\/\/www.hg-cooker.com\/?post_type=product&#038;p=4276"},"modified":"2024-08-19T09:29:06","modified_gmt":"2024-08-19T09:29:06","slug":"pote-de-leite-fervente-de-aco-inoxidavel-por-atacado-24","status":"publish","type":"product","link":"https:\/\/www.hg-cooker.com\/pt\/produto\/pote-de-leite-fervente-de-aco-inoxidavel-por-atacado-24\/","title":{"rendered":"Caixa de Bento multicamada por atacado, caixas de Bento a granel para venda"},"content":{"rendered":"<div class=\"wp-block-columns is-layout-flex wp-container-core-columns-is-layout-9d6595d7 wp-block-columns-is-layout-flex\">\n<div class=\"wp-block-column is-layout-flow wp-block-column-is-layout-flow\">\n<h3 class=\"wp-block-heading\">Par\u00e2metros da caixa Bento por atacado<\/h3>\n\n\n\n<figure class=\"wp-block-table\"><table class=\"has-fixed-layout\"><tbody><tr><td>Local de origem<\/td><td>Nome da marca<\/td><td>N\u00famero do modelo<\/td><td>Vantagem<\/td><td>Tampa<\/td><td>Capacidade<\/td><td>Tipo<\/td><td>Nome do produto<\/td><td>Cor<\/td><td>Fun\u00e7\u00e3o<\/td><td>Camada<\/td><td>Carater\u00edstica do recipiente para alimentos<\/td><\/tr><tr><td>Guangdong, China<\/td><td>Heng-Guang<\/td><td>HG-RL1\/2\/3<\/td><td>Amigo do ambiente<\/td><td>Tampa de pl\u00e1stico<\/td><td>0.7\/1.4\/2.1\/2.4L<\/td><td>Caixas e caixotes de arruma\u00e7\u00e3o, Caixas e caixotes de arruma\u00e7\u00e3o<\/td><td>caixa bento em a\u00e7o inoxid\u00e1vel de forma redonda com tampa de pl\u00e1stico<\/td><td>Verde, azul claro, laranja<\/td><td>Manter os alimentos quentes<\/td><td>1-3 camadas<\/td><td>Preserva\u00e7\u00e3o da frescura<\/td><\/tr><\/tbody><\/table><\/figure>\n\n\n\n<div class=\"wp-block-group\"><div class=\"wp-block-group__inner-container is-layout-constrained wp-block-group-is-layout-constrained\">\n<div class=\"wp-block-columns is-layout-flex wp-container-core-columns-is-layout-9d6595d7 wp-block-columns-is-layout-flex\">\n<div class=\"wp-block-column is-layout-flow wp-block-column-is-layout-flow\" style=\"flex-basis:100%\">\n<h3 class=\"wp-block-heading\">Embalagem e entrega<\/h3>\n\n\n\n<figure class=\"wp-block-table\"><table class=\"has-fixed-layout\"><tbody><tr><td>Detalhes da embalagem<\/td><td>Porto<\/td><td>Unidades de venda:<\/td><td>Tamanho da embalagem individual:<\/td><td>Peso bruto \u00fanico:<\/td><\/tr><tr><td>Saco de pel\u00edcula pl\u00e1stica por pe\u00e7a, depois embalado numa caixa de cor e mais quantidades para a caixa de exporta\u00e7\u00e3o;<\/td><td>Shantou<\/td><td>Artigo \u00fanico<\/td><td>12X6X5cm<\/td><td>2.000 kg<\/td><\/tr><\/tbody><\/table><\/figure>\n<\/div>\n<\/div>\n<\/div><\/div>\n<\/div>\n<\/div>\n\n\n\n<div class=\"wp-block-columns is-layout-flex wp-container-core-columns-is-layout-9d6595d7 wp-block-columns-is-layout-flex\">\n<div class=\"wp-block-column is-layout-flow wp-block-column-is-layout-flow\">\n<h3 class=\"wp-block-heading\">Op\u00e7\u00f5es de caixas Bento personalizadas OEM&amp;ODM<\/h3>\n\n\n\n<p><strong>Log\u00f3tipo<\/strong>: Personalize o log\u00f3tipo da sua marca na caixa e na embalagem do bento.<br><br><strong>Tamanho<\/strong>: Oferecemos a possibilidade de personalizar as caixas bento em diferentes tamanhos.<br><br><strong>Embalagem<\/strong>: cart\u00e3o\/caixa de cor.<br><br><a href=\"https:\/\/www.hg-cooker.com\/pt\/custom-solution\/\" data-type=\"page\" data-id=\"2793\" target=\"_blank\" rel=\"noreferrer noopener\"><strong>Explorar mais detalhes personalizados OEM&amp;ODM<\/strong><\/a><\/p>\n<\/div>\n<\/div>\n\n\n\n<div class=\"wp-block-columns is-layout-flex wp-container-core-columns-is-layout-9d6595d7 wp-block-columns-is-layout-flex\">\n<div class=\"wp-block-column is-layout-flow wp-block-column-is-layout-flow\">\n<figure class=\"wp-block-image size-full\"><img fetchpriority=\"high\" decoding=\"async\" width=\"800\" height=\"800\" src=\"https:\/\/www.hg-cooker.com\/wp-content\/uploads\/2024\/08\/wholesale-bento-box-blue.webp\" alt=\"caixa bento azul por atacado\" class=\"wp-image-4277\" srcset=\"https:\/\/www.hg-cooker.com\/wp-content\/uploads\/2024\/08\/wholesale-bento-box-blue.webp 800w, https:\/\/www.hg-cooker.com\/wp-content\/uploads\/2024\/08\/wholesale-bento-box-blue-150x150.webp 150w, https:\/\/www.hg-cooker.com\/wp-content\/uploads\/2024\/08\/wholesale-bento-box-blue-660x660.webp 660w, https:\/\/www.hg-cooker.com\/wp-content\/uploads\/2024\/08\/wholesale-bento-box-blue-300x300.webp 300w, https:\/\/www.hg-cooker.com\/wp-content\/uploads\/2024\/08\/wholesale-bento-box-blue-768x768.webp 768w, https:\/\/www.hg-cooker.com\/wp-content\/uploads\/2024\/08\/wholesale-bento-box-blue-12x12.webp 12w, https:\/\/www.hg-cooker.com\/wp-content\/uploads\/2024\/08\/wholesale-bento-box-blue-285x285.webp 285w, https:\/\/www.hg-cooker.com\/wp-content\/uploads\/2024\/08\/wholesale-bento-box-blue-270x270.webp 270w, https:\/\/www.hg-cooker.com\/wp-content\/uploads\/2024\/08\/wholesale-bento-box-blue-540x540.webp 540w\" sizes=\"(max-width: 800px) 100vw, 800px\" \/><\/figure>\n<\/div>\n\n\n\n<div class=\"wp-block-column is-layout-flow wp-block-column-is-layout-flow\">\n<figure class=\"wp-block-image size-full\"><img decoding=\"async\" width=\"800\" height=\"800\" src=\"https:\/\/www.hg-cooker.com\/wp-content\/uploads\/2024\/08\/wholesale-bento-box-pink.webp\" alt=\"caixa bento rosa por atacado\" class=\"wp-image-4278\" srcset=\"https:\/\/www.hg-cooker.com\/wp-content\/uploads\/2024\/08\/wholesale-bento-box-pink.webp 800w, https:\/\/www.hg-cooker.com\/wp-content\/uploads\/2024\/08\/wholesale-bento-box-pink-150x150.webp 150w, https:\/\/www.hg-cooker.com\/wp-content\/uploads\/2024\/08\/wholesale-bento-box-pink-660x660.webp 660w, https:\/\/www.hg-cooker.com\/wp-content\/uploads\/2024\/08\/wholesale-bento-box-pink-300x300.webp 300w, https:\/\/www.hg-cooker.com\/wp-content\/uploads\/2024\/08\/wholesale-bento-box-pink-768x768.webp 768w, https:\/\/www.hg-cooker.com\/wp-content\/uploads\/2024\/08\/wholesale-bento-box-pink-12x12.webp 12w, https:\/\/www.hg-cooker.com\/wp-content\/uploads\/2024\/08\/wholesale-bento-box-pink-285x285.webp 285w, https:\/\/www.hg-cooker.com\/wp-content\/uploads\/2024\/08\/wholesale-bento-box-pink-270x270.webp 270w, https:\/\/www.hg-cooker.com\/wp-content\/uploads\/2024\/08\/wholesale-bento-box-pink-540x540.webp 540w\" sizes=\"(max-width: 800px) 100vw, 800px\" \/><\/figure>\n<\/div>\n<\/div>","protected":false},"excerpt":{"rendered":"<p>Fornecemos solu\u00e7\u00f5es grossistas de caixas bento multicamadas de alta qualidade para empresas, escolas, fornecedores de refei\u00e7\u00f5es e retalhistas. Esta caixa bento em a\u00e7o inoxid\u00e1vel tem um design \u00fanico e \u00e9 adequada para v\u00e1rias ocasi\u00f5es e necessidades gastron\u00f3micas. As caixas bento em a\u00e7o inoxid\u00e1vel t\u00eam uma longa vida \u00fatil e podem ser reutilizadas, ajudando a reduzir a produ\u00e7\u00e3o de produtos de pl\u00e1stico. N\u00f3s fornecemos-lhe caixas bento por atacado a pre\u00e7os de f\u00e1brica, bem-vindo a contactar-nos.<\/p>\n<h3>Carater\u00edsticas da caixa Bento por atacado<\/h3>\n<p>1.<strong>Design multi-camadas<\/strong>: A estrutura de v\u00e1rias camadas pode conter uma variedade de alimentos ao mesmo tempo, ajudando-o a separar eficazmente os pratos principais, os acompanhamentos, os acompanhamentos e os frutos, e a manter os alimentos frescos e saborosos.<\/p>\n<p>2.<strong>Materiais de alta qualidade<\/strong>: As nossas caixas bento por atacado s\u00e3o feitas de pl\u00e1stico de qualidade alimentar ou a\u00e7o inoxid\u00e1vel, sem BPA, e seguras e saud\u00e1veis para armazenar alimentos.<\/p>\n<p><strong>3. escolha amiga do ambiente<\/strong>: As caixas bento em a\u00e7o inoxid\u00e1vel t\u00eam uma longa vida \u00fatil e podem ser reutilizadas, reduzindo a utiliza\u00e7\u00e3o de loi\u00e7a descart\u00e1vel, ajudando a reduzir a polui\u00e7\u00e3o ambiental e o desperd\u00edcio de recursos.<\/p>\n<p>4.<strong>Cores coloridas<\/strong>: Fornecemos 3 cores, verde, azul e rosa, para satisfazer as necessidades de diferentes utilizadores.<\/p>\n<p>5.<strong>F\u00e1cil de limpar<\/strong>: A superf\u00edcie lisa e o design amov\u00edvel tornam a limpeza f\u00e1cil e conveniente e podem ser lavados na m\u00e1quina de lavar lou\u00e7a, poupando tempo e energia.<\/p>\n<p>6.<strong>Servi\u00e7o personalizado<\/strong>: Fornecemos solu\u00e7\u00f5es personalizadas OEM&amp;ODM, incluindo tamanho, cor, design da tampa e log\u00f3tipo da marca para satisfazer as suas necessidades personalizadas. Podemos produzir de acordo com as suas necessidades para o ajudar a destacar-se no mercado.<\/p>","protected":false},"featured_media":4279,"comment_status":"closed","ping_status":"closed","template":"","meta":[],"product_brand":[],"product_cat":[51],"product_tag":[],"class_list":{"0":"post-4276","1":"product","2":"type-product","3":"status-publish","4":"has-post-thumbnail","6":"product_cat-food-storage-container","8":"first","9":"instock","10":"shipping-taxable","11":"product-type-simple"},"_links":{"self":[{"href":"https:\/\/www.hg-cooker.com\/pt\/wp-json\/wp\/v2\/product\/4276","targetHints":{"allow":["GET"]}}],"collection":[{"href":"https:\/\/www.hg-cooker.com\/pt\/wp-json\/wp\/v2\/product"}],"about":[{"href":"https:\/\/www.hg-cooker.com\/pt\/wp-json\/wp\/v2\/types\/product"}],"replies":[{"embeddable":true,"href":"https:\/\/www.hg-cooker.com\/pt\/wp-json\/wp\/v2\/comments?post=4276"}],"wp:featuredmedia":[{"embeddable":true,"href":"https:\/\/www.hg-cooker.com\/pt\/wp-json\/wp\/v2\/media\/4279"}],"wp:attachment":[{"href":"https:\/\/www.hg-cooker.com\/pt\/wp-json\/wp\/v2\/media?parent=4276"}],"wp:term":[{"taxonomy":"product_brand","embeddable":true,"href":"https:\/\/www.hg-cooker.com\/pt\/wp-json\/wp\/v2\/product_brand?post=4276"},{"taxonomy":"product_cat","embeddable":true,"href":"https:\/\/www.hg-cooker.com\/pt\/wp-json\/wp\/v2\/product_cat?post=4276"},{"taxonomy":"product_tag","embeddable":true,"href":"https:\/\/www.hg-cooker.com\/pt\/wp-json\/wp\/v2\/product_tag?post=4276"}],"curies":[{"name":"wp","href":"https:\/\/api.w.org\/{rel}","templated":true}]}}