{"id":4270,"date":"2024-08-30T09:18:36","date_gmt":"2024-08-30T09:18:36","guid":{"rendered":"https:\/\/www.hg-cooker.com\/?post_type=product&#038;p=4270"},"modified":"2025-11-13T02:07:14","modified_gmt":"2025-11-13T02:07:14","slug":"pote-de-leite-fervente-de-aco-inoxidavel-por-atacado-23","status":"publish","type":"product","link":"https:\/\/www.hg-cooker.com\/pt\/produto\/pote-de-leite-fervente-de-aco-inoxidavel-por-atacado-23\/","title":{"rendered":"Lancheira de a\u00e7o inoxid\u00e1vel por atacado Lancheira a granel para venda"},"content":{"rendered":"<div class=\"wp-block-columns is-layout-flex wp-container-core-columns-is-layout-9d6595d7 wp-block-columns-is-layout-flex\">\n<div class=\"wp-block-column is-layout-flow wp-block-column-is-layout-flow\">\n<h3 class=\"wp-block-heading\">Par\u00e2metros das lancheiras por grosso<\/h3>\n\n\n\n<div class=\"wp-block-group\"><div class=\"wp-block-group__inner-container is-layout-constrained wp-block-group-is-layout-constrained\">\n<div class=\"wp-block-columns is-layout-flex wp-container-core-columns-is-layout-9d6595d7 wp-block-columns-is-layout-flex\">\n<div class=\"wp-block-column is-layout-flow wp-block-column-is-layout-flow\" style=\"flex-basis:100%\">\n<figure class=\"wp-block-table\"><table class=\"has-fixed-layout\"><tbody><tr><td>Local de origem<\/td><td>Nome da marca<\/td><td>N\u00famero do modelo<\/td><td>Nome do produto<\/td><td>Tipo de material<\/td><td>camada<\/td><td>Embalagem<\/td><td>Utiliza\u00e7\u00e3o<\/td><td>MOQ<\/td><td>Material<\/td><td>Log\u00f3tipo<\/td><\/tr><tr><td>Guangdong, China<\/td><td>HENG-GUANG<\/td><td>HG-BDH<\/td><td>Lancheira de a\u00e7o inoxid\u00e1vel HG ecol\u00f3gica de estilo novo<\/td><td>a\u00e7o inoxid\u00e1vel 201<\/td><td>1 camada<\/td><td>caixa de cor<\/td><td>Alimentos quentes<\/td><td>3000 unidades<\/td><td>Metal<\/td><td>Log\u00f3tipo personalizado<\/td><\/tr><\/tbody><\/table><\/figure>\n\n\n\n<h3 class=\"wp-block-heading\">Embalagem e entrega<\/h3>\n\n\n\n<figure class=\"wp-block-table\"><table class=\"has-fixed-layout\"><tbody><tr><td>Detalhes da embalagem<\/td><td>Porto<\/td><td>Unidades de venda:<\/td><td>Tamanho da embalagem individual:<\/td><td>Peso bruto \u00fanico:<\/td><\/tr><tr><td>Saco de pel\u00edcula pl\u00e1stica por pe\u00e7a, depois embalado numa caixa de cor e mais quantidades para a caixa de exporta\u00e7\u00e3o;<\/td><td>Shantou<\/td><td>Artigo \u00fanico<\/td><td>25X25X25 cm<\/td><td>2.000 kg<\/td><\/tr><\/tbody><\/table><\/figure>\n<\/div>\n<\/div>\n<\/div><\/div>\n<\/div>\n<\/div>\n\n\n\n<div class=\"wp-block-columns is-layout-flex wp-container-core-columns-is-layout-9d6595d7 wp-block-columns-is-layout-flex\">\n<div class=\"wp-block-column is-layout-flow wp-block-column-is-layout-flow\">\n<h3 class=\"wp-block-heading\">Op\u00e7\u00f5es de recipientes para alimentos personalizados OEM&amp;ODM<\/h3>\n\n\n\n<p><strong>Log\u00f3tipo<\/strong>: Personalize o log\u00f3tipo da sua marca na lancheira e na embalagem.<br><br><strong>Tamanho<\/strong>: Oferecemos a possibilidade de personalizar as lancheiras em diferentes tamanhos.<br><br><strong>Embalagem<\/strong>: cart\u00e3o\/caixa de cor.<br><br><a href=\"https:\/\/www.hg-cooker.com\/pt\/custom-solution\/\" data-type=\"page\" data-id=\"2793\" target=\"_blank\" rel=\"noreferrer noopener\"><strong>Explorar mais detalhes personalizados OEM&amp;ODM<\/strong><\/a><\/p>\n<\/div>\n<\/div>\n\n\n\n<div class=\"wp-block-columns is-layout-flex wp-container-core-columns-is-layout-9d6595d7 wp-block-columns-is-layout-flex\">\n<div class=\"wp-block-column is-layout-flow wp-block-column-is-layout-flow\">\n<figure class=\"wp-block-image size-full\"><img fetchpriority=\"high\" decoding=\"async\" width=\"750\" height=\"750\" src=\"https:\/\/www.hg-cooker.com\/wp-content\/uploads\/2024\/08\/wholesale-pink-stainless-steel-lunch-boxes.webp\" alt=\"lancheiras de a\u00e7o inoxid\u00e1vel cor-de-rosa por atacado\" class=\"wp-image-4273\" srcset=\"https:\/\/www.hg-cooker.com\/wp-content\/uploads\/2024\/08\/wholesale-pink-stainless-steel-lunch-boxes.webp 750w, https:\/\/www.hg-cooker.com\/wp-content\/uploads\/2024\/08\/wholesale-pink-stainless-steel-lunch-boxes-150x150.webp 150w, https:\/\/www.hg-cooker.com\/wp-content\/uploads\/2024\/08\/wholesale-pink-stainless-steel-lunch-boxes-660x660.webp 660w, https:\/\/www.hg-cooker.com\/wp-content\/uploads\/2024\/08\/wholesale-pink-stainless-steel-lunch-boxes-300x300.webp 300w, https:\/\/www.hg-cooker.com\/wp-content\/uploads\/2024\/08\/wholesale-pink-stainless-steel-lunch-boxes-12x12.webp 12w, https:\/\/www.hg-cooker.com\/wp-content\/uploads\/2024\/08\/wholesale-pink-stainless-steel-lunch-boxes-285x285.webp 285w, https:\/\/www.hg-cooker.com\/wp-content\/uploads\/2024\/08\/wholesale-pink-stainless-steel-lunch-boxes-270x270.webp 270w, https:\/\/www.hg-cooker.com\/wp-content\/uploads\/2024\/08\/wholesale-pink-stainless-steel-lunch-boxes-540x540.webp 540w\" sizes=\"(max-width: 750px) 100vw, 750px\" \/><\/figure>\n<\/div>\n\n\n\n<div class=\"wp-block-column is-layout-flow wp-block-column-is-layout-flow\">\n<figure class=\"wp-block-image size-full\"><img decoding=\"async\" width=\"750\" height=\"750\" src=\"https:\/\/www.hg-cooker.com\/wp-content\/uploads\/2024\/08\/wholesale-green-stainless-steel-lunch-boxes.webp\" alt=\"lancheiras de a\u00e7o inoxid\u00e1vel verdes por atacado\" class=\"wp-image-4272\" srcset=\"https:\/\/www.hg-cooker.com\/wp-content\/uploads\/2024\/08\/wholesale-green-stainless-steel-lunch-boxes.webp 750w, https:\/\/www.hg-cooker.com\/wp-content\/uploads\/2024\/08\/wholesale-green-stainless-steel-lunch-boxes-150x150.webp 150w, https:\/\/www.hg-cooker.com\/wp-content\/uploads\/2024\/08\/wholesale-green-stainless-steel-lunch-boxes-660x660.webp 660w, https:\/\/www.hg-cooker.com\/wp-content\/uploads\/2024\/08\/wholesale-green-stainless-steel-lunch-boxes-300x300.webp 300w, https:\/\/www.hg-cooker.com\/wp-content\/uploads\/2024\/08\/wholesale-green-stainless-steel-lunch-boxes-12x12.webp 12w, https:\/\/www.hg-cooker.com\/wp-content\/uploads\/2024\/08\/wholesale-green-stainless-steel-lunch-boxes-285x285.webp 285w, https:\/\/www.hg-cooker.com\/wp-content\/uploads\/2024\/08\/wholesale-green-stainless-steel-lunch-boxes-270x270.webp 270w, https:\/\/www.hg-cooker.com\/wp-content\/uploads\/2024\/08\/wholesale-green-stainless-steel-lunch-boxes-540x540.webp 540w\" sizes=\"(max-width: 750px) 100vw, 750px\" \/><\/figure>\n<\/div>\n<\/div>","protected":false},"excerpt":{"rendered":"<p>Oferecemos lancheiras de a\u00e7o inoxid\u00e1vel por atacado de alta qualidade, concebidas para empresas, escolas, fornecedores de refei\u00e7\u00f5es e retalhistas. Estas lancheiras s\u00e3o fortes e dur\u00e1veis, feitas de material de a\u00e7o inoxid\u00e1vel de alta qualidade, s\u00e3o constru\u00eddas para durar e s\u00e3o perfeitas para uso di\u00e1rio e lavagem frequente. Contacte-nos para obter lancheiras por atacado a pre\u00e7os de f\u00e1brica.<\/p>\n<h3>Carater\u00edsticas das lancheiras por atacado<\/h3>\n<p><strong>1. materiais de alta qualidade<\/strong>: Fabricado em a\u00e7o inoxid\u00e1vel de qualidade alimentar, sem BPA para garantir a seguran\u00e7a alimentar.<\/p>\n<p><strong>2. desempenho de isolamento superior<\/strong>: Esta lancheira por atacado tem um excelente efeito de isolamento, pelo que pode desfrutar de refei\u00e7\u00f5es deliciosas em qualquer altura.<\/p>\n<p><strong>3. conce\u00e7\u00e3o \u00e0 prova de fugas<\/strong>: Equipado com uma tampa selada para evitar derrames de l\u00edquidos, \u00e9 adequado para transportar sopas e pratos ricos em molhos, facilitando o seu transporte.<\/p>\n<p><strong>4. leve e port\u00e1til<\/strong>: Estas lancheiras s\u00e3o leves e port\u00e1teis, podendo ser facilmente transportadas para o trabalho, para a escola ou para actividades ao ar livre.<\/p>\n<p><strong>5. apar\u00eancia elegante<\/strong>: Esta lancheira de a\u00e7o inoxid\u00e1vel tem um design simples e moderno, adequado para v\u00e1rias ocasi\u00f5es, e tem uma variedade de op\u00e7\u00f5es de cores para satisfazer as necessidades de diferentes utilizadores.<\/p>\n<p><strong>6. solu\u00e7\u00e3o personalizada<\/strong>Podemos personalizar a lancheira de a\u00e7o inoxid\u00e1vel de acordo com as suas necessidades, quer seja o tamanho, a forma, a cor ou o design da tampa, podemos ajust\u00e1-la de acordo com as suas necessidades.<\/p>","protected":false},"featured_media":4274,"comment_status":"closed","ping_status":"closed","template":"","meta":[],"product_brand":[],"product_cat":[51],"product_tag":[],"class_list":{"0":"post-4270","1":"product","2":"type-product","3":"status-publish","4":"has-post-thumbnail","6":"product_cat-food-storage-container","8":"first","9":"instock","10":"shipping-taxable","11":"product-type-simple"},"_links":{"self":[{"href":"https:\/\/www.hg-cooker.com\/pt\/wp-json\/wp\/v2\/product\/4270","targetHints":{"allow":["GET"]}}],"collection":[{"href":"https:\/\/www.hg-cooker.com\/pt\/wp-json\/wp\/v2\/product"}],"about":[{"href":"https:\/\/www.hg-cooker.com\/pt\/wp-json\/wp\/v2\/types\/product"}],"replies":[{"embeddable":true,"href":"https:\/\/www.hg-cooker.com\/pt\/wp-json\/wp\/v2\/comments?post=4270"}],"wp:featuredmedia":[{"embeddable":true,"href":"https:\/\/www.hg-cooker.com\/pt\/wp-json\/wp\/v2\/media\/4274"}],"wp:attachment":[{"href":"https:\/\/www.hg-cooker.com\/pt\/wp-json\/wp\/v2\/media?parent=4270"}],"wp:term":[{"taxonomy":"product_brand","embeddable":true,"href":"https:\/\/www.hg-cooker.com\/pt\/wp-json\/wp\/v2\/product_brand?post=4270"},{"taxonomy":"product_cat","embeddable":true,"href":"https:\/\/www.hg-cooker.com\/pt\/wp-json\/wp\/v2\/product_cat?post=4270"},{"taxonomy":"product_tag","embeddable":true,"href":"https:\/\/www.hg-cooker.com\/pt\/wp-json\/wp\/v2\/product_tag?post=4270"}],"curies":[{"name":"wp","href":"https:\/\/api.w.org\/{rel}","templated":true}]}}