{"id":4264,"date":"2024-11-05T07:29:30","date_gmt":"2024-11-05T07:29:30","guid":{"rendered":"https:\/\/www.hg-cooker.com\/?post_type=product&#038;p=4264"},"modified":"2025-11-13T01:58:26","modified_gmt":"2025-11-13T01:58:26","slug":"pote-de-leite-fervente-de-aco-inoxidavel-por-atacado-22","status":"publish","type":"product","link":"https:\/\/www.hg-cooker.com\/pt\/produto\/pote-de-leite-fervente-de-aco-inoxidavel-por-atacado-22\/","title":{"rendered":"Recipientes para alimentos de a\u00e7o inoxid\u00e1vel por atacado Recipientes para alimentos a granel para venda"},"content":{"rendered":"<div class=\"wp-block-columns is-layout-flex wp-container-core-columns-is-layout-9d6595d7 wp-block-columns-is-layout-flex\">\n<div class=\"wp-block-column is-layout-flow wp-block-column-is-layout-flow\">\n<h3 class=\"wp-block-heading\">Par\u00e2metros dos recipientes para alimentos em a\u00e7o inoxid\u00e1vel<\/h3>\n\n\n\n<div class=\"wp-block-group\"><div class=\"wp-block-group__inner-container is-layout-constrained wp-block-group-is-layout-constrained\">\n<div class=\"wp-block-columns is-layout-flex wp-container-core-columns-is-layout-9d6595d7 wp-block-columns-is-layout-flex\">\n<div class=\"wp-block-column is-layout-flow wp-block-column-is-layout-flow\" style=\"flex-basis:100%\">\n<figure class=\"wp-block-table\"><table class=\"has-fixed-layout\"><tbody><tr><td>Local de origem<\/td><td>Ocasi\u00e3o<\/td><td>N\u00famero do modelo<\/td><td>Material<\/td><td>Espa\u00e7o aplic\u00e1vel<\/td><td>Embalagem<\/td><td>T\u00e9cnica<\/td><td>Forma<\/td><td>Especifica\u00e7\u00e3o<\/td><td>Carater\u00edstica do recipiente para alimentos<\/td><td>Nome do item<\/td><td>Material<\/td><td>Cor<\/td><\/tr><tr><td>Guangdong, China<\/td><td>Viagens<\/td><td>HG-BXH<\/td><td>Metal<\/td><td>Cozinha<\/td><td>&gt;10<\/td><td>polimento<\/td><td>quadrado, ret\u00e2ngulo<\/td><td>500ml,1150ml,600ml,1200ml<\/td><td>seguro,sa\u00fade<\/td><td>recipiente para alimentos em a\u00e7o inoxid\u00e1vel<\/td><td>A\u00e7o inoxid\u00e1vel 304<\/td><td>Prata<\/td><\/tr><\/tbody><\/table><\/figure>\n<\/div>\n<\/div>\n<\/div><\/div>\n<\/div>\n<\/div>\n\n\n\n<div class=\"wp-block-columns is-layout-flex wp-container-core-columns-is-layout-9d6595d7 wp-block-columns-is-layout-flex\">\n<div class=\"wp-block-column is-layout-flow wp-block-column-is-layout-flow\">\n<h3 class=\"wp-block-heading\">Op\u00e7\u00f5es de recipientes para alimentos personalizados OEM&amp;ODM<\/h3>\n\n\n\n<p><strong>Log\u00f3tipo<\/strong>: Personalize o log\u00f3tipo da sua marca nos recipientes e embalagens de alimentos.<br><br><strong>Tamanho<\/strong>: Oferecemos a possibilidade de personalizar os recipientes para alimentos em diferentes tamanhos.<br><br><strong>Embalagem<\/strong>: cart\u00e3o\/caixa de cor.<br><br><a href=\"https:\/\/www.hg-cooker.com\/pt\/custom-solution\/\" data-type=\"page\" data-id=\"2793\" target=\"_blank\" rel=\"noreferrer noopener\"><strong>Explorar mais detalhes personalizados OEM&amp;ODM<\/strong><\/a><\/p>\n<\/div>\n<\/div>\n\n\n\n<div class=\"wp-block-columns is-layout-flex wp-container-core-columns-is-layout-9d6595d7 wp-block-columns-is-layout-flex\">\n<div class=\"wp-block-column is-layout-flow wp-block-column-is-layout-flow\">\n<figure class=\"wp-block-image size-full\"><img fetchpriority=\"high\" decoding=\"async\" width=\"790\" height=\"990\" src=\"https:\/\/www.hg-cooker.com\/wp-content\/uploads\/2024\/08\/wholesale-food-container-detail-2.webp\" alt=\"pormenor do recipiente para alimentos por atacado (2)\" class=\"wp-image-4265\" srcset=\"https:\/\/www.hg-cooker.com\/wp-content\/uploads\/2024\/08\/wholesale-food-container-detail-2.webp 790w, https:\/\/www.hg-cooker.com\/wp-content\/uploads\/2024\/08\/wholesale-food-container-detail-2-120x150.webp 120w, https:\/\/www.hg-cooker.com\/wp-content\/uploads\/2024\/08\/wholesale-food-container-detail-2-527x660.webp 527w, https:\/\/www.hg-cooker.com\/wp-content\/uploads\/2024\/08\/wholesale-food-container-detail-2-239x300.webp 239w, https:\/\/www.hg-cooker.com\/wp-content\/uploads\/2024\/08\/wholesale-food-container-detail-2-768x962.webp 768w, https:\/\/www.hg-cooker.com\/wp-content\/uploads\/2024\/08\/wholesale-food-container-detail-2-10x12.webp 10w, https:\/\/www.hg-cooker.com\/wp-content\/uploads\/2024\/08\/wholesale-food-container-detail-2-285x357.webp 285w\" sizes=\"(max-width: 790px) 100vw, 790px\" \/><\/figure>\n<\/div>\n\n\n\n<div class=\"wp-block-column is-layout-flow wp-block-column-is-layout-flow\">\n<figure class=\"wp-block-image size-full\"><img decoding=\"async\" width=\"790\" height=\"1038\" src=\"https:\/\/www.hg-cooker.com\/wp-content\/uploads\/2024\/08\/wholesale-food-container-detail-3.webp\" alt=\"pormenor do recipiente para alimentos por atacado (3)\" class=\"wp-image-4266\" srcset=\"https:\/\/www.hg-cooker.com\/wp-content\/uploads\/2024\/08\/wholesale-food-container-detail-3.webp 790w, https:\/\/www.hg-cooker.com\/wp-content\/uploads\/2024\/08\/wholesale-food-container-detail-3-114x150.webp 114w, https:\/\/www.hg-cooker.com\/wp-content\/uploads\/2024\/08\/wholesale-food-container-detail-3-502x660.webp 502w, https:\/\/www.hg-cooker.com\/wp-content\/uploads\/2024\/08\/wholesale-food-container-detail-3-228x300.webp 228w, https:\/\/www.hg-cooker.com\/wp-content\/uploads\/2024\/08\/wholesale-food-container-detail-3-768x1009.webp 768w, https:\/\/www.hg-cooker.com\/wp-content\/uploads\/2024\/08\/wholesale-food-container-detail-3-9x12.webp 9w, https:\/\/www.hg-cooker.com\/wp-content\/uploads\/2024\/08\/wholesale-food-container-detail-3-285x374.webp 285w\" sizes=\"(max-width: 790px) 100vw, 790px\" \/><\/figure>\n<\/div>\n<\/div>","protected":false},"excerpt":{"rendered":"<p>Os materiais que utilizamos para fabricar os nossos recipientes para alimentos em a\u00e7o inoxid\u00e1vel de alta qualidade s\u00e3o resistentes \u00e0 ferrugem, manchas e odores, tornando-os ideais para conservar diferentes alimentos. Eleve as suas solu\u00e7\u00f5es de armazenamento de alimentos e escolha entre os nossos recipientes para alimentos em a\u00e7o inoxid\u00e1vel de alta qualidade, concebidos para durabilidade e versatilidade. Dispon\u00edveis a granel, seja para empresas, escolas, restaurantes ou servi\u00e7os de catering, os nossos produtos oferecem uma alternativa ecol\u00f3gica e duradoura ao armazenamento de pl\u00e1stico.<\/p>\n<h3>Carater\u00edsticas dos recipientes para alimentos por atacado<\/p>\n<\/h3>\n<p>1.<strong>Muito dur\u00e1vel<\/strong>: Estes recipientes para alimentos s\u00e3o cuidadosamente fabricados em a\u00e7o inoxid\u00e1vel de alta qualidade. N\u00e3o se deformam nem se danificam facilmente, mesmo em caso de utiliza\u00e7\u00e3o e lavagem frequentes. A sua boa durabilidade torna-os uma escolha ideal para locais comerciais e resid\u00eancias.<\/p>\n<p>2.<strong>F\u00e1cil de limpar<\/strong>: Estes recipientes para alimentos em a\u00e7o inoxid\u00e1vel t\u00eam uma superf\u00edcie lisa que pode prevenir eficazmente a reten\u00e7\u00e3o de res\u00edduos alimentares, bact\u00e9rias e odores, simplificando muito a limpeza.<br \/>M\u00faltiplas op\u00e7\u00f5es de capacidade: Fornecemos quatro especifica\u00e7\u00f5es de recipientes para alimentos: 500 ml, 1150 ml, 600 ml e 1200 ml para satisfazer as suas necessidades de armazenamento de diferentes alimentos.<\/p>\n<p>3.<strong>Op\u00e7\u00f5es amigas do ambiente<\/strong>: Os recipientes para alimentos em a\u00e7o inoxid\u00e1vel t\u00eam uma longa vida \u00fatil e s\u00e3o reutiliz\u00e1veis. Estes recipientes de a\u00e7o inoxid\u00e1vel constituem uma solu\u00e7\u00e3o sustent\u00e1vel para reduzir os res\u00edduos de pl\u00e1stico.<\/p>\n<p>4.<strong>Solu\u00e7\u00e3o personalizada de contentores para alimentos<\/strong>: Somos capazes de conceber e produzir recipientes para alimentos em a\u00e7o inoxid\u00e1vel que satisfazem o posicionamento da marca e os requisitos de utiliza\u00e7\u00e3o dos nossos clientes, de acordo com as suas necessidades espec\u00edficas.<\/p>","protected":false},"featured_media":4269,"comment_status":"closed","ping_status":"closed","template":"","meta":[],"product_brand":[],"product_cat":[51],"product_tag":[],"class_list":{"0":"post-4264","1":"product","2":"type-product","3":"status-publish","4":"has-post-thumbnail","6":"product_cat-food-storage-container","8":"first","9":"instock","10":"shipping-taxable","11":"product-type-simple"},"_links":{"self":[{"href":"https:\/\/www.hg-cooker.com\/pt\/wp-json\/wp\/v2\/product\/4264","targetHints":{"allow":["GET"]}}],"collection":[{"href":"https:\/\/www.hg-cooker.com\/pt\/wp-json\/wp\/v2\/product"}],"about":[{"href":"https:\/\/www.hg-cooker.com\/pt\/wp-json\/wp\/v2\/types\/product"}],"replies":[{"embeddable":true,"href":"https:\/\/www.hg-cooker.com\/pt\/wp-json\/wp\/v2\/comments?post=4264"}],"wp:featuredmedia":[{"embeddable":true,"href":"https:\/\/www.hg-cooker.com\/pt\/wp-json\/wp\/v2\/media\/4269"}],"wp:attachment":[{"href":"https:\/\/www.hg-cooker.com\/pt\/wp-json\/wp\/v2\/media?parent=4264"}],"wp:term":[{"taxonomy":"product_brand","embeddable":true,"href":"https:\/\/www.hg-cooker.com\/pt\/wp-json\/wp\/v2\/product_brand?post=4264"},{"taxonomy":"product_cat","embeddable":true,"href":"https:\/\/www.hg-cooker.com\/pt\/wp-json\/wp\/v2\/product_cat?post=4264"},{"taxonomy":"product_tag","embeddable":true,"href":"https:\/\/www.hg-cooker.com\/pt\/wp-json\/wp\/v2\/product_tag?post=4264"}],"curies":[{"name":"wp","href":"https:\/\/api.w.org\/{rel}","templated":true}]}}