{"id":4258,"date":"2024-08-19T04:46:07","date_gmt":"2024-08-19T04:46:07","guid":{"rendered":"https:\/\/www.hg-cooker.com\/?post_type=product&#038;p=4258"},"modified":"2024-08-19T07:20:37","modified_gmt":"2024-08-19T07:20:37","slug":"pote-de-leite-fervente-de-aco-inoxidavel-por-atacado-21","status":"publish","type":"product","link":"https:\/\/www.hg-cooker.com\/pt\/produto\/pote-de-leite-fervente-de-aco-inoxidavel-por-atacado-21\/","title":{"rendered":"Panela t\u00e9rmica com garrafa t\u00e9rmica de grande capacidade de 8L para uma prepara\u00e7\u00e3o de refei\u00e7\u00f5es eficiente em termos energ\u00e9ticos"},"content":{"rendered":"<div class=\"wp-block-columns is-layout-flex wp-container-core-columns-is-layout-9d6595d7 wp-block-columns-is-layout-flex\">\n<div class=\"wp-block-column is-layout-flow wp-block-column-is-layout-flow\">\n<h3 class=\"wp-block-heading\">Par\u00e2metros da Panela T\u00e9rmica Thermos<\/h3>\n\n\n\n<div class=\"wp-block-group\"><div class=\"wp-block-group__inner-container is-layout-constrained wp-block-group-is-layout-constrained\">\n<div class=\"wp-block-columns is-layout-flex wp-container-core-columns-is-layout-9d6595d7 wp-block-columns-is-layout-flex\">\n<div class=\"wp-block-column is-layout-flow wp-block-column-is-layout-flow\" style=\"flex-basis:100%\">\n<figure class=\"wp-block-table\"><table class=\"has-fixed-layout\"><tbody><tr><td>Local de origem<\/td><td>Tipo<\/td><td>Nome da marca<\/td><td>N\u00famero do modelo<\/td><td>Capacidade<\/td><td>Grau de material<\/td><td>Pote interior<\/td><td>Efeito<\/td><td>Cor<\/td><td>polimento<\/td><\/tr><tr><td>Guangdong, China<\/td><td>Panela de sopa<\/td><td>HENG-GUANG<\/td><td>YY-6B8<\/td><td>8L<\/td><td>ss201, PP de qualidade alimentar<\/td><td>ss304 , fundo com 1cm de fundo em sandu\u00edche de alum\u00ednio<\/td><td>manter-se quente durante muito tempo<\/td><td>a\u00e7o inoxid\u00e1vel, castanho ou conforme solicitado<\/td><td>polimento de espelhos<\/td><\/tr><\/tbody><\/table><\/figure>\n<\/div>\n<\/div>\n<\/div><\/div>\n<\/div>\n<\/div>\n\n\n\n<div class=\"wp-block-columns is-layout-flex wp-container-core-columns-is-layout-9d6595d7 wp-block-columns-is-layout-flex\">\n<div class=\"wp-block-column is-layout-flow wp-block-column-is-layout-flow\">\n<h3 class=\"wp-block-heading\">Op\u00e7\u00f5es de garrafa t\u00e9rmica personalizada OEM&amp;ODM<\/h3>\n\n\n\n<p><strong>Log\u00f3tipo<\/strong>: Personalize o log\u00f3tipo da sua marca na panela t\u00e9rmica e na embalagem.<br><br><strong>Tamanho<\/strong>: Personalize os diferentes tamanhos da panela t\u00e9rmica de acordo com as suas necessidades.<br><br><strong>Embalagem<\/strong>: cart\u00e3o\/caixa de cor.<br><br><a href=\"https:\/\/www.hg-cooker.com\/pt\/custom-solution\/\" data-type=\"page\" data-id=\"2793\" target=\"_blank\" rel=\"noreferrer noopener\"><strong>Explorar mais detalhes personalizados OEM&amp;ODM<\/strong><\/a><\/p>\n<\/div>\n<\/div>\n\n\n\n<div class=\"wp-block-columns is-layout-flex wp-container-core-columns-is-layout-9d6595d7 wp-block-columns-is-layout-flex\">\n<div class=\"wp-block-column is-layout-flow wp-block-column-is-layout-flow\">\n<figure class=\"wp-block-image size-full\"><img fetchpriority=\"high\" decoding=\"async\" width=\"800\" height=\"800\" src=\"https:\/\/www.hg-cooker.com\/wp-content\/uploads\/2024\/08\/wholesale-8L-thermos-thermal-cooker-1.webp\" alt=\"panela t\u00e9rmica de 8L por atacado (1)\" class=\"wp-image-4259\" srcset=\"https:\/\/www.hg-cooker.com\/wp-content\/uploads\/2024\/08\/wholesale-8L-thermos-thermal-cooker-1.webp 800w, https:\/\/www.hg-cooker.com\/wp-content\/uploads\/2024\/08\/wholesale-8L-thermos-thermal-cooker-1-150x150.webp 150w, https:\/\/www.hg-cooker.com\/wp-content\/uploads\/2024\/08\/wholesale-8L-thermos-thermal-cooker-1-660x660.webp 660w, https:\/\/www.hg-cooker.com\/wp-content\/uploads\/2024\/08\/wholesale-8L-thermos-thermal-cooker-1-300x300.webp 300w, https:\/\/www.hg-cooker.com\/wp-content\/uploads\/2024\/08\/wholesale-8L-thermos-thermal-cooker-1-768x768.webp 768w, https:\/\/www.hg-cooker.com\/wp-content\/uploads\/2024\/08\/wholesale-8L-thermos-thermal-cooker-1-12x12.webp 12w, https:\/\/www.hg-cooker.com\/wp-content\/uploads\/2024\/08\/wholesale-8L-thermos-thermal-cooker-1-285x285.webp 285w, https:\/\/www.hg-cooker.com\/wp-content\/uploads\/2024\/08\/wholesale-8L-thermos-thermal-cooker-1-270x270.webp 270w, https:\/\/www.hg-cooker.com\/wp-content\/uploads\/2024\/08\/wholesale-8L-thermos-thermal-cooker-1-540x540.webp 540w\" sizes=\"(max-width: 800px) 100vw, 800px\" \/><\/figure>\n<\/div>\n\n\n\n<div class=\"wp-block-column is-layout-flow wp-block-column-is-layout-flow\">\n<figure class=\"wp-block-image size-full\"><img decoding=\"async\" width=\"800\" height=\"800\" src=\"https:\/\/www.hg-cooker.com\/wp-content\/uploads\/2024\/08\/wholesale-8L-thermos-thermal-cooker-5.webp\" alt=\"panela t\u00e9rmica de 8L por atacado (5)\" class=\"wp-image-4263\" srcset=\"https:\/\/www.hg-cooker.com\/wp-content\/uploads\/2024\/08\/wholesale-8L-thermos-thermal-cooker-5.webp 800w, https:\/\/www.hg-cooker.com\/wp-content\/uploads\/2024\/08\/wholesale-8L-thermos-thermal-cooker-5-150x150.webp 150w, https:\/\/www.hg-cooker.com\/wp-content\/uploads\/2024\/08\/wholesale-8L-thermos-thermal-cooker-5-660x660.webp 660w, https:\/\/www.hg-cooker.com\/wp-content\/uploads\/2024\/08\/wholesale-8L-thermos-thermal-cooker-5-300x300.webp 300w, https:\/\/www.hg-cooker.com\/wp-content\/uploads\/2024\/08\/wholesale-8L-thermos-thermal-cooker-5-768x768.webp 768w, https:\/\/www.hg-cooker.com\/wp-content\/uploads\/2024\/08\/wholesale-8L-thermos-thermal-cooker-5-12x12.webp 12w, https:\/\/www.hg-cooker.com\/wp-content\/uploads\/2024\/08\/wholesale-8L-thermos-thermal-cooker-5-285x285.webp 285w, https:\/\/www.hg-cooker.com\/wp-content\/uploads\/2024\/08\/wholesale-8L-thermos-thermal-cooker-5-270x270.webp 270w, https:\/\/www.hg-cooker.com\/wp-content\/uploads\/2024\/08\/wholesale-8L-thermos-thermal-cooker-5-540x540.webp 540w\" sizes=\"(max-width: 800px) 100vw, 800px\" \/><\/figure>\n<\/div>\n<\/div>","protected":false},"excerpt":{"rendered":"<p>A nossa vasta panela t\u00e9rmica de 8L permite preparar refei\u00e7\u00f5es com facilidade. O espa\u00e7o de armazenamento de 8L dentro desta panela \u00e9 muito bom quando se cozinham grandes sopas, guisados ou qualquer outra refei\u00e7\u00e3o em que possa pensar para reuni\u00f5es. Al\u00e9m disso, a tecnologia avan\u00e7ada de isolamento garante que os alimentos sejam cozinhados lentamente \u00e0 melhor temperatura, sem necessidade de aquecimento cont\u00ednuo, poupando assim energia.<\/p>\n<h3>Carater\u00edsticas da Panela T\u00e9rmica Thermos<\/p>\n<\/h3>\n<p>1.<strong>Design de grande capacidade<\/strong>Com uma capacidade colossal de oito litros, este modelo \u00e9 verdadeiramente impressionante. Pode acomodar facilmente a gama diversificada de pratos e ingredientes necess\u00e1rios para reuni\u00f5es familiares ou grandes jantares. Assim, esta panela t\u00e9rmica ir\u00e1 satisfazer as suas necessidades e n\u00e3o ter\u00e1 de pensar em por\u00e7\u00f5es que mal chegam para alimentar algu\u00e9m.<\/p>\n<p><strong>2. conce\u00e7\u00e3o economizadora de energia<\/strong>: A utiliza\u00e7\u00e3o de uma panela t\u00e9rmica energeticamente eficiente como esta significa que a sua reten\u00e7\u00e3o de calor muito eficaz pode limitar drasticamente os processos de aquecimento cont\u00ednuo, reduzindo assim o consumo de energia de uma forma not\u00e1vel.<\/p>\n<p>3.<strong>Utiliza\u00e7\u00e3o multifuncional<\/strong>: Esta panela t\u00e9rmica \u00e9 adequada para v\u00e1rios tipos de pratos, e o seu design multifuncional torna-a n\u00e3o s\u00f3 adequada para as refei\u00e7\u00f5es di\u00e1rias da fam\u00edlia, mas tamb\u00e9m satisfaz diferentes necessidades culin\u00e1rias.<\/p>\n<p>4.<strong>Constru\u00eddo para durar<\/strong>: Fabricados com os melhores materiais para durarem muito tempo sem se estragarem facilmente. Al\u00e9m disso, como s\u00e3o fabricados com componentes de alta qualidade, n\u00e3o se partem facilmente mesmo ap\u00f3s anos de utiliza\u00e7\u00e3o...<\/p>\n<p>5.<strong>Pr\u00e1tico e f\u00e1cil de utilizar<\/strong>: O funcionamento \u00e9 simples e c\u00f3modo. Basta colocar os ingredientes preparados na panela interior da panela t\u00e9rmica para os aquecer. Depois de aquecer durante algum tempo, colocar a panela interior na panela exterior para a manter quente.<\/p>\n<p>6.<strong>Servi\u00e7o grossista<\/strong>: Fornecemos panelas t\u00e9rmicas por atacado a pre\u00e7o de f\u00e1brica, contacte-nos para encomendas a granel e solu\u00e7\u00f5es personalizadas adaptadas \u00e0s suas necessidades.<\/p>\n<p>7.<strong>Servi\u00e7o personalizado<\/strong>Fornecemos servi\u00e7os de personaliza\u00e7\u00e3o de cores para panelas t\u00e9rmicas e solu\u00e7\u00f5es personalizadas detalhadas para panelas t\u00e9rmicas. Se necess\u00e1rio, contacte-nos.<\/p>","protected":false},"featured_media":4259,"comment_status":"closed","ping_status":"closed","template":"","meta":[],"product_brand":[],"product_cat":[50],"product_tag":[],"class_list":{"0":"post-4258","1":"product","2":"type-product","3":"status-publish","4":"has-post-thumbnail","6":"product_cat-vacuum-thermal-cooker","8":"first","9":"instock","10":"shipping-taxable","11":"product-type-simple"},"_links":{"self":[{"href":"https:\/\/www.hg-cooker.com\/pt\/wp-json\/wp\/v2\/product\/4258","targetHints":{"allow":["GET"]}}],"collection":[{"href":"https:\/\/www.hg-cooker.com\/pt\/wp-json\/wp\/v2\/product"}],"about":[{"href":"https:\/\/www.hg-cooker.com\/pt\/wp-json\/wp\/v2\/types\/product"}],"replies":[{"embeddable":true,"href":"https:\/\/www.hg-cooker.com\/pt\/wp-json\/wp\/v2\/comments?post=4258"}],"wp:featuredmedia":[{"embeddable":true,"href":"https:\/\/www.hg-cooker.com\/pt\/wp-json\/wp\/v2\/media\/4259"}],"wp:attachment":[{"href":"https:\/\/www.hg-cooker.com\/pt\/wp-json\/wp\/v2\/media?parent=4258"}],"wp:term":[{"taxonomy":"product_brand","embeddable":true,"href":"https:\/\/www.hg-cooker.com\/pt\/wp-json\/wp\/v2\/product_brand?post=4258"},{"taxonomy":"product_cat","embeddable":true,"href":"https:\/\/www.hg-cooker.com\/pt\/wp-json\/wp\/v2\/product_cat?post=4258"},{"taxonomy":"product_tag","embeddable":true,"href":"https:\/\/www.hg-cooker.com\/pt\/wp-json\/wp\/v2\/product_tag?post=4258"}],"curies":[{"name":"wp","href":"https:\/\/api.w.org\/{rel}","templated":true}]}}