{"id":4252,"date":"2024-08-19T03:52:14","date_gmt":"2024-08-19T03:52:14","guid":{"rendered":"https:\/\/www.hg-cooker.com\/?post_type=product&#038;p=4252"},"modified":"2024-08-19T04:37:16","modified_gmt":"2024-08-19T04:37:16","slug":"pote-de-leite-fervente-de-aco-inoxidavel-por-atacado-20","status":"publish","type":"product","link":"https:\/\/www.hg-cooker.com\/pt\/produto\/pote-de-leite-fervente-de-aco-inoxidavel-por-atacado-20\/","title":{"rendered":"Pote de cozinha t\u00e9rmico de cer\u00e2mica por atacado 4.5L (4.75qt)"},"content":{"rendered":"<div class=\"wp-block-columns is-layout-flex wp-container-core-columns-is-layout-9d6595d7 wp-block-columns-is-layout-flex\">\n<div class=\"wp-block-column is-layout-flow wp-block-column-is-layout-flow\">\n<h3 class=\"wp-block-heading\">Par\u00e2metros do recipiente de cozedura t\u00e9rmica<\/h3>\n\n\n\n<div class=\"wp-block-group\"><div class=\"wp-block-group__inner-container is-layout-constrained wp-block-group-is-layout-constrained\">\n<div class=\"wp-block-columns is-layout-flex wp-container-core-columns-is-layout-9d6595d7 wp-block-columns-is-layout-flex\">\n<div class=\"wp-block-column is-layout-flow wp-block-column-is-layout-flow\" style=\"flex-basis:100%\">\n<figure class=\"wp-block-table\"><table class=\"has-fixed-layout\"><tbody><tr><td>Local de origem<\/td><td>Tipo<\/td><td>Nome da marca<\/td><td>N\u00famero do modelo<\/td><td>Tampa<\/td><td>Cor<\/td><td>Utiliza\u00e7\u00e3o<\/td><td>Tamanho<\/td><td>Tempo para continuar a ferver<\/td><td>Embalagem<\/td><td>Composi\u00e7\u00e3o<\/td><td>Nome do produto<\/td><\/tr><tr><td>Guangdong, China<\/td><td>Panela de sopa<\/td><td>Hengguang<\/td><td>HG7-4.5C<\/td><td>Tampa exterior de pl\u00e1stico e tampa interior de cer\u00e2mica<\/td><td>Rosa \/ Verde \/ Azul<\/td><td>Cozinheiro de cozinha<\/td><td>4.5L<\/td><td>Cerca de 20 minutos<\/td><td>Sacos PP, espuma e caixa de cor<\/td><td>Tampa de cer\u00e2mica + pote interior de cer\u00e2mica + pote exterior<\/td><td>Panela t\u00e9rmica de cer\u00e2mica a v\u00e1cuo Heng-guang<\/td><\/tr><\/tbody><\/table><\/figure>\n<\/div>\n<\/div>\n<\/div><\/div>\n<\/div>\n<\/div>\n\n\n\n<div class=\"wp-block-columns is-layout-flex wp-container-core-columns-is-layout-9d6595d7 wp-block-columns-is-layout-flex\">\n<div class=\"wp-block-column is-layout-flow wp-block-column-is-layout-flow\">\n<h3 class=\"wp-block-heading\">Op\u00e7\u00f5es de panelas t\u00e9rmicas personalizadas OEM&amp;ODM<\/h3>\n\n\n\n<p><strong>Log\u00f3tipo<\/strong>: Personalize o log\u00f3tipo da sua marca na panela t\u00e9rmica e na embalagem.<br><br><strong>Tamanho<\/strong>: Personalize diferentes tamanhos de panela t\u00e9rmica de acordo com as suas necessidades.<br><br><strong>Embalagem<\/strong>: cart\u00e3o\/caixa de cor.<br><br><a href=\"https:\/\/www.hg-cooker.com\/pt\/custom-solution\/\" data-type=\"page\" data-id=\"2793\" target=\"_blank\" rel=\"noreferrer noopener\"><strong>Explorar mais detalhes personalizados OEM&amp;ODM<\/strong><\/a><\/p>\n<\/div>\n<\/div>\n\n\n\n<div class=\"wp-block-columns is-layout-flex wp-container-core-columns-is-layout-9d6595d7 wp-block-columns-is-layout-flex\">\n<div class=\"wp-block-column is-layout-flow wp-block-column-is-layout-flow\">\n<figure class=\"wp-block-image size-full\"><img fetchpriority=\"high\" decoding=\"async\" width=\"800\" height=\"800\" src=\"https:\/\/www.hg-cooker.com\/wp-content\/uploads\/2024\/08\/Hengguang-thermal-cooking-pot-3.webp\" alt=\"Panela t\u00e9rmica Hengguang (3)\" class=\"wp-image-4255\" srcset=\"https:\/\/www.hg-cooker.com\/wp-content\/uploads\/2024\/08\/Hengguang-thermal-cooking-pot-3.webp 800w, https:\/\/www.hg-cooker.com\/wp-content\/uploads\/2024\/08\/Hengguang-thermal-cooking-pot-3-150x150.webp 150w, https:\/\/www.hg-cooker.com\/wp-content\/uploads\/2024\/08\/Hengguang-thermal-cooking-pot-3-660x660.webp 660w, https:\/\/www.hg-cooker.com\/wp-content\/uploads\/2024\/08\/Hengguang-thermal-cooking-pot-3-300x300.webp 300w, https:\/\/www.hg-cooker.com\/wp-content\/uploads\/2024\/08\/Hengguang-thermal-cooking-pot-3-768x768.webp 768w, https:\/\/www.hg-cooker.com\/wp-content\/uploads\/2024\/08\/Hengguang-thermal-cooking-pot-3-12x12.webp 12w, https:\/\/www.hg-cooker.com\/wp-content\/uploads\/2024\/08\/Hengguang-thermal-cooking-pot-3-285x285.webp 285w, https:\/\/www.hg-cooker.com\/wp-content\/uploads\/2024\/08\/Hengguang-thermal-cooking-pot-3-270x270.webp 270w, https:\/\/www.hg-cooker.com\/wp-content\/uploads\/2024\/08\/Hengguang-thermal-cooking-pot-3-540x540.webp 540w\" sizes=\"(max-width: 800px) 100vw, 800px\" \/><\/figure>\n<\/div>\n\n\n\n<div class=\"wp-block-column is-layout-flow wp-block-column-is-layout-flow\">\n<figure class=\"wp-block-image size-full\"><img decoding=\"async\" width=\"800\" height=\"800\" src=\"https:\/\/www.hg-cooker.com\/wp-content\/uploads\/2024\/08\/thermal-cooking-pot-color.webp\" alt=\"cor da panela t\u00e9rmica\" class=\"wp-image-4257\" srcset=\"https:\/\/www.hg-cooker.com\/wp-content\/uploads\/2024\/08\/thermal-cooking-pot-color.webp 800w, https:\/\/www.hg-cooker.com\/wp-content\/uploads\/2024\/08\/thermal-cooking-pot-color-150x150.webp 150w, https:\/\/www.hg-cooker.com\/wp-content\/uploads\/2024\/08\/thermal-cooking-pot-color-660x660.webp 660w, https:\/\/www.hg-cooker.com\/wp-content\/uploads\/2024\/08\/thermal-cooking-pot-color-300x300.webp 300w, https:\/\/www.hg-cooker.com\/wp-content\/uploads\/2024\/08\/thermal-cooking-pot-color-768x768.webp 768w, https:\/\/www.hg-cooker.com\/wp-content\/uploads\/2024\/08\/thermal-cooking-pot-color-12x12.webp 12w, https:\/\/www.hg-cooker.com\/wp-content\/uploads\/2024\/08\/thermal-cooking-pot-color-285x285.webp 285w, https:\/\/www.hg-cooker.com\/wp-content\/uploads\/2024\/08\/thermal-cooking-pot-color-270x270.webp 270w, https:\/\/www.hg-cooker.com\/wp-content\/uploads\/2024\/08\/thermal-cooking-pot-color-540x540.webp 540w\" sizes=\"(max-width: 800px) 100vw, 800px\" \/><\/figure>\n<\/div>\n<\/div>","protected":false},"excerpt":{"rendered":"<p>A panela t\u00e9rmica Hengguang pode melhorar a efici\u00eancia da cozedura e manter os alimentos frescos e saborosos. \u00c9 adequado para uso em casas, escolas, escrit\u00f3rios e outros cen\u00e1rios. A capacidade de 4,5L pode satisfazer as necessidades de 2-3 pessoas, permitindo-lhe desfrutar de comida deliciosa com a fam\u00edlia ou amigos no exterior.<\/p>\n<h3>Carater\u00edsticas da panela t\u00e9rmica de v\u00e1cuo<\/h3>\n<p>1.<strong>Cozinha f\u00e1cil<\/strong>: A panela t\u00e9rmica da Hengguang \u00e9 um utens\u00edlio de cozinha inovador de preserva\u00e7\u00e3o do calor e de cozedura que poupa energia e que pode proporcionar uma experi\u00eancia conveniente de \"cozedura com preserva\u00e7\u00e3o do calor\".<\/p>\n<p>2.<strong>Conserva\u00e7\u00e3o do calor a longo prazo<\/strong>: A tecnologia de preserva\u00e7\u00e3o de calor de alta efici\u00eancia de v\u00e1cuo de camada dupla da panela exterior garante que a temperatura na panela \u00e9 duradoura e est\u00e1vel durante a cozedura, tal como o aquecimento cont\u00ednuo do fogo, poupando energia.<\/p>\n<p>3.<strong>Adapta-se a uma variedade de fontes de calor<\/strong>: A panela t\u00e9rmica da Hengguang \u00e9 compat\u00edvel com os fog\u00f5es a g\u00e1s tradicionais e com os modernos fog\u00f5es de indu\u00e7\u00e3o.<\/p>\n<p>4.<strong>Adequado para uma variedade de cen\u00e1rios<\/strong>: Adequado para uma variedade de cen\u00e1rios, como escrit\u00f3rios e ao ar livre, a panela t\u00e9rmica de Hengguang \u00e9 um bom parceiro indispens\u00e1vel para entusiastas de piqueniques ou acampamentos ao ar livre. O seu design compacto e port\u00e1til facilita o transporte para qualquer local ao ar livre.<\/p>\n<p>5.<strong>Servi\u00e7o grossista<\/strong>: Fornecemos servi\u00e7os de panelas t\u00e9rmicas por atacado para lhe proporcionar uma solu\u00e7\u00e3o de aquisi\u00e7\u00e3o \u00fanica e econ\u00f3mica.<\/p>\n<p>6.<strong>Servi\u00e7o personalizado<\/strong>Fornecemos servi\u00e7os de personaliza\u00e7\u00e3o de cores para panelas t\u00e9rmicas e solu\u00e7\u00f5es personalizadas detalhadas para panelas t\u00e9rmicas. Se necess\u00e1rio, contacte-nos.<\/p>","protected":false},"featured_media":4253,"comment_status":"closed","ping_status":"closed","template":"","meta":[],"product_brand":[],"product_cat":[50],"product_tag":[],"class_list":{"0":"post-4252","1":"product","2":"type-product","3":"status-publish","4":"has-post-thumbnail","6":"product_cat-vacuum-thermal-cooker","8":"first","9":"instock","10":"shipping-taxable","11":"product-type-simple"},"_links":{"self":[{"href":"https:\/\/www.hg-cooker.com\/pt\/wp-json\/wp\/v2\/product\/4252","targetHints":{"allow":["GET"]}}],"collection":[{"href":"https:\/\/www.hg-cooker.com\/pt\/wp-json\/wp\/v2\/product"}],"about":[{"href":"https:\/\/www.hg-cooker.com\/pt\/wp-json\/wp\/v2\/types\/product"}],"replies":[{"embeddable":true,"href":"https:\/\/www.hg-cooker.com\/pt\/wp-json\/wp\/v2\/comments?post=4252"}],"wp:featuredmedia":[{"embeddable":true,"href":"https:\/\/www.hg-cooker.com\/pt\/wp-json\/wp\/v2\/media\/4253"}],"wp:attachment":[{"href":"https:\/\/www.hg-cooker.com\/pt\/wp-json\/wp\/v2\/media?parent=4252"}],"wp:term":[{"taxonomy":"product_brand","embeddable":true,"href":"https:\/\/www.hg-cooker.com\/pt\/wp-json\/wp\/v2\/product_brand?post=4252"},{"taxonomy":"product_cat","embeddable":true,"href":"https:\/\/www.hg-cooker.com\/pt\/wp-json\/wp\/v2\/product_cat?post=4252"},{"taxonomy":"product_tag","embeddable":true,"href":"https:\/\/www.hg-cooker.com\/pt\/wp-json\/wp\/v2\/product_tag?post=4252"}],"curies":[{"name":"wp","href":"https:\/\/api.w.org\/{rel}","templated":true}]}}