{"id":4242,"date":"2024-08-19T02:58:25","date_gmt":"2024-08-19T02:58:25","guid":{"rendered":"https:\/\/www.hg-cooker.com\/?post_type=product&#038;p=4242"},"modified":"2024-08-19T03:47:45","modified_gmt":"2024-08-19T03:47:45","slug":"pote-de-leite-fervente-de-aco-inoxidavel-por-atacado-19","status":"publish","type":"product","link":"https:\/\/www.hg-cooker.com\/pt\/produto\/pote-de-leite-fervente-de-aco-inoxidavel-por-atacado-19\/","title":{"rendered":"Melhor Fog\u00e3o T\u00e9rmico por Atacado para Reten\u00e7\u00e3o Eficiente de Calor - Vendas Diretas da F\u00e1brica"},"content":{"rendered":"<div class=\"wp-block-columns is-layout-flex wp-container-core-columns-is-layout-9d6595d7 wp-block-columns-is-layout-flex\">\n<div class=\"wp-block-column is-layout-flow wp-block-column-is-layout-flow\">\n<h3 class=\"wp-block-heading\">Par\u00e2metros da Panela T\u00e9rmica<\/h3>\n\n\n\n<div class=\"wp-block-group\"><div class=\"wp-block-group__inner-container is-layout-constrained wp-block-group-is-layout-constrained\">\n<div class=\"wp-block-columns is-layout-flex wp-container-core-columns-is-layout-9d6595d7 wp-block-columns-is-layout-flex\">\n<div class=\"wp-block-column is-layout-flow wp-block-column-is-layout-flow\" style=\"flex-basis:100%\">\n<div class=\"wp-block-group\"><div class=\"wp-block-group__inner-container is-layout-constrained wp-block-group-is-layout-constrained\">\n<figure class=\"wp-block-table\"><table class=\"has-fixed-layout\"><tbody><tr><td>Local de origem<\/td><td>Tipo<\/td><td>N\u00famero do modelo<\/td><td>Nome<\/td><td>Descri\u00e7\u00e3o<\/td><td>Material<\/td><td>Pega<\/td><td>Composi\u00e7\u00e3o<\/td><td>Carater\u00edstica<\/td><td>Capacidade<\/td><td>Cor<\/td><td>Vantagem<\/td><td>Comprador comercial<\/td><\/tr><tr><td>China<\/td><td>Pote de combina\u00e7\u00e3o<\/td><td>HG7-4.5<\/td><td>Panela de cozinha economizadora de energia<\/td><td>Panela t\u00e9rmica reutiliz\u00e1vel<\/td><td>A\u00e7o inoxid\u00e1vel 304<\/td><td>Pega em a\u00e7o inoxid\u00e1vel<\/td><td>Tampa de cer\u00e2mica + pote interior + pote exterior<\/td><td>Camada dupla<\/td><td>4.5L, 7L<\/td><td>Cor personalizada aceit\u00e1vel<\/td><td>Poupar energia<\/td><td>Lojas de departamento<\/td><\/tr><\/tbody><\/table><\/figure>\n<\/div><\/div>\n<\/div>\n<\/div>\n<\/div><\/div>\n<\/div>\n<\/div>\n\n\n\n<div class=\"wp-block-columns is-layout-flex wp-container-core-columns-is-layout-9d6595d7 wp-block-columns-is-layout-flex\">\n<div class=\"wp-block-column is-layout-flow wp-block-column-is-layout-flow\">\n<h3 class=\"wp-block-heading\">Op\u00e7\u00f5es de fog\u00f5es t\u00e9rmicos personalizados OEM&amp;ODM<\/h3>\n\n\n\n<p><strong>Log\u00f3tipo<\/strong>: Personalize o log\u00f3tipo da sua marca na panela t\u00e9rmica e na embalagem.<br><br><strong>Tamanho<\/strong>: Personalize diferentes tamanhos de panelas de press\u00e3o de acordo com as suas necessidades.<br><br><strong>Embalagem<\/strong>: cart\u00e3o\/caixa de cor.<br><br><a href=\"https:\/\/www.hg-cooker.com\/pt\/custom-solution\/\" data-type=\"page\" data-id=\"2793\" target=\"_blank\" rel=\"noreferrer noopener\"><strong>Explorar mais detalhes personalizados OEM&amp;ODM<\/strong><\/a><\/p>\n<\/div>\n<\/div>\n\n\n\n<div class=\"wp-block-columns is-layout-flex wp-container-core-columns-is-layout-9d6595d7 wp-block-columns-is-layout-flex\">\n<div class=\"wp-block-column is-layout-flow wp-block-column-is-layout-flow\">\n<figure class=\"wp-block-image size-full\"><img fetchpriority=\"high\" decoding=\"async\" width=\"800\" height=\"800\" src=\"https:\/\/www.hg-cooker.com\/wp-content\/uploads\/2024\/08\/wholesale-best-thermal-cooker-5.webp\" alt=\"a melhor panela t\u00e9rmica por atacado (5)\" class=\"wp-image-4247\" srcset=\"https:\/\/www.hg-cooker.com\/wp-content\/uploads\/2024\/08\/wholesale-best-thermal-cooker-5.webp 800w, https:\/\/www.hg-cooker.com\/wp-content\/uploads\/2024\/08\/wholesale-best-thermal-cooker-5-150x150.webp 150w, https:\/\/www.hg-cooker.com\/wp-content\/uploads\/2024\/08\/wholesale-best-thermal-cooker-5-660x660.webp 660w, https:\/\/www.hg-cooker.com\/wp-content\/uploads\/2024\/08\/wholesale-best-thermal-cooker-5-300x300.webp 300w, https:\/\/www.hg-cooker.com\/wp-content\/uploads\/2024\/08\/wholesale-best-thermal-cooker-5-768x768.webp 768w, https:\/\/www.hg-cooker.com\/wp-content\/uploads\/2024\/08\/wholesale-best-thermal-cooker-5-12x12.webp 12w, https:\/\/www.hg-cooker.com\/wp-content\/uploads\/2024\/08\/wholesale-best-thermal-cooker-5-285x285.webp 285w, https:\/\/www.hg-cooker.com\/wp-content\/uploads\/2024\/08\/wholesale-best-thermal-cooker-5-270x270.webp 270w, https:\/\/www.hg-cooker.com\/wp-content\/uploads\/2024\/08\/wholesale-best-thermal-cooker-5-540x540.webp 540w\" sizes=\"(max-width: 800px) 100vw, 800px\" \/><\/figure>\n<\/div>\n\n\n\n<div class=\"wp-block-column is-layout-flow wp-block-column-is-layout-flow\">\n<figure class=\"wp-block-image size-full\"><img decoding=\"async\" width=\"800\" height=\"800\" src=\"https:\/\/www.hg-cooker.com\/wp-content\/uploads\/2024\/08\/wholesale-best-thermal-cooker-2.webp\" alt=\"a melhor panela t\u00e9rmica por atacado (2)\" class=\"wp-image-4244\" srcset=\"https:\/\/www.hg-cooker.com\/wp-content\/uploads\/2024\/08\/wholesale-best-thermal-cooker-2.webp 800w, https:\/\/www.hg-cooker.com\/wp-content\/uploads\/2024\/08\/wholesale-best-thermal-cooker-2-150x150.webp 150w, https:\/\/www.hg-cooker.com\/wp-content\/uploads\/2024\/08\/wholesale-best-thermal-cooker-2-660x660.webp 660w, https:\/\/www.hg-cooker.com\/wp-content\/uploads\/2024\/08\/wholesale-best-thermal-cooker-2-300x300.webp 300w, https:\/\/www.hg-cooker.com\/wp-content\/uploads\/2024\/08\/wholesale-best-thermal-cooker-2-768x768.webp 768w, https:\/\/www.hg-cooker.com\/wp-content\/uploads\/2024\/08\/wholesale-best-thermal-cooker-2-12x12.webp 12w, https:\/\/www.hg-cooker.com\/wp-content\/uploads\/2024\/08\/wholesale-best-thermal-cooker-2-285x285.webp 285w, https:\/\/www.hg-cooker.com\/wp-content\/uploads\/2024\/08\/wholesale-best-thermal-cooker-2-270x270.webp 270w, https:\/\/www.hg-cooker.com\/wp-content\/uploads\/2024\/08\/wholesale-best-thermal-cooker-2-540x540.webp 540w\" sizes=\"(max-width: 800px) 100vw, 800px\" \/><\/figure>\n<\/div>\n<\/div>","protected":false},"excerpt":{"rendered":"<p>O pote t\u00e9rmico da Hengguang tem duas capacidades: 7L (7,4qt) e 4,5L (4,75qt). O design da grande panela interior pode facilmente acomodar alimentos para 3-5 pessoas. Quer se trate de um piquenique ao ar livre, de uma reuni\u00e3o familiar ou de um cozinhado di\u00e1rio, \u00e9 um parceiro ideal indispens\u00e1vel na sua cozinha. Fornecemos-lhe potes t\u00e9rmicos por atacado a pre\u00e7os de f\u00e1brica. Bem-vindo a contactar-nos para um or\u00e7amento.<\/p>\n<h3>Carater\u00edsticas da panela t\u00e9rmica de v\u00e1cuo<\/h3>\n<p><strong>1. poupan\u00e7a de energia<\/strong>: Utilizar a panela interior para cozinhar e depois colocar a panela exterior para conservar o calor. O design eficiente de preserva\u00e7\u00e3o do calor desta panela t\u00e9rmica pode manter a temperatura da panela interior durante muito tempo sem aquecimento cont\u00ednuo, reduzindo consideravelmente o consumo de energia.<\/p>\n<p><strong>2.304 Material em a\u00e7o inoxid\u00e1vel<\/strong>: Constru\u00eddo em a\u00e7o inoxid\u00e1vel 304 seguro para alimentos, o material \u00e9 resistente \u00e0 corros\u00e3o e ao calor, tornando-o seguro para cozinhar e saud\u00e1vel para as refei\u00e7\u00f5es.<\/p>\n<p><strong>3. diferentes capacidades<\/strong>: Est\u00e1 dispon\u00edvel em capacidades de 4,5 litros e 7 litros para satisfazer as necessidades das fam\u00edlias ou de reuni\u00f5es que envolvam v\u00e1rias pessoas, sendo ao mesmo tempo vers\u00e1til.<\/p>\n<p><strong>4. conce\u00e7\u00e3o humanizada<\/strong>: Esta panela t\u00e9rmica tem uma pega em a\u00e7o inoxid\u00e1vel que \u00e9 confort\u00e1vel, dur\u00e1vel e f\u00e1cil de transportar quando est\u00e1 a ser utilizada.<\/p>\n<p><strong>5. servi\u00e7o grossista<\/strong>: Este fog\u00e3o t\u00e9rmico \u00e9 utilizado em diferentes locais, como em casa, no exterior e na ind\u00fastria hoteleira, sendo tamb\u00e9m adequado para grandes armaz\u00e9ns.<\/p>\n<p><strong>6. cor personalizada: <\/strong>A cor desta panela t\u00e9rmica pode ser personalizada para satisfazer as necessidades est\u00e9ticas de diferentes consumidores.<\/p>","protected":false},"featured_media":4243,"comment_status":"closed","ping_status":"closed","template":"","meta":[],"product_brand":[],"product_cat":[50],"product_tag":[],"class_list":{"0":"post-4242","1":"product","2":"type-product","3":"status-publish","4":"has-post-thumbnail","6":"product_cat-vacuum-thermal-cooker","8":"first","9":"instock","10":"shipping-taxable","11":"product-type-simple"},"_links":{"self":[{"href":"https:\/\/www.hg-cooker.com\/pt\/wp-json\/wp\/v2\/product\/4242","targetHints":{"allow":["GET"]}}],"collection":[{"href":"https:\/\/www.hg-cooker.com\/pt\/wp-json\/wp\/v2\/product"}],"about":[{"href":"https:\/\/www.hg-cooker.com\/pt\/wp-json\/wp\/v2\/types\/product"}],"replies":[{"embeddable":true,"href":"https:\/\/www.hg-cooker.com\/pt\/wp-json\/wp\/v2\/comments?post=4242"}],"wp:featuredmedia":[{"embeddable":true,"href":"https:\/\/www.hg-cooker.com\/pt\/wp-json\/wp\/v2\/media\/4243"}],"wp:attachment":[{"href":"https:\/\/www.hg-cooker.com\/pt\/wp-json\/wp\/v2\/media?parent=4242"}],"wp:term":[{"taxonomy":"product_brand","embeddable":true,"href":"https:\/\/www.hg-cooker.com\/pt\/wp-json\/wp\/v2\/product_brand?post=4242"},{"taxonomy":"product_cat","embeddable":true,"href":"https:\/\/www.hg-cooker.com\/pt\/wp-json\/wp\/v2\/product_cat?post=4242"},{"taxonomy":"product_tag","embeddable":true,"href":"https:\/\/www.hg-cooker.com\/pt\/wp-json\/wp\/v2\/product_tag?post=4242"}],"curies":[{"name":"wp","href":"https:\/\/api.w.org\/{rel}","templated":true}]}}