{"id":4219,"date":"2024-08-13T22:36:58","date_gmt":"2024-08-13T22:36:58","guid":{"rendered":"https:\/\/www.hg-cooker.com\/?post_type=product&#038;p=4219"},"modified":"2025-03-08T10:06:50","modified_gmt":"2025-03-08T10:06:50","slug":"pote-de-leite-fervente-de-aco-inoxidavel-por-atacado-18","status":"publish","type":"product","link":"https:\/\/www.hg-cooker.com\/pt\/produto\/pote-de-leite-fervente-de-aco-inoxidavel-por-atacado-18\/","title":{"rendered":"Panela de press\u00e3o de alta qualidade por atacado, economizadora de energia e eficiente - Fabricante de panelas de press\u00e3o Hengguang"},"content":{"rendered":"<div class=\"wp-block-columns is-layout-flex wp-container-core-columns-is-layout-9d6595d7 wp-block-columns-is-layout-flex\">\n<div class=\"wp-block-column is-layout-flow wp-block-column-is-layout-flow\">\n<h3 class=\"wp-block-heading\">Par\u00e2metros da panela de press\u00e3o de alta qualidade<\/h3>\n\n\n\n<div class=\"wp-block-group\"><div class=\"wp-block-group__inner-container is-layout-constrained wp-block-group-is-layout-constrained\">\n<div class=\"wp-block-columns is-layout-flex wp-container-core-columns-is-layout-9d6595d7 wp-block-columns-is-layout-flex\">\n<div class=\"wp-block-column is-layout-flow wp-block-column-is-layout-flow\" style=\"flex-basis:100%\">\n<div class=\"wp-block-group\"><div class=\"wp-block-group__inner-container is-layout-constrained wp-block-group-is-layout-constrained\">\n<figure class=\"wp-block-table\"><table class=\"has-fixed-layout\"><tbody><tr><td>Local de origem<\/td><td>N\u00famero do modelo<\/td><td>Tipo<\/td><td>Fog\u00e3o aplic\u00e1vel<\/td><td>Material<\/td><td>Capacidade<\/td><td>Cor<\/td><td>Pega<\/td><\/tr><tr><td>Guangdong, China<\/td><td>HG-UXYLG<\/td><td>Panelas de press\u00e3o<\/td><td>Utiliza\u00e7\u00e3o geral para fog\u00f5es a g\u00e1s e de indu\u00e7\u00e3o<\/td><td>A\u00e7o inoxid\u00e1vel 304<\/td><td>3L\/4L\/5L\/6L\/8L\/10L\/13L\/16L<\/td><td>Prata<\/td><td>Cabo de baquelite preto resistente ao calor<\/td><\/tr><\/tbody><\/table><\/figure>\n<\/div><\/div>\n<\/div>\n<\/div>\n<\/div><\/div>\n<\/div>\n<\/div>\n\n\n\n<div class=\"wp-block-columns is-layout-flex wp-container-core-columns-is-layout-9d6595d7 wp-block-columns-is-layout-flex\">\n<div class=\"wp-block-column is-layout-flow wp-block-column-is-layout-flow\">\n<h3 class=\"wp-block-heading\">Op\u00e7\u00f5es de panelas de press\u00e3o personalizadas OEM&amp;ODM<\/h3>\n\n\n\n<p><strong>Log\u00f3tipo<\/strong>: Personalize o log\u00f3tipo da sua marca na panela de press\u00e3o e na embalagem.<br><br><strong>Tamanho<\/strong>: Personalize diferentes tamanhos de panelas de press\u00e3o de acordo com as suas necessidades.<br><br><strong>Embalagem<\/strong>: cart\u00e3o\/caixa de cor.<br><br><a href=\"https:\/\/www.hg-cooker.com\/pt\/custom-solution\/\" data-type=\"page\" data-id=\"2793\" target=\"_blank\" rel=\"noreferrer noopener\"><strong>Explorar mais detalhes personalizados OEM&amp;ODM<\/strong><\/a><\/p>\n<\/div>\n<\/div>\n\n\n\n<div class=\"wp-block-columns is-layout-flex wp-container-core-columns-is-layout-9d6595d7 wp-block-columns-is-layout-flex\">\n<div class=\"wp-block-column is-layout-flow wp-block-column-is-layout-flow\">\n<figure class=\"wp-block-image size-full\"><img fetchpriority=\"high\" decoding=\"async\" width=\"750\" height=\"750\" src=\"https:\/\/www.hg-cooker.com\/wp-content\/uploads\/2024\/08\/1.5-ltr-pressure-cooker-1.png\" alt=\"Panela de press\u00e3o de 1,5 litros (1)\" class=\"wp-image-4220\" srcset=\"https:\/\/www.hg-cooker.com\/wp-content\/uploads\/2024\/08\/1.5-ltr-pressure-cooker-1.png 750w, https:\/\/www.hg-cooker.com\/wp-content\/uploads\/2024\/08\/1.5-ltr-pressure-cooker-1-150x150.png 150w, https:\/\/www.hg-cooker.com\/wp-content\/uploads\/2024\/08\/1.5-ltr-pressure-cooker-1-660x660.png 660w, https:\/\/www.hg-cooker.com\/wp-content\/uploads\/2024\/08\/1.5-ltr-pressure-cooker-1-300x300.png 300w, https:\/\/www.hg-cooker.com\/wp-content\/uploads\/2024\/08\/1.5-ltr-pressure-cooker-1-12x12.png 12w, https:\/\/www.hg-cooker.com\/wp-content\/uploads\/2024\/08\/1.5-ltr-pressure-cooker-1-285x285.png 285w, https:\/\/www.hg-cooker.com\/wp-content\/uploads\/2024\/08\/1.5-ltr-pressure-cooker-1-270x270.png 270w, https:\/\/www.hg-cooker.com\/wp-content\/uploads\/2024\/08\/1.5-ltr-pressure-cooker-1-540x540.png 540w\" sizes=\"(max-width: 750px) 100vw, 750px\" \/><\/figure>\n<\/div>\n\n\n\n<div class=\"wp-block-column is-layout-flow wp-block-column-is-layout-flow\">\n<figure class=\"wp-block-image size-full\"><img decoding=\"async\" width=\"750\" height=\"750\" src=\"https:\/\/www.hg-cooker.com\/wp-content\/uploads\/2024\/08\/1.5-ltr-pressure-cooker-5.png\" alt=\"Panela de press\u00e3o de 1,5 litros (5)\" class=\"wp-image-4224\" srcset=\"https:\/\/www.hg-cooker.com\/wp-content\/uploads\/2024\/08\/1.5-ltr-pressure-cooker-5.png 750w, https:\/\/www.hg-cooker.com\/wp-content\/uploads\/2024\/08\/1.5-ltr-pressure-cooker-5-150x150.png 150w, https:\/\/www.hg-cooker.com\/wp-content\/uploads\/2024\/08\/1.5-ltr-pressure-cooker-5-660x660.png 660w, https:\/\/www.hg-cooker.com\/wp-content\/uploads\/2024\/08\/1.5-ltr-pressure-cooker-5-300x300.png 300w, https:\/\/www.hg-cooker.com\/wp-content\/uploads\/2024\/08\/1.5-ltr-pressure-cooker-5-12x12.png 12w, https:\/\/www.hg-cooker.com\/wp-content\/uploads\/2024\/08\/1.5-ltr-pressure-cooker-5-285x285.png 285w, https:\/\/www.hg-cooker.com\/wp-content\/uploads\/2024\/08\/1.5-ltr-pressure-cooker-5-270x270.png 270w, https:\/\/www.hg-cooker.com\/wp-content\/uploads\/2024\/08\/1.5-ltr-pressure-cooker-5-540x540.png 540w\" sizes=\"(max-width: 750px) 100vw, 750px\" \/><\/figure>\n<\/div>\n<\/div>","protected":false},"excerpt":{"rendered":"<p>A Hengguang fornece panelas de press\u00e3o de a\u00e7o inoxid\u00e1vel de alta qualidade, feitas com materiais de alta qualidade e excelente artesanato, muito dur\u00e1veis e mant\u00eam excelente desempenho no uso di\u00e1rio. Suporte a personaliza\u00e7\u00e3o OEM e ODM. Contacte-nos para obter um or\u00e7amento.<\/p>\n<h3>Carater\u00edsticas e vantagens da panela de press\u00e3o por grosso<\/h3>\n<p><strong>Melhoria da efici\u00eancia do 70%:<\/strong> As nossas panelas de press\u00e3o por grosso podem melhorar significativamente a efici\u00eancia da cozedura, poupando mais de 70% de tempo em compara\u00e7\u00e3o com os m\u00e9todos tradicionais de estufagem, especialmente adequados para carne e feij\u00e3o que requerem longos tempos de cozedura.<\/p>\n<p><strong>Estampagem numa s\u00f3 pe\u00e7a:<\/strong> As nossas panelas de press\u00e3o grossistas utilizam um processo de estampagem integrado para proporcionar uma experi\u00eancia de utiliza\u00e7\u00e3o mais est\u00e1vel e segura. Podem ser utilizadas continuamente durante mais de 30 anos e s\u00e3o um investimento ideal para cozinhas dom\u00e9sticas e comerciais.<\/p>\n<p><strong>Adequado para uma variedade de cozinhados:<\/strong> As panelas de press\u00e3o n\u00e3o s\u00f3 s\u00e3o adequadas para os m\u00e9todos de cozedura tradicionais, como estufar, ferver e estufar, como tamb\u00e9m podem ser utilizadas para confecionar uma grande variedade de pratos, incluindo sopas de cozedura r\u00e1pida, guisados, carnes marinadas, arroz, sobremesas, etc.<\/p>\n<p><strong>Compat\u00edvel com uma variedade de fog\u00f5es:<\/strong> As nossas panelas de press\u00e3o por atacado s\u00e3o compat\u00edveis com uma variedade de fog\u00f5es, incluindo fog\u00f5es a g\u00e1s, fog\u00f5es de indu\u00e7\u00e3o, etc., proporcionando grande comodidade.<\/p>","protected":false},"featured_media":4220,"comment_status":"closed","ping_status":"closed","template":"","meta":[],"product_brand":[],"product_cat":[54],"product_tag":[],"class_list":{"0":"post-4219","1":"product","2":"type-product","3":"status-publish","4":"has-post-thumbnail","6":"product_cat-pressure-cooker","8":"first","9":"instock","10":"shipping-taxable","11":"product-type-simple"},"_links":{"self":[{"href":"https:\/\/www.hg-cooker.com\/pt\/wp-json\/wp\/v2\/product\/4219","targetHints":{"allow":["GET"]}}],"collection":[{"href":"https:\/\/www.hg-cooker.com\/pt\/wp-json\/wp\/v2\/product"}],"about":[{"href":"https:\/\/www.hg-cooker.com\/pt\/wp-json\/wp\/v2\/types\/product"}],"replies":[{"embeddable":true,"href":"https:\/\/www.hg-cooker.com\/pt\/wp-json\/wp\/v2\/comments?post=4219"}],"wp:featuredmedia":[{"embeddable":true,"href":"https:\/\/www.hg-cooker.com\/pt\/wp-json\/wp\/v2\/media\/4220"}],"wp:attachment":[{"href":"https:\/\/www.hg-cooker.com\/pt\/wp-json\/wp\/v2\/media?parent=4219"}],"wp:term":[{"taxonomy":"product_brand","embeddable":true,"href":"https:\/\/www.hg-cooker.com\/pt\/wp-json\/wp\/v2\/product_brand?post=4219"},{"taxonomy":"product_cat","embeddable":true,"href":"https:\/\/www.hg-cooker.com\/pt\/wp-json\/wp\/v2\/product_cat?post=4219"},{"taxonomy":"product_tag","embeddable":true,"href":"https:\/\/www.hg-cooker.com\/pt\/wp-json\/wp\/v2\/product_tag?post=4219"}],"curies":[{"name":"wp","href":"https:\/\/api.w.org\/{rel}","templated":true}]}}