{"id":4218,"date":"2024-09-12T15:26:19","date_gmt":"2024-09-12T15:26:19","guid":{"rendered":"https:\/\/www.hg-cooker.com\/?post_type=product&#038;p=4218"},"modified":"2025-11-13T02:26:26","modified_gmt":"2025-11-13T02:26:26","slug":"pote-de-leite-fervente-de-aco-inoxidavel-por-atacado-17","status":"publish","type":"product","link":"https:\/\/www.hg-cooker.com\/pt\/produto\/pote-de-leite-fervente-de-aco-inoxidavel-por-atacado-17\/","title":{"rendered":"Vendas diretas da f\u00e1brica de panelas de press\u00e3o multifuncionais a granel - Fabricante de panelas de press\u00e3o Hengguang"},"content":{"rendered":"<div class=\"wp-block-columns is-layout-flex wp-container-core-columns-is-layout-9d6595d7 wp-block-columns-is-layout-flex\">\n<div class=\"wp-block-column is-layout-flow wp-block-column-is-layout-flow\">\n<h2 class=\"wp-block-heading\">Par\u00e2metros da Panela de Press\u00e3o Multifuncional<\/h2>\n\n\n\n<div class=\"wp-block-group\"><div class=\"wp-block-group__inner-container is-layout-constrained wp-block-group-is-layout-constrained\">\n<div class=\"wp-block-columns is-layout-flex wp-container-core-columns-is-layout-9d6595d7 wp-block-columns-is-layout-flex\">\n<div class=\"wp-block-column is-layout-flow wp-block-column-is-layout-flow\" style=\"flex-basis:100%\">\n<div class=\"wp-block-group\"><div class=\"wp-block-group__inner-container is-layout-constrained wp-block-group-is-layout-constrained\">\n<figure class=\"wp-block-table\"><table class=\"has-fixed-layout\"><tbody><tr><td>Local de origem<\/td><td>N\u00famero do modelo<\/td><td>Tipo<\/td><td>Fog\u00e3o aplic\u00e1vel<\/td><td>Tipo de metal<\/td><td>Estrutura composta inferior<\/td><td>Material do cabo<\/td><td>Cor<\/td><td>MOQ<\/td><\/tr><tr><td>Guangdong, China<\/td><td>HGYLG-20\/22\/24\/26\/28\/30\/32<\/td><td>Panelas de press\u00e3o<\/td><td>Utiliza\u00e7\u00e3o geral para fog\u00f5es a g\u00e1s e de indu\u00e7\u00e3o<\/td><td>A\u00e7o inoxid\u00e1vel 304<\/td><td>A\u00e7o inoxid\u00e1vel+Alum\u00ednio+A\u00e7o inoxid\u00e1vel<\/td><td>baquelite preta resistente ao calor<\/td><td>Prata<\/td><td>2000 unidades<\/td><\/tr><\/tbody><\/table><\/figure>\n<\/div><\/div>\n<\/div>\n<\/div>\n<\/div><\/div>\n<\/div>\n<\/div>\n\n\n\n<div class=\"wp-block-columns is-layout-flex wp-container-core-columns-is-layout-9d6595d7 wp-block-columns-is-layout-flex\">\n<div class=\"wp-block-column is-layout-flow wp-block-column-is-layout-flow\">\n<h2 class=\"wp-block-heading\">Op\u00e7\u00f5es de panelas de press\u00e3o personalizadas OEM&amp;ODM<\/h2>\n\n\n\n<p><strong>Log\u00f3tipo<\/strong>: Personalize o log\u00f3tipo da sua marca na panela de press\u00e3o e na embalagem.<br><br><strong>Tamanho<\/strong>: Tamanhos personalizados de panelas de press\u00e3o.<br><br><strong>Embalagem<\/strong>: cart\u00e3o\/caixa de cor.<br><br><a href=\"https:\/\/www.hg-cooker.com\/pt\/custom-solution\/\" data-type=\"page\" data-id=\"2793\" target=\"_blank\" rel=\"noreferrer noopener\"><strong>Explorar mais pormenores sobre panelas de press\u00e3o personalizadas OEM&amp;ODM<\/strong><\/a><\/p>\n<\/div>\n<\/div>\n\n\n\n<div class=\"wp-block-columns is-layout-flex wp-container-core-columns-is-layout-9d6595d7 wp-block-columns-is-layout-flex\">\n<div class=\"wp-block-column is-layout-flow wp-block-column-is-layout-flow\">\n<figure class=\"wp-block-image size-full\"><img fetchpriority=\"high\" decoding=\"async\" width=\"750\" height=\"750\" src=\"https:\/\/www.hg-cooker.com\/wp-content\/uploads\/2024\/08\/Wholesale-pressure-cookers-manufactured-by-Hengguang-Factory-1.webp\" alt=\"Panelas de press\u00e3o por atacado fabricadas pela Hengguang Factory (1)\" class=\"wp-image-4202\" srcset=\"https:\/\/www.hg-cooker.com\/wp-content\/uploads\/2024\/08\/Wholesale-pressure-cookers-manufactured-by-Hengguang-Factory-1.webp 750w, https:\/\/www.hg-cooker.com\/wp-content\/uploads\/2024\/08\/Wholesale-pressure-cookers-manufactured-by-Hengguang-Factory-1-150x150.webp 150w, https:\/\/www.hg-cooker.com\/wp-content\/uploads\/2024\/08\/Wholesale-pressure-cookers-manufactured-by-Hengguang-Factory-1-660x660.webp 660w, https:\/\/www.hg-cooker.com\/wp-content\/uploads\/2024\/08\/Wholesale-pressure-cookers-manufactured-by-Hengguang-Factory-1-300x300.webp 300w, https:\/\/www.hg-cooker.com\/wp-content\/uploads\/2024\/08\/Wholesale-pressure-cookers-manufactured-by-Hengguang-Factory-1-12x12.webp 12w, https:\/\/www.hg-cooker.com\/wp-content\/uploads\/2024\/08\/Wholesale-pressure-cookers-manufactured-by-Hengguang-Factory-1-285x285.webp 285w, https:\/\/www.hg-cooker.com\/wp-content\/uploads\/2024\/08\/Wholesale-pressure-cookers-manufactured-by-Hengguang-Factory-1-270x270.webp 270w, https:\/\/www.hg-cooker.com\/wp-content\/uploads\/2024\/08\/Wholesale-pressure-cookers-manufactured-by-Hengguang-Factory-1-540x540.webp 540w\" sizes=\"(max-width: 750px) 100vw, 750px\" \/><\/figure>\n<\/div>\n\n\n\n<div class=\"wp-block-column is-layout-flow wp-block-column-is-layout-flow\">\n<figure class=\"wp-block-image size-full\"><img decoding=\"async\" width=\"750\" height=\"750\" src=\"https:\/\/www.hg-cooker.com\/wp-content\/uploads\/2024\/08\/Wholesale-pressure-cookers-manufactured-by-Hengguang-Factory-2.webp\" alt=\"Panelas de press\u00e3o por atacado fabricadas pela Hengguang Factory (2)\" class=\"wp-image-4203\" srcset=\"https:\/\/www.hg-cooker.com\/wp-content\/uploads\/2024\/08\/Wholesale-pressure-cookers-manufactured-by-Hengguang-Factory-2.webp 750w, https:\/\/www.hg-cooker.com\/wp-content\/uploads\/2024\/08\/Wholesale-pressure-cookers-manufactured-by-Hengguang-Factory-2-150x150.webp 150w, https:\/\/www.hg-cooker.com\/wp-content\/uploads\/2024\/08\/Wholesale-pressure-cookers-manufactured-by-Hengguang-Factory-2-660x660.webp 660w, https:\/\/www.hg-cooker.com\/wp-content\/uploads\/2024\/08\/Wholesale-pressure-cookers-manufactured-by-Hengguang-Factory-2-300x300.webp 300w, https:\/\/www.hg-cooker.com\/wp-content\/uploads\/2024\/08\/Wholesale-pressure-cookers-manufactured-by-Hengguang-Factory-2-12x12.webp 12w, https:\/\/www.hg-cooker.com\/wp-content\/uploads\/2024\/08\/Wholesale-pressure-cookers-manufactured-by-Hengguang-Factory-2-285x285.webp 285w, https:\/\/www.hg-cooker.com\/wp-content\/uploads\/2024\/08\/Wholesale-pressure-cookers-manufactured-by-Hengguang-Factory-2-270x270.webp 270w, https:\/\/www.hg-cooker.com\/wp-content\/uploads\/2024\/08\/Wholesale-pressure-cookers-manufactured-by-Hengguang-Factory-2-540x540.webp 540w\" sizes=\"(max-width: 750px) 100vw, 750px\" \/><\/figure>\n<\/div>\n<\/div>","protected":false},"excerpt":{"rendered":"<p>Panelas de press\u00e3o por grosso de v\u00e1rias capacidades a pre\u00e7os de f\u00e1brica para satisfazer diferentes necessidades culin\u00e1rias. A nossa gama de produtos abrange panelas de press\u00e3o de 3 litros e panelas de press\u00e3o de grande capacidade de 16 litros adequadas para cozinhas comerciais. Contacte-nos e fornecer-lhe-emos servi\u00e7os profissionais de panelas de press\u00e3o personalizadas OEM e ODM, bem como pre\u00e7os competitivos.<\/p>\n<h3>Carater\u00edsticas e vantagens da panela de press\u00e3o por grosso<\/h3>\n<p><strong>Artesanato profissional:<\/strong> A nossa panela de press\u00e3o multifun\u00e7\u00f5es \u00e9 fabricada com t\u00e9cnica profissional, que pode bloquear o vapor mais firmemente, aumentando assim a press\u00e3o, bloqueando o calor e a humidade, garantindo que cada prato possa apresentar o sabor mais perfeito.<\/p>\n<p><strong>Fundo composto por tr\u00eas camadas de a\u00e7o inoxid\u00e1vel:<\/strong> A panela de press\u00e3o a granel tem um fundo composto de tr\u00eas camadas especialmente concebido para garantir uma transfer\u00eancia de calor uniforme, evitar eficazmente a queima de alimentos e manter a frescura natural dos ingredientes.<\/p>\n<p><strong>Compat\u00edvel com v\u00e1rias fontes de calor:<\/strong> Esta panela de press\u00e3o \u00e9 adequada para os fog\u00f5es a g\u00e1s normalmente utilizados em casa e tamb\u00e9m pode ser facilmente adaptada a fog\u00f5es de indu\u00e7\u00e3o em cozinhas modernas para satisfazer as suas diversas necessidades culin\u00e1rias.<\/p>\n<p><strong>Pre\u00e7o competitivo:<\/strong> Como um dos maiores fabricantes de panelas de press\u00e3o em Guangdong, China, a nossa produ\u00e7\u00e3o em grande escala torna as nossas panelas de press\u00e3o por atacado menos dispendiosas de produzir, trazendo assim pre\u00e7os mais acess\u00edveis aos compradores.<\/p>\n<p><strong>Suporte de amostras:<\/strong> Pode efetuar primeiro uma encomenda de amostra e, em seguida, uma encomenda de produ\u00e7\u00e3o formal depois de verificar a amostra a seu contento.<\/p>","protected":false},"featured_media":4202,"comment_status":"closed","ping_status":"closed","template":"","meta":[],"product_brand":[],"product_cat":[54],"product_tag":[],"class_list":{"0":"post-4218","1":"product","2":"type-product","3":"status-publish","4":"has-post-thumbnail","6":"product_cat-pressure-cooker","8":"first","9":"instock","10":"shipping-taxable","11":"product-type-simple"},"_links":{"self":[{"href":"https:\/\/www.hg-cooker.com\/pt\/wp-json\/wp\/v2\/product\/4218","targetHints":{"allow":["GET"]}}],"collection":[{"href":"https:\/\/www.hg-cooker.com\/pt\/wp-json\/wp\/v2\/product"}],"about":[{"href":"https:\/\/www.hg-cooker.com\/pt\/wp-json\/wp\/v2\/types\/product"}],"replies":[{"embeddable":true,"href":"https:\/\/www.hg-cooker.com\/pt\/wp-json\/wp\/v2\/comments?post=4218"}],"wp:featuredmedia":[{"embeddable":true,"href":"https:\/\/www.hg-cooker.com\/pt\/wp-json\/wp\/v2\/media\/4202"}],"wp:attachment":[{"href":"https:\/\/www.hg-cooker.com\/pt\/wp-json\/wp\/v2\/media?parent=4218"}],"wp:term":[{"taxonomy":"product_brand","embeddable":true,"href":"https:\/\/www.hg-cooker.com\/pt\/wp-json\/wp\/v2\/product_brand?post=4218"},{"taxonomy":"product_cat","embeddable":true,"href":"https:\/\/www.hg-cooker.com\/pt\/wp-json\/wp\/v2\/product_cat?post=4218"},{"taxonomy":"product_tag","embeddable":true,"href":"https:\/\/www.hg-cooker.com\/pt\/wp-json\/wp\/v2\/product_tag?post=4218"}],"curies":[{"name":"wp","href":"https:\/\/api.w.org\/{rel}","templated":true}]}}