{"id":4201,"date":"2025-08-13T07:57:03","date_gmt":"2025-08-13T07:57:03","guid":{"rendered":"https:\/\/www.hg-cooker.com\/?post_type=product&#038;p=4201"},"modified":"2025-11-13T02:18:56","modified_gmt":"2025-11-13T02:18:56","slug":"pote-de-leite-fervente-de-aco-inoxidavel-por-atacado-16","status":"publish","type":"product","link":"https:\/\/www.hg-cooker.com\/pt\/produto\/pote-de-leite-fervente-de-aco-inoxidavel-por-atacado-16\/","title":{"rendered":"Panela de press\u00e3o de indu\u00e7\u00e3o de alto desempenho - Ideal para cozinhar eficazmente em fog\u00f5es de indu\u00e7\u00e3o"},"content":{"rendered":"<div class=\"wp-block-columns is-layout-flex wp-container-core-columns-is-layout-9d6595d7 wp-block-columns-is-layout-flex\">\n<div class=\"wp-block-column is-layout-flow wp-block-column-is-layout-flow\">\n<h2 class=\"wp-block-heading\">Par\u00e2metros da panela de press\u00e3o de indu\u00e7\u00e3o <\/h2>\n\n\n\n<div class=\"wp-block-group\"><div class=\"wp-block-group__inner-container is-layout-constrained wp-block-group-is-layout-constrained\">\n<div class=\"wp-block-columns is-layout-flex wp-container-core-columns-is-layout-9d6595d7 wp-block-columns-is-layout-flex\">\n<div class=\"wp-block-column is-layout-flow wp-block-column-is-layout-flow\" style=\"flex-basis:100%\">\n<div class=\"wp-block-group\"><div class=\"wp-block-group__inner-container is-layout-constrained wp-block-group-is-layout-constrained\">\n<figure class=\"wp-block-table\"><table class=\"has-fixed-layout\"><tbody><tr><td>Local de origem<\/td><td>N\u00famero do modelo<\/td><td>Tipo<\/td><td>Fog\u00e3o aplic\u00e1vel<\/td><td>Tipo de metal<\/td><td>Capacidade<\/td><td>Cor<\/td><td>Pega<\/td><td>MOQ<\/td><td>Tamanho da embalagem individual:<\/td><td>Peso bruto \u00fanico:<\/td><\/tr><tr><td>Guangdong, China<\/td><td>HG-UXYLG-18\/20\/22\/24\/26\/28\/30\/32<\/td><td>Panelas de press\u00e3o<\/td><td>Utiliza\u00e7\u00e3o geral para fog\u00f5es a g\u00e1s e de indu\u00e7\u00e3o<\/td><td>A\u00e7o inoxid\u00e1vel 304<\/td><td>18\/20\/22\/24\/26\/28\/30\/32CM<\/td><td>Prata<\/td><td>Cabo de baquelite preto resistente ao calor<\/td><td>500 unidades<\/td><td>50X50X50 cm<\/td><td>5.000 kg<\/td><\/tr><\/tbody><\/table><\/figure>\n<\/div><\/div>\n<\/div>\n<\/div>\n<\/div><\/div>\n<\/div>\n<\/div>\n\n\n\n<div class=\"wp-block-columns is-layout-flex wp-container-core-columns-is-layout-9d6595d7 wp-block-columns-is-layout-flex\">\n<div class=\"wp-block-column is-layout-flow wp-block-column-is-layout-flow\">\n<h2 class=\"wp-block-heading\">Op\u00e7\u00f5es de panelas de press\u00e3o personalizadas OEM&amp;ODM<\/h2>\n\n\n\n<p><strong>Log\u00f3tipo<\/strong>: Personalize o log\u00f3tipo da sua marca na panela de press\u00e3o e na embalagem.<br><br><strong>Tamanho<\/strong>: Personalize diferentes tamanhos de panelas de press\u00e3o de acordo com as suas necessidades.<br><br><strong>Embalagem<\/strong>: cart\u00e3o\/caixa de cor.<br><br><a href=\"https:\/\/www.hg-cooker.com\/pt\/custom-solution\/\" data-type=\"page\" data-id=\"2793\" target=\"_blank\" rel=\"noreferrer noopener\"><strong>Explorar mais detalhes personalizados OEM&amp;ODM<\/strong><\/a><\/p>\n<\/div>\n<\/div>\n\n\n\n<div class=\"wp-block-columns is-layout-flex wp-container-core-columns-is-layout-9d6595d7 wp-block-columns-is-layout-flex\">\n<div class=\"wp-block-column is-layout-flow wp-block-column-is-layout-flow\">\n<figure class=\"wp-block-image size-full\"><img fetchpriority=\"high\" decoding=\"async\" width=\"750\" height=\"750\" src=\"https:\/\/www.hg-cooker.com\/wp-content\/uploads\/2024\/08\/Hengguang-induction-pressure-cooker-3.webp\" alt=\"Panela de press\u00e3o de indu\u00e7\u00e3o Hengguang (3)\" class=\"wp-image-4210\" srcset=\"https:\/\/www.hg-cooker.com\/wp-content\/uploads\/2024\/08\/Hengguang-induction-pressure-cooker-3.webp 750w, https:\/\/www.hg-cooker.com\/wp-content\/uploads\/2024\/08\/Hengguang-induction-pressure-cooker-3-150x150.webp 150w, https:\/\/www.hg-cooker.com\/wp-content\/uploads\/2024\/08\/Hengguang-induction-pressure-cooker-3-660x660.webp 660w, https:\/\/www.hg-cooker.com\/wp-content\/uploads\/2024\/08\/Hengguang-induction-pressure-cooker-3-300x300.webp 300w, https:\/\/www.hg-cooker.com\/wp-content\/uploads\/2024\/08\/Hengguang-induction-pressure-cooker-3-12x12.webp 12w, https:\/\/www.hg-cooker.com\/wp-content\/uploads\/2024\/08\/Hengguang-induction-pressure-cooker-3-285x285.webp 285w, https:\/\/www.hg-cooker.com\/wp-content\/uploads\/2024\/08\/Hengguang-induction-pressure-cooker-3-270x270.webp 270w, https:\/\/www.hg-cooker.com\/wp-content\/uploads\/2024\/08\/Hengguang-induction-pressure-cooker-3-540x540.webp 540w\" sizes=\"(max-width: 750px) 100vw, 750px\" \/><\/figure>\n<\/div>\n\n\n\n<div class=\"wp-block-column is-layout-flow wp-block-column-is-layout-flow\">\n<figure class=\"wp-block-image size-full\"><img decoding=\"async\" width=\"750\" height=\"750\" src=\"https:\/\/www.hg-cooker.com\/wp-content\/uploads\/2024\/08\/Hengguang-induction-pressure-cooker-2.webp\" alt=\"Panela de press\u00e3o de indu\u00e7\u00e3o Hengguang (2)\" class=\"wp-image-4209\" srcset=\"https:\/\/www.hg-cooker.com\/wp-content\/uploads\/2024\/08\/Hengguang-induction-pressure-cooker-2.webp 750w, https:\/\/www.hg-cooker.com\/wp-content\/uploads\/2024\/08\/Hengguang-induction-pressure-cooker-2-150x150.webp 150w, https:\/\/www.hg-cooker.com\/wp-content\/uploads\/2024\/08\/Hengguang-induction-pressure-cooker-2-660x660.webp 660w, https:\/\/www.hg-cooker.com\/wp-content\/uploads\/2024\/08\/Hengguang-induction-pressure-cooker-2-300x300.webp 300w, https:\/\/www.hg-cooker.com\/wp-content\/uploads\/2024\/08\/Hengguang-induction-pressure-cooker-2-12x12.webp 12w, https:\/\/www.hg-cooker.com\/wp-content\/uploads\/2024\/08\/Hengguang-induction-pressure-cooker-2-285x285.webp 285w, https:\/\/www.hg-cooker.com\/wp-content\/uploads\/2024\/08\/Hengguang-induction-pressure-cooker-2-270x270.webp 270w, https:\/\/www.hg-cooker.com\/wp-content\/uploads\/2024\/08\/Hengguang-induction-pressure-cooker-2-540x540.webp 540w\" sizes=\"(max-width: 750px) 100vw, 750px\" \/><\/figure>\n<\/div>\n<\/div>","protected":false},"excerpt":{"rendered":"<p>A base da nossa panela de press\u00e3o por atacado \u00e9 feita de tr\u00eas camadas de a\u00e7o inoxid\u00e1vel, que tem excelente condutividade t\u00e9rmica e vida \u00fatil. Este design n\u00e3o s\u00f3 melhora a efici\u00eancia t\u00e9rmica, como tamb\u00e9m permite utilizar a panela de press\u00e3o numa panela de indu\u00e7\u00e3o. Suporte OEM e ODM, bem-vindo a comprar a granel.<\/p>\n<h2>Carater\u00edsticas e vantagens da panela de press\u00e3o de indu\u00e7\u00e3o<\/h2>\n<p><strong>Adequado para v\u00e1rios fog\u00f5es:<\/strong> O fundo da panela de press\u00e3o de a\u00e7o inoxid\u00e1vel por atacado \u00e9 feito de tr\u00eas camadas de a\u00e7o inoxid\u00e1vel, cobrindo todo o fundo da panela de press\u00e3o, tornando a panela de press\u00e3o adequada para v\u00e1rios fog\u00f5es, como fog\u00f5es de indu\u00e7\u00e3o e fog\u00f5es a g\u00e1s.<\/p>\n<p><strong>A\u00e7o inoxid\u00e1vel de qualidade alimentar:<\/strong> A panela de press\u00e3o \u00e9 feita de a\u00e7o inoxid\u00e1vel de qualidade alimentar, que tem uma elevada resist\u00eancia, uma longa vida \u00fatil e \u00e9 muito resistente \u00e0 corros\u00e3o.<\/p>\n<p><strong>Especifica\u00e7\u00f5es m\u00faltiplas:<\/strong> Fornecemos panelas de press\u00e3o adequadas \u00e0 indu\u00e7\u00e3o de 3L a 16L para satisfazer as necessidades de casas e restaurantes.<\/p>\n<p><strong>Servi\u00e7o de apoio personalizado:<\/strong> Como fabricante profissional de panelas de press\u00e3o, podemos personalizar as panelas de press\u00e3o de acordo com as suas necessidades, incluindo tamanhos personalizados, log\u00f3tipos, acess\u00f3rios, etc.<\/p>\n<p><strong>Anel de silicone \u00e0 prova de fugas:<\/strong> O anel de veda\u00e7\u00e3o de silicone de qualidade alimentar \u00e9 resistente a temperaturas elevadas de 260\u00b0C e foi testado durante 5.000 ciclos, eliminando completamente o risco de fugas de \u00e1gua.<\/p>","protected":false},"featured_media":5045,"comment_status":"closed","ping_status":"closed","template":"","meta":[],"product_brand":[],"product_cat":[54],"product_tag":[],"class_list":{"0":"post-4201","1":"product","2":"type-product","3":"status-publish","4":"has-post-thumbnail","6":"product_cat-pressure-cooker","8":"first","9":"instock","10":"shipping-taxable","11":"product-type-simple"},"_links":{"self":[{"href":"https:\/\/www.hg-cooker.com\/pt\/wp-json\/wp\/v2\/product\/4201","targetHints":{"allow":["GET"]}}],"collection":[{"href":"https:\/\/www.hg-cooker.com\/pt\/wp-json\/wp\/v2\/product"}],"about":[{"href":"https:\/\/www.hg-cooker.com\/pt\/wp-json\/wp\/v2\/types\/product"}],"replies":[{"embeddable":true,"href":"https:\/\/www.hg-cooker.com\/pt\/wp-json\/wp\/v2\/comments?post=4201"}],"wp:featuredmedia":[{"embeddable":true,"href":"https:\/\/www.hg-cooker.com\/pt\/wp-json\/wp\/v2\/media\/5045"}],"wp:attachment":[{"href":"https:\/\/www.hg-cooker.com\/pt\/wp-json\/wp\/v2\/media?parent=4201"}],"wp:term":[{"taxonomy":"product_brand","embeddable":true,"href":"https:\/\/www.hg-cooker.com\/pt\/wp-json\/wp\/v2\/product_brand?post=4201"},{"taxonomy":"product_cat","embeddable":true,"href":"https:\/\/www.hg-cooker.com\/pt\/wp-json\/wp\/v2\/product_cat?post=4201"},{"taxonomy":"product_tag","embeddable":true,"href":"https:\/\/www.hg-cooker.com\/pt\/wp-json\/wp\/v2\/product_tag?post=4201"}],"curies":[{"name":"wp","href":"https:\/\/api.w.org\/{rel}","templated":true}]}}