{"id":4193,"date":"2025-08-15T06:38:30","date_gmt":"2025-08-15T06:38:30","guid":{"rendered":"https:\/\/www.hg-cooker.com\/?post_type=product&#038;p=4193"},"modified":"2025-11-13T02:25:47","modified_gmt":"2025-11-13T02:25:47","slug":"pote-de-leite-fervente-de-aco-inoxidavel-por-atacado-15","status":"publish","type":"product","link":"https:\/\/www.hg-cooker.com\/pt\/produto\/pote-de-leite-fervente-de-aco-inoxidavel-por-atacado-15\/","title":{"rendered":"Panela de press\u00e3o de alta qualidade na China - Vendas diretas da f\u00e1brica na China"},"content":{"rendered":"<div class=\"wp-block-columns is-layout-flex wp-container-core-columns-is-layout-9d6595d7 wp-block-columns-is-layout-flex\">\n<div class=\"wp-block-column is-layout-flow wp-block-column-is-layout-flow\">\n<h2 class=\"wp-block-heading\">Par\u00e2metros da Mini Panela de Press\u00e3o<\/h2>\n\n\n\n<figure class=\"wp-block-table\"><table class=\"has-fixed-layout\"><tbody><tr><td>Local de origem<\/td><td>Tipo<\/td><td>Fog\u00e3o aplic\u00e1vel<\/td><td>Material<\/td><td>Capacidade<\/td><td>Pega<\/td><td>Cor<\/td><td>Utiliza\u00e7\u00e3o<\/td><td>Tamanho<\/td><\/tr><tr><td>Guangdong,China<\/td><td>Panelas de press\u00e3o<\/td><td>Utiliza\u00e7\u00e3o geral para fog\u00f5es a g\u00e1s e de indu\u00e7\u00e3o<\/td><td>A\u00e7o inoxid\u00e1vel 304<\/td><td>3L\/4L\/5L\/6L\/8L\/10L\/13L\/16L<\/td><td>Cabo de baquelite preto<\/td><td>Prata<\/td><td>Cozinha dom\u00e9stica<\/td><td>18\/20\/22\/24\/26\/28\/30\/32cm<\/td><\/tr><\/tbody><\/table><\/figure>\n<\/div>\n<\/div>\n\n\n\n<div class=\"wp-block-columns is-layout-flex wp-container-core-columns-is-layout-9d6595d7 wp-block-columns-is-layout-flex\">\n<div class=\"wp-block-column is-layout-flow wp-block-column-is-layout-flow\">\n<h2 class=\"wp-block-heading\">Op\u00e7\u00f5es de panelas de press\u00e3o personalizadas OEM&amp;ODM<\/h2>\n\n\n\n<p><strong>Log\u00f3tipo<\/strong>: Personalize o log\u00f3tipo da sua marca na panela de press\u00e3o e na embalagem.<br><br><strong>Tamanho<\/strong>: Personalize diferentes tamanhos de panelas de press\u00e3o de acordo com as suas necessidades.<br><br><strong>Embalagem<\/strong>: cart\u00e3o\/caixa de cor.<br><br><a href=\"https:\/\/www.hg-cooker.com\/pt\/custom-solution\/\" data-type=\"page\" data-id=\"2793\" target=\"_blank\" rel=\"noreferrer noopener\"><strong>Explorar mais detalhes personalizados OEM&amp;ODM<\/strong><\/a><\/p>\n<\/div>\n<\/div>\n\n\n\n<div class=\"wp-block-columns is-layout-flex wp-container-core-columns-is-layout-9d6595d7 wp-block-columns-is-layout-flex\">\n<div class=\"wp-block-column is-layout-flow wp-block-column-is-layout-flow\">\n<figure class=\"wp-block-image size-full\"><img fetchpriority=\"high\" decoding=\"async\" width=\"800\" height=\"800\" src=\"https:\/\/www.hg-cooker.com\/wp-content\/uploads\/2024\/08\/China-high-quality-stainless-steel-pressure-cooker-1.webp\" alt=\"Panela de press\u00e3o de a\u00e7o inoxid\u00e1vel de alta qualidade na China (1)\" class=\"wp-image-4194\" srcset=\"https:\/\/www.hg-cooker.com\/wp-content\/uploads\/2024\/08\/China-high-quality-stainless-steel-pressure-cooker-1.webp 800w, https:\/\/www.hg-cooker.com\/wp-content\/uploads\/2024\/08\/China-high-quality-stainless-steel-pressure-cooker-1-150x150.webp 150w, https:\/\/www.hg-cooker.com\/wp-content\/uploads\/2024\/08\/China-high-quality-stainless-steel-pressure-cooker-1-660x660.webp 660w, https:\/\/www.hg-cooker.com\/wp-content\/uploads\/2024\/08\/China-high-quality-stainless-steel-pressure-cooker-1-300x300.webp 300w, https:\/\/www.hg-cooker.com\/wp-content\/uploads\/2024\/08\/China-high-quality-stainless-steel-pressure-cooker-1-768x768.webp 768w, https:\/\/www.hg-cooker.com\/wp-content\/uploads\/2024\/08\/China-high-quality-stainless-steel-pressure-cooker-1-12x12.webp 12w, https:\/\/www.hg-cooker.com\/wp-content\/uploads\/2024\/08\/China-high-quality-stainless-steel-pressure-cooker-1-285x285.webp 285w, https:\/\/www.hg-cooker.com\/wp-content\/uploads\/2024\/08\/China-high-quality-stainless-steel-pressure-cooker-1-270x270.webp 270w, https:\/\/www.hg-cooker.com\/wp-content\/uploads\/2024\/08\/China-high-quality-stainless-steel-pressure-cooker-1-540x540.webp 540w\" sizes=\"(max-width: 800px) 100vw, 800px\" \/><\/figure>\n<\/div>\n\n\n\n<div class=\"wp-block-column is-layout-flow wp-block-column-is-layout-flow\">\n<figure class=\"wp-block-image size-full\"><img decoding=\"async\" width=\"800\" height=\"800\" src=\"https:\/\/www.hg-cooker.com\/wp-content\/uploads\/2024\/08\/China-high-quality-stainless-steel-pressure-cooker-6.webp\" alt=\"Panela de press\u00e3o de a\u00e7o inoxid\u00e1vel de alta qualidade na China (6)\" class=\"wp-image-4199\" srcset=\"https:\/\/www.hg-cooker.com\/wp-content\/uploads\/2024\/08\/China-high-quality-stainless-steel-pressure-cooker-6.webp 800w, https:\/\/www.hg-cooker.com\/wp-content\/uploads\/2024\/08\/China-high-quality-stainless-steel-pressure-cooker-6-150x150.webp 150w, https:\/\/www.hg-cooker.com\/wp-content\/uploads\/2024\/08\/China-high-quality-stainless-steel-pressure-cooker-6-660x660.webp 660w, https:\/\/www.hg-cooker.com\/wp-content\/uploads\/2024\/08\/China-high-quality-stainless-steel-pressure-cooker-6-300x300.webp 300w, https:\/\/www.hg-cooker.com\/wp-content\/uploads\/2024\/08\/China-high-quality-stainless-steel-pressure-cooker-6-768x768.webp 768w, https:\/\/www.hg-cooker.com\/wp-content\/uploads\/2024\/08\/China-high-quality-stainless-steel-pressure-cooker-6-12x12.webp 12w, https:\/\/www.hg-cooker.com\/wp-content\/uploads\/2024\/08\/China-high-quality-stainless-steel-pressure-cooker-6-285x285.webp 285w, https:\/\/www.hg-cooker.com\/wp-content\/uploads\/2024\/08\/China-high-quality-stainless-steel-pressure-cooker-6-270x270.webp 270w, https:\/\/www.hg-cooker.com\/wp-content\/uploads\/2024\/08\/China-high-quality-stainless-steel-pressure-cooker-6-540x540.webp 540w\" sizes=\"(max-width: 800px) 100vw, 800px\" \/><\/figure>\n<\/div>\n<\/div>","protected":false},"excerpt":{"rendered":"<p>Hengguang \u00e9 um dos principais fabricantes de panelas de press\u00e3o de a\u00e7o inoxid\u00e1vel na China. Nossas panelas de press\u00e3o de a\u00e7o inoxid\u00e1vel s\u00e3o cuidadosamente constru\u00eddas com materiais de alta qualidade, apresentando alta efici\u00eancia e desempenho confi\u00e1vel, tornando-as a primeira escolha de mais de um milh\u00e3o de fam\u00edlias chinesas. Oferecemos panelas de press\u00e3o por atacado em v\u00e1rios tamanhos, desde panela de press\u00e3o de 3 litros at\u00e9 panela de press\u00e3o de 16 litros. Os nossos produtos variam de pequenos a grandes para cozinhas comerciais. Escolha a f\u00e1brica de panelas de press\u00e3o da Hengguang China, voc\u00ea pode encontrar a panela de press\u00e3o ideal para qualquer necessidade de cozinhar.<\/p>\n<h3>Carater\u00edsticas da Panela de Press\u00e3o Hengguang China<\/h3>\n<p>1.<strong>Cozinha vers\u00e1til<\/strong>: Esta panela de press\u00e3o pode cozinhar muito bem milho, batatas ou feij\u00e3o guisado e carne. Ao selar eficazmente o vapor, o design \u00fanico garante que cada cozinhado tem o sabor perfeito, misturando o calor, a humidade e o sabor dos ingredientes.<\/p>\n<p>2.<strong>Sele\u00e7\u00e3o de grande capacidade<\/strong>: Esta panela de press\u00e3o tem uma capacidade de 8 a 16 litros, o que permite responder facilmente a um grande n\u00famero de necessidades culin\u00e1rias, quer se trate de um restaurante, de uma cantina de f\u00e1brica ou de uma reuni\u00e3o familiar.<\/p>\n<p>3.<strong>F\u00e1cil de limpar<\/strong>: A panela de press\u00e3o em a\u00e7o inoxid\u00e1vel \u00e9 f\u00e1cil de limpar, o que reduz consideravelmente o tempo de limpeza. Depois de retirar simplesmente a junta e a v\u00e1lvula de press\u00e3o, pode coloc\u00e1-la com seguran\u00e7a na m\u00e1quina de lavar lou\u00e7a e desfrutar da facilidade de limpeza com um s\u00f3 clique.<\/p>\n<p>4.<strong>Acess\u00f3rios de alta qualidade<\/strong>: Equipado com vedantes de silicone de alta qualidade, n\u00e3o cont\u00e9m BPA e tem uma vida \u00fatil ultra-longa, garantindo que todos os cozinhados s\u00e3o feitos sem preocupa\u00e7\u00f5es.<\/p>\n<p>5.<strong>Pega confort\u00e1vel<\/strong>: A pega \u00e9 fabricada em material de primeira qualidade, agrad\u00e1vel ao toque, e tem um corpo que se adapta \u00e0 palma da m\u00e3o. N\u00e3o precisa de se preocupar com o facto de o cabo ficar solto. Aumenta o n\u00edvel de conforto na utiliza\u00e7\u00e3o e permite um transporte mais f\u00e1cil, garantindo seguran\u00e7a e tranquilidade nas opera\u00e7\u00f5es.<\/p>","protected":false},"featured_media":4194,"comment_status":"closed","ping_status":"closed","template":"","meta":[],"product_brand":[],"product_cat":[54],"product_tag":[],"class_list":{"0":"post-4193","1":"product","2":"type-product","3":"status-publish","4":"has-post-thumbnail","6":"product_cat-pressure-cooker","8":"first","9":"instock","10":"shipping-taxable","11":"product-type-simple"},"_links":{"self":[{"href":"https:\/\/www.hg-cooker.com\/pt\/wp-json\/wp\/v2\/product\/4193","targetHints":{"allow":["GET"]}}],"collection":[{"href":"https:\/\/www.hg-cooker.com\/pt\/wp-json\/wp\/v2\/product"}],"about":[{"href":"https:\/\/www.hg-cooker.com\/pt\/wp-json\/wp\/v2\/types\/product"}],"replies":[{"embeddable":true,"href":"https:\/\/www.hg-cooker.com\/pt\/wp-json\/wp\/v2\/comments?post=4193"}],"wp:featuredmedia":[{"embeddable":true,"href":"https:\/\/www.hg-cooker.com\/pt\/wp-json\/wp\/v2\/media\/4194"}],"wp:attachment":[{"href":"https:\/\/www.hg-cooker.com\/pt\/wp-json\/wp\/v2\/media?parent=4193"}],"wp:term":[{"taxonomy":"product_brand","embeddable":true,"href":"https:\/\/www.hg-cooker.com\/pt\/wp-json\/wp\/v2\/product_brand?post=4193"},{"taxonomy":"product_cat","embeddable":true,"href":"https:\/\/www.hg-cooker.com\/pt\/wp-json\/wp\/v2\/product_cat?post=4193"},{"taxonomy":"product_tag","embeddable":true,"href":"https:\/\/www.hg-cooker.com\/pt\/wp-json\/wp\/v2\/product_tag?post=4193"}],"curies":[{"name":"wp","href":"https:\/\/api.w.org\/{rel}","templated":true}]}}