{"id":4075,"date":"2025-05-07T01:07:17","date_gmt":"2025-05-07T01:07:17","guid":{"rendered":"https:\/\/www.hg-cooker.com\/?post_type=product&#038;p=4075"},"modified":"2025-11-13T02:31:00","modified_gmt":"2025-11-13T02:31:00","slug":"pote-de-leite-fervente-de-aco-inoxidavel-por-atacado-14","status":"publish","type":"product","link":"https:\/\/www.hg-cooker.com\/pt\/produto\/pote-de-leite-fervente-de-aco-inoxidavel-por-atacado-14\/","title":{"rendered":"Discos de a\u00e7o inoxid\u00e1vel composto de tr\u00eas camadas personalizados\/placas redondas Mat\u00e9ria-prima"},"content":{"rendered":"<div class=\"wp-block-columns is-layout-flex wp-container-core-columns-is-layout-9d6595d7 wp-block-columns-is-layout-flex\">\n<div class=\"wp-block-column is-layout-flow wp-block-column-is-layout-flow\">\n<h2 class=\"wp-block-heading\">Par\u00e2metros dos discos de a\u00e7o inoxid\u00e1vel de tr\u00eas camadas<\/h2>\n\n\n\n<p><strong>Nome do produto<\/strong>Discos em a\u00e7o inoxid\u00e1vel composto de tr\u00eas camadas<\/p>\n\n\n\n<p><strong>Material do produto<\/strong>:A\u00e7o inoxid\u00e1vel 304\/316 + alum\u00ednio + a\u00e7o inoxid\u00e1vel 430<br><br><strong>Espessura opcional do produto<\/strong>:<br>1.8mm\/2.0mm\/2.2mm\/2.5mm\/3.0mm<\/p>\n\n\n\n<p><strong>Formas do produto<\/strong>:circular \/ de forma especial<\/p>\n\n\n\n<p><strong>Tamanho opcional do produto<\/strong>:<br>O tamanho circular pode ser de 250mm-500mm. <br>O tamanho da forma especial pode ser de 900 mm.<\/p>\n<\/div>\n\n\n\n<div class=\"wp-block-column is-layout-flow wp-block-column-is-layout-flow\">\n<h2 class=\"wp-block-heading\">Op\u00e7\u00f5es de conjuntos de utens\u00edlios de cozinha personaliz\u00e1veis<\/h2>\n\n\n\n<p><strong>Padr\u00e3o<\/strong>Personaliza\u00e7\u00e3o de todos os tipos de padr\u00f5es nos discos de a\u00e7o inoxid\u00e1vel de tr\u00eas camadas.<br><br><strong>Material<\/strong>:A\u00e7o inoxid\u00e1vel 304\/316 + alum\u00ednio + a\u00e7o inoxid\u00e1vel 430<br><br><strong>Tamanho<\/strong>Personaliza\u00e7\u00e3o de diferentes tamanhos de discos de a\u00e7o inoxid\u00e1vel de tr\u00eas camadas.<br><br><strong>Formas<\/strong>:Placas redondas \/ Qualquer forma especial<br><br><strong>MOQ<\/strong>:1000 pe\u00e7as<\/p>\n\n\n\n<p><a href=\"https:\/\/www.hg-cooker.com\/pt\/discos-de-aco-inoxidavel-de-tres-camadas\/\" target=\"_blank\" data-type=\"link\" data-id=\"https:\/\/www.hg-cooker.com\/tri-ply-stainless-steel-discs\/\" rel=\"noreferrer noopener\"><strong>Explore mais detalhes de personaliza\u00e7\u00e3o dos discos de a\u00e7o inoxid\u00e1vel de tr\u00eas camadas<\/strong><\/a><\/p>\n<\/div>\n<\/div>\n\n\n\n<div class=\"wp-block-columns is-layout-flex wp-container-core-columns-is-layout-9d6595d7 wp-block-columns-is-layout-flex\">\n<div class=\"wp-block-column is-layout-flow wp-block-column-is-layout-flow\">\n<figure class=\"wp-block-image size-full is-resized\"><img fetchpriority=\"high\" decoding=\"async\" width=\"1191\" height=\"921\" src=\"https:\/\/www.hg-cooker.com\/wp-content\/uploads\/2024\/07\/tri-ply-stainless-steel-discs-detail-2.webp\" alt=\"pormenor dos discos em a\u00e7o inoxid\u00e1vel de tr\u00eas camadas (2)\" class=\"wp-image-4089\" style=\"width:583px;height:auto\" srcset=\"https:\/\/www.hg-cooker.com\/wp-content\/uploads\/2024\/07\/tri-ply-stainless-steel-discs-detail-2.webp 1191w, https:\/\/www.hg-cooker.com\/wp-content\/uploads\/2024\/07\/tri-ply-stainless-steel-discs-detail-2-150x116.webp 150w, https:\/\/www.hg-cooker.com\/wp-content\/uploads\/2024\/07\/tri-ply-stainless-steel-discs-detail-2-660x510.webp 660w, https:\/\/www.hg-cooker.com\/wp-content\/uploads\/2024\/07\/tri-ply-stainless-steel-discs-detail-2-300x232.webp 300w, https:\/\/www.hg-cooker.com\/wp-content\/uploads\/2024\/07\/tri-ply-stainless-steel-discs-detail-2-768x594.webp 768w, https:\/\/www.hg-cooker.com\/wp-content\/uploads\/2024\/07\/tri-ply-stainless-steel-discs-detail-2-16x12.webp 16w, https:\/\/www.hg-cooker.com\/wp-content\/uploads\/2024\/07\/tri-ply-stainless-steel-discs-detail-2-285x220.webp 285w\" sizes=\"(max-width: 1191px) 100vw, 1191px\" \/><\/figure>\n<\/div>\n\n\n\n<div class=\"wp-block-column is-layout-flow wp-block-column-is-layout-flow\">\n<figure class=\"wp-block-image size-full is-resized\"><img decoding=\"async\" width=\"540\" height=\"604\" src=\"https:\/\/www.hg-cooker.com\/wp-content\/uploads\/2024\/07\/tri-ply-stainless-steel-discs-detail.webp\" alt=\"pormenor dos discos em a\u00e7o inoxid\u00e1vel de tr\u00eas camadas\" class=\"wp-image-4083\" style=\"width:412px;height:auto\" srcset=\"https:\/\/www.hg-cooker.com\/wp-content\/uploads\/2024\/07\/tri-ply-stainless-steel-discs-detail.webp 540w, https:\/\/www.hg-cooker.com\/wp-content\/uploads\/2024\/07\/tri-ply-stainless-steel-discs-detail-134x150.webp 134w, https:\/\/www.hg-cooker.com\/wp-content\/uploads\/2024\/07\/tri-ply-stainless-steel-discs-detail-268x300.webp 268w, https:\/\/www.hg-cooker.com\/wp-content\/uploads\/2024\/07\/tri-ply-stainless-steel-discs-detail-11x12.webp 11w, https:\/\/www.hg-cooker.com\/wp-content\/uploads\/2024\/07\/tri-ply-stainless-steel-discs-detail-285x319.webp 285w\" sizes=\"(max-width: 540px) 100vw, 540px\" \/><\/figure>\n<\/div>\n<\/div>\n\n\n\n<div class=\"wp-block-columns is-layout-flex wp-container-core-columns-is-layout-9d6595d7 wp-block-columns-is-layout-flex\">\n<div class=\"wp-block-column is-layout-flow wp-block-column-is-layout-flow\"><\/div>\n\n\n\n<div class=\"wp-block-column is-layout-flow wp-block-column-is-layout-flow\"><\/div>\n<\/div>","protected":false},"excerpt":{"rendered":"<p>A Hengguang \u00e9 especializada em fornecer mat\u00e9rias-primas personalizadas de discos de a\u00e7o inoxid\u00e1vel de tr\u00eas camadas (placa redonda). Nossos produtos usam tecnologia composta de tr\u00eas camadas de alta qualidade, combinando a\u00e7o inoxid\u00e1vel 304\/316, alum\u00ednio e a\u00e7o inoxid\u00e1vel 430, com excelente condutividade t\u00e9rmica, durabilidade e resist\u00eancia \u00e0 corros\u00e3o. \u00c9 uma mat\u00e9ria-prima importante para o fabrico de utens\u00edlios de cozinha e de mesa topo de gama. Fornecemos servi\u00e7os de personaliza\u00e7\u00e3o de uma paragem em tamanho, espessura, padr\u00e3o e forma. Bem-vindo a contactar-nos para come\u00e7ar a personalizar a sua chapa redonda de a\u00e7o inoxid\u00e1vel.<\/p>\n<h3>Carater\u00edsticas e vantagens dos discos de a\u00e7o inoxid\u00e1vel Tri Ply<\/h3>\n<div>\n<ul>\n<li><strong>Excelente durabilidade<\/strong>: As camadas exterior e interior s\u00e3o feitas de a\u00e7o inoxid\u00e1vel de alta qualidade, que tem uma durabilidade extremamente elevada. No dom\u00ednio do fabrico de utens\u00edlios de cozinha em a\u00e7o inoxid\u00e1vel, pode melhorar significativamente a vida \u00fatil e o desempenho do produto e satisfazer as necessidades de utiliza\u00e7\u00e3o com elevada frequ\u00eancia e em ambientes agressivos.\n<\/li>\n<li><strong>Excelente condutividade t\u00e9rmica<\/strong>: A camada interm\u00e9dia dos discos triplos de a\u00e7o inoxid\u00e1vel \u00e9 feita de alum\u00ednio com elevada condutividade t\u00e9rmica, o que melhora efetivamente a condutividade t\u00e9rmica global. No dom\u00ednio dos utens\u00edlios de cozinha em a\u00e7o inoxid\u00e1vel, a utiliza\u00e7\u00e3o de discos mais finos permite aquecer os utens\u00edlios mais rapidamente, o que \u00e9 geralmente utilizado no fabrico de panelas e leiteiras. A utiliza\u00e7\u00e3o de discos mais grossos uniformiza a condutividade t\u00e9rmica global do utens\u00edlio de cozinha, o que \u00e9 geralmente utilizado no fabrico de utens\u00edlios de cozinha grandes, como woks.\n<\/li>\n<li><strong>Excelente resist\u00eancia \u00e0 corros\u00e3o<\/strong>: Os nossos discos triplos de a\u00e7o inoxid\u00e1vel s\u00e3o feitos de material de a\u00e7o inoxid\u00e1vel de alta qualidade, que tem uma forte resist\u00eancia \u00e0 corros\u00e3o. A resist\u00eancia \u00e0 corros\u00e3o \u00e9 muito importante para a qualidade dos produtos de a\u00e7o inoxid\u00e1vel, e uma excelente resist\u00eancia \u00e0 corros\u00e3o prolonga a vida \u00fatil dos produtos de a\u00e7o inoxid\u00e1vel.\n<\/li>\n<li><strong>Controlo dimensional preciso<\/strong>: O nosso processo de fabrico permite um controlo preciso do tamanho e da espessura dos discos, assegurando que cada produto satisfaz normas elevadas em termos de peso, espessura e planicidade.\n<\/li>\n<li><strong>Produ\u00e7\u00e3o personalizada<\/strong>: Apoiamos uma variedade de necessidades personalizadas e personalizamos discos de diferentes tamanhos, formas, fun\u00e7\u00f5es e padr\u00f5es de acordo com os seus requisitos espec\u00edficos. Quer seja utilizado no dom\u00ednio do fabrico de utens\u00edlios de cozinha, equipamento de aquecimento industrial ou equipamento m\u00e9dico, podemos fornecer as solu\u00e7\u00f5es personalizadas mais adequadas.\n<\/li>\n<li>Oferecemos servi\u00e7o de discos de a\u00e7o inoxid\u00e1vel de tr\u00eas camadas por atacado.\n<\/li>\n<li><a href=\"https:\/\/www.hg-cooker.com\/pt\/discos-de-aco-inoxidavel-de-tres-camadas\/\" target=\"_blank\" rel=\"noopener\"><strong>Oferecemos solu\u00e7\u00f5es de discos de a\u00e7o inoxid\u00e1vel de tr\u00eas camadas personalizadas OEM&amp;ODM.<\/strong><\/a><\/li>\n<\/ul>\n<\/div>","protected":false},"featured_media":4085,"comment_status":"open","ping_status":"closed","template":"","meta":[],"product_brand":[],"product_cat":[53],"product_tag":[],"class_list":{"0":"post-4075","1":"product","2":"type-product","3":"status-publish","4":"has-post-thumbnail","6":"product_cat-tri-ply-stainless-steel-discs","8":"first","9":"instock","10":"shipping-taxable","11":"product-type-simple"},"_links":{"self":[{"href":"https:\/\/www.hg-cooker.com\/pt\/wp-json\/wp\/v2\/product\/4075","targetHints":{"allow":["GET"]}}],"collection":[{"href":"https:\/\/www.hg-cooker.com\/pt\/wp-json\/wp\/v2\/product"}],"about":[{"href":"https:\/\/www.hg-cooker.com\/pt\/wp-json\/wp\/v2\/types\/product"}],"replies":[{"embeddable":true,"href":"https:\/\/www.hg-cooker.com\/pt\/wp-json\/wp\/v2\/comments?post=4075"}],"wp:featuredmedia":[{"embeddable":true,"href":"https:\/\/www.hg-cooker.com\/pt\/wp-json\/wp\/v2\/media\/4085"}],"wp:attachment":[{"href":"https:\/\/www.hg-cooker.com\/pt\/wp-json\/wp\/v2\/media?parent=4075"}],"wp:term":[{"taxonomy":"product_brand","embeddable":true,"href":"https:\/\/www.hg-cooker.com\/pt\/wp-json\/wp\/v2\/product_brand?post=4075"},{"taxonomy":"product_cat","embeddable":true,"href":"https:\/\/www.hg-cooker.com\/pt\/wp-json\/wp\/v2\/product_cat?post=4075"},{"taxonomy":"product_tag","embeddable":true,"href":"https:\/\/www.hg-cooker.com\/pt\/wp-json\/wp\/v2\/product_tag?post=4075"}],"curies":[{"name":"wp","href":"https:\/\/api.w.org\/{rel}","templated":true}]}}