{"id":4063,"date":"2025-09-03T14:20:03","date_gmt":"2025-09-03T14:20:03","guid":{"rendered":"https:\/\/www.hg-cooker.com\/?post_type=product&#038;p=4063"},"modified":"2025-09-13T02:03:29","modified_gmt":"2025-09-13T02:03:29","slug":"pote-de-leite-fervente-de-aco-inoxidavel-por-atacado-13","status":"publish","type":"product","link":"https:\/\/www.hg-cooker.com\/pt\/produto\/pote-de-leite-fervente-de-aco-inoxidavel-por-atacado-13\/","title":{"rendered":"Conjunto de panelas Tri Ply por atacado, panelas personaliz\u00e1veis - Fabricante de panelas Hennguang"},"content":{"rendered":"<div class=\"wp-block-columns is-layout-flex wp-container-core-columns-is-layout-9d6595d7 wp-block-columns-is-layout-flex\">\n<div class=\"wp-block-column is-layout-flow wp-block-column-is-layout-flow\">\n<h3 class=\"wp-block-heading\">Par\u00e2metros do conjunto de panelas Tri Ply<\/h3>\n\n\n\n<figure class=\"wp-block-table\"><table class=\"has-fixed-layout\"><tbody><tr><td>Nome do produto<\/td><td>Conjunto de utens\u00edlios de cozinha personalizados em a\u00e7o inoxid\u00e1vel<\/td><\/tr><tr><td>Material do produto<\/td><td>A\u00e7o inoxid\u00e1vel 304 e a\u00e7o inoxid\u00e1vel composto de tr\u00eas camadas<\/td><\/tr><tr><td rowspan=\"2\">Especifica\u00e7\u00f5es do produto<\/td><td>Panela de sopa: 20cm \/ 22cm \/ 24cm \/ 26cm<\/td><\/tr><tr><td>Frasco de leite: 14cm \/ 16cm \/ 18cm<\/td><\/tr><tr><td>Fog\u00e3o adequado<\/td><td>Fog\u00e3o radiante, Forno de halog\u00e9neo, Fog\u00e3o a g\u00e1s, Fog\u00e3o de indu\u00e7\u00e3o<\/td><\/tr><\/tbody><\/table><\/figure>\n\n\n\n<h3 class=\"wp-block-heading\">Op\u00e7\u00f5es de utens\u00edlios de cozinha personalizados<\/h3>\n\n\n\n<figure class=\"wp-block-table\"><table class=\"has-fixed-layout\"><tbody><tr><td>Op\u00e7\u00e3o de personaliza\u00e7\u00e3o<\/td><td>Detalhes<\/td><\/tr><tr><td>Log\u00f3tipo<\/td><td>Personalize o log\u00f3tipo da sua marca no produto e na embalagem.<\/td><\/tr><tr><td>Material<\/td><td>A\u00e7o inoxid\u00e1vel triplo \/ a\u00e7o inoxid\u00e1vel 304 \/ a\u00e7o inoxid\u00e1vel 316<\/td><\/tr><tr><td>Revestimento<\/td><td>Revestimento antiaderente f\u00edsico em favo de mel \/ A\u00e7o inoxid\u00e1vel (sem revestimento)<\/td><\/tr><tr><td>Tamanho<\/td><td>Personalize os tamanhos dos utens\u00edlios de cozinha de acordo com as suas necessidades.<\/td><\/tr><tr><td>Embalagem<\/td><td>Caixa de cart\u00e3o \/ Caixa de cor<\/td><\/tr><\/tbody><\/table><\/figure>\n\n\n\n<p><a href=\"https:\/\/www.hg-cooker.com\/pt\/custom-solution\/\" data-type=\"page\" data-id=\"2793\" target=\"_blank\" rel=\"noreferrer noopener\"><strong>Explorar mais pormenores sobre utens\u00edlios de cozinha personalizados<\/strong><\/a><\/p>\n<\/div>\n<\/div>\n\n\n\n<div class=\"wp-block-columns is-layout-flex wp-container-core-columns-is-layout-9d6595d7 wp-block-columns-is-layout-flex\">\n<div class=\"wp-block-column is-layout-flow wp-block-column-is-layout-flow\">\n<figure class=\"wp-block-image size-full\"><img fetchpriority=\"high\" decoding=\"async\" width=\"790\" height=\"950\" src=\"https:\/\/www.hg-cooker.com\/wp-content\/uploads\/2024\/07\/custom-cookware-detail-1.webp\" alt=\"pormenor de utens\u00edlios de cozinha personalizados (1)\" class=\"wp-image-4683\" srcset=\"https:\/\/www.hg-cooker.com\/wp-content\/uploads\/2024\/07\/custom-cookware-detail-1.webp 790w, https:\/\/www.hg-cooker.com\/wp-content\/uploads\/2024\/07\/custom-cookware-detail-1-125x150.webp 125w, https:\/\/www.hg-cooker.com\/wp-content\/uploads\/2024\/07\/custom-cookware-detail-1-549x660.webp 549w, https:\/\/www.hg-cooker.com\/wp-content\/uploads\/2024\/07\/custom-cookware-detail-1-249x300.webp 249w, https:\/\/www.hg-cooker.com\/wp-content\/uploads\/2024\/07\/custom-cookware-detail-1-768x924.webp 768w, https:\/\/www.hg-cooker.com\/wp-content\/uploads\/2024\/07\/custom-cookware-detail-1-10x12.webp 10w, https:\/\/www.hg-cooker.com\/wp-content\/uploads\/2024\/07\/custom-cookware-detail-1-285x343.webp 285w\" sizes=\"(max-width: 790px) 100vw, 790px\" \/><\/figure>\n<\/div>\n\n\n\n<div class=\"wp-block-column is-layout-flow wp-block-column-is-layout-flow\">\n<figure class=\"wp-block-image size-full\"><img decoding=\"async\" width=\"790\" height=\"950\" src=\"https:\/\/www.hg-cooker.com\/wp-content\/uploads\/2024\/07\/custom-cookware-detail-2.webp\" alt=\"pormenor de utens\u00edlios de cozinha personalizados (2)\" class=\"wp-image-4684\" srcset=\"https:\/\/www.hg-cooker.com\/wp-content\/uploads\/2024\/07\/custom-cookware-detail-2.webp 790w, https:\/\/www.hg-cooker.com\/wp-content\/uploads\/2024\/07\/custom-cookware-detail-2-125x150.webp 125w, https:\/\/www.hg-cooker.com\/wp-content\/uploads\/2024\/07\/custom-cookware-detail-2-549x660.webp 549w, https:\/\/www.hg-cooker.com\/wp-content\/uploads\/2024\/07\/custom-cookware-detail-2-249x300.webp 249w, https:\/\/www.hg-cooker.com\/wp-content\/uploads\/2024\/07\/custom-cookware-detail-2-768x924.webp 768w, https:\/\/www.hg-cooker.com\/wp-content\/uploads\/2024\/07\/custom-cookware-detail-2-10x12.webp 10w, https:\/\/www.hg-cooker.com\/wp-content\/uploads\/2024\/07\/custom-cookware-detail-2-285x343.webp 285w\" sizes=\"(max-width: 790px) 100vw, 790px\" \/><\/figure>\n<\/div>\n<\/div>\n\n\n\n<div class=\"wp-block-columns is-layout-flex wp-container-core-columns-is-layout-9d6595d7 wp-block-columns-is-layout-flex\">\n<div class=\"wp-block-column is-layout-flow wp-block-column-is-layout-flow\">\n<figure class=\"wp-block-image size-full\"><img decoding=\"async\" width=\"790\" height=\"790\" src=\"https:\/\/www.hg-cooker.com\/wp-content\/uploads\/2024\/07\/Regular-Stainless-Steel-Cookware-Dimensions-1.webp\" alt=\"Dimens\u00f5es dos utens\u00edlios de cozinha normais em a\u00e7o inoxid\u00e1vel (1)\" class=\"wp-image-4685\" srcset=\"https:\/\/www.hg-cooker.com\/wp-content\/uploads\/2024\/07\/Regular-Stainless-Steel-Cookware-Dimensions-1.webp 790w, https:\/\/www.hg-cooker.com\/wp-content\/uploads\/2024\/07\/Regular-Stainless-Steel-Cookware-Dimensions-1-150x150.webp 150w, https:\/\/www.hg-cooker.com\/wp-content\/uploads\/2024\/07\/Regular-Stainless-Steel-Cookware-Dimensions-1-660x660.webp 660w, https:\/\/www.hg-cooker.com\/wp-content\/uploads\/2024\/07\/Regular-Stainless-Steel-Cookware-Dimensions-1-300x300.webp 300w, https:\/\/www.hg-cooker.com\/wp-content\/uploads\/2024\/07\/Regular-Stainless-Steel-Cookware-Dimensions-1-768x768.webp 768w, https:\/\/www.hg-cooker.com\/wp-content\/uploads\/2024\/07\/Regular-Stainless-Steel-Cookware-Dimensions-1-12x12.webp 12w, https:\/\/www.hg-cooker.com\/wp-content\/uploads\/2024\/07\/Regular-Stainless-Steel-Cookware-Dimensions-1-285x285.webp 285w, https:\/\/www.hg-cooker.com\/wp-content\/uploads\/2024\/07\/Regular-Stainless-Steel-Cookware-Dimensions-1-270x270.webp 270w, https:\/\/www.hg-cooker.com\/wp-content\/uploads\/2024\/07\/Regular-Stainless-Steel-Cookware-Dimensions-1-540x540.webp 540w\" sizes=\"(max-width: 790px) 100vw, 790px\" \/><\/figure>\n<\/div>\n\n\n\n<div class=\"wp-block-column is-layout-flow wp-block-column-is-layout-flow\">\n<figure class=\"wp-block-image size-full\"><img loading=\"lazy\" decoding=\"async\" width=\"790\" height=\"790\" src=\"https:\/\/www.hg-cooker.com\/wp-content\/uploads\/2024\/07\/Regular-Stainless-Steel-Cookware-Dimensions-2.webp\" alt=\"Trem de cozinha normal em a\u00e7o inoxid\u00e1vel Dimens\u00f5es (2)\" class=\"wp-image-4686\" srcset=\"https:\/\/www.hg-cooker.com\/wp-content\/uploads\/2024\/07\/Regular-Stainless-Steel-Cookware-Dimensions-2.webp 790w, https:\/\/www.hg-cooker.com\/wp-content\/uploads\/2024\/07\/Regular-Stainless-Steel-Cookware-Dimensions-2-150x150.webp 150w, https:\/\/www.hg-cooker.com\/wp-content\/uploads\/2024\/07\/Regular-Stainless-Steel-Cookware-Dimensions-2-660x660.webp 660w, https:\/\/www.hg-cooker.com\/wp-content\/uploads\/2024\/07\/Regular-Stainless-Steel-Cookware-Dimensions-2-300x300.webp 300w, https:\/\/www.hg-cooker.com\/wp-content\/uploads\/2024\/07\/Regular-Stainless-Steel-Cookware-Dimensions-2-768x768.webp 768w, https:\/\/www.hg-cooker.com\/wp-content\/uploads\/2024\/07\/Regular-Stainless-Steel-Cookware-Dimensions-2-12x12.webp 12w, https:\/\/www.hg-cooker.com\/wp-content\/uploads\/2024\/07\/Regular-Stainless-Steel-Cookware-Dimensions-2-285x285.webp 285w, https:\/\/www.hg-cooker.com\/wp-content\/uploads\/2024\/07\/Regular-Stainless-Steel-Cookware-Dimensions-2-270x270.webp 270w, https:\/\/www.hg-cooker.com\/wp-content\/uploads\/2024\/07\/Regular-Stainless-Steel-Cookware-Dimensions-2-540x540.webp 540w\" sizes=\"(max-width: 790px) 100vw, 790px\" \/><\/figure>\n<\/div>\n<\/div>","protected":false},"excerpt":{"rendered":"<p>Conjunto de panelas de a\u00e7o inoxid\u00e1vel triplo personaliz\u00e1vel por atacado, incluindo panela de leite e panela de guisado, todo o corpo da panela \u00e9 feito de a\u00e7o inoxid\u00e1vel triplo, que tem melhor durabilidade e condutividade t\u00e9rmica do que outras panelas de a\u00e7o inoxid\u00e1vel. Este conjunto satisfaz perfeitamente as necessidades das cozinhas dom\u00e9sticas e comerciais. As op\u00e7\u00f5es de personaliza\u00e7\u00e3o incluem material, forma, tamanho, embalagem, etc., bem-vindo a contactar-nos.<\/p>\n<h3>Carater\u00edsticas do conjunto de panelas de a\u00e7o inoxid\u00e1vel Tri Ply<\/h3>\n<div>\n<p><strong>Servi\u00e7o personalizado:<\/strong> Fornecemos servi\u00e7os abrangentes de utens\u00edlios de cozinha personalizados OEM e ODM, incluindo tamanho, forma, revestimento e embalagem de utens\u00edlios de cozinha personalizados, adequados para cozinhas comerciais e fornecedores de utens\u00edlios de cozinha de marca que precisam de utens\u00edlios de cozinha exclusivos.<\/p>\n<p><strong>Ampla aplica\u00e7\u00e3o:<\/strong> Os utens\u00edlios de cozinha fabricados pela Hennguang adoptam um fundo triplo de a\u00e7o inoxid\u00e1vel, que \u00e9 adequado para uma variedade de fog\u00f5es, incluindo fog\u00f5es de indu\u00e7\u00e3o, fog\u00f5es a g\u00e1s, fog\u00f5es de radia\u00e7\u00e3o e fog\u00f5es de halog\u00e9neo.<\/p>\n<p><strong>Artesanato de alta qualidade:<\/strong> Estes utens\u00edlios de cozinha de tr\u00eas camadas adoptam uma tecnologia avan\u00e7ada de liga\u00e7\u00e3o e soldadura sem costuras, t\u00eam uma vida \u00fatil mais longa e evitam eficazmente a acumula\u00e7\u00e3o de res\u00edduos alimentares.<\/p>\n<p><strong>Seguran\u00e7a e sa\u00fade:<\/strong> As superf\u00edcies de contacto do conjunto de utens\u00edlios de cozinha em a\u00e7o inoxid\u00e1vel adoptam a\u00e7o inoxid\u00e1vel 304 de qualidade alimentar espessado, que tem uma boa resist\u00eancia \u00e0 corros\u00e3o e \u00e9 muito seguro para o contacto com os alimentos, ajudando-o a cozinhar alimentos saud\u00e1veis.<\/p>\n<p><strong>Exporta\u00e7\u00e3o e apoio a n\u00edvel mundial:<\/strong> A nossa equipa experiente pode assegurar o fornecimento de solu\u00e7\u00f5es de utens\u00edlios de cozinha personalizadas e apoio para diferentes mercados.<\/p>\n<\/div>","protected":false},"featured_media":4720,"comment_status":"closed","ping_status":"closed","template":"","meta":[],"product_brand":[],"product_cat":[52],"product_tag":[],"class_list":{"0":"post-4063","1":"product","2":"type-product","3":"status-publish","4":"has-post-thumbnail","6":"product_cat-stainless-steel-cookware","8":"first","9":"instock","10":"shipping-taxable","11":"product-type-simple"},"_links":{"self":[{"href":"https:\/\/www.hg-cooker.com\/pt\/wp-json\/wp\/v2\/product\/4063","targetHints":{"allow":["GET"]}}],"collection":[{"href":"https:\/\/www.hg-cooker.com\/pt\/wp-json\/wp\/v2\/product"}],"about":[{"href":"https:\/\/www.hg-cooker.com\/pt\/wp-json\/wp\/v2\/types\/product"}],"replies":[{"embeddable":true,"href":"https:\/\/www.hg-cooker.com\/pt\/wp-json\/wp\/v2\/comments?post=4063"}],"wp:featuredmedia":[{"embeddable":true,"href":"https:\/\/www.hg-cooker.com\/pt\/wp-json\/wp\/v2\/media\/4720"}],"wp:attachment":[{"href":"https:\/\/www.hg-cooker.com\/pt\/wp-json\/wp\/v2\/media?parent=4063"}],"wp:term":[{"taxonomy":"product_brand","embeddable":true,"href":"https:\/\/www.hg-cooker.com\/pt\/wp-json\/wp\/v2\/product_brand?post=4063"},{"taxonomy":"product_cat","embeddable":true,"href":"https:\/\/www.hg-cooker.com\/pt\/wp-json\/wp\/v2\/product_cat?post=4063"},{"taxonomy":"product_tag","embeddable":true,"href":"https:\/\/www.hg-cooker.com\/pt\/wp-json\/wp\/v2\/product_tag?post=4063"}],"curies":[{"name":"wp","href":"https:\/\/api.w.org\/{rel}","templated":true}]}}