{"id":4045,"date":"2025-09-10T12:52:08","date_gmt":"2025-09-10T12:52:08","guid":{"rendered":"https:\/\/www.hg-cooker.com\/?post_type=product&#038;p=4045"},"modified":"2025-09-13T01:36:14","modified_gmt":"2025-09-13T01:36:14","slug":"pote-de-leite-fervente-de-aco-inoxidavel-por-atacado-12","status":"publish","type":"product","link":"https:\/\/www.hg-cooker.com\/pt\/produto\/pote-de-leite-fervente-de-aco-inoxidavel-por-atacado-12\/","title":{"rendered":"Conjunto de panelas de indu\u00e7\u00e3o antiaderente por atacado, vendas diretas da f\u00e1brica de panelas de a\u00e7o inoxid\u00e1vel Tri Ply"},"content":{"rendered":"<div class=\"wp-block-columns is-layout-flex wp-container-core-columns-is-layout-9d6595d7 wp-block-columns-is-layout-flex\">\n<div class=\"wp-block-column is-layout-flow wp-block-column-is-layout-flow\">\n<h3 class=\"wp-block-heading\">Par\u00e2metros do conjunto de panelas de indu\u00e7\u00e3o antiaderente<\/h3>\n\n\n\n<figure class=\"wp-block-table\"><table class=\"has-fixed-layout\"><tbody><tr><td>Nome do produto<\/td><td>Conjunto de panelas de indu\u00e7\u00e3o antiaderentes<\/td><\/tr><tr><td>Material do produto<\/td><td>A\u00e7o inoxid\u00e1vel 304 e a\u00e7o inoxid\u00e1vel composto de tr\u00eas camadas<\/td><\/tr><tr><td>Especifica\u00e7\u00f5es do produto<\/td><td>Frigideira em forma de favo de mel: 24cm \/ 26cm; <br>Leiteira em a\u00e7o inoxid\u00e1vel: 14cm \/ 16cm \/ 18cm<\/td><\/tr><tr><td>Fog\u00f5es aplic\u00e1veis<\/td><td>Fog\u00e3o radiante, Fog\u00e3o de halog\u00e9neo, Fog\u00e3o a g\u00e1s, Fog\u00e3o de indu\u00e7\u00e3o<\/td><\/tr><\/tbody><\/table><\/figure>\n\n\n\n<h3 class=\"wp-block-heading\">Op\u00e7\u00f5es de utens\u00edlios de cozinha personalizados<\/h3>\n\n\n\n<figure class=\"wp-block-table\"><table class=\"has-fixed-layout\"><tbody><tr><td>Op\u00e7\u00f5es personalizadas<\/td><td>Detalhes<\/td><\/tr><tr><td>Log\u00f3tipo<\/td><td>Personalize o log\u00f3tipo da sua marca no produto e na embalagem.<\/td><\/tr><tr><td>Material<\/td><td>A\u00e7o inoxid\u00e1vel triplo\/304 A\u00e7o inoxid\u00e1vel\/316 A\u00e7o inoxid\u00e1vel<\/td><\/tr><tr><td>Revestimento<\/td><td>Revestimento antiaderente\/Combina\u00e7\u00e3o de mel Revestimento antiaderente f\u00edsico\/A\u00e7o inoxid\u00e1vel (sem revestimento)<\/td><\/tr><tr><td>Tamanho<\/td><td>Tamanhos de utens\u00edlios de cozinha personalizados.<\/td><\/tr><tr><td>Embalagem<\/td><td>Caixa de cart\u00e3o, caixa de cor<\/td><\/tr><\/tbody><\/table><\/figure>\n<\/div>\n<\/div>\n\n\n\n<div class=\"wp-block-columns is-layout-flex wp-container-core-columns-is-layout-9d6595d7 wp-block-columns-is-layout-flex\">\n<div class=\"wp-block-column is-layout-flow wp-block-column-is-layout-flow\">\n<figure class=\"wp-block-image size-full\"><img fetchpriority=\"high\" decoding=\"async\" width=\"790\" height=\"750\" src=\"https:\/\/www.hg-cooker.com\/wp-content\/uploads\/2024\/07\/Parameters-of-the-milk-pot.webp\" alt=\"Par\u00e2metros do pote de leite\" class=\"wp-image-4616\" srcset=\"https:\/\/www.hg-cooker.com\/wp-content\/uploads\/2024\/07\/Parameters-of-the-milk-pot.webp 790w, https:\/\/www.hg-cooker.com\/wp-content\/uploads\/2024\/07\/Parameters-of-the-milk-pot-150x142.webp 150w, https:\/\/www.hg-cooker.com\/wp-content\/uploads\/2024\/07\/Parameters-of-the-milk-pot-660x627.webp 660w, https:\/\/www.hg-cooker.com\/wp-content\/uploads\/2024\/07\/Parameters-of-the-milk-pot-300x285.webp 300w, https:\/\/www.hg-cooker.com\/wp-content\/uploads\/2024\/07\/Parameters-of-the-milk-pot-768x729.webp 768w, https:\/\/www.hg-cooker.com\/wp-content\/uploads\/2024\/07\/Parameters-of-the-milk-pot-13x12.webp 13w, https:\/\/www.hg-cooker.com\/wp-content\/uploads\/2024\/07\/Parameters-of-the-milk-pot-285x271.webp 285w\" sizes=\"(max-width: 790px) 100vw, 790px\" \/><\/figure>\n<\/div>\n\n\n\n<div class=\"wp-block-column is-layout-flow wp-block-column-is-layout-flow\">\n<figure class=\"wp-block-image size-full\"><img decoding=\"async\" width=\"790\" height=\"750\" src=\"https:\/\/www.hg-cooker.com\/wp-content\/uploads\/2024\/07\/Parameters-of-the-frying-pan.webp\" alt=\"Par\u00e2metros da frigideira\" class=\"wp-image-4615\" srcset=\"https:\/\/www.hg-cooker.com\/wp-content\/uploads\/2024\/07\/Parameters-of-the-frying-pan.webp 790w, https:\/\/www.hg-cooker.com\/wp-content\/uploads\/2024\/07\/Parameters-of-the-frying-pan-150x142.webp 150w, https:\/\/www.hg-cooker.com\/wp-content\/uploads\/2024\/07\/Parameters-of-the-frying-pan-660x627.webp 660w, https:\/\/www.hg-cooker.com\/wp-content\/uploads\/2024\/07\/Parameters-of-the-frying-pan-300x285.webp 300w, https:\/\/www.hg-cooker.com\/wp-content\/uploads\/2024\/07\/Parameters-of-the-frying-pan-768x729.webp 768w, https:\/\/www.hg-cooker.com\/wp-content\/uploads\/2024\/07\/Parameters-of-the-frying-pan-13x12.webp 13w, https:\/\/www.hg-cooker.com\/wp-content\/uploads\/2024\/07\/Parameters-of-the-frying-pan-285x271.webp 285w\" sizes=\"(max-width: 790px) 100vw, 790px\" \/><\/figure>\n<\/div>\n<\/div>\n\n\n\n<div class=\"wp-block-columns is-layout-flex wp-container-core-columns-is-layout-9d6595d7 wp-block-columns-is-layout-flex\">\n<div class=\"wp-block-column is-layout-flow wp-block-column-is-layout-flow\">\n<figure class=\"wp-block-image size-full\"><img decoding=\"async\" width=\"790\" height=\"1234\" src=\"https:\/\/www.hg-cooker.com\/wp-content\/uploads\/2024\/07\/Induction-Cookware-Set-Detail-1.webp\" alt=\"Detalhe do conjunto de utens\u00edlios de cozinha de indu\u00e7\u00e3o (1)\" class=\"wp-image-4613\" srcset=\"https:\/\/www.hg-cooker.com\/wp-content\/uploads\/2024\/07\/Induction-Cookware-Set-Detail-1.webp 790w, https:\/\/www.hg-cooker.com\/wp-content\/uploads\/2024\/07\/Induction-Cookware-Set-Detail-1-96x150.webp 96w, https:\/\/www.hg-cooker.com\/wp-content\/uploads\/2024\/07\/Induction-Cookware-Set-Detail-1-423x660.webp 423w, https:\/\/www.hg-cooker.com\/wp-content\/uploads\/2024\/07\/Induction-Cookware-Set-Detail-1-192x300.webp 192w, https:\/\/www.hg-cooker.com\/wp-content\/uploads\/2024\/07\/Induction-Cookware-Set-Detail-1-768x1200.webp 768w, https:\/\/www.hg-cooker.com\/wp-content\/uploads\/2024\/07\/Induction-Cookware-Set-Detail-1-8x12.webp 8w, https:\/\/www.hg-cooker.com\/wp-content\/uploads\/2024\/07\/Induction-Cookware-Set-Detail-1-285x445.webp 285w\" sizes=\"(max-width: 790px) 100vw, 790px\" \/><\/figure>\n<\/div>\n\n\n\n<div class=\"wp-block-column is-layout-flow wp-block-column-is-layout-flow\">\n<figure class=\"wp-block-image size-full\"><img loading=\"lazy\" decoding=\"async\" width=\"790\" height=\"1234\" src=\"https:\/\/www.hg-cooker.com\/wp-content\/uploads\/2024\/07\/Induction-Cookware-Set-Detail-2.webp\" alt=\"Detalhe do conjunto de utens\u00edlios de cozinha de indu\u00e7\u00e3o (2)\" class=\"wp-image-4614\" srcset=\"https:\/\/www.hg-cooker.com\/wp-content\/uploads\/2024\/07\/Induction-Cookware-Set-Detail-2.webp 790w, https:\/\/www.hg-cooker.com\/wp-content\/uploads\/2024\/07\/Induction-Cookware-Set-Detail-2-96x150.webp 96w, https:\/\/www.hg-cooker.com\/wp-content\/uploads\/2024\/07\/Induction-Cookware-Set-Detail-2-423x660.webp 423w, https:\/\/www.hg-cooker.com\/wp-content\/uploads\/2024\/07\/Induction-Cookware-Set-Detail-2-192x300.webp 192w, https:\/\/www.hg-cooker.com\/wp-content\/uploads\/2024\/07\/Induction-Cookware-Set-Detail-2-768x1200.webp 768w, https:\/\/www.hg-cooker.com\/wp-content\/uploads\/2024\/07\/Induction-Cookware-Set-Detail-2-8x12.webp 8w, https:\/\/www.hg-cooker.com\/wp-content\/uploads\/2024\/07\/Induction-Cookware-Set-Detail-2-285x445.webp 285w\" sizes=\"(max-width: 790px) 100vw, 790px\" \/><\/figure>\n<\/div>\n<\/div>\n\n\n\n<p><\/p>","protected":false},"excerpt":{"rendered":"<p>Conjunto de utens\u00edlios de cozinha de indu\u00e7\u00e3o antiaderente por atacado, este conjunto de utens\u00edlios de cozinha \u00e9 feito de a\u00e7o triplamente inoxid\u00e1vel e suporta a cozedura com fog\u00f5es de indu\u00e7\u00e3o. Este conjunto de utens\u00edlios de cozinha inclui uma panela de leite e uma frigideira, que podem ajud\u00e1-lo a realizar v\u00e1rias tarefas culin\u00e1rias, como cozinhar sopa, fritar, fazer molhos e muito mais. Fornecemos v\u00e1rios estilos de utens\u00edlios de cozinha para combinar, agradecemos aos grossistas e distribuidores que nos contactem.<\/p>\n<h3>Carater\u00edsticas e vantagens do conjunto de panelas de indu\u00e7\u00e3o antiaderente<\/h3>\n<div>\n<p><strong>Boa durabilidade:<\/strong> O conjunto de utens\u00edlios de cozinha \u00e9 feito de material espesso de a\u00e7o inoxid\u00e1vel triplo de alta qualidade, que pode manter o seu brilho e desempenho durante muito tempo, adequado para cozinhas dom\u00e9sticas e comerciais de utiliza\u00e7\u00e3o frequente.<\/p>\n<p><strong>Design elegante:<\/strong> Este conjunto de utens\u00edlios de cozinha adopta um design simples e elegante, que pode combinar perfeitamente com qualquer estilo e decora\u00e7\u00e3o de cozinha, real\u00e7ando a beleza geral da cozinha.<\/p>\n<p><strong>Conce\u00e7\u00e3o pr\u00e1tica:<\/strong> Adopta uma pega resistente ao calor especialmente concebida para evitar queimaduras nas m\u00e3os. Al\u00e9m disso, este utens\u00edlio de cozinha tem um excelente equil\u00edbrio de peso, uma pega confort\u00e1vel, \u00e9 leve e f\u00e1cil de utilizar.<\/p>\n<p><strong>Op\u00e7\u00f5es de revestimento:<\/strong> Fornecemos duas op\u00e7\u00f5es de revestimento antiaderente em favo de mel e sem revestimento para satisfazer as necessidades de diferentes utilizadores.<\/p>\n<p><strong>Servi\u00e7o OEM&amp;ODM:<\/strong> Fornecemos solu\u00e7\u00f5es completas por atacado e personalizadas para utens\u00edlios de cozinha, incluindo materiais personalizados, especifica\u00e7\u00f5es, design funcional e solu\u00e7\u00f5es de embalagem personalizadas.<br \/><a href=\"https:\/\/www.hg-cooker.com\/pt\/sulucao-personalizada\/\" target=\"_blank\" rel=\"noopener\"><strong>Saiba mais sobre os pormenores dos utens\u00edlios de cozinha personalizados<\/strong><\/a><\/p>\n<\/div>","protected":false},"featured_media":4617,"comment_status":"open","ping_status":"closed","template":"","meta":[],"product_brand":[],"product_cat":[52],"product_tag":[],"class_list":{"0":"post-4045","1":"product","2":"type-product","3":"status-publish","4":"has-post-thumbnail","6":"product_cat-stainless-steel-cookware","8":"first","9":"instock","10":"shipping-taxable","11":"product-type-simple"},"_links":{"self":[{"href":"https:\/\/www.hg-cooker.com\/pt\/wp-json\/wp\/v2\/product\/4045","targetHints":{"allow":["GET"]}}],"collection":[{"href":"https:\/\/www.hg-cooker.com\/pt\/wp-json\/wp\/v2\/product"}],"about":[{"href":"https:\/\/www.hg-cooker.com\/pt\/wp-json\/wp\/v2\/types\/product"}],"replies":[{"embeddable":true,"href":"https:\/\/www.hg-cooker.com\/pt\/wp-json\/wp\/v2\/comments?post=4045"}],"wp:featuredmedia":[{"embeddable":true,"href":"https:\/\/www.hg-cooker.com\/pt\/wp-json\/wp\/v2\/media\/4617"}],"wp:attachment":[{"href":"https:\/\/www.hg-cooker.com\/pt\/wp-json\/wp\/v2\/media?parent=4045"}],"wp:term":[{"taxonomy":"product_brand","embeddable":true,"href":"https:\/\/www.hg-cooker.com\/pt\/wp-json\/wp\/v2\/product_brand?post=4045"},{"taxonomy":"product_cat","embeddable":true,"href":"https:\/\/www.hg-cooker.com\/pt\/wp-json\/wp\/v2\/product_cat?post=4045"},{"taxonomy":"product_tag","embeddable":true,"href":"https:\/\/www.hg-cooker.com\/pt\/wp-json\/wp\/v2\/product_tag?post=4045"}],"curies":[{"name":"wp","href":"https:\/\/api.w.org\/{rel}","templated":true}]}}