{"id":4032,"date":"2025-09-11T10:48:55","date_gmt":"2025-09-11T10:48:55","guid":{"rendered":"https:\/\/www.hg-cooker.com\/?post_type=product&#038;p=4032"},"modified":"2025-09-13T01:59:43","modified_gmt":"2025-09-13T01:59:43","slug":"pote-de-leite-fervente-de-aco-inoxidavel-por-atacado-11","status":"publish","type":"product","link":"https:\/\/www.hg-cooker.com\/pt\/produto\/pote-de-leite-fervente-de-aco-inoxidavel-por-atacado-11\/","title":{"rendered":"Conjunto de panelas de 2 pe\u00e7as por atacado \uff0c Panelas de cozinha comercial de alta qualidade - Fabricantes de panelas Hengguang"},"content":{"rendered":"<div class=\"wp-block-columns is-layout-flex wp-container-core-columns-is-layout-9d6595d7 wp-block-columns-is-layout-flex\">\n<div class=\"wp-block-column is-layout-flow wp-block-column-is-layout-flow\">\n<h3 class=\"wp-block-heading\">Par\u00e2metros do conjunto de panelas de 2 pe\u00e7as<\/h3>\n\n\n\n<figure class=\"wp-block-table\"><table class=\"has-fixed-layout\"><tbody><tr><td>Nome do produto<\/td><td>Conjunto de panelas de 2 pe\u00e7as<\/td><\/tr><tr><td>Material do produto<\/td><td>A\u00e7o inoxid\u00e1vel 304 e a\u00e7o inoxid\u00e1vel composto de tr\u00eas camadas<\/td><\/tr><tr><td rowspan=\"2\">Especifica\u00e7\u00f5es do produto<\/td><td>Wok em forma de favo de mel: 32cm<\/td><\/tr><tr><td>Boi\u00e3o de leite em a\u00e7o inoxid\u00e1vel: 14cm \/ 16cm \/ 18cm<\/td><\/tr><tr><td>Fog\u00e3o adequado<\/td><td>Fog\u00e3o radiante, Forno de halog\u00e9neo, Fog\u00e3o a g\u00e1s, Fog\u00e3o de indu\u00e7\u00e3o<\/td><\/tr><\/tbody><\/table><\/figure>\n\n\n\n<h2 class=\"wp-block-heading\">Op\u00e7\u00f5es de utens\u00edlios de cozinha personalizados<\/h2>\n\n\n\n<p><strong>Log\u00f3tipo<\/strong>: Personalize o log\u00f3tipo da sua marca no produto e na embalagem.<br><br><strong>Material<\/strong>: A\u00e7o inoxid\u00e1vel triplo \/ a\u00e7o inoxid\u00e1vel 304 \/ a\u00e7o inoxid\u00e1vel 316<br><br><strong>Revestimento<\/strong>: Revestimento antiaderente f\u00edsico em favo de mel \/ A\u00e7o inoxid\u00e1vel (sem revestimento)<br><br><strong>Tamanho<\/strong>: Personalizar os tamanhos dos utens\u00edlios de cozinha<br><br><strong>Embalagem<\/strong>:caixa de cart\u00e3o\/cor.<\/p>\n\n\n\n<p><a href=\"https:\/\/www.hg-cooker.com\/pt\/custom-solution\/\" data-type=\"page\" data-id=\"2793\" target=\"_blank\" rel=\"noreferrer noopener\">Explorar mais pormenores sobre utens\u00edlios de cozinha personalizados<\/a><\/p>\n<\/div>\n<\/div>\n\n\n\n<div class=\"wp-block-columns is-layout-flex wp-container-core-columns-is-layout-9d6595d7 wp-block-columns-is-layout-flex\">\n<div class=\"wp-block-column is-layout-flow wp-block-column-is-layout-flow\">\n<figure class=\"wp-block-image size-full\"><img fetchpriority=\"high\" decoding=\"async\" width=\"790\" height=\"1298\" src=\"https:\/\/www.hg-cooker.com\/wp-content\/uploads\/2024\/07\/2-piece-cookware-Set-Detail-1.webp\" alt=\"Conjunto de panelas de 2 pe\u00e7as Detalhe (1)\" class=\"wp-image-4693\" srcset=\"https:\/\/www.hg-cooker.com\/wp-content\/uploads\/2024\/07\/2-piece-cookware-Set-Detail-1.webp 790w, https:\/\/www.hg-cooker.com\/wp-content\/uploads\/2024\/07\/2-piece-cookware-Set-Detail-1-91x150.webp 91w, https:\/\/www.hg-cooker.com\/wp-content\/uploads\/2024\/07\/2-piece-cookware-Set-Detail-1-402x660.webp 402w, https:\/\/www.hg-cooker.com\/wp-content\/uploads\/2024\/07\/2-piece-cookware-Set-Detail-1-183x300.webp 183w, https:\/\/www.hg-cooker.com\/wp-content\/uploads\/2024\/07\/2-piece-cookware-Set-Detail-1-768x1262.webp 768w, https:\/\/www.hg-cooker.com\/wp-content\/uploads\/2024\/07\/2-piece-cookware-Set-Detail-1-7x12.webp 7w, https:\/\/www.hg-cooker.com\/wp-content\/uploads\/2024\/07\/2-piece-cookware-Set-Detail-1-285x468.webp 285w\" sizes=\"(max-width: 790px) 100vw, 790px\" \/><\/figure>\n<\/div>\n\n\n\n<div class=\"wp-block-column is-layout-flow wp-block-column-is-layout-flow\">\n<figure class=\"wp-block-image size-full\"><img decoding=\"async\" width=\"790\" height=\"1300\" src=\"https:\/\/www.hg-cooker.com\/wp-content\/uploads\/2024\/07\/2-piece-cookware-Set-Detail-2.webp\" alt=\"Conjunto de panelas de 2 pe\u00e7as Detalhe (2)\" class=\"wp-image-4694\" srcset=\"https:\/\/www.hg-cooker.com\/wp-content\/uploads\/2024\/07\/2-piece-cookware-Set-Detail-2.webp 790w, https:\/\/www.hg-cooker.com\/wp-content\/uploads\/2024\/07\/2-piece-cookware-Set-Detail-2-91x150.webp 91w, https:\/\/www.hg-cooker.com\/wp-content\/uploads\/2024\/07\/2-piece-cookware-Set-Detail-2-401x660.webp 401w, https:\/\/www.hg-cooker.com\/wp-content\/uploads\/2024\/07\/2-piece-cookware-Set-Detail-2-182x300.webp 182w, https:\/\/www.hg-cooker.com\/wp-content\/uploads\/2024\/07\/2-piece-cookware-Set-Detail-2-768x1264.webp 768w, https:\/\/www.hg-cooker.com\/wp-content\/uploads\/2024\/07\/2-piece-cookware-Set-Detail-2-7x12.webp 7w, https:\/\/www.hg-cooker.com\/wp-content\/uploads\/2024\/07\/2-piece-cookware-Set-Detail-2-285x469.webp 285w\" sizes=\"(max-width: 790px) 100vw, 790px\" \/><\/figure>\n<\/div>\n<\/div>\n\n\n\n<div class=\"wp-block-columns is-layout-flex wp-container-core-columns-is-layout-9d6595d7 wp-block-columns-is-layout-flex\">\n<div class=\"wp-block-column is-layout-flow wp-block-column-is-layout-flow\">\n<figure class=\"wp-block-image size-full\"><img decoding=\"async\" width=\"790\" height=\"750\" src=\"https:\/\/www.hg-cooker.com\/wp-content\/uploads\/2024\/07\/2-piece-cookware-Set-Sizes-1.webp\" alt=\"Conjunto de panelas de 2 pe\u00e7as Tamanhos (1)\" class=\"wp-image-4695\" srcset=\"https:\/\/www.hg-cooker.com\/wp-content\/uploads\/2024\/07\/2-piece-cookware-Set-Sizes-1.webp 790w, https:\/\/www.hg-cooker.com\/wp-content\/uploads\/2024\/07\/2-piece-cookware-Set-Sizes-1-150x142.webp 150w, https:\/\/www.hg-cooker.com\/wp-content\/uploads\/2024\/07\/2-piece-cookware-Set-Sizes-1-660x627.webp 660w, https:\/\/www.hg-cooker.com\/wp-content\/uploads\/2024\/07\/2-piece-cookware-Set-Sizes-1-300x285.webp 300w, https:\/\/www.hg-cooker.com\/wp-content\/uploads\/2024\/07\/2-piece-cookware-Set-Sizes-1-768x729.webp 768w, https:\/\/www.hg-cooker.com\/wp-content\/uploads\/2024\/07\/2-piece-cookware-Set-Sizes-1-13x12.webp 13w, https:\/\/www.hg-cooker.com\/wp-content\/uploads\/2024\/07\/2-piece-cookware-Set-Sizes-1-285x271.webp 285w\" sizes=\"(max-width: 790px) 100vw, 790px\" \/><\/figure>\n<\/div>\n\n\n\n<div class=\"wp-block-column is-layout-flow wp-block-column-is-layout-flow\">\n<figure class=\"wp-block-image size-full\"><img loading=\"lazy\" decoding=\"async\" width=\"790\" height=\"750\" src=\"https:\/\/www.hg-cooker.com\/wp-content\/uploads\/2024\/07\/2-piece-cookware-Set-Sizes-2.webp\" alt=\"Conjunto de panelas de 2 pe\u00e7as Tamanhos (2)\" class=\"wp-image-4696\" srcset=\"https:\/\/www.hg-cooker.com\/wp-content\/uploads\/2024\/07\/2-piece-cookware-Set-Sizes-2.webp 790w, https:\/\/www.hg-cooker.com\/wp-content\/uploads\/2024\/07\/2-piece-cookware-Set-Sizes-2-150x142.webp 150w, https:\/\/www.hg-cooker.com\/wp-content\/uploads\/2024\/07\/2-piece-cookware-Set-Sizes-2-660x627.webp 660w, https:\/\/www.hg-cooker.com\/wp-content\/uploads\/2024\/07\/2-piece-cookware-Set-Sizes-2-300x285.webp 300w, https:\/\/www.hg-cooker.com\/wp-content\/uploads\/2024\/07\/2-piece-cookware-Set-Sizes-2-768x729.webp 768w, https:\/\/www.hg-cooker.com\/wp-content\/uploads\/2024\/07\/2-piece-cookware-Set-Sizes-2-13x12.webp 13w, https:\/\/www.hg-cooker.com\/wp-content\/uploads\/2024\/07\/2-piece-cookware-Set-Sizes-2-285x271.webp 285w\" sizes=\"(max-width: 790px) 100vw, 790px\" \/><\/figure>\n<\/div>\n<\/div>\n\n\n\n<p><\/p>","protected":false},"excerpt":{"rendered":"<p>Conjunto de utens\u00edlios de cozinha de 2 pe\u00e7as por atacado, este conjunto de utens\u00edlios de cozinha \u00e9 feito de a\u00e7o inoxid\u00e1vel de tr\u00eas camadas, com boa condutividade t\u00e9rmica e longa vida \u00fatil, compat\u00edvel com fog\u00f5es de indu\u00e7\u00e3o e fog\u00f5es a g\u00e1s, adequado para cozinha dom\u00e9stica e comercial. N\u00f3s fornecemos servi\u00e7os de utens\u00edlios de cozinha por atacado e solu\u00e7\u00f5es de utens\u00edlios de cozinha personalizados, entre em contato conosco.<\/p>\n<h3>Carater\u00edsticas do conjunto de panelas de 2 pe\u00e7as<\/h3>\n<div>\n<p><strong>Resist\u00eancia \u00e0 cozedura a alta temperatura:<\/strong> Este conjunto de utens\u00edlios de cozinha de 2 pe\u00e7as pode suportar uma cozedura a alta temperatura e n\u00e3o \u00e9 f\u00e1cil de deformar. Pode ser utilizado para tarefas de cozedura como fritar, ferver sopa, fritar, etc. \u00c9 a escolha ideal para cozinhas comerciais e chefes de cozinha.<\/p>\n<p><strong>Design de pega longa:<\/strong> O conjunto de panelas de 2 pe\u00e7as est\u00e1 equipado com uma pega longa, que \u00e9 confort\u00e1vel. Pode reduzir eficazmente o risco de queimaduras e \u00e9 adequado para cozinhas comerciais com utiliza\u00e7\u00e3o frequente.<\/p>\n<p><strong>Materiais de alta qualidade:<\/strong> O corpo da panela \u00e9 feito de materiais pesados com uma textura muito boa, o que melhora efetivamente a estabilidade e a durabilidade do utens\u00edlio de cozinha.<\/p>\n<p><strong>Servi\u00e7o grossista:<\/strong> Fornecemos utens\u00edlios de cozinha por atacado a pre\u00e7os de f\u00e1brica, que podem satisfazer as necessidades de compra a granel e encomendas de pequenos lotes.<\/p>\n<p><strong>Servi\u00e7os OEM e ODM:<\/strong> Fornecemos servi\u00e7os de utens\u00edlios de cozinha personalizados OEM&amp;ODM para satisfazer as necessidades de personaliza\u00e7\u00e3o de hot\u00e9is, restaurantes e grossistas, e personalizamos de acordo com as necessidades da sua marca para criar utens\u00edlios de cozinha de marca exclusiva.<\/p>\n<\/div>","protected":false},"featured_media":4697,"comment_status":"closed","ping_status":"closed","template":"","meta":[],"product_brand":[],"product_cat":[52],"product_tag":[],"class_list":{"0":"post-4032","1":"product","2":"type-product","3":"status-publish","4":"has-post-thumbnail","6":"product_cat-stainless-steel-cookware","8":"first","9":"instock","10":"shipping-taxable","11":"product-type-simple"},"_links":{"self":[{"href":"https:\/\/www.hg-cooker.com\/pt\/wp-json\/wp\/v2\/product\/4032","targetHints":{"allow":["GET"]}}],"collection":[{"href":"https:\/\/www.hg-cooker.com\/pt\/wp-json\/wp\/v2\/product"}],"about":[{"href":"https:\/\/www.hg-cooker.com\/pt\/wp-json\/wp\/v2\/types\/product"}],"replies":[{"embeddable":true,"href":"https:\/\/www.hg-cooker.com\/pt\/wp-json\/wp\/v2\/comments?post=4032"}],"wp:featuredmedia":[{"embeddable":true,"href":"https:\/\/www.hg-cooker.com\/pt\/wp-json\/wp\/v2\/media\/4697"}],"wp:attachment":[{"href":"https:\/\/www.hg-cooker.com\/pt\/wp-json\/wp\/v2\/media?parent=4032"}],"wp:term":[{"taxonomy":"product_brand","embeddable":true,"href":"https:\/\/www.hg-cooker.com\/pt\/wp-json\/wp\/v2\/product_brand?post=4032"},{"taxonomy":"product_cat","embeddable":true,"href":"https:\/\/www.hg-cooker.com\/pt\/wp-json\/wp\/v2\/product_cat?post=4032"},{"taxonomy":"product_tag","embeddable":true,"href":"https:\/\/www.hg-cooker.com\/pt\/wp-json\/wp\/v2\/product_tag?post=4032"}],"curies":[{"name":"wp","href":"https:\/\/api.w.org\/{rel}","templated":true}]}}