{"id":3994,"date":"2025-08-20T08:09:37","date_gmt":"2025-08-20T08:09:37","guid":{"rendered":"https:\/\/www.hg-cooker.com\/?post_type=product&#038;p=3994"},"modified":"2025-11-13T02:20:31","modified_gmt":"2025-11-13T02:20:31","slug":"pote-de-leite-fervente-de-aco-inoxidavel-por-atacado-10","status":"publish","type":"product","link":"https:\/\/www.hg-cooker.com\/pt\/produto\/pote-de-leite-fervente-de-aco-inoxidavel-por-atacado-10\/","title":{"rendered":"Panela de press\u00e3o de 3 litros de a\u00e7o inoxid\u00e1vel por atacado - Fabricante de panelas de press\u00e3o Hengguang"},"content":{"rendered":"<div class=\"wp-block-columns is-layout-flex wp-container-core-columns-is-layout-9d6595d7 wp-block-columns-is-layout-flex\">\n<div class=\"wp-block-column is-layout-flow wp-block-column-is-layout-flow\">\n<h2 class=\"wp-block-heading\">Par\u00e2metros da panela de press\u00e3o de 3 litros em a\u00e7o inoxid\u00e1vel<\/h2>\n\n\n\n<figure class=\"wp-block-table\"><table class=\"has-fixed-layout\"><tbody><tr><td>Nome do produto<\/td><td>Material<\/td><td>Estilo<\/td><td>Capacidade<\/td><td>Fog\u00e3o adequado<\/td><\/tr><tr><td>Panela de press\u00e3o pequena<\/td><td>A\u00e7o inoxid\u00e1vel 304# (tampa) + a\u00e7o inoxid\u00e1vel Tri-Ply (corpo da panela)<\/td><td>Parede interior em a\u00e7o inoxid\u00e1vel \/ Parede interior antiaderente<\/td><td>2.5L \/ 3.0L \/ 3.5L \/ 4.0L<\/td><td>Fog\u00e3o a g\u00e1s \/ Chama aberta \/ Fog\u00e3o de indu\u00e7\u00e3o<\/td><\/tr><\/tbody><\/table><\/figure>\n\n\n\n<h3 class=\"wp-block-heading\">Op\u00e7\u00f5es de mini panelas de press\u00e3o personalizadas<\/h3>\n\n\n\n<p><strong>Log\u00f3tipo:<\/strong> Personalize o log\u00f3tipo da sua marca em produtos e embalagens.<br><br><strong>Revestimento:<\/strong> Revestimento antiaderente \/ A\u00e7o inoxid\u00e1vel <br><br><strong>Tamanho: <\/strong>Personalize diferentes tamanhos de panelas de press\u00e3o de acordo com as suas necessidades.<br><br><strong>Embalagem: <\/strong>caixa de cart\u00e3o\/cor.<br><br><a href=\"https:\/\/www.hg-cooker.com\/pt\/custom-solution\/\" data-type=\"page\" data-id=\"2793\" target=\"_blank\" rel=\"noreferrer noopener\"><strong>Saiba mais sobre as solu\u00e7\u00f5es personalizadas para panelas de press\u00e3o.<\/strong><\/a><br><\/p>\n<\/div>\n<\/div>\n\n\n\n<div class=\"wp-block-columns is-layout-flex wp-container-core-columns-is-layout-9d6595d7 wp-block-columns-is-layout-flex\">\n<div class=\"wp-block-column is-layout-flow wp-block-column-is-layout-flow\">\n<figure class=\"wp-block-image size-full\"><img fetchpriority=\"high\" decoding=\"async\" width=\"790\" height=\"1007\" src=\"https:\/\/www.hg-cooker.com\/wp-content\/uploads\/2024\/07\/Stainless-Steel-Pressure-Cooker-Details-5.jpg\" alt=\"Detalhes da panela de press\u00e3o de a\u00e7o inoxid\u00e1vel (5)\" class=\"wp-image-4854\" srcset=\"https:\/\/www.hg-cooker.com\/wp-content\/uploads\/2024\/07\/Stainless-Steel-Pressure-Cooker-Details-5.jpg 790w, https:\/\/www.hg-cooker.com\/wp-content\/uploads\/2024\/07\/Stainless-Steel-Pressure-Cooker-Details-5-118x150.jpg 118w, https:\/\/www.hg-cooker.com\/wp-content\/uploads\/2024\/07\/Stainless-Steel-Pressure-Cooker-Details-5-518x660.jpg 518w, https:\/\/www.hg-cooker.com\/wp-content\/uploads\/2024\/07\/Stainless-Steel-Pressure-Cooker-Details-5-235x300.jpg 235w, https:\/\/www.hg-cooker.com\/wp-content\/uploads\/2024\/07\/Stainless-Steel-Pressure-Cooker-Details-5-768x979.jpg 768w, https:\/\/www.hg-cooker.com\/wp-content\/uploads\/2024\/07\/Stainless-Steel-Pressure-Cooker-Details-5-9x12.jpg 9w, https:\/\/www.hg-cooker.com\/wp-content\/uploads\/2024\/07\/Stainless-Steel-Pressure-Cooker-Details-5-285x363.jpg 285w\" sizes=\"(max-width: 790px) 100vw, 790px\" \/><\/figure>\n<\/div>\n\n\n\n<div class=\"wp-block-column is-layout-flow wp-block-column-is-layout-flow\">\n<figure class=\"wp-block-image size-full\"><img decoding=\"async\" width=\"790\" height=\"1007\" src=\"https:\/\/www.hg-cooker.com\/wp-content\/uploads\/2024\/07\/Stainless-Steel-Pressure-Cooker-Details-6.jpg\" alt=\"Detalhes da panela de press\u00e3o de a\u00e7o inoxid\u00e1vel (6)\" class=\"wp-image-4855\" srcset=\"https:\/\/www.hg-cooker.com\/wp-content\/uploads\/2024\/07\/Stainless-Steel-Pressure-Cooker-Details-6.jpg 790w, https:\/\/www.hg-cooker.com\/wp-content\/uploads\/2024\/07\/Stainless-Steel-Pressure-Cooker-Details-6-118x150.jpg 118w, https:\/\/www.hg-cooker.com\/wp-content\/uploads\/2024\/07\/Stainless-Steel-Pressure-Cooker-Details-6-518x660.jpg 518w, https:\/\/www.hg-cooker.com\/wp-content\/uploads\/2024\/07\/Stainless-Steel-Pressure-Cooker-Details-6-235x300.jpg 235w, https:\/\/www.hg-cooker.com\/wp-content\/uploads\/2024\/07\/Stainless-Steel-Pressure-Cooker-Details-6-768x979.jpg 768w, https:\/\/www.hg-cooker.com\/wp-content\/uploads\/2024\/07\/Stainless-Steel-Pressure-Cooker-Details-6-9x12.jpg 9w, https:\/\/www.hg-cooker.com\/wp-content\/uploads\/2024\/07\/Stainless-Steel-Pressure-Cooker-Details-6-285x363.jpg 285w\" sizes=\"(max-width: 790px) 100vw, 790px\" \/><\/figure>\n<\/div>\n<\/div>","protected":false},"excerpt":{"rendered":"<p>Panelas de press\u00e3o de a\u00e7o inoxid\u00e1vel de 3 litros por atacado, adequadas para uma variedade de fog\u00f5es, para satisfazer as necessidades das cozinhas dom\u00e9sticas e comerciais. E esta panela de press\u00e3o de a\u00e7o inoxid\u00e1vel \u00e9 f\u00e1cil de transportar, pode ser usada para cozinhar ao ar livre, adequada para viagens, acampamentos e outros cen\u00e1rios. Apoiamos OEM e ODM. Contacte-nos para obter um or\u00e7amento.<\/p>\n<h2>Carater\u00edsticas e vantagens da Panela de Press\u00e3o de 3 litros em a\u00e7o inoxid\u00e1vel<\/h2>\n<div>\n<p><strong>Adequado para v\u00e1rios fog\u00f5es:<\/strong> O corpo desta panela de press\u00e3o de a\u00e7o inoxid\u00e1vel de 3 litros \u00e9 feito de a\u00e7o inoxid\u00e1vel de tr\u00eas camadas, adequado para fog\u00f5es a g\u00e1s e fog\u00f5es de indu\u00e7\u00e3o, e recomenda-se a utiliza\u00e7\u00e3o de uma pot\u00eancia de fog\u00e3o de indu\u00e7\u00e3o de 1000w-1500w.<\/p>\n<p><strong>F\u00e1cil de utilizar:<\/strong> Esta panela de press\u00e3o de a\u00e7o inoxid\u00e1vel de 3 litros est\u00e1 equipada com um interrutor de bot\u00e3o, que \u00e9 f\u00e1cil de operar e pode ser utilizado facilmente mesmo por principiantes na cozinha.<\/p>\n<p><strong>M\u00faltiplos dispositivos de prote\u00e7\u00e3o de seguran\u00e7a:<\/strong> As nossas panelas de press\u00e3o por atacado t\u00eam designs de seguran\u00e7a, como v\u00e1lvula limitadora de press\u00e3o, v\u00e1lvula de seguran\u00e7a, v\u00e1lvula de alarme, janela de exaust\u00e3o, etc., que s\u00e3o muito seguros de usar.<\/p>\n<p><strong>Dois estilos:<\/strong> Esta panela de press\u00e3o de a\u00e7o inoxid\u00e1vel oferece duas op\u00e7\u00f5es: parede interior n\u00e3o revestida e parede interior nano revestida a cer\u00e2mica de qualidade alimentar. O nano-revestimento de cer\u00e2mica de qualidade alimentar tem um bom efeito anti-aderente.<\/p>\n<p><strong>M\u00faltiplas op\u00e7\u00f5es de capacidade:<\/strong> A panela de press\u00e3o de 3 litros em a\u00e7o inoxid\u00e1vel mais popular \u00e9 adequada para indiv\u00edduos e fam\u00edlias de 2-4 pessoas. Al\u00e9m disso, tamb\u00e9m fornecemos panelas de press\u00e3o de 2,5L, 3,5L e 4,0L.<\/p>\n<\/div>","protected":false},"featured_media":4856,"comment_status":"closed","ping_status":"closed","template":"","meta":[],"product_brand":[],"product_cat":[54],"product_tag":[],"class_list":{"0":"post-3994","1":"product","2":"type-product","3":"status-publish","4":"has-post-thumbnail","6":"product_cat-pressure-cooker","8":"first","9":"instock","10":"shipping-taxable","11":"product-type-simple"},"_links":{"self":[{"href":"https:\/\/www.hg-cooker.com\/pt\/wp-json\/wp\/v2\/product\/3994","targetHints":{"allow":["GET"]}}],"collection":[{"href":"https:\/\/www.hg-cooker.com\/pt\/wp-json\/wp\/v2\/product"}],"about":[{"href":"https:\/\/www.hg-cooker.com\/pt\/wp-json\/wp\/v2\/types\/product"}],"replies":[{"embeddable":true,"href":"https:\/\/www.hg-cooker.com\/pt\/wp-json\/wp\/v2\/comments?post=3994"}],"wp:featuredmedia":[{"embeddable":true,"href":"https:\/\/www.hg-cooker.com\/pt\/wp-json\/wp\/v2\/media\/4856"}],"wp:attachment":[{"href":"https:\/\/www.hg-cooker.com\/pt\/wp-json\/wp\/v2\/media?parent=3994"}],"wp:term":[{"taxonomy":"product_brand","embeddable":true,"href":"https:\/\/www.hg-cooker.com\/pt\/wp-json\/wp\/v2\/product_brand?post=3994"},{"taxonomy":"product_cat","embeddable":true,"href":"https:\/\/www.hg-cooker.com\/pt\/wp-json\/wp\/v2\/product_cat?post=3994"},{"taxonomy":"product_tag","embeddable":true,"href":"https:\/\/www.hg-cooker.com\/pt\/wp-json\/wp\/v2\/product_tag?post=3994"}],"curies":[{"name":"wp","href":"https:\/\/api.w.org\/{rel}","templated":true}]}}