{"id":3993,"date":"2025-09-05T07:59:03","date_gmt":"2025-09-05T07:59:03","guid":{"rendered":"https:\/\/www.hg-cooker.com\/?post_type=product&#038;p=3993"},"modified":"2025-09-13T01:56:39","modified_gmt":"2025-09-13T01:56:39","slug":"pote-de-leite-fervente-de-aco-inoxidavel-por-atacado-9","status":"publish","type":"product","link":"https:\/\/www.hg-cooker.com\/pt\/produto\/pote-de-leite-fervente-de-aco-inoxidavel-por-atacado-9\/","title":{"rendered":"Conjunto de panelas de 2 pe\u00e7as de a\u00e7o inoxid\u00e1vel Tri-Ply por atacado - Fabricante de panelas Hengguang"},"content":{"rendered":"<div class=\"wp-block-columns is-layout-flex wp-container-core-columns-is-layout-9d6595d7 wp-block-columns-is-layout-flex\">\n<div class=\"wp-block-column is-layout-flow wp-block-column-is-layout-flow\">\n<h3 class=\"wp-block-heading\">Par\u00e2metros do conjunto de panelas Tri Ply de 2 pe\u00e7as<\/h3>\n\n\n\n<figure class=\"wp-block-table\"><table class=\"has-fixed-layout\"><tbody><tr><td>Nome do produto<\/td><td>Conjunto de panelas de 2 pe\u00e7as em a\u00e7o inoxid\u00e1vel composto 304<\/td><\/tr><tr><td>Material do produto<\/td><td>A\u00e7o inoxid\u00e1vel 304 e a\u00e7o inoxid\u00e1vel composto de tr\u00eas camadas<\/td><\/tr><tr><td>Especifica\u00e7\u00f5es do produto<\/td><td>Frasco de leite antiaderente: 18cm \/ 22cm \/ 24cm<br>Boi\u00e3o de leite em a\u00e7o inoxid\u00e1vel: 14cm \/ 16cm \/ 18cm<\/td><\/tr><tr><td>Fog\u00f5es adequados<\/td><td>Fog\u00e3o radiante \/ Forno de halog\u00e9neo \/ Fog\u00e3o a g\u00e1s \/ Fog\u00e3o de indu\u00e7\u00e3o<\/td><\/tr><\/tbody><\/table><\/figure>\n\n\n\n<h3 class=\"wp-block-heading\">Op\u00e7\u00f5es de utens\u00edlios de cozinha personalizados<\/h3>\n\n\n\n<figure class=\"wp-block-table\"><table class=\"has-fixed-layout\"><tbody><tr><td>Op\u00e7\u00f5es personalizadas<\/td><td>Detalhes<\/td><\/tr><tr><td>Log\u00f3tipo<\/td><td>Personalize o log\u00f3tipo da sua marca no produto e na embalagem.<\/td><\/tr><tr><td>Material<\/td><td>A\u00e7o inoxid\u00e1vel triplo \/ A\u00e7o inoxid\u00e1vel 304 \/ A\u00e7o inoxid\u00e1vel 316<\/td><\/tr><tr><td>Revestimento<\/td><td>Revestimento antiaderente \/ Favo de mel Revestimento antiaderente f\u00edsico \/ A\u00e7o inoxid\u00e1vel \uff08sem revestimento\uff09<\/td><\/tr><tr><td>Tamanho<\/td><td>tamanhos de utens\u00edlios de cozinha personalizados<\/td><\/tr><tr><td>Embalagem<\/td><td>Caixa de cart\u00e3o, caixa de cor<\/td><\/tr><\/tbody><\/table><\/figure>\n<\/div>\n<\/div>\n\n\n\n<div class=\"wp-block-columns is-layout-flex wp-container-core-columns-is-layout-9d6595d7 wp-block-columns-is-layout-flex\">\n<div class=\"wp-block-column is-layout-flow wp-block-column-is-layout-flow\">\n<figure class=\"wp-block-image size-full\"><img fetchpriority=\"high\" decoding=\"async\" width=\"790\" height=\"1320\" src=\"https:\/\/www.hg-cooker.com\/wp-content\/uploads\/2024\/07\/2-piece-cookware-detail-no-pfas-design.webp\" alt=\"Pormenor de 2 pe\u00e7as de utens\u00edlios de cozinha - sem desenho pfas\" class=\"wp-image-4597\" srcset=\"https:\/\/www.hg-cooker.com\/wp-content\/uploads\/2024\/07\/2-piece-cookware-detail-no-pfas-design.webp 790w, https:\/\/www.hg-cooker.com\/wp-content\/uploads\/2024\/07\/2-piece-cookware-detail-no-pfas-design-90x150.webp 90w, https:\/\/www.hg-cooker.com\/wp-content\/uploads\/2024\/07\/2-piece-cookware-detail-no-pfas-design-395x660.webp 395w, https:\/\/www.hg-cooker.com\/wp-content\/uploads\/2024\/07\/2-piece-cookware-detail-no-pfas-design-180x300.webp 180w, https:\/\/www.hg-cooker.com\/wp-content\/uploads\/2024\/07\/2-piece-cookware-detail-no-pfas-design-768x1283.webp 768w, https:\/\/www.hg-cooker.com\/wp-content\/uploads\/2024\/07\/2-piece-cookware-detail-no-pfas-design-7x12.webp 7w, https:\/\/www.hg-cooker.com\/wp-content\/uploads\/2024\/07\/2-piece-cookware-detail-no-pfas-design-285x476.webp 285w\" sizes=\"(max-width: 790px) 100vw, 790px\" \/><\/figure>\n<\/div>\n\n\n\n<div class=\"wp-block-column is-layout-flow wp-block-column-is-layout-flow\">\n<figure class=\"wp-block-image size-full\"><img decoding=\"async\" width=\"790\" height=\"1320\" src=\"https:\/\/www.hg-cooker.com\/wp-content\/uploads\/2024\/07\/2-piece-cookware-detail-tri-ply-stainless-steel-bottom-design.webp\" alt=\"Pormenor de um utens\u00edlio de cozinha de 2 pe\u00e7as - fundo em a\u00e7o inoxid\u00e1vel de tr\u00eas camadas\" class=\"wp-image-4600\" srcset=\"https:\/\/www.hg-cooker.com\/wp-content\/uploads\/2024\/07\/2-piece-cookware-detail-tri-ply-stainless-steel-bottom-design.webp 790w, https:\/\/www.hg-cooker.com\/wp-content\/uploads\/2024\/07\/2-piece-cookware-detail-tri-ply-stainless-steel-bottom-design-90x150.webp 90w, https:\/\/www.hg-cooker.com\/wp-content\/uploads\/2024\/07\/2-piece-cookware-detail-tri-ply-stainless-steel-bottom-design-395x660.webp 395w, https:\/\/www.hg-cooker.com\/wp-content\/uploads\/2024\/07\/2-piece-cookware-detail-tri-ply-stainless-steel-bottom-design-180x300.webp 180w, https:\/\/www.hg-cooker.com\/wp-content\/uploads\/2024\/07\/2-piece-cookware-detail-tri-ply-stainless-steel-bottom-design-768x1283.webp 768w, https:\/\/www.hg-cooker.com\/wp-content\/uploads\/2024\/07\/2-piece-cookware-detail-tri-ply-stainless-steel-bottom-design-7x12.webp 7w, https:\/\/www.hg-cooker.com\/wp-content\/uploads\/2024\/07\/2-piece-cookware-detail-tri-ply-stainless-steel-bottom-design-285x476.webp 285w\" sizes=\"(max-width: 790px) 100vw, 790px\" \/><\/figure>\n<\/div>\n<\/div>\n\n\n\n<div class=\"wp-block-columns is-layout-flex wp-container-core-columns-is-layout-9d6595d7 wp-block-columns-is-layout-flex\">\n<div class=\"wp-block-column is-layout-flow wp-block-column-is-layout-flow\">\n<figure class=\"wp-block-image size-full\"><img decoding=\"async\" width=\"790\" height=\"1500\" src=\"https:\/\/www.hg-cooker.com\/wp-content\/uploads\/2024\/07\/2-piece-cookware-detail-practical-design.webp\" alt=\"Pormenor de 2 pe\u00e7as de utens\u00edlios de cozinha - design pr\u00e1tico\" class=\"wp-image-4599\" srcset=\"https:\/\/www.hg-cooker.com\/wp-content\/uploads\/2024\/07\/2-piece-cookware-detail-practical-design.webp 790w, https:\/\/www.hg-cooker.com\/wp-content\/uploads\/2024\/07\/2-piece-cookware-detail-practical-design-79x150.webp 79w, https:\/\/www.hg-cooker.com\/wp-content\/uploads\/2024\/07\/2-piece-cookware-detail-practical-design-348x660.webp 348w, https:\/\/www.hg-cooker.com\/wp-content\/uploads\/2024\/07\/2-piece-cookware-detail-practical-design-158x300.webp 158w, https:\/\/www.hg-cooker.com\/wp-content\/uploads\/2024\/07\/2-piece-cookware-detail-practical-design-768x1458.webp 768w, https:\/\/www.hg-cooker.com\/wp-content\/uploads\/2024\/07\/2-piece-cookware-detail-practical-design-6x12.webp 6w, https:\/\/www.hg-cooker.com\/wp-content\/uploads\/2024\/07\/2-piece-cookware-detail-practical-design-285x541.webp 285w\" sizes=\"(max-width: 790px) 100vw, 790px\" \/><\/figure>\n<\/div>\n\n\n\n<div class=\"wp-block-column is-layout-flow wp-block-column-is-layout-flow\">\n<figure class=\"wp-block-image size-full\"><img loading=\"lazy\" decoding=\"async\" width=\"790\" height=\"1500\" src=\"https:\/\/www.hg-cooker.com\/wp-content\/uploads\/2024\/07\/2-piece-cookware-detail-Size-parameters.webp\" alt=\"Pormenor de 2 pe\u00e7as de utens\u00edlios de cozinha -Par\u00e2metros de tamanho\" class=\"wp-image-4602\" srcset=\"https:\/\/www.hg-cooker.com\/wp-content\/uploads\/2024\/07\/2-piece-cookware-detail-Size-parameters.webp 790w, https:\/\/www.hg-cooker.com\/wp-content\/uploads\/2024\/07\/2-piece-cookware-detail-Size-parameters-79x150.webp 79w, https:\/\/www.hg-cooker.com\/wp-content\/uploads\/2024\/07\/2-piece-cookware-detail-Size-parameters-348x660.webp 348w, https:\/\/www.hg-cooker.com\/wp-content\/uploads\/2024\/07\/2-piece-cookware-detail-Size-parameters-158x300.webp 158w, https:\/\/www.hg-cooker.com\/wp-content\/uploads\/2024\/07\/2-piece-cookware-detail-Size-parameters-768x1458.webp 768w, https:\/\/www.hg-cooker.com\/wp-content\/uploads\/2024\/07\/2-piece-cookware-detail-Size-parameters-6x12.webp 6w, https:\/\/www.hg-cooker.com\/wp-content\/uploads\/2024\/07\/2-piece-cookware-detail-Size-parameters-285x541.webp 285w\" sizes=\"(max-width: 790px) 100vw, 790px\" \/><\/figure>\n<\/div>\n<\/div>","protected":false},"excerpt":{"rendered":"<p>Conjunto de utens\u00edlios de cozinha de 2 pe\u00e7as, este conjunto de utens\u00edlios de cozinha inclui uma panela de leite e uma panela de sopa, que podem ser utilizadas para cozinhar tarefas como sopa a ferver, leite a ferver, carne estufada, etc. O conjunto de utens\u00edlios de cozinha \u00e9 feito de material de a\u00e7o inoxid\u00e1vel espessado e de alta qualidade, que tem uma vida \u00fatil mais longa. Pode satisfazer as necessidades culin\u00e1rias de cozinhas dom\u00e9sticas e comerciais.<\/p>\n<p>Al\u00e9m disso, a Hengguang pode fornecer mais tipos de combina\u00e7\u00f5es de utens\u00edlios de cozinha de acordo com as suas necessidades.<\/p>\n<h2>Carater\u00edsticas do conjunto de panelas Tri-Ply de 2 pe\u00e7as<\/h2>\n<div>\n<p><strong>Excelente desempenho de condu\u00e7\u00e3o de calor:<\/strong> O fundo deste conjunto de utens\u00edlios de cozinha \u00e9 feito de a\u00e7o inoxid\u00e1vel triplo, que proporciona uma excelente distribui\u00e7\u00e3o e reten\u00e7\u00e3o do calor, permitindo que os alimentos sejam cozinhados r\u00e1pida e uniformemente.<\/p>\n<p><strong>Revestimento inovador e personaliz\u00e1vel:<\/strong> O revestimento antiaderente opcional (Revestimento antiaderente), o revestimento antiaderente f\u00edsico em favo de mel e as op\u00e7\u00f5es sem revestimento satisfazem as necessidades de diferentes utilizadores e s\u00e3o uma excelente escolha para grossistas e retalhistas.<\/p>\n<p><strong>Aplicabilidade vers\u00e1til:<\/strong> Este conjunto de utens\u00edlios de cozinha suporta uma variedade de fog\u00f5es, tais como fog\u00f5es de radia\u00e7\u00e3o, fog\u00f5es de halog\u00e9neo, fog\u00f5es a g\u00e1s e fog\u00f5es de indu\u00e7\u00e3o, adaptando-se a diferentes ambientes de cozinha, e \u00e9 muito adequado para cozinhas dom\u00e9sticas e cozinhas comerciais.<\/p>\n<p><strong>Conce\u00e7\u00e3o pr\u00e1tica:<\/strong> Este conjunto de utens\u00edlios de cozinha adopta um design sem rebites, que \u00e9 mais f\u00e1cil de limpar, e tem um design de pega comprida, que \u00e9 confort\u00e1vel de segurar e mais conveniente para verter l\u00edquidos.<\/p>\n<p><strong>Servi\u00e7o OEM&amp;ODM:<\/strong> Como um fabricante profissional de utens\u00edlios de cozinha, a Hengguang fornece solu\u00e7\u00f5es completas de utens\u00edlios de cozinha por atacado e personalizadas, oferecendo uma variedade de estilos para voc\u00ea escolher.<\/p>\n<\/div>","protected":false},"featured_media":4603,"comment_status":"open","ping_status":"closed","template":"","meta":[],"product_brand":[],"product_cat":[52],"product_tag":[],"class_list":{"0":"post-3993","1":"product","2":"type-product","3":"status-publish","4":"has-post-thumbnail","6":"product_cat-stainless-steel-cookware","8":"first","9":"instock","10":"shipping-taxable","11":"product-type-simple"},"_links":{"self":[{"href":"https:\/\/www.hg-cooker.com\/pt\/wp-json\/wp\/v2\/product\/3993","targetHints":{"allow":["GET"]}}],"collection":[{"href":"https:\/\/www.hg-cooker.com\/pt\/wp-json\/wp\/v2\/product"}],"about":[{"href":"https:\/\/www.hg-cooker.com\/pt\/wp-json\/wp\/v2\/types\/product"}],"replies":[{"embeddable":true,"href":"https:\/\/www.hg-cooker.com\/pt\/wp-json\/wp\/v2\/comments?post=3993"}],"wp:featuredmedia":[{"embeddable":true,"href":"https:\/\/www.hg-cooker.com\/pt\/wp-json\/wp\/v2\/media\/4603"}],"wp:attachment":[{"href":"https:\/\/www.hg-cooker.com\/pt\/wp-json\/wp\/v2\/media?parent=3993"}],"wp:term":[{"taxonomy":"product_brand","embeddable":true,"href":"https:\/\/www.hg-cooker.com\/pt\/wp-json\/wp\/v2\/product_brand?post=3993"},{"taxonomy":"product_cat","embeddable":true,"href":"https:\/\/www.hg-cooker.com\/pt\/wp-json\/wp\/v2\/product_cat?post=3993"},{"taxonomy":"product_tag","embeddable":true,"href":"https:\/\/www.hg-cooker.com\/pt\/wp-json\/wp\/v2\/product_tag?post=3993"}],"curies":[{"name":"wp","href":"https:\/\/api.w.org\/{rel}","templated":true}]}}