{"id":3979,"date":"2025-07-03T07:02:12","date_gmt":"2025-07-03T07:02:12","guid":{"rendered":"https:\/\/www.hg-cooker.com\/?post_type=product&#038;p=3979"},"modified":"2026-04-10T10:13:57","modified_gmt":"2026-04-10T10:13:57","slug":"pote-de-leite-fervente-de-aco-inoxidavel-por-atacado-8","status":"publish","type":"product","link":"https:\/\/www.hg-cooker.com\/pt\/produto\/pote-de-leite-fervente-de-aco-inoxidavel-por-atacado-8\/","title":{"rendered":"Vendas diretas da f\u00e1brica de mini panelas de press\u00e3o a granel, com design de interrutor de bot\u00e3o"},"content":{"rendered":"<div class=\"wp-block-columns is-layout-flex wp-container-core-columns-is-layout-9d6595d7 wp-block-columns-is-layout-flex\">\n<div class=\"wp-block-column is-layout-flow wp-block-column-is-layout-flow\">\n<h2 class=\"wp-block-heading\">Par\u00e2metros da Mini Panela de Press\u00e3o<\/h2>\n\n\n\n<p><strong>Nome do produto<\/strong>: Panela de press\u00e3o mini Hengguang<br><br><strong>Material do produto<\/strong>: A\u00e7o inoxid\u00e1vel 304#S (tampa) + a\u00e7o inoxid\u00e1vel de tr\u00eas camadas (corpo do tacho) <br><br><strong>Estilo<\/strong>: Parede interior em a\u00e7o inoxid\u00e1vel \/ Parede interior antiaderente<br><br><strong>Capacidade<\/strong>: 0,8L\/1,2L\/1,6L\/2,0L<br><br><strong>Fog\u00e3o adequado<\/strong>: A mini-panela de press\u00e3o \u00e9 compat\u00edvel com fog\u00e3o a g\u00e1s\/chama aberta\/panela de indu\u00e7\u00e3o<br><\/p>\n<\/div>\n\n\n\n<div class=\"wp-block-column is-layout-flow wp-block-column-is-layout-flow\">\n<h2 class=\"wp-block-heading\">Op\u00e7\u00f5es de mini panelas de press\u00e3o personalizadas<\/h2>\n\n\n\n<p><strong>Log\u00f3tipo<\/strong>: Personalize o log\u00f3tipo da sua marca no produto e na embalagem.<br><br><strong>Revestimento<\/strong>: Revestimento antiaderente \/ A\u00e7o inoxid\u00e1vel <br><br><strong>Tamanho<\/strong>: Personalize diferentes tamanhos de mini panelas de press\u00e3o de acordo com as suas necessidades.<br><br><strong>Embalagem<\/strong>: cart\u00e3o\/caixa de cor.<br><br><a href=\"https:\/\/www.hg-cooker.com\/pt\/custom-solution\/\" data-type=\"page\" data-id=\"2793\" target=\"_blank\" rel=\"noreferrer noopener\"><strong>Explorar mais detalhes de personaliza\u00e7\u00e3o<\/strong><\/a><\/p>\n<\/div>\n<\/div>\n\n\n\n<div class=\"wp-block-columns is-layout-flex wp-container-core-columns-is-layout-9d6595d7 wp-block-columns-is-layout-flex\">\n<div class=\"wp-block-column is-layout-flow wp-block-column-is-layout-flow\">\n<figure class=\"wp-block-image size-full\"><img fetchpriority=\"high\" decoding=\"async\" width=\"790\" height=\"1000\" src=\"https:\/\/www.hg-cooker.com\/wp-content\/uploads\/2024\/07\/Wholesale-mini-pressure-cooker-specifications-and-details-2.webp\" alt=\"Especifica\u00e7\u00f5es e pormenores da mini panela de press\u00e3o por grosso\" class=\"wp-image-3986\" srcset=\"https:\/\/www.hg-cooker.com\/wp-content\/uploads\/2024\/07\/Wholesale-mini-pressure-cooker-specifications-and-details-2.webp 790w, https:\/\/www.hg-cooker.com\/wp-content\/uploads\/2024\/07\/Wholesale-mini-pressure-cooker-specifications-and-details-2-119x150.webp 119w, https:\/\/www.hg-cooker.com\/wp-content\/uploads\/2024\/07\/Wholesale-mini-pressure-cooker-specifications-and-details-2-521x660.webp 521w, https:\/\/www.hg-cooker.com\/wp-content\/uploads\/2024\/07\/Wholesale-mini-pressure-cooker-specifications-and-details-2-237x300.webp 237w, https:\/\/www.hg-cooker.com\/wp-content\/uploads\/2024\/07\/Wholesale-mini-pressure-cooker-specifications-and-details-2-768x972.webp 768w, https:\/\/www.hg-cooker.com\/wp-content\/uploads\/2024\/07\/Wholesale-mini-pressure-cooker-specifications-and-details-2-9x12.webp 9w, https:\/\/www.hg-cooker.com\/wp-content\/uploads\/2024\/07\/Wholesale-mini-pressure-cooker-specifications-and-details-2-285x361.webp 285w\" sizes=\"(max-width: 790px) 100vw, 790px\" \/><\/figure>\n<\/div>\n\n\n\n<div class=\"wp-block-column is-layout-flow wp-block-column-is-layout-flow\">\n<figure class=\"wp-block-image size-full\"><img decoding=\"async\" width=\"790\" height=\"1000\" src=\"https:\/\/www.hg-cooker.com\/wp-content\/uploads\/2024\/07\/Wholesale-mini-pressure-cooker-specifications-and-details-1.webp\" alt=\"Especifica\u00e7\u00f5es e pormenores da mini panela de press\u00e3o por grosso\" class=\"wp-image-3985\" srcset=\"https:\/\/www.hg-cooker.com\/wp-content\/uploads\/2024\/07\/Wholesale-mini-pressure-cooker-specifications-and-details-1.webp 790w, https:\/\/www.hg-cooker.com\/wp-content\/uploads\/2024\/07\/Wholesale-mini-pressure-cooker-specifications-and-details-1-119x150.webp 119w, https:\/\/www.hg-cooker.com\/wp-content\/uploads\/2024\/07\/Wholesale-mini-pressure-cooker-specifications-and-details-1-521x660.webp 521w, https:\/\/www.hg-cooker.com\/wp-content\/uploads\/2024\/07\/Wholesale-mini-pressure-cooker-specifications-and-details-1-237x300.webp 237w, https:\/\/www.hg-cooker.com\/wp-content\/uploads\/2024\/07\/Wholesale-mini-pressure-cooker-specifications-and-details-1-768x972.webp 768w, https:\/\/www.hg-cooker.com\/wp-content\/uploads\/2024\/07\/Wholesale-mini-pressure-cooker-specifications-and-details-1-9x12.webp 9w, https:\/\/www.hg-cooker.com\/wp-content\/uploads\/2024\/07\/Wholesale-mini-pressure-cooker-specifications-and-details-1-285x361.webp 285w\" sizes=\"(max-width: 790px) 100vw, 790px\" \/><\/figure>\n<\/div>\n<\/div>\n\n\n\n<div class=\"wp-block-columns is-layout-flex wp-container-core-columns-is-layout-9d6595d7 wp-block-columns-is-layout-flex\">\n<div class=\"wp-block-column is-layout-flow wp-block-column-is-layout-flow\">\n<figure class=\"wp-block-image size-full\"><img decoding=\"async\" width=\"790\" height=\"1021\" src=\"https:\/\/www.hg-cooker.com\/wp-content\/uploads\/2024\/07\/Wholesale-mini-pressure-cooker-specifications-and-details-3.webp\" alt=\"Especifica\u00e7\u00f5es e pormenores da mini panela de press\u00e3o por grosso\" class=\"wp-image-3987\" srcset=\"https:\/\/www.hg-cooker.com\/wp-content\/uploads\/2024\/07\/Wholesale-mini-pressure-cooker-specifications-and-details-3.webp 790w, https:\/\/www.hg-cooker.com\/wp-content\/uploads\/2024\/07\/Wholesale-mini-pressure-cooker-specifications-and-details-3-116x150.webp 116w, https:\/\/www.hg-cooker.com\/wp-content\/uploads\/2024\/07\/Wholesale-mini-pressure-cooker-specifications-and-details-3-511x660.webp 511w, https:\/\/www.hg-cooker.com\/wp-content\/uploads\/2024\/07\/Wholesale-mini-pressure-cooker-specifications-and-details-3-232x300.webp 232w, https:\/\/www.hg-cooker.com\/wp-content\/uploads\/2024\/07\/Wholesale-mini-pressure-cooker-specifications-and-details-3-768x993.webp 768w, https:\/\/www.hg-cooker.com\/wp-content\/uploads\/2024\/07\/Wholesale-mini-pressure-cooker-specifications-and-details-3-9x12.webp 9w, https:\/\/www.hg-cooker.com\/wp-content\/uploads\/2024\/07\/Wholesale-mini-pressure-cooker-specifications-and-details-3-285x368.webp 285w\" sizes=\"(max-width: 790px) 100vw, 790px\" \/><\/figure>\n<\/div>\n\n\n\n<div class=\"wp-block-column is-layout-flow wp-block-column-is-layout-flow\">\n<figure class=\"wp-block-image size-full\"><img loading=\"lazy\" decoding=\"async\" width=\"790\" height=\"1021\" src=\"https:\/\/www.hg-cooker.com\/wp-content\/uploads\/2024\/07\/Wholesale-mini-pressure-cooker-specifications-and-details-4.webp\" alt=\"Especifica\u00e7\u00f5es e pormenores da mini panela de press\u00e3o por grosso\" class=\"wp-image-3988\" srcset=\"https:\/\/www.hg-cooker.com\/wp-content\/uploads\/2024\/07\/Wholesale-mini-pressure-cooker-specifications-and-details-4.webp 790w, https:\/\/www.hg-cooker.com\/wp-content\/uploads\/2024\/07\/Wholesale-mini-pressure-cooker-specifications-and-details-4-116x150.webp 116w, https:\/\/www.hg-cooker.com\/wp-content\/uploads\/2024\/07\/Wholesale-mini-pressure-cooker-specifications-and-details-4-511x660.webp 511w, https:\/\/www.hg-cooker.com\/wp-content\/uploads\/2024\/07\/Wholesale-mini-pressure-cooker-specifications-and-details-4-232x300.webp 232w, https:\/\/www.hg-cooker.com\/wp-content\/uploads\/2024\/07\/Wholesale-mini-pressure-cooker-specifications-and-details-4-768x993.webp 768w, https:\/\/www.hg-cooker.com\/wp-content\/uploads\/2024\/07\/Wholesale-mini-pressure-cooker-specifications-and-details-4-9x12.webp 9w, https:\/\/www.hg-cooker.com\/wp-content\/uploads\/2024\/07\/Wholesale-mini-pressure-cooker-specifications-and-details-4-285x368.webp 285w\" sizes=\"(max-width: 790px) 100vw, 790px\" \/><\/figure>\n<\/div>\n<\/div>","protected":false},"excerpt":{"rendered":"<p>Fabricante de mini panelas de press\u00e3o de Hengguang. Fornece v\u00e1rios estilos de mini panelas de press\u00e3o. As nossas mini panelas de press\u00e3o s\u00e3o adequadas para solteiros, fam\u00edlias pequenas e entusiastas de actividades ao ar livre. N\u00e3o s\u00e3o exigentes quanto a fog\u00f5es e ambientes de utiliza\u00e7\u00e3o e s\u00e3o os melhores assistentes de cozinha. Bem-vindo a contactar-nos para um or\u00e7amento.<\/p>\n<h2>Carater\u00edsticas e vantagens da Mini Panela de Press\u00e3o em A\u00e7o Inoxid\u00e1vel<\/h2>\n<div>\n<p><strong>Cozedura r\u00e1pida:<\/strong> A mini panela de press\u00e3o \u00e9 feita de a\u00e7o inoxid\u00e1vel de tr\u00eas camadas de alta qualidade e a press\u00e3o interna \u00e9 de 90 kpa durante a cozedura. O arroz pode ser cozinhado em 5 minutos e os alimentos podem ser cozinhados rapidamente.<\/p>\n<p><strong>Conce\u00e7\u00e3o pr\u00e1tica:<\/strong> Esta mini panela de press\u00e3o est\u00e1 equipada com um interrutor de bot\u00e3o, que \u00e9 f\u00e1cil de operar e pode ser utilizado facilmente mesmo por principiantes na cozinha.<\/p>\n<p><strong>Boa seguran\u00e7a:<\/strong> A mini panela de press\u00e3o tem v\u00e1rios dispositivos de prote\u00e7\u00e3o de seguran\u00e7a, tais como v\u00e1lvula \u00e0 prova de explos\u00e3o e bloqueio de seguran\u00e7a. A espessura do corpo da panela \u00e9 de 22 mm, o que \u00e9 2,75 vezes superior \u00e0 de uma panela normal, tornando a sua utiliza\u00e7\u00e3o mais segura.<\/p>\n<p><strong>Baixo MOQ:<\/strong> A Hengguang oferece op\u00e7\u00f5es flex\u00edveis de venda por grosso e suporta um baixo MOQ, que \u00e9 adequado para retalhistas e distribuidores para satisfazer as diferentes necessidades dos clientes.<\/p>\n<\/div>","protected":false},"featured_media":7030,"comment_status":"closed","ping_status":"closed","template":"","meta":[],"product_brand":[],"product_cat":[49],"product_tag":[],"class_list":{"0":"post-3979","1":"product","2":"type-product","3":"status-publish","4":"has-post-thumbnail","6":"product_cat-mini-pressure-cooker","8":"first","9":"instock","10":"shipping-taxable","11":"product-type-simple"},"_links":{"self":[{"href":"https:\/\/www.hg-cooker.com\/pt\/wp-json\/wp\/v2\/product\/3979","targetHints":{"allow":["GET"]}}],"collection":[{"href":"https:\/\/www.hg-cooker.com\/pt\/wp-json\/wp\/v2\/product"}],"about":[{"href":"https:\/\/www.hg-cooker.com\/pt\/wp-json\/wp\/v2\/types\/product"}],"replies":[{"embeddable":true,"href":"https:\/\/www.hg-cooker.com\/pt\/wp-json\/wp\/v2\/comments?post=3979"}],"wp:featuredmedia":[{"embeddable":true,"href":"https:\/\/www.hg-cooker.com\/pt\/wp-json\/wp\/v2\/media\/7030"}],"wp:attachment":[{"href":"https:\/\/www.hg-cooker.com\/pt\/wp-json\/wp\/v2\/media?parent=3979"}],"wp:term":[{"taxonomy":"product_brand","embeddable":true,"href":"https:\/\/www.hg-cooker.com\/pt\/wp-json\/wp\/v2\/product_brand?post=3979"},{"taxonomy":"product_cat","embeddable":true,"href":"https:\/\/www.hg-cooker.com\/pt\/wp-json\/wp\/v2\/product_cat?post=3979"},{"taxonomy":"product_tag","embeddable":true,"href":"https:\/\/www.hg-cooker.com\/pt\/wp-json\/wp\/v2\/product_tag?post=3979"}],"curies":[{"name":"wp","href":"https:\/\/api.w.org\/{rel}","templated":true}]}}