{"id":3969,"date":"2025-08-17T06:04:37","date_gmt":"2025-08-17T06:04:37","guid":{"rendered":"https:\/\/www.hg-cooker.com\/?post_type=product&#038;p=3969"},"modified":"2025-11-13T02:22:15","modified_gmt":"2025-11-13T02:22:15","slug":"pote-de-leite-fervente-de-aco-inoxidavel-por-atacado-7","status":"publish","type":"product","link":"https:\/\/www.hg-cooker.com\/pt\/produto\/pote-de-leite-fervente-de-aco-inoxidavel-por-atacado-7\/","title":{"rendered":"Panela de press\u00e3o pequena de a\u00e7o inoxid\u00e1vel por atacado (0.8L - 2.0L), cozimento eficiente, suporte OEM e ODM"},"content":{"rendered":"<div class=\"wp-block-columns is-layout-flex wp-container-core-columns-is-layout-9d6595d7 wp-block-columns-is-layout-flex\">\n<div class=\"wp-block-column is-layout-flow wp-block-column-is-layout-flow\">\n<h3 class=\"wp-block-heading\">Par\u00e2metros da panela de press\u00e3o pequena de a\u00e7o inoxid\u00e1vel<\/h3>\n\n\n\n<figure class=\"wp-block-table\"><table class=\"has-fixed-layout\"><tbody><tr><td>Nome do produto<\/td><td>Material<\/td><td>Estilo<\/td><td>Capacidade<\/td><td>Fog\u00e3o adequado<\/td><\/tr><tr><td>Panela de press\u00e3o pequena de a\u00e7o inoxid\u00e1vel Hengguang<\/td><td>A\u00e7o inoxid\u00e1vel 304# (tampa) + a\u00e7o inoxid\u00e1vel Tri-Ply (corpo da panela)<\/td><td>A\u00e7o inoxid\u00e1vel \/ Revestimento antiaderente<\/td><td>0,8L \/ 1,2L \/ 1,6L \/ 2,0L<\/td><td>Fog\u00e3o a g\u00e1s \/ Chama aberta \/ Fog\u00e3o de indu\u00e7\u00e3o<\/td><\/tr><\/tbody><\/table><\/figure>\n\n\n\n<h3 class=\"wp-block-heading\">Op\u00e7\u00f5es de panelas de press\u00e3o personalizadas em a\u00e7o inoxid\u00e1vel<\/h3>\n\n\n\n<p><strong>Log\u00f3tipo<\/strong>: Personalize o log\u00f3tipo da sua marca no produto e na embalagem.<br><br><strong>Revestimento<\/strong>: Revestimento antiaderente \/ A\u00e7o inoxid\u00e1vel <br><br><strong>Tamanho<\/strong>: Tamanhos personalizados de panelas de press\u00e3o.<br><br><strong>Embalagem<\/strong>: caixa de cart\u00e3o \/ caixa de cor.<br><br><a href=\"https:\/\/www.hg-cooker.com\/pt\/custom-solution\/\" data-type=\"page\" data-id=\"2793\" target=\"_blank\" rel=\"noreferrer noopener\"><strong>Explore mais solu\u00e7\u00f5es personalizadas de panelas de press\u00e3o em a\u00e7o inoxid\u00e1vel.<\/strong><\/a><\/p>\n<\/div>\n<\/div>\n\n\n\n<div class=\"wp-block-columns is-layout-flex wp-container-core-columns-is-layout-9d6595d7 wp-block-columns-is-layout-flex\">\n<div class=\"wp-block-column is-layout-flow wp-block-column-is-layout-flow\">\n<figure class=\"wp-block-image size-full\"><img fetchpriority=\"high\" decoding=\"async\" width=\"790\" height=\"1349\" src=\"https:\/\/www.hg-cooker.com\/wp-content\/uploads\/2024\/07\/small-stainless-steel-pressure-cooker-details-1.jpg\" alt=\"detalhes da panela de press\u00e3o pequena em a\u00e7o inoxid\u00e1vel (1)\" class=\"wp-image-4893\" srcset=\"https:\/\/www.hg-cooker.com\/wp-content\/uploads\/2024\/07\/small-stainless-steel-pressure-cooker-details-1.jpg 790w, https:\/\/www.hg-cooker.com\/wp-content\/uploads\/2024\/07\/small-stainless-steel-pressure-cooker-details-1-88x150.jpg 88w, https:\/\/www.hg-cooker.com\/wp-content\/uploads\/2024\/07\/small-stainless-steel-pressure-cooker-details-1-387x660.jpg 387w, https:\/\/www.hg-cooker.com\/wp-content\/uploads\/2024\/07\/small-stainless-steel-pressure-cooker-details-1-176x300.jpg 176w, https:\/\/www.hg-cooker.com\/wp-content\/uploads\/2024\/07\/small-stainless-steel-pressure-cooker-details-1-768x1311.jpg 768w, https:\/\/www.hg-cooker.com\/wp-content\/uploads\/2024\/07\/small-stainless-steel-pressure-cooker-details-1-7x12.jpg 7w, https:\/\/www.hg-cooker.com\/wp-content\/uploads\/2024\/07\/small-stainless-steel-pressure-cooker-details-1-285x487.jpg 285w\" sizes=\"(max-width: 790px) 100vw, 790px\" \/><\/figure>\n<\/div>\n\n\n\n<div class=\"wp-block-column is-layout-flow wp-block-column-is-layout-flow\">\n<figure class=\"wp-block-image size-full\"><img decoding=\"async\" width=\"790\" height=\"1349\" src=\"https:\/\/www.hg-cooker.com\/wp-content\/uploads\/2024\/07\/small-stainless-steel-pressure-cooker-details-2.jpg\" alt=\"detalhes da panela de press\u00e3o pequena de a\u00e7o inoxid\u00e1vel (2)\" class=\"wp-image-4894\" srcset=\"https:\/\/www.hg-cooker.com\/wp-content\/uploads\/2024\/07\/small-stainless-steel-pressure-cooker-details-2.jpg 790w, https:\/\/www.hg-cooker.com\/wp-content\/uploads\/2024\/07\/small-stainless-steel-pressure-cooker-details-2-88x150.jpg 88w, https:\/\/www.hg-cooker.com\/wp-content\/uploads\/2024\/07\/small-stainless-steel-pressure-cooker-details-2-387x660.jpg 387w, https:\/\/www.hg-cooker.com\/wp-content\/uploads\/2024\/07\/small-stainless-steel-pressure-cooker-details-2-176x300.jpg 176w, https:\/\/www.hg-cooker.com\/wp-content\/uploads\/2024\/07\/small-stainless-steel-pressure-cooker-details-2-768x1311.jpg 768w, https:\/\/www.hg-cooker.com\/wp-content\/uploads\/2024\/07\/small-stainless-steel-pressure-cooker-details-2-7x12.jpg 7w, https:\/\/www.hg-cooker.com\/wp-content\/uploads\/2024\/07\/small-stainless-steel-pressure-cooker-details-2-285x487.jpg 285w\" sizes=\"(max-width: 790px) 100vw, 790px\" \/><\/figure>\n<\/div>\n<\/div>","protected":false},"excerpt":{"rendered":"<p>Pequena panela de press\u00e3o de a\u00e7o inoxid\u00e1vel por atacado, feita de a\u00e7o triplamente inoxid\u00e1vel, a espessura do corpo da panela atinge 22 mm, o que \u00e9 2,75 vezes maior do que as panelas comuns, a press\u00e3o interna pode chegar a 110kpa, proporcionando maior efici\u00eancia de cozimento, adequada para cozimento r\u00e1pido em casa e ao ar livre. N\u00f3s fornecemos OEM e ODM, bem-vindo a contactar-nos para cota\u00e7\u00e3o.<\/p>\n<h3>Carater\u00edsticas e vantagens da panela de press\u00e3o pequena de a\u00e7o inoxid\u00e1vel<\/h3>\n<div>\n<p><strong>Cozedura r\u00e1pida:<\/strong> A pequena panela de press\u00e3o em a\u00e7o inoxid\u00e1vel pode cozinhar arroz em apenas 5 minutos, ajudando as fam\u00edlias ocupadas a desfrutar rapidamente de refei\u00e7\u00f5es deliciosas.<\/p>\n<p><strong>Adequado para 1-4 pessoas:<\/strong> Fornecemos pequenas panelas de press\u00e3o em a\u00e7o inoxid\u00e1vel de 0,8 L, 1,2 L, 1,6 L e 2,0 L, que s\u00e3o especialmente adequadas para solteiros e mais pr\u00e1ticas de utilizar.<\/p>\n<p><strong>Pequeno e port\u00e1til:<\/strong> A pequena panela de press\u00e3o de a\u00e7o inoxid\u00e1vel \u00e9 f\u00e1cil de transportar, muito adequada para fam\u00edlias pequenas e acampamentos ao ar livre, e \u00e9 o melhor utens\u00edlio de cozinha para actividades ao ar livre.<\/p>\n<p><strong>Adequado para v\u00e1rios ambientes:<\/strong> Fabricado em a\u00e7o inoxid\u00e1vel de tr\u00eas camadas de alta qualidade, pode ser utilizado em v\u00e1rios ambientes extremos, como planaltos e montanhas, para garantir uma cozedura segura e eficiente.<\/p>\n<p><strong>Prote\u00e7\u00e3o de seguran\u00e7a qu\u00e1drupla:<\/strong> Equipada com quatro grandes dispositivos de prote\u00e7\u00e3o de seguran\u00e7a, como a v\u00e1lvula limitadora de press\u00e3o, a v\u00e1lvula de seguran\u00e7a, a v\u00e1lvula de alarme e a janela de descompress\u00e3o, para garantir uma seguran\u00e7a absoluta durante a cozedura a alta press\u00e3o.<\/p>\n<p><strong>Apoiar a encomenda de pequenos lotes:<\/strong> Fornecemos servi\u00e7os de encomenda de pequenos lotes para pequenas panelas de press\u00e3o em a\u00e7o inoxid\u00e1vel, reduzindo o limiar de aquisi\u00e7\u00e3o e proporcionando aos clientes mais escolhas.<\/p>\n<p><strong>Servi\u00e7os OEM e ODM:<\/strong> Com capacidades de produ\u00e7\u00e3o avan\u00e7adas e equipas de design experientes, fornecemos solu\u00e7\u00f5es personalizadas de alta qualidade para panelas de press\u00e3o<\/p>\n<\/div>","protected":false},"featured_media":4895,"comment_status":"closed","ping_status":"closed","template":"","meta":[],"product_brand":[],"product_cat":[54],"product_tag":[],"class_list":{"0":"post-3969","1":"product","2":"type-product","3":"status-publish","4":"has-post-thumbnail","6":"product_cat-pressure-cooker","8":"first","9":"instock","10":"shipping-taxable","11":"product-type-simple"},"_links":{"self":[{"href":"https:\/\/www.hg-cooker.com\/pt\/wp-json\/wp\/v2\/product\/3969","targetHints":{"allow":["GET"]}}],"collection":[{"href":"https:\/\/www.hg-cooker.com\/pt\/wp-json\/wp\/v2\/product"}],"about":[{"href":"https:\/\/www.hg-cooker.com\/pt\/wp-json\/wp\/v2\/types\/product"}],"replies":[{"embeddable":true,"href":"https:\/\/www.hg-cooker.com\/pt\/wp-json\/wp\/v2\/comments?post=3969"}],"wp:featuredmedia":[{"embeddable":true,"href":"https:\/\/www.hg-cooker.com\/pt\/wp-json\/wp\/v2\/media\/4895"}],"wp:attachment":[{"href":"https:\/\/www.hg-cooker.com\/pt\/wp-json\/wp\/v2\/media?parent=3969"}],"wp:term":[{"taxonomy":"product_brand","embeddable":true,"href":"https:\/\/www.hg-cooker.com\/pt\/wp-json\/wp\/v2\/product_brand?post=3969"},{"taxonomy":"product_cat","embeddable":true,"href":"https:\/\/www.hg-cooker.com\/pt\/wp-json\/wp\/v2\/product_cat?post=3969"},{"taxonomy":"product_tag","embeddable":true,"href":"https:\/\/www.hg-cooker.com\/pt\/wp-json\/wp\/v2\/product_tag?post=3969"}],"curies":[{"name":"wp","href":"https:\/\/api.w.org\/{rel}","templated":true}]}}