{"id":3957,"date":"2024-09-28T03:20:29","date_gmt":"2024-09-28T03:20:29","guid":{"rendered":"https:\/\/www.hg-cooker.com\/?post_type=product&#038;p=3957"},"modified":"2026-04-20T09:26:52","modified_gmt":"2026-04-20T09:26:52","slug":"pote-de-leite-fervente-de-aco-inoxidavel-por-atacado-6","status":"publish","type":"product","link":"https:\/\/www.hg-cooker.com\/pt\/produto\/pote-de-leite-fervente-de-aco-inoxidavel-por-atacado-6\/","title":{"rendered":"Mini panela de press\u00e3o por atacado para campismo, f\u00e1cil de transportar, adequada para campismo e utiliza\u00e7\u00e3o no exterior, suporte OEM e ODM"},"content":{"rendered":"<div class=\"wp-block-columns is-layout-flex wp-container-core-columns-is-layout-9d6595d7 wp-block-columns-is-layout-flex\">\n<div class=\"wp-block-column is-layout-flow wp-block-column-is-layout-flow\">\n<h3 class=\"wp-block-heading\">Par\u00e2metros da Mini Panela de Press\u00e3o<\/h3>\n\n\n\n<figure class=\"wp-block-table\"><table class=\"has-fixed-layout\"><tbody><tr><td>Nome do produto<\/td><td>Material<\/td><td>Estilo<\/td><td>Capacidade<\/td><td>Fog\u00e3o adequado<\/td><\/tr><tr><td>Mini panela de press\u00e3o Hengguang<\/td><td>A\u00e7o inoxid\u00e1vel 304# (tampa) + a\u00e7o inoxid\u00e1vel Tri-Ply (corpo da panela)<\/td><td>A\u00e7o inoxid\u00e1vel \/ Revestimento antiaderente<\/td><td>0,8L \/ 1,2L \/ 1,6L \/ 2,0L<\/td><td>Fog\u00e3o a g\u00e1s \/ Chama aberta \/ Fog\u00e3o de indu\u00e7\u00e3o<\/td><\/tr><\/tbody><\/table><\/figure>\n\n\n\n<h3 class=\"wp-block-heading\">Op\u00e7\u00f5es de mini panelas de press\u00e3o personalizadas<\/h3>\n\n\n\n<p><strong>Log\u00f3tipo<\/strong>: Personalize o log\u00f3tipo da sua marca nos produtos e nas embalagens.<br><br><strong>Revestimento<\/strong>: Revestimento antiaderente\/A\u00e7o inoxid\u00e1vel <br><br><strong>Tamanho<\/strong>: Personalizar o tamanho da mini panela de press\u00e3o<br><br><strong>Embalagem:<\/strong> caixa de cart\u00e3o\/cor.<br><br><a href=\"https:\/\/www.hg-cooker.com\/pt\/fabricante-de-mini-panelas-de-pressao-por-atacado\/\" data-type=\"page\" data-id=\"2793\" target=\"_blank\" rel=\"noreferrer noopener\"><strong>Saiba mais sobre as solu\u00e7\u00f5es personalizadas para mini panelas de press\u00e3o.<\/strong><\/a><\/p>\n<\/div>\n<\/div>\n\n\n\n<div class=\"wp-block-columns is-layout-flex wp-container-core-columns-is-layout-9d6595d7 wp-block-columns-is-layout-flex\">\n<div class=\"wp-block-column is-layout-flow wp-block-column-is-layout-flow\">\n<figure class=\"wp-block-image size-full\"><img fetchpriority=\"high\" decoding=\"async\" width=\"790\" height=\"1252\" src=\"https:\/\/www.hg-cooker.com\/wp-content\/uploads\/2024\/07\/camping-mini-pressure-cooker-details-1.jpg\" alt=\"detalhes da mini panela de press\u00e3o de campismo (1)\" class=\"wp-image-4888\" srcset=\"https:\/\/www.hg-cooker.com\/wp-content\/uploads\/2024\/07\/camping-mini-pressure-cooker-details-1.jpg 790w, https:\/\/www.hg-cooker.com\/wp-content\/uploads\/2024\/07\/camping-mini-pressure-cooker-details-1-95x150.jpg 95w, https:\/\/www.hg-cooker.com\/wp-content\/uploads\/2024\/07\/camping-mini-pressure-cooker-details-1-416x660.jpg 416w, https:\/\/www.hg-cooker.com\/wp-content\/uploads\/2024\/07\/camping-mini-pressure-cooker-details-1-189x300.jpg 189w, https:\/\/www.hg-cooker.com\/wp-content\/uploads\/2024\/07\/camping-mini-pressure-cooker-details-1-768x1217.jpg 768w, https:\/\/www.hg-cooker.com\/wp-content\/uploads\/2024\/07\/camping-mini-pressure-cooker-details-1-8x12.jpg 8w, https:\/\/www.hg-cooker.com\/wp-content\/uploads\/2024\/07\/camping-mini-pressure-cooker-details-1-285x452.jpg 285w\" sizes=\"(max-width: 790px) 100vw, 790px\" \/><\/figure>\n<\/div>\n\n\n\n<div class=\"wp-block-column is-layout-flow wp-block-column-is-layout-flow\">\n<figure class=\"wp-block-image size-full\"><img decoding=\"async\" width=\"790\" height=\"1252\" src=\"https:\/\/www.hg-cooker.com\/wp-content\/uploads\/2024\/07\/camping-mini-pressure-cooker-details-2.jpg\" alt=\"detalhes da mini panela de press\u00e3o de campismo (2)\" class=\"wp-image-4889\" srcset=\"https:\/\/www.hg-cooker.com\/wp-content\/uploads\/2024\/07\/camping-mini-pressure-cooker-details-2.jpg 790w, https:\/\/www.hg-cooker.com\/wp-content\/uploads\/2024\/07\/camping-mini-pressure-cooker-details-2-95x150.jpg 95w, https:\/\/www.hg-cooker.com\/wp-content\/uploads\/2024\/07\/camping-mini-pressure-cooker-details-2-416x660.jpg 416w, https:\/\/www.hg-cooker.com\/wp-content\/uploads\/2024\/07\/camping-mini-pressure-cooker-details-2-189x300.jpg 189w, https:\/\/www.hg-cooker.com\/wp-content\/uploads\/2024\/07\/camping-mini-pressure-cooker-details-2-768x1217.jpg 768w, https:\/\/www.hg-cooker.com\/wp-content\/uploads\/2024\/07\/camping-mini-pressure-cooker-details-2-8x12.jpg 8w, https:\/\/www.hg-cooker.com\/wp-content\/uploads\/2024\/07\/camping-mini-pressure-cooker-details-2-285x452.jpg 285w\" sizes=\"(max-width: 790px) 100vw, 790px\" \/><\/figure>\n<\/div>\n<\/div>","protected":false},"excerpt":{"rendered":"<p>Mini panela de press\u00e3o por atacado, adequada para acampar e atividades ao ar livre, leve e f\u00e1cil de transportar, feita de a\u00e7o inoxid\u00e1vel 304 de alta qualidade e estrutura composta de tr\u00eas camadas, suporta uma variedade de fog\u00f5es, como fog\u00f5es a g\u00e1s, fog\u00f5es de indu\u00e7\u00e3o, etc. Fornecemos um servi\u00e7o grossista de baixo MOQ, apoiamos a personaliza\u00e7\u00e3o OEM e ODM, contacte-nos para uma cota\u00e7\u00e3o.<\/p>\n<h2>Carater\u00edsticas e vantagens da mini panela de press\u00e3o<\/h2>\n<div>\n<p><strong>Cozinhar de forma eficiente:<\/strong> A cozedura a alta press\u00e3o e a alta temperatura da mini-panela de press\u00e3o acelera consideravelmente a velocidade de cozedura dos alimentos, poupa tempo, ret\u00e9m mais nutrientes e melhora o sabor dos alimentos.<\/p>\n<p><strong>F\u00e1cil de transportar:<\/strong> Esta mini panela de press\u00e3o \u00e9 compacta, leve e f\u00e1cil de transportar, o que a torna muito adequada para acampar, aventuras ao ar livre e cozinhar ao ar livre.<\/p>\n<p><strong>Material de alta qualidade:<\/strong> O corpo da panela de press\u00e3o mini \u00e9 feito de a\u00e7o inoxid\u00e1vel triplo, que \u00e9 resistente e dur\u00e1vel e n\u00e3o se deforma mesmo durante muito tempo. O a\u00e7o inoxid\u00e1vel triplo tem uma melhor condutividade t\u00e9rmica, tornando esta panela de press\u00e3o mais eficiente na cozedura.<\/p>\n<p><strong>V\u00e1rios estilos \u00e0 escolha:<\/strong> Oferecemos 3 estilos \u00e0 escolha, com capacidades que abrangem 0,8L, 1,2L, 1,6L, 2,0L, 2,5L, 3,0L e 4L, etc., para satisfazer as necessidades de pessoas solteiras, fam\u00edlias e v\u00e1rias pessoas.<\/p>\n<p><strong>Limpeza r\u00e1pida:<\/strong> O material de a\u00e7o inoxid\u00e1vel de alta qualidade torna o corpo da panela menos suscet\u00edvel de aderir aos alimentos, tornando-a f\u00e1cil e conveniente de limpar.<\/p>\n<\/div>","protected":false},"featured_media":7037,"comment_status":"closed","ping_status":"closed","template":"","meta":[],"product_brand":[],"product_cat":[49],"product_tag":[],"class_list":{"0":"post-3957","1":"product","2":"type-product","3":"status-publish","4":"has-post-thumbnail","6":"product_cat-mini-pressure-cooker","8":"first","9":"instock","10":"shipping-taxable","11":"product-type-simple"},"_links":{"self":[{"href":"https:\/\/www.hg-cooker.com\/pt\/wp-json\/wp\/v2\/product\/3957","targetHints":{"allow":["GET"]}}],"collection":[{"href":"https:\/\/www.hg-cooker.com\/pt\/wp-json\/wp\/v2\/product"}],"about":[{"href":"https:\/\/www.hg-cooker.com\/pt\/wp-json\/wp\/v2\/types\/product"}],"replies":[{"embeddable":true,"href":"https:\/\/www.hg-cooker.com\/pt\/wp-json\/wp\/v2\/comments?post=3957"}],"wp:featuredmedia":[{"embeddable":true,"href":"https:\/\/www.hg-cooker.com\/pt\/wp-json\/wp\/v2\/media\/7037"}],"wp:attachment":[{"href":"https:\/\/www.hg-cooker.com\/pt\/wp-json\/wp\/v2\/media?parent=3957"}],"wp:term":[{"taxonomy":"product_brand","embeddable":true,"href":"https:\/\/www.hg-cooker.com\/pt\/wp-json\/wp\/v2\/product_brand?post=3957"},{"taxonomy":"product_cat","embeddable":true,"href":"https:\/\/www.hg-cooker.com\/pt\/wp-json\/wp\/v2\/product_cat?post=3957"},{"taxonomy":"product_tag","embeddable":true,"href":"https:\/\/www.hg-cooker.com\/pt\/wp-json\/wp\/v2\/product_tag?post=3957"}],"curies":[{"name":"wp","href":"https:\/\/api.w.org\/{rel}","templated":true}]}}