{"id":3944,"date":"2025-09-06T01:47:20","date_gmt":"2025-09-06T01:47:20","guid":{"rendered":"https:\/\/www.hg-cooker.com\/?post_type=product&#038;p=3944"},"modified":"2025-09-13T01:51:53","modified_gmt":"2025-09-13T01:51:53","slug":"pote-de-leite-fervente-de-aco-inoxidavel-por-atacado-5","status":"publish","type":"product","link":"https:\/\/www.hg-cooker.com\/pt\/produto\/pote-de-leite-fervente-de-aco-inoxidavel-por-atacado-5\/","title":{"rendered":"Conjunto de panelas de a\u00e7o inoxid\u00e1vel Tri Ply por atacado com fundo grosso, panelas de indu\u00e7\u00e3o"},"content":{"rendered":"<div class=\"wp-block-columns is-layout-flex wp-container-core-columns-is-layout-9d6595d7 wp-block-columns-is-layout-flex\">\n<div class=\"wp-block-column is-layout-flow wp-block-column-is-layout-flow\">\n<h3 class=\"wp-block-heading\">Par\u00e2metros dos conjuntos de utens\u00edlios de cozinha espessos<\/h3>\n\n\n\n<figure class=\"wp-block-table\"><table class=\"has-fixed-layout\"><tbody><tr><td>Nome do produto<\/td><td>Conjunto de panelas de 3 pe\u00e7as<\/td><\/tr><tr><td>Material<\/td><td>A\u00e7o inoxid\u00e1vel 304<\/td><\/tr><tr><td>Tamanho<\/td><td>Ca\u00e7arola 16cm, Panela 20cm, Ca\u00e7arola 24cm<\/td><\/tr><tr><td>Fundo<\/td><td>Fundo em a\u00e7o inoxid\u00e1vel triplamente composto<\/td><\/tr><\/tbody><\/table><\/figure>\n\n\n\n<h3 class=\"wp-block-heading\">Op\u00e7\u00f5es de utens\u00edlios de cozinha personalizados<\/h3>\n\n\n\n<p><strong>Log\u00f3tipo:<\/strong> Personalize o log\u00f3tipo da sua marca no produto e na embalagem.<br><strong>Material:<\/strong> A\u00e7o triplo \/ a\u00e7o inoxid\u00e1vel 304 \/ a\u00e7o inoxid\u00e1vel 316<br><strong>Revestimento:<\/strong> Revestimento antiaderente\/ A\u00e7o \/ Favo de mel f\u00edsico antiaderente<br><strong>Tamanho:<\/strong> Personalize diferentes tamanhos de conjuntos de utens\u00edlios de cozinha de acordo com as suas necessidades.<br><strong>Embalagem:<\/strong> caixa de cart\u00e3o\/cor.<\/p>\n<\/div>\n<\/div>\n\n\n\n<div class=\"wp-block-columns is-layout-flex wp-container-core-columns-is-layout-9d6595d7 wp-block-columns-is-layout-flex\">\n<div class=\"wp-block-column is-layout-flow wp-block-column-is-layout-flow\">\n<figure class=\"wp-block-image size-full\"><img fetchpriority=\"high\" decoding=\"async\" width=\"790\" height=\"856\" src=\"https:\/\/www.hg-cooker.com\/wp-content\/uploads\/2024\/07\/stainless-steel-cookware-set-size-1.webp\" alt=\"tamanho do conjunto de panelas de a\u00e7o inoxid\u00e1vel (1)\" class=\"wp-image-4660\" srcset=\"https:\/\/www.hg-cooker.com\/wp-content\/uploads\/2024\/07\/stainless-steel-cookware-set-size-1.webp 790w, https:\/\/www.hg-cooker.com\/wp-content\/uploads\/2024\/07\/stainless-steel-cookware-set-size-1-138x150.webp 138w, https:\/\/www.hg-cooker.com\/wp-content\/uploads\/2024\/07\/stainless-steel-cookware-set-size-1-609x660.webp 609w, https:\/\/www.hg-cooker.com\/wp-content\/uploads\/2024\/07\/stainless-steel-cookware-set-size-1-277x300.webp 277w, https:\/\/www.hg-cooker.com\/wp-content\/uploads\/2024\/07\/stainless-steel-cookware-set-size-1-768x832.webp 768w, https:\/\/www.hg-cooker.com\/wp-content\/uploads\/2024\/07\/stainless-steel-cookware-set-size-1-11x12.webp 11w, https:\/\/www.hg-cooker.com\/wp-content\/uploads\/2024\/07\/stainless-steel-cookware-set-size-1-285x309.webp 285w\" sizes=\"(max-width: 790px) 100vw, 790px\" \/><\/figure>\n<\/div>\n\n\n\n<div class=\"wp-block-column is-layout-flow wp-block-column-is-layout-flow\">\n<figure class=\"wp-block-image size-full\"><img decoding=\"async\" width=\"790\" height=\"856\" src=\"https:\/\/www.hg-cooker.com\/wp-content\/uploads\/2024\/07\/stainless-steel-cookware-set-size-2.webp\" alt=\"tamanho do conjunto de panelas de a\u00e7o inoxid\u00e1vel (2)\" class=\"wp-image-4661\" srcset=\"https:\/\/www.hg-cooker.com\/wp-content\/uploads\/2024\/07\/stainless-steel-cookware-set-size-2.webp 790w, https:\/\/www.hg-cooker.com\/wp-content\/uploads\/2024\/07\/stainless-steel-cookware-set-size-2-138x150.webp 138w, https:\/\/www.hg-cooker.com\/wp-content\/uploads\/2024\/07\/stainless-steel-cookware-set-size-2-609x660.webp 609w, https:\/\/www.hg-cooker.com\/wp-content\/uploads\/2024\/07\/stainless-steel-cookware-set-size-2-277x300.webp 277w, https:\/\/www.hg-cooker.com\/wp-content\/uploads\/2024\/07\/stainless-steel-cookware-set-size-2-768x832.webp 768w, https:\/\/www.hg-cooker.com\/wp-content\/uploads\/2024\/07\/stainless-steel-cookware-set-size-2-11x12.webp 11w, https:\/\/www.hg-cooker.com\/wp-content\/uploads\/2024\/07\/stainless-steel-cookware-set-size-2-285x309.webp 285w\" sizes=\"(max-width: 790px) 100vw, 790px\" \/><\/figure>\n<\/div>\n<\/div>","protected":false},"excerpt":{"rendered":"<p>Conjunto de panelas de a\u00e7o inoxid\u00e1vel triplo por atacado, o corpo da panela do conjunto de panelas Hengguang \u00e9 feito de a\u00e7o inoxid\u00e1vel 304 de grau aliment\u00edcio espessado, o fundo da panela \u00e9 feito de estrutura de a\u00e7o inoxid\u00e1vel de tr\u00eas camadas, o que melhora o desempenho de cozimento em v\u00e1rios fog\u00f5es (incluindo fog\u00f5es de indu\u00e7\u00e3o). O conjunto inclui uma panela para guisado e uma panela para sopa, adequadas para uso dom\u00e9stico e comercial.<\/p>\n<h2>Carater\u00edsticas dos conjuntos de utens\u00edlios de cozinha em a\u00e7o inoxid\u00e1vel espessado<\/h2>\n<div>\n<p><strong>Adequado para v\u00e1rios fog\u00f5es:<\/strong> O fundo dos utens\u00edlios de cozinha em a\u00e7o inoxid\u00e1vel de tr\u00eas camadas \u00e9 feito de a\u00e7o inoxid\u00e1vel composto de tr\u00eas camadas, pelo que \u00e9 adequado para v\u00e1rios m\u00e9todos de aquecimento, como fog\u00f5es de indu\u00e7\u00e3o, fog\u00f5es a g\u00e1s, fog\u00f5es el\u00e9ctricos, etc., satisfazendo v\u00e1rias necessidades da cozinha.<\/p>\n<p><strong>A\u00e7o inoxid\u00e1vel 304 de qualidade alimentar:<\/strong> O conjunto de utens\u00edlios de cozinha utiliza a\u00e7o inoxid\u00e1vel 304 de qualidade alimentar, que n\u00e3o cont\u00e9m subst\u00e2ncias nocivas, \u00e9 seguro e n\u00e3o t\u00f3xico e garante a sa\u00fade do processo de cozedura.<\/p>\n<p><strong>Vasta gama de utiliza\u00e7\u00f5es:<\/strong> As panelas do conjunto de utens\u00edlios de cozinha incluem uma panela de sopa, uma panela de guisado e uma frigideira, que s\u00e3o adequadas para fritar, mexer, ferver, guisar e outros m\u00e9todos de cozedura, fornecendo um apoio completo \u00e0 cozinha dom\u00e9stica.<\/p>\n<p><strong>Design ergon\u00f3mico:<\/strong> As panelas est\u00e3o equipadas com pegas largas e grandes em ambas as extremidades, que s\u00e3o confort\u00e1veis de segurar e n\u00e3o s\u00e3o f\u00e1ceis de escorregar, tornando conveniente mover as panelas durante a cozedura.<\/p>\n<p><strong>Suporte OEM e ODM:<\/strong> Fornecemos servi\u00e7os profissionais de utens\u00edlios de cozinha personalizados OEM e ODM e podemos conceber utens\u00edlios de cozinha com aspeto, tamanho e fun\u00e7\u00f5es \u00fanicos, de acordo com as necessidades do cliente.<\/p>\n<\/div>","protected":false},"featured_media":4655,"comment_status":"closed","ping_status":"closed","template":"","meta":[],"product_brand":[],"product_cat":[52],"product_tag":[],"class_list":{"0":"post-3944","1":"product","2":"type-product","3":"status-publish","4":"has-post-thumbnail","6":"product_cat-stainless-steel-cookware","8":"first","9":"instock","10":"shipping-taxable","11":"product-type-simple"},"_links":{"self":[{"href":"https:\/\/www.hg-cooker.com\/pt\/wp-json\/wp\/v2\/product\/3944","targetHints":{"allow":["GET"]}}],"collection":[{"href":"https:\/\/www.hg-cooker.com\/pt\/wp-json\/wp\/v2\/product"}],"about":[{"href":"https:\/\/www.hg-cooker.com\/pt\/wp-json\/wp\/v2\/types\/product"}],"replies":[{"embeddable":true,"href":"https:\/\/www.hg-cooker.com\/pt\/wp-json\/wp\/v2\/comments?post=3944"}],"wp:featuredmedia":[{"embeddable":true,"href":"https:\/\/www.hg-cooker.com\/pt\/wp-json\/wp\/v2\/media\/4655"}],"wp:attachment":[{"href":"https:\/\/www.hg-cooker.com\/pt\/wp-json\/wp\/v2\/media?parent=3944"}],"wp:term":[{"taxonomy":"product_brand","embeddable":true,"href":"https:\/\/www.hg-cooker.com\/pt\/wp-json\/wp\/v2\/product_brand?post=3944"},{"taxonomy":"product_cat","embeddable":true,"href":"https:\/\/www.hg-cooker.com\/pt\/wp-json\/wp\/v2\/product_cat?post=3944"},{"taxonomy":"product_tag","embeddable":true,"href":"https:\/\/www.hg-cooker.com\/pt\/wp-json\/wp\/v2\/product_tag?post=3944"}],"curies":[{"name":"wp","href":"https:\/\/api.w.org\/{rel}","templated":true}]}}