{"id":3934,"date":"2025-09-02T15:33:57","date_gmt":"2025-09-02T15:33:57","guid":{"rendered":"https:\/\/www.hg-cooker.com\/?post_type=product&#038;p=3934"},"modified":"2025-09-13T02:04:54","modified_gmt":"2025-09-13T02:04:54","slug":"pote-de-leite-fervente-de-aco-inoxidavel-por-atacado-4","status":"publish","type":"product","link":"https:\/\/www.hg-cooker.com\/pt\/produto\/pote-de-leite-fervente-de-aco-inoxidavel-por-atacado-4\/","title":{"rendered":"Wok de a\u00e7o inoxid\u00e1vel antiaderente Tri Ply por atacado com vaporizador e tampa - Fabricante de utens\u00edlios de cozinha Hengguang"},"content":{"rendered":"<div class=\"wp-block-columns is-layout-flex wp-container-core-columns-is-layout-9d6595d7 wp-block-columns-is-layout-flex\">\n<div class=\"wp-block-column is-layout-flow wp-block-column-is-layout-flow\">\n<h3 class=\"wp-block-heading\">Par\u00e2metros do Wok em a\u00e7o inoxid\u00e1vel antiaderente Tri Ply<\/h3>\n\n\n\n<figure class=\"wp-block-table\"><table class=\"has-fixed-layout\"><tbody><tr><td>Nome do produto<\/td><td>Frigideira de a\u00e7o inoxid\u00e1vel composta por tr\u00eas camadas<\/td><\/tr><tr><td>Material do produto<\/td><td>A\u00e7o inoxid\u00e1vel 304 e a\u00e7o composto de tr\u00eas camadas<\/td><\/tr><tr><td>Fog\u00e3o adequado<\/td><td>Fog\u00e3o radiante \/ Forno de halog\u00e9neo \/ Fog\u00e3o a g\u00e1s \/ Fog\u00e3o de indu\u00e7\u00e3o<\/td><\/tr><\/tbody><\/table><\/figure>\n\n\n\n<h3 class=\"wp-block-heading\">Op\u00e7\u00e3o de utens\u00edlios de cozinha personalizados<\/h3>\n\n\n\n<figure class=\"wp-block-table\"><table class=\"has-fixed-layout\"><tbody><tr><td>Op\u00e7\u00e3o personalizada<\/td><td>Detalhes<\/td><\/tr><tr><td>Log\u00f3tipo<\/td><td>Personalize o log\u00f3tipo da sua marca no produto e na embalagem.<\/td><\/tr><tr><td>Material<\/td><td>A\u00e7o triplo \/ a\u00e7o inoxid\u00e1vel 304 \/ a\u00e7o inoxid\u00e1vel 316<\/td><\/tr><tr><td>Revestimento<\/td><td>A\u00e7o A\u00e7o \/ Favo de mel Revestimento antiaderente f\u00edsico<\/td><\/tr><tr><td>Tamanho<\/td><td>Personalizar o tamanho das frigideiras<\/td><\/tr><tr><td>Embalagem<\/td><td>Caixa de cart\u00e3o \/ Caixa de cor<\/td><\/tr><\/tbody><\/table><\/figure>\n<\/div>\n<\/div>\n\n\n\n<div class=\"wp-block-columns is-layout-flex wp-container-core-columns-is-layout-9d6595d7 wp-block-columns-is-layout-flex\">\n<div class=\"wp-block-column is-layout-flow wp-block-column-is-layout-flow\">\n<figure class=\"wp-block-image size-full\"><img fetchpriority=\"high\" decoding=\"async\" width=\"790\" height=\"1029\" src=\"https:\/\/www.hg-cooker.com\/wp-content\/uploads\/2024\/07\/Non-stick-tri-ply-stainless-steel-wok-details-1.webp\" alt=\"Detalhes do wok em a\u00e7o inoxid\u00e1vel antiaderente de tr\u00eas camadas (1)\" class=\"wp-image-5373\" srcset=\"https:\/\/www.hg-cooker.com\/wp-content\/uploads\/2024\/07\/Non-stick-tri-ply-stainless-steel-wok-details-1.webp 790w, https:\/\/www.hg-cooker.com\/wp-content\/uploads\/2024\/07\/Non-stick-tri-ply-stainless-steel-wok-details-1-115x150.webp 115w, https:\/\/www.hg-cooker.com\/wp-content\/uploads\/2024\/07\/Non-stick-tri-ply-stainless-steel-wok-details-1-507x660.webp 507w, https:\/\/www.hg-cooker.com\/wp-content\/uploads\/2024\/07\/Non-stick-tri-ply-stainless-steel-wok-details-1-230x300.webp 230w, https:\/\/www.hg-cooker.com\/wp-content\/uploads\/2024\/07\/Non-stick-tri-ply-stainless-steel-wok-details-1-768x1000.webp 768w, https:\/\/www.hg-cooker.com\/wp-content\/uploads\/2024\/07\/Non-stick-tri-ply-stainless-steel-wok-details-1-9x12.webp 9w, https:\/\/www.hg-cooker.com\/wp-content\/uploads\/2024\/07\/Non-stick-tri-ply-stainless-steel-wok-details-1-285x371.webp 285w\" sizes=\"(max-width: 790px) 100vw, 790px\" \/><\/figure>\n<\/div>\n\n\n\n<div class=\"wp-block-column is-layout-flow wp-block-column-is-layout-flow\">\n<figure class=\"wp-block-image size-full\"><img decoding=\"async\" width=\"790\" height=\"1029\" src=\"https:\/\/www.hg-cooker.com\/wp-content\/uploads\/2024\/07\/Non-stick-tri-ply-stainless-steel-wok-details-2.webp\" alt=\"Detalhes do wok em a\u00e7o inoxid\u00e1vel antiaderente de tr\u00eas camadas (2)\" class=\"wp-image-5374\" srcset=\"https:\/\/www.hg-cooker.com\/wp-content\/uploads\/2024\/07\/Non-stick-tri-ply-stainless-steel-wok-details-2.webp 790w, https:\/\/www.hg-cooker.com\/wp-content\/uploads\/2024\/07\/Non-stick-tri-ply-stainless-steel-wok-details-2-115x150.webp 115w, https:\/\/www.hg-cooker.com\/wp-content\/uploads\/2024\/07\/Non-stick-tri-ply-stainless-steel-wok-details-2-507x660.webp 507w, https:\/\/www.hg-cooker.com\/wp-content\/uploads\/2024\/07\/Non-stick-tri-ply-stainless-steel-wok-details-2-230x300.webp 230w, https:\/\/www.hg-cooker.com\/wp-content\/uploads\/2024\/07\/Non-stick-tri-ply-stainless-steel-wok-details-2-768x1000.webp 768w, https:\/\/www.hg-cooker.com\/wp-content\/uploads\/2024\/07\/Non-stick-tri-ply-stainless-steel-wok-details-2-9x12.webp 9w, https:\/\/www.hg-cooker.com\/wp-content\/uploads\/2024\/07\/Non-stick-tri-ply-stainless-steel-wok-details-2-285x371.webp 285w\" sizes=\"(max-width: 790px) 100vw, 790px\" \/><\/figure>\n<\/div>\n<\/div>","protected":false},"excerpt":{"rendered":"<p>Wok de a\u00e7o inoxid\u00e1vel antiaderente de tr\u00eas camadas. A superf\u00edcie interior \u00e9 coberta por um revestimento f\u00edsico antiaderente. No geral, tem boa condutividade t\u00e9rmica e propriedades antiaderentes, sendo muito adequada para tarefas de cozedura como fritar e saltear. Equipada com um vaporizador amov\u00edvel, pode efetuar dois tipos de cozinhados ao mesmo tempo, sendo adequada para cozinhas dom\u00e9sticas e restaurantes. Bem-vindo a contactar-nos.<\/p>\n<h3>Carater\u00edsticas do Wok em a\u00e7o inoxid\u00e1vel antiaderente Tri-Ply<\/h3>\n<div>\n<p><strong>Cozinhar de forma eficiente:<\/strong> O corpo da panela wok \u00e9 feito de a\u00e7o inoxid\u00e1vel triplo, que tem melhor condutividade t\u00e9rmica do que os utens\u00edlios de cozinha normais e aquece os alimentos uniformemente durante a cozedura.<\/p>\n<p><strong>Duradouro:<\/strong> A parede interior do wok adopta um design s\u00f3lido de revestimento em favo de mel, que n\u00e3o adere \u00e0 panela e n\u00e3o tem medo de ser riscado pela esp\u00e1tula, sendo muito dur\u00e1vel.<\/p>\n<p><strong>Tampa de vidro temperado:<\/strong> Equipado com uma tampa de vidro temperado resistente \u00e0 queda, a altas temperaturas e dif\u00edcil de partir, \u00e9 mais seguro de utilizar.<\/p>\n<p><strong>Polivalente:<\/strong> Adequado para m\u00e9todos de cozedura como fritar, saltear e estufar, e suporta uma variedade de tipos de fog\u00f5es, como fog\u00f5es de indu\u00e7\u00e3o, fog\u00f5es a g\u00e1s e fog\u00f5es de radia\u00e7\u00e3o.<\/p>\n<p><strong>Solu\u00e7\u00f5es personalizadas de utens\u00edlios de cozinha:<\/strong> Como um fabricante profissional de utens\u00edlios de cozinha, a Hengguang fornece solu\u00e7\u00f5es personalizadas para utens\u00edlios de cozinha, suportando tamanhos personalizados de utens\u00edlios de cozinha, revestimentos, acess\u00f3rios, al\u00e7as, etc.<\/p>\n<\/div>","protected":false},"featured_media":5369,"comment_status":"closed","ping_status":"closed","template":"","meta":[],"product_brand":[],"product_cat":[52],"product_tag":[],"class_list":{"0":"post-3934","1":"product","2":"type-product","3":"status-publish","4":"has-post-thumbnail","6":"product_cat-stainless-steel-cookware","8":"first","9":"instock","10":"shipping-taxable","11":"product-type-simple"},"_links":{"self":[{"href":"https:\/\/www.hg-cooker.com\/pt\/wp-json\/wp\/v2\/product\/3934","targetHints":{"allow":["GET"]}}],"collection":[{"href":"https:\/\/www.hg-cooker.com\/pt\/wp-json\/wp\/v2\/product"}],"about":[{"href":"https:\/\/www.hg-cooker.com\/pt\/wp-json\/wp\/v2\/types\/product"}],"replies":[{"embeddable":true,"href":"https:\/\/www.hg-cooker.com\/pt\/wp-json\/wp\/v2\/comments?post=3934"}],"wp:featuredmedia":[{"embeddable":true,"href":"https:\/\/www.hg-cooker.com\/pt\/wp-json\/wp\/v2\/media\/5369"}],"wp:attachment":[{"href":"https:\/\/www.hg-cooker.com\/pt\/wp-json\/wp\/v2\/media?parent=3934"}],"wp:term":[{"taxonomy":"product_brand","embeddable":true,"href":"https:\/\/www.hg-cooker.com\/pt\/wp-json\/wp\/v2\/product_brand?post=3934"},{"taxonomy":"product_cat","embeddable":true,"href":"https:\/\/www.hg-cooker.com\/pt\/wp-json\/wp\/v2\/product_cat?post=3934"},{"taxonomy":"product_tag","embeddable":true,"href":"https:\/\/www.hg-cooker.com\/pt\/wp-json\/wp\/v2\/product_tag?post=3934"}],"curies":[{"name":"wp","href":"https:\/\/api.w.org\/{rel}","templated":true}]}}