{"id":3913,"date":"2025-09-09T10:22:51","date_gmt":"2025-09-09T10:22:51","guid":{"rendered":"https:\/\/www.hg-cooker.com\/?post_type=product&#038;p=3913"},"modified":"2025-09-13T01:42:48","modified_gmt":"2025-09-13T01:42:48","slug":"pote-de-leite-fervente-de-aco-inoxidavel-por-atacado-3","status":"publish","type":"product","link":"https:\/\/www.hg-cooker.com\/pt\/produto\/pote-de-leite-fervente-de-aco-inoxidavel-por-atacado-3\/","title":{"rendered":"Conjuntos de panelas de a\u00e7o inoxid\u00e1vel comercial por atacado \uff0c Conjunto de panelas de 3 pe\u00e7as Vendas diretas da f\u00e1brica"},"content":{"rendered":"<div class=\"wp-block-columns is-layout-flex wp-container-core-columns-is-layout-9d6595d7 wp-block-columns-is-layout-flex\">\n<div class=\"wp-block-column is-layout-flow wp-block-column-is-layout-flow\">\n<h3 class=\"wp-block-heading\">Par\u00e2metros dos conjuntos de utens\u00edlios de cozinha comerciais<\/h3>\n\n\n\n<figure class=\"wp-block-table\"><table class=\"has-fixed-layout\"><tbody><tr><td>Nome do produto<\/td><td>Conjunto de panelas comerciais em a\u00e7o inoxid\u00e1vel Tri Ply<\/td><\/tr><tr><td>Material do produto<\/td><td>A\u00e7o inoxid\u00e1vel 304 e fundo em a\u00e7o inoxid\u00e1vel composto por tr\u00eas camadas<\/td><\/tr><tr><td>Fog\u00f5es adequados<\/td><td>Fog\u00e3o radiante, Forno de halog\u00e9neo, Fog\u00e3o a g\u00e1s, Fog\u00e3o de indu\u00e7\u00e3o<\/td><\/tr><\/tbody><\/table><\/figure>\n\n\n\n<h3 class=\"wp-block-heading\">Op\u00e7\u00f5es de conjuntos de utens\u00edlios de cozinha personalizados<\/h3>\n\n\n\n<p>Log\u00f3tipo: Personalize o log\u00f3tipo da sua marca no produto e na embalagem.<\/p>\n\n\n\n<p>Tamanho: Personalizar os tamanhos dos utens\u00edlios de cozinha<\/p>\n\n\n\n<p>Embalagem: cart\u00e3o\/caixa de cor.<\/p>\n\n\n\n<p><a href=\"https:\/\/www.hg-cooker.com\/pt\/custom-solution\/\" data-type=\"page\" data-id=\"2793\" target=\"_blank\" rel=\"noreferrer noopener\">Explore mais solu\u00e7\u00f5es de utens\u00edlios de cozinha personalizados. <\/a><\/p>\n<\/div>\n<\/div>\n\n\n\n<div class=\"wp-block-columns is-layout-flex wp-container-core-columns-is-layout-9d6595d7 wp-block-columns-is-layout-flex\">\n<div class=\"wp-block-column is-layout-flow wp-block-column-is-layout-flow\">\n<figure class=\"wp-block-image size-full\"><img fetchpriority=\"high\" decoding=\"async\" width=\"790\" height=\"1000\" src=\"https:\/\/www.hg-cooker.com\/wp-content\/uploads\/2024\/07\/Commercial-Cookware-Set-Detail-1.jpg\" alt=\"Detalhe do conjunto de utens\u00edlios de cozinha comerciais (1)\" class=\"wp-image-4674\" srcset=\"https:\/\/www.hg-cooker.com\/wp-content\/uploads\/2024\/07\/Commercial-Cookware-Set-Detail-1.jpg 790w, https:\/\/www.hg-cooker.com\/wp-content\/uploads\/2024\/07\/Commercial-Cookware-Set-Detail-1-119x150.jpg 119w, https:\/\/www.hg-cooker.com\/wp-content\/uploads\/2024\/07\/Commercial-Cookware-Set-Detail-1-521x660.jpg 521w, https:\/\/www.hg-cooker.com\/wp-content\/uploads\/2024\/07\/Commercial-Cookware-Set-Detail-1-237x300.jpg 237w, https:\/\/www.hg-cooker.com\/wp-content\/uploads\/2024\/07\/Commercial-Cookware-Set-Detail-1-768x972.jpg 768w, https:\/\/www.hg-cooker.com\/wp-content\/uploads\/2024\/07\/Commercial-Cookware-Set-Detail-1-9x12.jpg 9w, https:\/\/www.hg-cooker.com\/wp-content\/uploads\/2024\/07\/Commercial-Cookware-Set-Detail-1-285x361.jpg 285w\" sizes=\"(max-width: 790px) 100vw, 790px\" \/><\/figure>\n<\/div>\n\n\n\n<div class=\"wp-block-column is-layout-flow wp-block-column-is-layout-flow\">\n<figure class=\"wp-block-image size-full\"><img decoding=\"async\" width=\"790\" height=\"1000\" src=\"https:\/\/www.hg-cooker.com\/wp-content\/uploads\/2024\/07\/Commercial-Cookware-Set-Detail-2.jpg\" alt=\"Detalhe do conjunto de utens\u00edlios de cozinha comerciais (2)\" class=\"wp-image-4675\" srcset=\"https:\/\/www.hg-cooker.com\/wp-content\/uploads\/2024\/07\/Commercial-Cookware-Set-Detail-2.jpg 790w, https:\/\/www.hg-cooker.com\/wp-content\/uploads\/2024\/07\/Commercial-Cookware-Set-Detail-2-119x150.jpg 119w, https:\/\/www.hg-cooker.com\/wp-content\/uploads\/2024\/07\/Commercial-Cookware-Set-Detail-2-521x660.jpg 521w, https:\/\/www.hg-cooker.com\/wp-content\/uploads\/2024\/07\/Commercial-Cookware-Set-Detail-2-237x300.jpg 237w, https:\/\/www.hg-cooker.com\/wp-content\/uploads\/2024\/07\/Commercial-Cookware-Set-Detail-2-768x972.jpg 768w, https:\/\/www.hg-cooker.com\/wp-content\/uploads\/2024\/07\/Commercial-Cookware-Set-Detail-2-9x12.jpg 9w, https:\/\/www.hg-cooker.com\/wp-content\/uploads\/2024\/07\/Commercial-Cookware-Set-Detail-2-285x361.jpg 285w\" sizes=\"(max-width: 790px) 100vw, 790px\" \/><\/figure>\n<\/div>\n<\/div>","protected":false},"excerpt":{"rendered":"<p>Conjuntos de utens\u00edlios de cozinha comerciais de a\u00e7o inoxid\u00e1vel por atacado para satisfazer as necessidades de utiliza\u00e7\u00e3o de alta intensidade de cozinhas comerciais, como restaurantes, hot\u00e9is e cadeias de catering. Os nossos utens\u00edlios de cozinha por atacado suportam quantidades m\u00ednimas de encomenda baixas e fornecem solu\u00e7\u00f5es de utens\u00edlios de cozinha personalizados OEM e ODM. Bem-vindo a contactar-nos.<\/p>\n<h3>Carater\u00edsticas dos conjuntos de utens\u00edlios de cozinha comerciais em a\u00e7o inoxid\u00e1vel<\/h3>\n<div>\n<p><strong>Aplic\u00e1vel a cozinhas comerciais:<\/strong> Este conjunto de utens\u00edlios de cozinha em a\u00e7o inoxid\u00e1vel \u00e9 feito de a\u00e7o inoxid\u00e1vel espessado de alta qualidade, que tem uma forte resist\u00eancia \u00e0 deforma\u00e7\u00e3o e pode suportar altas temperaturas durante muito tempo. Pode suportar uma utiliza\u00e7\u00e3o de alta intensidade em cozinhas comerciais.<\/p>\n<p><strong>F\u00e1cil de limpar:<\/strong> Este conjunto de panelas comerciais utiliza uma parede interior polida espelhada, que \u00e9 mais eficiente na limpeza e \u00e9 compat\u00edvel com m\u00e1quinas de lavar lou\u00e7a comerciais, melhorando a efici\u00eancia do trabalho.<\/p>\n<p><strong>Tampa de vidro temperado:<\/strong> Equipada com uma tampa de vidro temperado resistente a altas temperaturas e n\u00e3o explosiva, pode ser utilizada em seguran\u00e7a durante muito tempo, permitindo ao chefe observar o estado de cozedura em qualquer altura.<\/p>\n<p><strong>Combina\u00e7\u00f5es diversas:<\/strong> O conjunto inclui uma variedade de tamanhos (panelas de sopa, panelas de leite, panelas de guisado) para satisfazer as necessidades culin\u00e1rias de diferentes restaurantes comerciais e pode cozinhar pratos chineses e ocidentais, desde guisar pratos grandes a cozinhar molhos.<\/p>\n<p><strong>Servi\u00e7os personalizados OEM&amp;ODM:<\/strong> A Hennguang presta servi\u00e7os personalizados para restaurantes, hot\u00e9is e empresas de catering, fornecendo uma variedade de tamanhos, revestimentos e op\u00e7\u00f5es de embalagem, o que constitui uma escolha ideal para hot\u00e9is, restaurantes e grossistas.<\/p>\n<\/div>","protected":false},"featured_media":4676,"comment_status":"closed","ping_status":"closed","template":"","meta":[],"product_brand":[],"product_cat":[52],"product_tag":[],"class_list":{"0":"post-3913","1":"product","2":"type-product","3":"status-publish","4":"has-post-thumbnail","6":"product_cat-stainless-steel-cookware","8":"first","9":"instock","10":"shipping-taxable","11":"product-type-simple"},"_links":{"self":[{"href":"https:\/\/www.hg-cooker.com\/pt\/wp-json\/wp\/v2\/product\/3913","targetHints":{"allow":["GET"]}}],"collection":[{"href":"https:\/\/www.hg-cooker.com\/pt\/wp-json\/wp\/v2\/product"}],"about":[{"href":"https:\/\/www.hg-cooker.com\/pt\/wp-json\/wp\/v2\/types\/product"}],"replies":[{"embeddable":true,"href":"https:\/\/www.hg-cooker.com\/pt\/wp-json\/wp\/v2\/comments?post=3913"}],"wp:featuredmedia":[{"embeddable":true,"href":"https:\/\/www.hg-cooker.com\/pt\/wp-json\/wp\/v2\/media\/4676"}],"wp:attachment":[{"href":"https:\/\/www.hg-cooker.com\/pt\/wp-json\/wp\/v2\/media?parent=3913"}],"wp:term":[{"taxonomy":"product_brand","embeddable":true,"href":"https:\/\/www.hg-cooker.com\/pt\/wp-json\/wp\/v2\/product_brand?post=3913"},{"taxonomy":"product_cat","embeddable":true,"href":"https:\/\/www.hg-cooker.com\/pt\/wp-json\/wp\/v2\/product_cat?post=3913"},{"taxonomy":"product_tag","embeddable":true,"href":"https:\/\/www.hg-cooker.com\/pt\/wp-json\/wp\/v2\/product_tag?post=3913"}],"curies":[{"name":"wp","href":"https:\/\/api.w.org\/{rel}","templated":true}]}}