{"id":3890,"date":"2025-09-12T07:23:06","date_gmt":"2025-09-12T07:23:06","guid":{"rendered":"https:\/\/www.hg-cooker.com\/?post_type=product&#038;p=3890"},"modified":"2025-09-13T01:31:00","modified_gmt":"2025-09-13T01:31:00","slug":"pote-de-leite-fervente-de-aco-inoxidavel-por-atacado-2","status":"publish","type":"product","link":"https:\/\/www.hg-cooker.com\/pt\/produto\/pote-de-leite-fervente-de-aco-inoxidavel-por-atacado-2\/","title":{"rendered":"Panela para guisado de a\u00e7o inoxid\u00e1vel de alta qualidade por atacado - Fabricante de utens\u00edlios de cozinha Henguang"},"content":{"rendered":"<div class=\"wp-block-columns is-layout-flex wp-container-core-columns-is-layout-9d6595d7 wp-block-columns-is-layout-flex\">\n<div class=\"wp-block-column is-layout-flow wp-block-column-is-layout-flow\">\n<h3 class=\"wp-block-heading\">Par\u00e2metros da panela de a\u00e7o inoxid\u00e1vel para guisado<\/h3>\n\n\n\n<figure class=\"wp-block-table\"><table class=\"has-fixed-layout\"><tbody><tr><td>Nome do produto<\/td><td>Panela para guisado em a\u00e7o inoxid\u00e1vel<\/td><\/tr><tr><td>Especifica\u00e7\u00f5es do produto<\/td><td>20cm \/ 22cm \/ 24cm \/ 26cm<\/td><\/tr><tr><td>Material do produto<\/td><td>A\u00e7o inoxid\u00e1vel 304 e a\u00e7o composto de tr\u00eas camadas<\/td><\/tr><tr><td>Fog\u00f5es dispon\u00edveis<\/td><td>Fog\u00e3o radiante \/ Fog\u00e3o de halog\u00e9neo \/ Fog\u00e3o a g\u00e1s \/ Fog\u00e3o de indu\u00e7\u00e3o<\/td><\/tr><\/tbody><\/table><\/figure>\n\n\n\n<h3 class=\"wp-block-heading\">Op\u00e7\u00f5es de utens\u00edlios de cozinha personalizados<\/h3>\n\n\n\n<figure class=\"wp-block-table\"><table class=\"has-fixed-layout\"><tbody><tr><td>Op\u00e7\u00f5es personalizadas<\/td><td>Detalhes<\/td><\/tr><tr><td>Log\u00f3tipo<\/td><td>Personalize o log\u00f3tipo da sua marca no produto e na embalagem.<\/td><\/tr><tr><td>Material<\/td><td>A\u00e7o inoxid\u00e1vel triplo\/304 A\u00e7o inoxid\u00e1vel\/316 A\u00e7o inoxid\u00e1vel<\/td><\/tr><tr><td>Revestimento<\/td><td>Revestimento antiaderente\/Combina\u00e7\u00e3o de favos de mel Antiaderente f\u00edsico\/A\u00e7o inoxid\u00e1vel (sem revestimento)<\/td><\/tr><tr><td>Tamanho<\/td><td>Tamanhos de utens\u00edlios de cozinha personalizados<\/td><\/tr><tr><td>Embalagem<\/td><td>Caixa de cart\u00e3o, caixa de cor<\/td><\/tr><\/tbody><\/table><\/figure>\n<\/div>\n<\/div>\n\n\n\n<div class=\"wp-block-columns is-layout-flex wp-container-core-columns-is-layout-9d6595d7 wp-block-columns-is-layout-flex\">\n<div class=\"wp-block-column is-layout-flow wp-block-column-is-layout-flow\">\n<figure class=\"wp-block-image size-full\"><img fetchpriority=\"high\" decoding=\"async\" width=\"790\" height=\"1111\" src=\"https:\/\/www.hg-cooker.com\/wp-content\/uploads\/2024\/07\/stew-pot-detail-no-coating.webp\" alt=\"pormenor da panela de guisado - sem revestimento\" class=\"wp-image-4634\" srcset=\"https:\/\/www.hg-cooker.com\/wp-content\/uploads\/2024\/07\/stew-pot-detail-no-coating.webp 790w, https:\/\/www.hg-cooker.com\/wp-content\/uploads\/2024\/07\/stew-pot-detail-no-coating-107x150.webp 107w, https:\/\/www.hg-cooker.com\/wp-content\/uploads\/2024\/07\/stew-pot-detail-no-coating-469x660.webp 469w, https:\/\/www.hg-cooker.com\/wp-content\/uploads\/2024\/07\/stew-pot-detail-no-coating-213x300.webp 213w, https:\/\/www.hg-cooker.com\/wp-content\/uploads\/2024\/07\/stew-pot-detail-no-coating-768x1080.webp 768w, https:\/\/www.hg-cooker.com\/wp-content\/uploads\/2024\/07\/stew-pot-detail-no-coating-9x12.webp 9w, https:\/\/www.hg-cooker.com\/wp-content\/uploads\/2024\/07\/stew-pot-detail-no-coating-285x401.webp 285w\" sizes=\"(max-width: 790px) 100vw, 790px\" \/><\/figure>\n<\/div>\n\n\n\n<div class=\"wp-block-column is-layout-flow wp-block-column-is-layout-flow\">\n<figure class=\"wp-block-image size-full\"><img decoding=\"async\" width=\"790\" height=\"1111\" src=\"https:\/\/www.hg-cooker.com\/wp-content\/uploads\/2024\/07\/stew-pot-detail-tempered-glass-lid.webp\" alt=\"pormenor da panela de guisado - tampa de vidro temperado\" class=\"wp-image-4635\" srcset=\"https:\/\/www.hg-cooker.com\/wp-content\/uploads\/2024\/07\/stew-pot-detail-tempered-glass-lid.webp 790w, https:\/\/www.hg-cooker.com\/wp-content\/uploads\/2024\/07\/stew-pot-detail-tempered-glass-lid-107x150.webp 107w, https:\/\/www.hg-cooker.com\/wp-content\/uploads\/2024\/07\/stew-pot-detail-tempered-glass-lid-469x660.webp 469w, https:\/\/www.hg-cooker.com\/wp-content\/uploads\/2024\/07\/stew-pot-detail-tempered-glass-lid-213x300.webp 213w, https:\/\/www.hg-cooker.com\/wp-content\/uploads\/2024\/07\/stew-pot-detail-tempered-glass-lid-768x1080.webp 768w, https:\/\/www.hg-cooker.com\/wp-content\/uploads\/2024\/07\/stew-pot-detail-tempered-glass-lid-9x12.webp 9w, https:\/\/www.hg-cooker.com\/wp-content\/uploads\/2024\/07\/stew-pot-detail-tempered-glass-lid-285x401.webp 285w\" sizes=\"(max-width: 790px) 100vw, 790px\" \/><\/figure>\n<\/div>\n<\/div>","protected":false},"excerpt":{"rendered":"<p>Hengguang \u00e9 um fabricante profissional de utens\u00edlios de cozinha. Oferecemos panela de a\u00e7o inoxid\u00e1vel de alta qualidade para venda. Executa perfeitamente tarefas de cozimento, como sopa fervente, carne estufada, legumes ferventes, etc., adequado para cozinhas comerciais ou cozinhas dom\u00e9sticas. N\u00f3s fornecemos panela de cozido de a\u00e7o inoxid\u00e1vel por atacado a pre\u00e7os de f\u00e1brica, bem-vindo a contactar-nos.<\/p>\n<h3>Carater\u00edsticas da panela de a\u00e7o inoxid\u00e1vel para guisado<\/h3>\n<div>\n<p><strong>Desenho n\u00e3o revestido:<\/strong> Esta panela de estufar em a\u00e7o inoxid\u00e1vel n\u00e3o tem revestimento, o que a torna mais dur\u00e1vel e adequada para cozinhas comerciais de utiliza\u00e7\u00e3o frequente, podendo manter o sabor natural dos ingredientes.<\/p>\n<p><strong>Adequado para v\u00e1rios fog\u00f5es:<\/strong> Esta panela de a\u00e7o inoxid\u00e1vel pode ser adaptada a uma variedade de tipos de fog\u00f5es, incluindo fog\u00f5es de radia\u00e7\u00e3o, fog\u00f5es de halog\u00e9neo, fog\u00f5es a g\u00e1s e fog\u00f5es de indu\u00e7\u00e3o, etc., para satisfazer uma variedade de cen\u00e1rios de utiliza\u00e7\u00e3o.<\/p>\n<p><strong>Material em a\u00e7o inoxid\u00e1vel de tr\u00eas camadas:<\/strong> A panela para guisado \u00e9 feita de a\u00e7o inoxid\u00e1vel triplo e a combina\u00e7\u00e3o da camada exterior de a\u00e7o inoxid\u00e1vel e de alum\u00ednio aumenta a condutividade t\u00e9rmica e a durabilidade da panela.<\/p>\n<p><strong>Tampa de vidro em a\u00e7o composto:<\/strong> Equipado com uma tampa de vidro resistente a altas temperaturas, pode suportar a cozedura a altas temperaturas e evitar o risco de fissuras na tampa de vidro. O design transparente permite-lhe observar facilmente as altera\u00e7\u00f5es nos alimentos durante a cozedura.<\/p>\n<p><strong>Servi\u00e7o OEM&amp;ODM:<\/strong> Hengguang \u00e9 um fabricante de utens\u00edlios de cozinha da China. Apoiamos solu\u00e7\u00f5es personalizadas OEM e ODM para satisfazer as suas compras a granel e designs personalizados atrav\u00e9s de fortes capacidades de produ\u00e7\u00e3o.<\/p>\n<p><a href=\"https:\/\/www.hg-cooker.com\/pt\/sulucao-personalizada\/\" target=\"_blank\" rel=\"noopener\"><strong>Saiba mais sobre as solu\u00e7\u00f5es de utens\u00edlios de cozinha personalizados.<\/strong><\/a><\/p>\n<\/div>","protected":false},"featured_media":4636,"comment_status":"open","ping_status":"closed","template":"","meta":[],"product_brand":[],"product_cat":[52],"product_tag":[],"class_list":{"0":"post-3890","1":"product","2":"type-product","3":"status-publish","4":"has-post-thumbnail","6":"product_cat-stainless-steel-cookware","8":"first","9":"instock","10":"shipping-taxable","11":"product-type-simple"},"_links":{"self":[{"href":"https:\/\/www.hg-cooker.com\/pt\/wp-json\/wp\/v2\/product\/3890","targetHints":{"allow":["GET"]}}],"collection":[{"href":"https:\/\/www.hg-cooker.com\/pt\/wp-json\/wp\/v2\/product"}],"about":[{"href":"https:\/\/www.hg-cooker.com\/pt\/wp-json\/wp\/v2\/types\/product"}],"replies":[{"embeddable":true,"href":"https:\/\/www.hg-cooker.com\/pt\/wp-json\/wp\/v2\/comments?post=3890"}],"wp:featuredmedia":[{"embeddable":true,"href":"https:\/\/www.hg-cooker.com\/pt\/wp-json\/wp\/v2\/media\/4636"}],"wp:attachment":[{"href":"https:\/\/www.hg-cooker.com\/pt\/wp-json\/wp\/v2\/media?parent=3890"}],"wp:term":[{"taxonomy":"product_brand","embeddable":true,"href":"https:\/\/www.hg-cooker.com\/pt\/wp-json\/wp\/v2\/product_brand?post=3890"},{"taxonomy":"product_cat","embeddable":true,"href":"https:\/\/www.hg-cooker.com\/pt\/wp-json\/wp\/v2\/product_cat?post=3890"},{"taxonomy":"product_tag","embeddable":true,"href":"https:\/\/www.hg-cooker.com\/pt\/wp-json\/wp\/v2\/product_tag?post=3890"}],"curies":[{"name":"wp","href":"https:\/\/api.w.org\/{rel}","templated":true}]}}