{"id":3467,"date":"2025-09-08T14:46:06","date_gmt":"2025-09-08T14:46:06","guid":{"rendered":"https:\/\/www.hg-cooker.com\/?post_type=product&#038;p=3467"},"modified":"2025-09-13T01:39:33","modified_gmt":"2025-09-13T01:39:33","slug":"pote-de-leite-fervente-de-aco-inoxidavel-por-atacado","status":"publish","type":"product","link":"https:\/\/www.hg-cooker.com\/pt\/produto\/pote-de-leite-fervente-de-aco-inoxidavel-por-atacado\/","title":{"rendered":"Frasco de leite de a\u00e7o inoxid\u00e1vel Tri Ply por atacado -Hengguang Cookware Manufacturer"},"content":{"rendered":"<h3 class=\"wp-block-heading\">Par\u00e2metros do recipiente para leite em a\u00e7o inoxid\u00e1vel<\/h3>\n\n\n\n<figure class=\"wp-block-table\"><table class=\"has-fixed-layout\"><tbody><tr><td>Nome do produto<\/td><td>Leiteira em a\u00e7o composto 304<\/td><\/tr><tr><td>Especifica\u00e7\u00f5es do produto<\/td><td>14cm \/ 16cm \/ 18cm<\/td><\/tr><tr><td>Material<\/td><td>A\u00e7o inoxid\u00e1vel 304 e a\u00e7o inoxid\u00e1vel composto de tr\u00eas camadas<\/td><\/tr><tr><td>Fog\u00e3o adequado<\/td><td>Fog\u00e3o radiante \/ Forno de halog\u00e9neo \/ Fog\u00e3o a g\u00e1s \/ Fog\u00e3o de indu\u00e7\u00e3o<\/td><\/tr><\/tbody><\/table><\/figure>\n\n\n\n<figure class=\"wp-block-table\"><table><tbody><tr><td>Tamanhos<\/td><td>Di\u00e2metro exterior<\/td><td>Di\u00e2metro interno<\/td><td>Comprimento do cabo<\/td><td>Altura do corpo da panela<\/td><td>Di\u00e2metro de aquecimento<\/td><td>Peso l\u00edquido<\/td><\/tr><tr><td>Frasco de leite de 14 cm<\/td><td>15,5 cm<\/td><td>14 cm<\/td><td>16,2 cm<\/td><td>8,1 cm<\/td><td>13 cm<\/td><td>0,80 kg<\/td><\/tr><tr><td>Frasco de leite de 16 cm<\/td><td>17,5 cm<\/td><td>16 cm<\/td><td>16,2 cm<\/td><td>8,3 cm<\/td><td>14,5 cm<\/td><td>0,97 kg<\/td><\/tr><tr><td>Leiteira de 18 cm<\/td><td>19,5 cm<\/td><td>18 cm<\/td><td>16,2 cm<\/td><td>9,1 cm<\/td><td>16,5 cm<\/td><td>1,13 kg<\/td><\/tr><\/tbody><\/table><figcaption class=\"wp-element-caption\">Fervedor de leite em a\u00e7o inoxid\u00e1vel <\/figcaption><\/figure>\n\n\n\n<h3 class=\"wp-block-heading\">Op\u00e7\u00f5es personalizadas de leiteiras em a\u00e7o inoxid\u00e1vel<\/h3>\n\n\n\n<figure class=\"wp-block-table\"><table class=\"has-fixed-layout\"><tbody><tr><td>Op\u00e7\u00f5es personalizadas<\/td><td>Detalhes<\/td><\/tr><tr><td>Log\u00f3tipo<\/td><td>Personalize o log\u00f3tipo da sua marca no produto e na embalagem.<\/td><\/tr><tr><td>Material<\/td><td>A\u00e7o inoxid\u00e1vel triplo\/304 A\u00e7o inoxid\u00e1vel\/316 A\u00e7o inoxid\u00e1vel<\/td><\/tr><tr><td>Revestimento<\/td><td>Revestimento antiaderente\/Combina\u00e7\u00e3o de favos de mel Antiaderente f\u00edsico\/A\u00e7o inoxid\u00e1vel (sem revestimento)<\/td><\/tr><tr><td>Tamanho<\/td><td>Tamanhos de utens\u00edlios de cozinha personalizados<\/td><\/tr><tr><td>Embalagem<\/td><td>Caixa de cart\u00e3o, caixa de cor<\/td><\/tr><\/tbody><\/table><\/figure>\n\n\n\n<div class=\"wp-block-columns is-layout-flex wp-container-core-columns-is-layout-9d6595d7 wp-block-columns-is-layout-flex\">\n<div class=\"wp-block-column is-layout-flow wp-block-column-is-layout-flow\">\n<figure class=\"wp-block-image size-full\"><img fetchpriority=\"high\" decoding=\"async\" width=\"790\" height=\"1062\" src=\"https:\/\/www.hg-cooker.com\/wp-content\/uploads\/2024\/06\/stainless-steel-detail-1.png\" alt=\"pormenor em a\u00e7o inoxid\u00e1vel\" class=\"wp-image-4631\" srcset=\"https:\/\/www.hg-cooker.com\/wp-content\/uploads\/2024\/06\/stainless-steel-detail-1.png 790w, https:\/\/www.hg-cooker.com\/wp-content\/uploads\/2024\/06\/stainless-steel-detail-1-112x150.png 112w, https:\/\/www.hg-cooker.com\/wp-content\/uploads\/2024\/06\/stainless-steel-detail-1-491x660.png 491w, https:\/\/www.hg-cooker.com\/wp-content\/uploads\/2024\/06\/stainless-steel-detail-1-223x300.png 223w, https:\/\/www.hg-cooker.com\/wp-content\/uploads\/2024\/06\/stainless-steel-detail-1-768x1032.png 768w, https:\/\/www.hg-cooker.com\/wp-content\/uploads\/2024\/06\/stainless-steel-detail-1-9x12.png 9w, https:\/\/www.hg-cooker.com\/wp-content\/uploads\/2024\/06\/stainless-steel-detail-1-285x383.png 285w\" sizes=\"(max-width: 790px) 100vw, 790px\" \/><\/figure>\n<\/div>\n\n\n\n<div class=\"wp-block-column is-layout-flow wp-block-column-is-layout-flow\">\n<figure class=\"wp-block-image size-full\"><img decoding=\"async\" width=\"790\" height=\"1062\" src=\"https:\/\/www.hg-cooker.com\/wp-content\/uploads\/2024\/06\/stainless-steel-detail.webp\" alt=\"pormenor em a\u00e7o inoxid\u00e1vel\" class=\"wp-image-4628\" srcset=\"https:\/\/www.hg-cooker.com\/wp-content\/uploads\/2024\/06\/stainless-steel-detail.webp 790w, https:\/\/www.hg-cooker.com\/wp-content\/uploads\/2024\/06\/stainless-steel-detail-112x150.webp 112w, https:\/\/www.hg-cooker.com\/wp-content\/uploads\/2024\/06\/stainless-steel-detail-491x660.webp 491w, https:\/\/www.hg-cooker.com\/wp-content\/uploads\/2024\/06\/stainless-steel-detail-223x300.webp 223w, https:\/\/www.hg-cooker.com\/wp-content\/uploads\/2024\/06\/stainless-steel-detail-768x1032.webp 768w, https:\/\/www.hg-cooker.com\/wp-content\/uploads\/2024\/06\/stainless-steel-detail-9x12.webp 9w, https:\/\/www.hg-cooker.com\/wp-content\/uploads\/2024\/06\/stainless-steel-detail-285x383.webp 285w\" sizes=\"(max-width: 790px) 100vw, 790px\" \/><\/figure>\n<\/div>\n<\/div>","protected":false},"excerpt":{"rendered":"<p>Pote de leite de a\u00e7o inoxid\u00e1vel de alta qualidade por atacado, este corpo de pote de leite \u00e9 feito de a\u00e7o triplamente inoxid\u00e1vel, que pode ser usado para v\u00e1rios fog\u00f5es, incluindo fog\u00f5es de indu\u00e7\u00e3o, fog\u00f5es a g\u00e1s, etc., e pode ser amplamente utilizado em cozinhas dom\u00e9sticas, caf\u00e9s, restaurantes e outros lugares. Bem-vindo a contactar-nos para um or\u00e7amento.<\/p>\n<h2>Carater\u00edsticas da leiteira de a\u00e7o inoxid\u00e1vel Tri Ply<\/h2>\n<div>\n<p><strong>Pega de conce\u00e7\u00e3o ergon\u00f3mica:<\/strong> A pega desta leiteira em a\u00e7o inoxid\u00e1vel proporciona uma ader\u00eancia confort\u00e1vel, o que \u00e9 conveniente para manter a estabilidade ao verter o leite e evitar escorregar ou escaldar.<\/p>\n<p><strong>F\u00e1cil de limpar:<\/strong> A parede interior do pote de leite \u00e9 polida, a superf\u00edcie \u00e9 lisa, f\u00e1cil de limpar e pode ser lavada na m\u00e1quina de lavar lou\u00e7a, poupando o seu tempo.<\/p>\n<p><strong>Material amigo do ambiente e saud\u00e1vel:<\/strong> O leite \u00e9 feito de a\u00e7o inoxid\u00e1vel de qualidade alimentar espessado, que n\u00e3o cont\u00e9m PFAS. Em compara\u00e7\u00e3o com os tachos com revestimentos, \u00e9 mais amigo do ambiente e saud\u00e1vel.<\/p>\n<p><strong>Escolha flex\u00edvel:<\/strong> Fornecemos potes de leite em a\u00e7o inoxid\u00e1vel com diferentes especifica\u00e7\u00f5es de 14cm\/16cm\/18cm para satisfazer as necessidades culin\u00e1rias de diferentes fam\u00edlias e restaurantes.<\/p>\n<p><strong>Multifuncional:<\/strong> A panela do leite pode cozinhar uma variedade de alimentos, incluindo leite, chocolate quente ou cacau, manteiga, bem como caldo e massa ramen<\/p>\n<p><strong>Servi\u00e7o OEM&amp;ODM:<\/strong> Fornecemos solu\u00e7\u00f5es personalizadas de utens\u00edlios de cozinha para encomendas de grandes volumes, para o ajudar a criar produtos \u00fanicos e aumentar a competitividade no mercado.<\/p>\n<\/div>","protected":false},"featured_media":4629,"comment_status":"closed","ping_status":"closed","template":"","meta":[],"product_brand":[],"product_cat":[52],"product_tag":[],"class_list":{"0":"post-3467","1":"product","2":"type-product","3":"status-publish","4":"has-post-thumbnail","6":"product_cat-stainless-steel-cookware","8":"first","9":"instock","10":"shipping-taxable","11":"product-type-simple"},"_links":{"self":[{"href":"https:\/\/www.hg-cooker.com\/pt\/wp-json\/wp\/v2\/product\/3467","targetHints":{"allow":["GET"]}}],"collection":[{"href":"https:\/\/www.hg-cooker.com\/pt\/wp-json\/wp\/v2\/product"}],"about":[{"href":"https:\/\/www.hg-cooker.com\/pt\/wp-json\/wp\/v2\/types\/product"}],"replies":[{"embeddable":true,"href":"https:\/\/www.hg-cooker.com\/pt\/wp-json\/wp\/v2\/comments?post=3467"}],"wp:featuredmedia":[{"embeddable":true,"href":"https:\/\/www.hg-cooker.com\/pt\/wp-json\/wp\/v2\/media\/4629"}],"wp:attachment":[{"href":"https:\/\/www.hg-cooker.com\/pt\/wp-json\/wp\/v2\/media?parent=3467"}],"wp:term":[{"taxonomy":"product_brand","embeddable":true,"href":"https:\/\/www.hg-cooker.com\/pt\/wp-json\/wp\/v2\/product_brand?post=3467"},{"taxonomy":"product_cat","embeddable":true,"href":"https:\/\/www.hg-cooker.com\/pt\/wp-json\/wp\/v2\/product_cat?post=3467"},{"taxonomy":"product_tag","embeddable":true,"href":"https:\/\/www.hg-cooker.com\/pt\/wp-json\/wp\/v2\/product_tag?post=3467"}],"curies":[{"name":"wp","href":"https:\/\/api.w.org\/{rel}","templated":true}]}}