{"id":3156,"date":"2025-09-04T10:19:23","date_gmt":"2025-09-04T10:19:23","guid":{"rendered":"https:\/\/www.hg-cooker.com\/?post_type=product&#038;p=3156"},"modified":"2025-09-13T02:01:52","modified_gmt":"2025-09-13T02:01:52","slug":"frigideira-antiaderente-de-aco-inoxidavel-por-atacado","status":"publish","type":"product","link":"https:\/\/www.hg-cooker.com\/pt\/produto\/frigideira-antiaderente-de-aco-inoxidavel-por-atacado\/","title":{"rendered":"Frigideira de favo de mel por atacado, frigideira de a\u00e7o inoxid\u00e1vel antiaderente a granel para venda"},"content":{"rendered":"<h3 class=\"wp-block-heading\">Par\u00e2metros da frigideira em favo de mel<\/h3>\n\n\n\n<figure class=\"wp-block-table\"><table class=\"has-fixed-layout\"><tbody><tr><td>Nome do produto<\/td><td>Frigideira em forma de favo de mel em a\u00e7o inoxid\u00e1vel<\/td><\/tr><tr><td>Especifica\u00e7\u00f5es do produto<\/td><td>24cm \/ 26cm<\/td><\/tr><tr><td>Material do produto<\/td><td>A\u00e7o inoxid\u00e1vel 304 e a\u00e7o inoxid\u00e1vel composto de tr\u00eas camadas<\/td><\/tr><tr><td>Fog\u00f5es adequados<\/td><td>Fog\u00e3o radiante, Fog\u00e3o de halog\u00e9neo, Fog\u00e3o a g\u00e1s, Fog\u00e3o de indu\u00e7\u00e3o<\/td><\/tr><\/tbody><\/table><\/figure>\n\n\n\n<figure class=\"wp-block-table\"><table><tbody><tr><td class=\"has-text-align-center\" data-align=\"center\">Tamanhos<\/td><td>Di\u00e2metro exterior<\/td><td>Di\u00e2metro interno<\/td><td>Comprimento do cabo<\/td><td>Altura do corpo da panela<\/td><td>Di\u00e2metro de aquecimento<\/td><td>Peso l\u00edquido<\/td><\/tr><tr><td class=\"has-text-align-center\" data-align=\"center\">Frigideira de 24 cm<\/td><td>21,5 cm<\/td><td>20 cm<\/td><td>4,5 cm<\/td><td>10 cm<\/td><td>20 cm<\/td><td>1,479 kg<\/td><\/tr><tr><td class=\"has-text-align-center\" data-align=\"center\">Frigideira de 26 cm<\/td><td>23,5 cm<\/td><td>22 cm<\/td><td>4,5 cm<\/td><td>11,2 cm<\/td><td>22 cm<\/td><td>1,696 kg<\/td><\/tr><\/tbody><\/table><\/figure>\n\n\n\n<h3 class=\"wp-block-heading\">Op\u00e7\u00e3o de utens\u00edlios de cozinha personalizados<\/h3>\n\n\n\n<figure class=\"wp-block-table\"><table class=\"has-fixed-layout\"><tbody><tr><td>Op\u00e7\u00f5es personalizadas<\/td><td>Detalhes<\/td><\/tr><tr><td>Log\u00f3tipo<\/td><td>Personalize o log\u00f3tipo da sua marca no produto e na embalagem.<\/td><\/tr><tr><td>Material<\/td><td>A\u00e7o inoxid\u00e1vel triplo, a\u00e7o inoxid\u00e1vel 304, a\u00e7o inoxid\u00e1vel 316<\/td><\/tr><tr><td>Revestimento<\/td><td>Revestimento antiaderente, A\u00e7o, Favo de mel F\u00edsico antiaderente<\/td><\/tr><tr><td>Tamanho<\/td><td>Personalize diferentes tamanhos de conjuntos de utens\u00edlios de cozinha de acordo com as suas necessidades.<\/td><\/tr><tr><td>Embalagem<\/td><td>Caixa de cart\u00e3o, caixa de cor<\/td><\/tr><\/tbody><\/table><\/figure>\n\n\n\n<div class=\"wp-block-columns is-layout-flex wp-container-core-columns-is-layout-9d6595d7 wp-block-columns-is-layout-flex\">\n<div class=\"wp-block-column is-layout-flow wp-block-column-is-layout-flow\">\n<figure class=\"wp-block-image size-full\"><img fetchpriority=\"high\" decoding=\"async\" width=\"790\" height=\"1164\" src=\"https:\/\/www.hg-cooker.com\/wp-content\/uploads\/2024\/06\/Honeycomb-Frying-Pan-Detail.webp\" alt=\"Detalhe da frigideira em favo de mel\" class=\"wp-image-4609\" srcset=\"https:\/\/www.hg-cooker.com\/wp-content\/uploads\/2024\/06\/Honeycomb-Frying-Pan-Detail.webp 790w, https:\/\/www.hg-cooker.com\/wp-content\/uploads\/2024\/06\/Honeycomb-Frying-Pan-Detail-102x150.webp 102w, https:\/\/www.hg-cooker.com\/wp-content\/uploads\/2024\/06\/Honeycomb-Frying-Pan-Detail-448x660.webp 448w, https:\/\/www.hg-cooker.com\/wp-content\/uploads\/2024\/06\/Honeycomb-Frying-Pan-Detail-204x300.webp 204w, https:\/\/www.hg-cooker.com\/wp-content\/uploads\/2024\/06\/Honeycomb-Frying-Pan-Detail-768x1132.webp 768w, https:\/\/www.hg-cooker.com\/wp-content\/uploads\/2024\/06\/Honeycomb-Frying-Pan-Detail-8x12.webp 8w, https:\/\/www.hg-cooker.com\/wp-content\/uploads\/2024\/06\/Honeycomb-Frying-Pan-Detail-285x420.webp 285w\" sizes=\"(max-width: 790px) 100vw, 790px\" \/><\/figure>\n<\/div>\n\n\n\n<div class=\"wp-block-column is-layout-flow wp-block-column-is-layout-flow\">\n<figure class=\"wp-block-image size-full\"><img decoding=\"async\" width=\"790\" height=\"1164\" src=\"https:\/\/www.hg-cooker.com\/wp-content\/uploads\/2024\/06\/Honeycomb-Frying-Pan-Detail.png\" alt=\"Detalhe da frigideira em favo de mel\" class=\"wp-image-4608\" srcset=\"https:\/\/www.hg-cooker.com\/wp-content\/uploads\/2024\/06\/Honeycomb-Frying-Pan-Detail.png 790w, https:\/\/www.hg-cooker.com\/wp-content\/uploads\/2024\/06\/Honeycomb-Frying-Pan-Detail-102x150.png 102w, https:\/\/www.hg-cooker.com\/wp-content\/uploads\/2024\/06\/Honeycomb-Frying-Pan-Detail-448x660.png 448w, https:\/\/www.hg-cooker.com\/wp-content\/uploads\/2024\/06\/Honeycomb-Frying-Pan-Detail-204x300.png 204w, https:\/\/www.hg-cooker.com\/wp-content\/uploads\/2024\/06\/Honeycomb-Frying-Pan-Detail-768x1132.png 768w, https:\/\/www.hg-cooker.com\/wp-content\/uploads\/2024\/06\/Honeycomb-Frying-Pan-Detail-8x12.png 8w, https:\/\/www.hg-cooker.com\/wp-content\/uploads\/2024\/06\/Honeycomb-Frying-Pan-Detail-285x420.png 285w\" sizes=\"(max-width: 790px) 100vw, 790px\" \/><\/figure>\n<\/div>\n<\/div>","protected":false},"excerpt":{"rendered":"<p>Frigideira em favo de mel de a\u00e7o inoxid\u00e1vel por atacado, esta frigideira utiliza um design \u00fanico de padr\u00e3o tridimensional em favo de mel para reduzir eficazmente o contacto entre os alimentos e o fundo da frigideira, evitar que fiquem colados e facilitar a limpeza. O corpo da frigideira \u00e9 feito de a\u00e7o inoxid\u00e1vel triplo, que tem boa condutividade t\u00e9rmica e durabilidade, e \u00e9 uma excelente escolha para cozinhas comerciais.<\/p>\n<h3>Carater\u00edsticas da Frigideira antiaderente em favo de mel<\/h3>\n<div>\n<p><strong>Antiaderente f\u00edsico:<\/strong> A frigideira por atacado adopta um padr\u00e3o tridimensional em favo de mel para obter um efeito antiaderente f\u00edsico, evitar eficazmente a ader\u00eancia, tornar a panela f\u00e1cil de limpar e reduzir o tempo de limpeza.<\/p>\n<p><strong>Excelente condutividade t\u00e9rmica:<\/strong> Fabricado em a\u00e7o inoxid\u00e1vel triplo, com uma camada de alum\u00ednio incorporada, proporciona uma melhor condutividade t\u00e9rmica e faz com que os alimentos sejam aquecidos uniformemente, melhorando a efici\u00eancia da cozedura.<\/p>\n<p><strong>Ampla aplicabilidade:<\/strong> Adequado para uma variedade de fog\u00f5es, incluindo fog\u00f5es de indu\u00e7\u00e3o, fog\u00f5es a g\u00e1s, fog\u00f5es de radia\u00e7\u00e3o, etc., \u00e9 mais amplamente utilizado em v\u00e1rias cozinhas para satisfazer as necessidades de diferentes utilizadores.<\/p>\n<p><strong>Material espessado:<\/strong> Esta frigideira em forma de favo de mel adopta a\u00e7o inoxid\u00e1vel espessado de alta qualidade, que \u00e9 mais dur\u00e1vel do que os utens\u00edlios de cozinha comuns em a\u00e7o inoxid\u00e1vel e tem uma vida \u00fatil mais longa, especialmente adequada para restaurantes comerciais com utiliza\u00e7\u00e3o frequente.<\/p>\n<p><strong>Servi\u00e7o OEM&amp;ODM:<\/strong> O fabricante de utens\u00edlios de cozinha Henguang fornece solu\u00e7\u00f5es personalizadas de frigideiras, adequadas para hot\u00e9is e grossistas que necessitam de servi\u00e7os personalizados.<\/p>\n<p><a href=\"https:\/\/www.hg-cooker.com\/pt\/sulucao-personalizada\/\" target=\"_blank\" rel=\"noopener\"><strong>Saiba mais sobre as solu\u00e7\u00f5es de utens\u00edlios de cozinha personalizados.<\/strong><\/a><\/p>\n<\/div>","protected":false},"featured_media":4610,"comment_status":"closed","ping_status":"closed","template":"","meta":[],"product_brand":[],"product_cat":[52],"product_tag":[],"class_list":{"0":"post-3156","1":"product","2":"type-product","3":"status-publish","4":"has-post-thumbnail","6":"product_cat-stainless-steel-cookware","8":"first","9":"instock","10":"shipping-taxable","11":"product-type-simple"},"_links":{"self":[{"href":"https:\/\/www.hg-cooker.com\/pt\/wp-json\/wp\/v2\/product\/3156","targetHints":{"allow":["GET"]}}],"collection":[{"href":"https:\/\/www.hg-cooker.com\/pt\/wp-json\/wp\/v2\/product"}],"about":[{"href":"https:\/\/www.hg-cooker.com\/pt\/wp-json\/wp\/v2\/types\/product"}],"replies":[{"embeddable":true,"href":"https:\/\/www.hg-cooker.com\/pt\/wp-json\/wp\/v2\/comments?post=3156"}],"wp:featuredmedia":[{"embeddable":true,"href":"https:\/\/www.hg-cooker.com\/pt\/wp-json\/wp\/v2\/media\/4610"}],"wp:attachment":[{"href":"https:\/\/www.hg-cooker.com\/pt\/wp-json\/wp\/v2\/media?parent=3156"}],"wp:term":[{"taxonomy":"product_brand","embeddable":true,"href":"https:\/\/www.hg-cooker.com\/pt\/wp-json\/wp\/v2\/product_brand?post=3156"},{"taxonomy":"product_cat","embeddable":true,"href":"https:\/\/www.hg-cooker.com\/pt\/wp-json\/wp\/v2\/product_cat?post=3156"},{"taxonomy":"product_tag","embeddable":true,"href":"https:\/\/www.hg-cooker.com\/pt\/wp-json\/wp\/v2\/product_tag?post=3156"}],"curies":[{"name":"wp","href":"https:\/\/api.w.org\/{rel}","templated":true}]}}