{"id":3142,"date":"2025-09-07T09:44:27","date_gmt":"2025-09-07T09:44:27","guid":{"rendered":"https:\/\/www.hg-cooker.com\/?post_type=product&#038;p=3142"},"modified":"2025-09-13T01:50:43","modified_gmt":"2025-09-13T01:50:43","slug":"pote-de-leite-em-aco-inoxidavel-perfeito-por-atacado","status":"publish","type":"product","link":"https:\/\/www.hg-cooker.com\/pt\/produto\/pote-de-leite-em-aco-inoxidavel-perfeito-por-atacado\/","title":{"rendered":"Venda direta da f\u00e1brica de leite de a\u00e7o inoxid\u00e1vel antiaderente personalizado - Fabricante de leite de panela"},"content":{"rendered":"<h3 class=\"wp-block-heading\">Par\u00e2metros do recipiente para leite em a\u00e7o inoxid\u00e1vel<\/h3>\n\n\n\n<figure class=\"wp-block-table\"><table class=\"has-fixed-layout\"><tbody><tr><td>Nome do produto<\/td><td>Leiteira em a\u00e7o composto 304<\/td><\/tr><tr><td>Especifica\u00e7\u00f5es do produto<\/td><td>18cm \/ 22cm \/ 24cm<\/td><\/tr><tr><td>Material do produto<\/td><td>A\u00e7o inoxid\u00e1vel 304 e a\u00e7o composto de tr\u00eas camadas<\/td><\/tr><tr><td>Fog\u00e3o adequado<\/td><td>Fog\u00e3o radiante \/ Forno de halog\u00e9neo \/ Fog\u00e3o a g\u00e1s \/ Fog\u00e3o de indu\u00e7\u00e3o<\/td><\/tr><\/tbody><\/table><\/figure>\n\n\n\n<figure class=\"wp-block-table\"><table><tbody><tr><td class=\"has-text-align-center\" data-align=\"center\">Tamanhos<\/td><td>Di\u00e2metro exterior<\/td><td>Di\u00e2metro interno<\/td><td>Comprimento do cabo<\/td><td>Altura do corpo da panela<\/td><td>Di\u00e2metro de aquecimento<\/td><td>Peso l\u00edquido<\/td><\/tr><tr><td class=\"has-text-align-center\" data-align=\"center\">18<\/td><td>18 cm<\/td><td>17,5 cm<\/td><td>8 cm<\/td><td>22 cm<\/td><td>11,7 cm<\/td><td>0,98 kg<\/td><\/tr><tr><td class=\"has-text-align-center\" data-align=\"center\">22<\/td><td>22 cm<\/td><td>21,5 cm<\/td><td>9 cm<\/td><td>22 cm<\/td><td>15,0 cm<\/td><td>0,987kg<\/td><\/tr><tr><td class=\"has-text-align-center\" data-align=\"center\">24<\/td><td>24 cm<\/td><td>23,5 cm<\/td><td>9 cm<\/td><td>22 cm<\/td><td>18,0 cm<\/td><td>1,06 kg<\/td><\/tr><\/tbody><\/table><figcaption class=\"wp-element-caption\">Boi\u00e3o de leite em a\u00e7o inoxid\u00e1vel<\/figcaption><\/figure>\n\n\n\n<h3 class=\"wp-block-heading\">Op\u00e7\u00f5es de utens\u00edlios de cozinha personalizados<\/h3>\n\n\n\n<figure class=\"wp-block-table\"><table class=\"has-fixed-layout\"><tbody><tr><td>Op\u00e7\u00f5es de personaliza\u00e7\u00e3o<\/td><td>Detalhes<\/td><\/tr><tr><td>Log\u00f3tipo<\/td><td>Personalize o log\u00f3tipo da sua marca no produto e na embalagem.<\/td><\/tr><tr><td>Tamanho<\/td><td>Personalize diferentes tamanhos de frigideiras de acordo com as suas necessidades.<\/td><\/tr><tr><td>Embalagem<\/td><td>Caixa de cart\u00e3o \/ Caixa de cor.<\/td><\/tr><\/tbody><\/table><\/figure>\n\n\n\n<div class=\"wp-block-columns is-layout-flex wp-container-core-columns-is-layout-9d6595d7 wp-block-columns-is-layout-flex\">\n<div class=\"wp-block-column is-layout-flow wp-block-column-is-layout-flow\">\n<figure class=\"wp-block-image size-full\"><img fetchpriority=\"high\" decoding=\"async\" width=\"790\" height=\"1248\" src=\"https:\/\/www.hg-cooker.com\/wp-content\/uploads\/2024\/06\/milk-pot-detail-1.png\" alt=\"pormenor do pote do leite (1)\" class=\"wp-image-4727\" srcset=\"https:\/\/www.hg-cooker.com\/wp-content\/uploads\/2024\/06\/milk-pot-detail-1.png 790w, https:\/\/www.hg-cooker.com\/wp-content\/uploads\/2024\/06\/milk-pot-detail-1-95x150.png 95w, https:\/\/www.hg-cooker.com\/wp-content\/uploads\/2024\/06\/milk-pot-detail-1-418x660.png 418w, https:\/\/www.hg-cooker.com\/wp-content\/uploads\/2024\/06\/milk-pot-detail-1-190x300.png 190w, https:\/\/www.hg-cooker.com\/wp-content\/uploads\/2024\/06\/milk-pot-detail-1-768x1213.png 768w, https:\/\/www.hg-cooker.com\/wp-content\/uploads\/2024\/06\/milk-pot-detail-1-8x12.png 8w, https:\/\/www.hg-cooker.com\/wp-content\/uploads\/2024\/06\/milk-pot-detail-1-285x450.png 285w\" sizes=\"(max-width: 790px) 100vw, 790px\" \/><\/figure>\n<\/div>\n\n\n\n<div class=\"wp-block-column is-layout-flow wp-block-column-is-layout-flow\">\n<figure class=\"wp-block-image size-full\"><img decoding=\"async\" width=\"790\" height=\"1248\" src=\"https:\/\/www.hg-cooker.com\/wp-content\/uploads\/2024\/06\/milk-pot-detail-2.webp\" alt=\"pormenor do pote do leite (2)\" class=\"wp-image-4729\" srcset=\"https:\/\/www.hg-cooker.com\/wp-content\/uploads\/2024\/06\/milk-pot-detail-2.webp 790w, https:\/\/www.hg-cooker.com\/wp-content\/uploads\/2024\/06\/milk-pot-detail-2-95x150.webp 95w, https:\/\/www.hg-cooker.com\/wp-content\/uploads\/2024\/06\/milk-pot-detail-2-418x660.webp 418w, https:\/\/www.hg-cooker.com\/wp-content\/uploads\/2024\/06\/milk-pot-detail-2-190x300.webp 190w, https:\/\/www.hg-cooker.com\/wp-content\/uploads\/2024\/06\/milk-pot-detail-2-768x1213.webp 768w, https:\/\/www.hg-cooker.com\/wp-content\/uploads\/2024\/06\/milk-pot-detail-2-8x12.webp 8w, https:\/\/www.hg-cooker.com\/wp-content\/uploads\/2024\/06\/milk-pot-detail-2-285x450.webp 285w\" sizes=\"(max-width: 790px) 100vw, 790px\" \/><\/figure>\n<\/div>\n<\/div>","protected":false},"excerpt":{"rendered":"<p>N\u00f3s fornecemos servi\u00e7os de panela de leite personalizado por atacado. A nossa leiteira de a\u00e7o inoxid\u00e1vel antiaderente \u00e9 feita de a\u00e7o inoxid\u00e1vel de tr\u00eas camadas, que \u00e9 resistente e dur\u00e1vel. Pode ser usada para ferver leite, sopa de legumes e outros alimentos. \u00c9 adequado para cozinhas dom\u00e9sticas e comerciais. Se tiver alguma necessidade, por favor contacte-nos para comprar produtos existentes ou obter solu\u00e7\u00f5es personalizadas gratuitas.<\/p>\n<h3>Carater\u00edsticas da leiteira de a\u00e7o inoxid\u00e1vel<\/h3>\n<div>\n<p><strong>Servi\u00e7o personalizado:<\/strong> Fornecemos um servi\u00e7o completo de leite personalizado, incluindo tamanho, log\u00f3tipo, embalagem e tratamento de superf\u00edcie. Incluindo tamanho personalizado, log\u00f3tipo personalizado, ou escolha de diferentes embalagens e materiais.<\/p>\n<p><strong>Condu\u00e7\u00e3o uniforme e r\u00e1pida do calor:<\/strong> Este pote de leite por atacado tem um fundo grosso, condu\u00e7\u00e3o de calor r\u00e1pida e uniforme, e alta efici\u00eancia de cozimento.<\/p>\n<p><strong>Especifica\u00e7\u00f5es m\u00faltiplas:<\/strong> Este pote de leite antiaderente tem v\u00e1rias especifica\u00e7\u00f5es, tais como 18 cm, 22 cm, 24 cm, etc. Quer se trate de uma fam\u00edlia pequena ou grande, ou de uma utiliza\u00e7\u00e3o comercial, pode encontrar uma adequada.<\/p>\n<p><strong>Antiaderente f\u00edsico:<\/strong> Esta leiteira antiaderente adopta um design de textura tridimensional micro-convexa em favo de mel para obter uma antiader\u00eancia f\u00edsica, completamente isenta de PFAS, e \u00e9 mais saud\u00e1vel e segura.<\/p>\n<p><strong>Aplic\u00e1vel a todos os fog\u00f5es:<\/strong> Este pote de leite \u00e9 fant\u00e1stico. Pode ser utilizado em qualquer fog\u00e3o, como o fog\u00e3o de radia\u00e7\u00e3o, o fog\u00e3o de halog\u00e9neo, o fog\u00e3o a g\u00e1s, o fog\u00e3o de indu\u00e7\u00e3o, etc., e \u00e9 altamente adapt\u00e1vel.<\/p>\n<p><strong>Servi\u00e7o grossista:<\/strong> N\u00f3s fornecemos servi\u00e7o de pote de leite por atacado a pre\u00e7os de f\u00e1brica. Fornecemos produtos de alta qualidade e entrega atempada para o ajudar a ganhar uma vantagem competitiva no mercado.<\/p>\n<\/div>","protected":false},"featured_media":4730,"comment_status":"closed","ping_status":"closed","template":"","meta":[],"product_brand":[],"product_cat":[52],"product_tag":[],"class_list":{"0":"post-3142","1":"product","2":"type-product","3":"status-publish","4":"has-post-thumbnail","6":"product_cat-stainless-steel-cookware","8":"first","9":"instock","10":"shipping-taxable","11":"product-type-simple"},"_links":{"self":[{"href":"https:\/\/www.hg-cooker.com\/pt\/wp-json\/wp\/v2\/product\/3142","targetHints":{"allow":["GET"]}}],"collection":[{"href":"https:\/\/www.hg-cooker.com\/pt\/wp-json\/wp\/v2\/product"}],"about":[{"href":"https:\/\/www.hg-cooker.com\/pt\/wp-json\/wp\/v2\/types\/product"}],"replies":[{"embeddable":true,"href":"https:\/\/www.hg-cooker.com\/pt\/wp-json\/wp\/v2\/comments?post=3142"}],"wp:featuredmedia":[{"embeddable":true,"href":"https:\/\/www.hg-cooker.com\/pt\/wp-json\/wp\/v2\/media\/4730"}],"wp:attachment":[{"href":"https:\/\/www.hg-cooker.com\/pt\/wp-json\/wp\/v2\/media?parent=3142"}],"wp:term":[{"taxonomy":"product_brand","embeddable":true,"href":"https:\/\/www.hg-cooker.com\/pt\/wp-json\/wp\/v2\/product_brand?post=3142"},{"taxonomy":"product_cat","embeddable":true,"href":"https:\/\/www.hg-cooker.com\/pt\/wp-json\/wp\/v2\/product_cat?post=3142"},{"taxonomy":"product_tag","embeddable":true,"href":"https:\/\/www.hg-cooker.com\/pt\/wp-json\/wp\/v2\/product_tag?post=3142"}],"curies":[{"name":"wp","href":"https:\/\/api.w.org\/{rel}","templated":true}]}}