{"id":3123,"date":"2025-09-01T02:20:41","date_gmt":"2025-09-01T02:20:41","guid":{"rendered":"https:\/\/www.hg-cooker.com\/?post_type=product&#038;p=3123"},"modified":"2025-09-13T02:20:28","modified_gmt":"2025-09-13T02:20:28","slug":"conjunto-de-panelas-em-aco-inoxidavel-de-tres-camadas","status":"publish","type":"product","link":"https:\/\/www.hg-cooker.com\/pt\/produto\/conjunto-de-panelas-em-aco-inoxidavel-de-tres-camadas\/","title":{"rendered":"Conjuntos de panelas de a\u00e7o inoxid\u00e1vel antiaderente por atacado - Fabricante de panelas por atacado Hengguang"},"content":{"rendered":"<h3 class=\"wp-block-heading\">Par\u00e2metros dos conjuntos de panelas em a\u00e7o inoxid\u00e1vel antiaderente<\/h3>\n\n\n\n<p><strong>Nome do produto:<\/strong> Conjunto de a\u00e7o inoxid\u00e1vel composto #304<\/p>\n\n\n\n<p><strong>Produtos que incluem<\/strong>: Frigideira\/ Wok chin\u00eas\/Pote de leite<\/p>\n\n\n\n<p><strong>Material do produto: <\/strong>A\u00e7o inoxid\u00e1vel 304 e fundo de a\u00e7o composto de tr\u00eas camadas<\/p>\n\n\n\n<p><strong>Fog\u00e3o adequado: <\/strong>Fog\u00e3o radiante\/Fog\u00e3o de halog\u00e9neo\/Fog\u00e3o a g\u00e1s\/Fog\u00e3o de indu\u00e7\u00e3o<\/p>\n\n\n\n<figure class=\"wp-block-table\"><table class=\"has-fixed-layout\"><tbody><tr><td>Tamanho da frigideira<\/td><td>Di\u00e2metro exterior<\/td><td>Di\u00e2metro interior<\/td><td>Comprimento da pega<\/td><td>Altura do corpo da panela<\/td><td>Di\u00e2metro de aquecimento<\/td><td>Peso l\u00edquido<\/td><\/tr><tr><td>24<\/td><td>21,5 cm<\/td><td>20 cm<\/td><td>4,5 cm<\/td><td>10 cm<\/td><td>20 cm<\/td><td>1,479 kg<\/td><\/tr><tr><td>26<\/td><td>23,5 cm<\/td><td>22 cm<\/td><td>4,5 cm<\/td><td>11,2 cm<\/td><td>22 cm<\/td><td>1,696 kg<\/td><\/tr><\/tbody><\/table><\/figure>\n\n\n\n<figure class=\"wp-block-table\"><table class=\"has-fixed-layout\"><tbody><tr><td>Tamanho do Wok<\/td><td>Di\u00e2metro exterior<\/td><td>Di\u00e2metro interior<\/td><td>Comprimento da pega<\/td><td>Altura do corpo da panela<\/td><td>Di\u00e2metro de aquecimento<\/td><td>Peso l\u00edquido<\/td><\/tr><tr><td>32<\/td><td>34,0 cm<\/td><td>32,0 cm<\/td><td>21,5 cm<\/td><td>9,3 cm<\/td><td>22 cm<\/td><td>1,412 kg<\/td><\/tr><\/tbody><\/table><\/figure>\n\n\n\n<figure class=\"wp-block-table\"><table class=\"has-fixed-layout\"><tbody><tr><td>Tamanho do recipiente para leite<\/td><td>Di\u00e2metro exterior<\/td><td>Di\u00e2metro interior<\/td><td>Comprimento da pega<\/td><td>Altura do corpo da panela<\/td><td>Di\u00e2metro de aquecimento<\/td><td>Peso l\u00edquido<\/td><\/tr><tr><td>18<\/td><td>18 cm<\/td><td>17,5 cm<\/td><td>8 cm<\/td><td>22 cm<\/td><td>11,7 cm<\/td><td>0,98 kg<\/td><\/tr><tr><td>22<\/td><td>22 cm<\/td><td>21,5 cm<\/td><td>9 cm<\/td><td>22 cm<\/td><td>15,0 cm<\/td><td>0,987kg<\/td><\/tr><tr><td>24<\/td><td>24 cm<\/td><td>23,5 cm<\/td><td>9 cm<\/td><td>22 cm<\/td><td>18,0 cm<\/td><td>1,06 kg<\/td><\/tr><\/tbody><\/table><\/figure>\n\n\n\n<h3 class=\"wp-block-heading\">Op\u00e7\u00e3o de utens\u00edlios de cozinha personalizados<\/h3>\n\n\n\n<p>Log\u00f3tipo: Personalize o log\u00f3tipo da sua marca nos produtos e na embalagem.<\/p>\n\n\n\n<p>Tamanho: Personalize o tamanho dos utens\u00edlios de cozinha de acordo com as suas necessidades.<\/p>\n\n\n\n<p>Embalagem: cart\u00e3o\/caixa de cor.<\/p>\n\n\n\n<p><strong><a href=\"https:\/\/www.hg-cooker.com\/pt\/sulucao-personalizada\/\" target=\"_blank\" rel=\"noreferrer noopener\">Explore mais sloutions de utens\u00edlios de cozinha personalizados.<\/a><\/strong><\/p>\n\n\n\n<div class=\"wp-block-columns is-layout-flex wp-container-core-columns-is-layout-9d6595d7 wp-block-columns-is-layout-flex\">\n<div class=\"wp-block-column is-layout-flow wp-block-column-is-layout-flow\">\n<figure class=\"wp-block-image size-full\"><img fetchpriority=\"high\" decoding=\"async\" width=\"790\" height=\"1312\" src=\"https:\/\/www.hg-cooker.com\/wp-content\/uploads\/2024\/06\/stainless-steel-cookware-set-detail-1-1.webp\" alt=\"conjunto de utens\u00edlios de cozinha em a\u00e7o inoxid\u00e1vel pormenor (1)\" class=\"wp-image-4670\" srcset=\"https:\/\/www.hg-cooker.com\/wp-content\/uploads\/2024\/06\/stainless-steel-cookware-set-detail-1-1.webp 790w, https:\/\/www.hg-cooker.com\/wp-content\/uploads\/2024\/06\/stainless-steel-cookware-set-detail-1-1-90x150.webp 90w, https:\/\/www.hg-cooker.com\/wp-content\/uploads\/2024\/06\/stainless-steel-cookware-set-detail-1-1-397x660.webp 397w, https:\/\/www.hg-cooker.com\/wp-content\/uploads\/2024\/06\/stainless-steel-cookware-set-detail-1-1-181x300.webp 181w, https:\/\/www.hg-cooker.com\/wp-content\/uploads\/2024\/06\/stainless-steel-cookware-set-detail-1-1-768x1275.webp 768w, https:\/\/www.hg-cooker.com\/wp-content\/uploads\/2024\/06\/stainless-steel-cookware-set-detail-1-1-7x12.webp 7w, https:\/\/www.hg-cooker.com\/wp-content\/uploads\/2024\/06\/stainless-steel-cookware-set-detail-1-1-285x473.webp 285w\" sizes=\"(max-width: 790px) 100vw, 790px\" \/><\/figure>\n<\/div>\n\n\n\n<div class=\"wp-block-column is-layout-flow wp-block-column-is-layout-flow\">\n<figure class=\"wp-block-image size-full\"><img decoding=\"async\" width=\"790\" height=\"1312\" src=\"https:\/\/www.hg-cooker.com\/wp-content\/uploads\/2024\/06\/stainless-steel-cookware-set-detail-2.png\" alt=\"conjunto de utens\u00edlios de cozinha em a\u00e7o inoxid\u00e1vel pormenor (2)\" class=\"wp-image-4671\" srcset=\"https:\/\/www.hg-cooker.com\/wp-content\/uploads\/2024\/06\/stainless-steel-cookware-set-detail-2.png 790w, https:\/\/www.hg-cooker.com\/wp-content\/uploads\/2024\/06\/stainless-steel-cookware-set-detail-2-90x150.png 90w, https:\/\/www.hg-cooker.com\/wp-content\/uploads\/2024\/06\/stainless-steel-cookware-set-detail-2-397x660.png 397w, https:\/\/www.hg-cooker.com\/wp-content\/uploads\/2024\/06\/stainless-steel-cookware-set-detail-2-181x300.png 181w, https:\/\/www.hg-cooker.com\/wp-content\/uploads\/2024\/06\/stainless-steel-cookware-set-detail-2-768x1275.png 768w, https:\/\/www.hg-cooker.com\/wp-content\/uploads\/2024\/06\/stainless-steel-cookware-set-detail-2-7x12.png 7w, https:\/\/www.hg-cooker.com\/wp-content\/uploads\/2024\/06\/stainless-steel-cookware-set-detail-2-285x473.png 285w\" sizes=\"(max-width: 790px) 100vw, 790px\" \/><\/figure>\n<\/div>\n<\/div>","protected":false},"excerpt":{"rendered":"<p>Este conjunto de utens\u00edlios de cozinha inclui frigideira, leiteira e wok, que podem satisfazer as necessidades de cozinha da maioria das cozinhas. A superf\u00edcie da panela adopta um design antiaderente f\u00edsico, que n\u00e3o \u00e9 f\u00e1cil de aderir a manchas de \u00f3leo e \u00e9 f\u00e1cil de limpar. Como um fabricante de utens\u00edlios de cozinha, apoiamos a personaliza\u00e7\u00e3o OEM e ODM, fornecemos plano de utens\u00edlios de cozinha personalizado gratuito e servi\u00e7o de utens\u00edlios de cozinha por atacado, entre em contato conosco.<\/p>\n<h3>Carater\u00edsticas dos conjuntos de panelas em a\u00e7o inoxid\u00e1vel antiaderente<\/h3>\n<div>\n<p><strong>Tecnologia f\u00edsica antiaderente:<\/strong> Adopta um padr\u00e3o tridimensional micro-convexo em forma de favo de mel, n\u00e3o necessita de adicionar qualquer revestimento qu\u00edmico, n\u00e3o cont\u00e9m subst\u00e2ncias nocivas como os PFAS e garante a sa\u00fade e a seguran\u00e7a dos alimentos.<\/p>\n<p><strong>Desempenho antiaderente superior:<\/strong> Este conjunto de utens\u00edlios de cozinha em a\u00e7o inoxid\u00e1vel tem um desempenho antiaderente superior. Mesmo os ingredientes f\u00e1ceis de colar, como os ovos estrelados e o peixe frito, podem deslizar facilmente, reduzindo o esfor\u00e7o de limpeza.<\/p>\n<p><strong>Excelente acabamento:<\/strong> O conjunto de utens\u00edlios de cozinha adopta um processo integrado de moldagem por estiramento, n\u00e3o tem lacunas de emenda e \u00e9 feito de material de a\u00e7o inoxid\u00e1vel espessado, que satisfaz as necessidades de utiliza\u00e7\u00e3o a longo prazo com elevada frequ\u00eancia.<\/p>\n<p><strong>Fundo triplo em a\u00e7o inoxid\u00e1vel:<\/strong> O fundo \u00e9 feito de um composto de camadas de a\u00e7o inoxid\u00e1vel e alum\u00ednio, que conduz o calor de forma r\u00e1pida e uniforme, evitando eficazmente o aquecimento local ou a ader\u00eancia do fundo, e tornando a cozedura mais eficiente e economizando energia.<\/p>\n<p><strong>Servi\u00e7o grossista de utens\u00edlios de cozinha:<\/strong> Os fabricantes de utens\u00edlios de cozinha Hengguang apoiam o baixo MOQ por atacado, ajudando os clientes a entrar no mercado a um custo menor, adequado para empres\u00e1rios e pequenas e m\u00e9dias empresas.<\/p>\n<p><strong>Suporte OEM&amp;ODM:<\/strong> Apoiamos os servi\u00e7os de personaliza\u00e7\u00e3o OEM e ODM e podemos criar utens\u00edlios de cozinha exclusivos em a\u00e7o inoxid\u00e1vel de acordo com as necessidades da sua marca, incluindo o ajuste do tamanho, design e fun\u00e7\u00e3o e muito mais<\/p>\n<\/div>","protected":false},"featured_media":4666,"comment_status":"closed","ping_status":"closed","template":"","meta":[],"product_brand":[],"product_cat":[52],"product_tag":[],"class_list":{"0":"post-3123","1":"product","2":"type-product","3":"status-publish","4":"has-post-thumbnail","6":"product_cat-stainless-steel-cookware","8":"first","9":"instock","10":"shipping-taxable","11":"product-type-simple"},"_links":{"self":[{"href":"https:\/\/www.hg-cooker.com\/pt\/wp-json\/wp\/v2\/product\/3123","targetHints":{"allow":["GET"]}}],"collection":[{"href":"https:\/\/www.hg-cooker.com\/pt\/wp-json\/wp\/v2\/product"}],"about":[{"href":"https:\/\/www.hg-cooker.com\/pt\/wp-json\/wp\/v2\/types\/product"}],"replies":[{"embeddable":true,"href":"https:\/\/www.hg-cooker.com\/pt\/wp-json\/wp\/v2\/comments?post=3123"}],"wp:featuredmedia":[{"embeddable":true,"href":"https:\/\/www.hg-cooker.com\/pt\/wp-json\/wp\/v2\/media\/4666"}],"wp:attachment":[{"href":"https:\/\/www.hg-cooker.com\/pt\/wp-json\/wp\/v2\/media?parent=3123"}],"wp:term":[{"taxonomy":"product_brand","embeddable":true,"href":"https:\/\/www.hg-cooker.com\/pt\/wp-json\/wp\/v2\/product_brand?post=3123"},{"taxonomy":"product_cat","embeddable":true,"href":"https:\/\/www.hg-cooker.com\/pt\/wp-json\/wp\/v2\/product_cat?post=3123"},{"taxonomy":"product_tag","embeddable":true,"href":"https:\/\/www.hg-cooker.com\/pt\/wp-json\/wp\/v2\/product_tag?post=3123"}],"curies":[{"name":"wp","href":"https:\/\/api.w.org\/{rel}","templated":true}]}}