{"id":2802,"date":"2025-09-11T12:40:57","date_gmt":"2025-09-11T12:40:57","guid":{"rendered":"https:\/\/hg-cooker.com\/?post_type=product&#038;p=2802"},"modified":"2025-09-13T01:34:41","modified_gmt":"2025-09-13T01:34:41","slug":"frigideiras-de-aco-composto-de-tres-camadas-por-atacado","status":"publish","type":"product","link":"https:\/\/www.hg-cooker.com\/pt\/produto\/frigideiras-de-aco-composto-de-tres-camadas-por-atacado\/","title":{"rendered":"Wok de a\u00e7o inoxid\u00e1vel antiaderente Tri-Ply por atacado - Fabricante de utens\u00edlios de cozinha Hengguang"},"content":{"rendered":"<h3 class=\"wp-block-heading\">Par\u00e2metros do Wok em a\u00e7o inoxid\u00e1vel antiaderente<\/h3>\n\n\n\n<figure class=\"wp-block-table\"><table class=\"has-fixed-layout\"><tbody><tr><td>Nome do produto<\/td><td>Frigideira de a\u00e7o composto 304<\/td><\/tr><tr><td>Especifica\u00e7\u00f5es do produto<\/td><td>32 cm<\/td><\/tr><tr><td>Material do produto<\/td><td>A\u00e7o inoxid\u00e1vel 304 e a\u00e7o composto de tr\u00eas camadas<\/td><\/tr><tr><td>Fog\u00e3o adequado<\/td><td>Fog\u00e3o radiante \/ Forno de halog\u00e9neo \/ Fog\u00e3o a g\u00e1s \/ Fog\u00e3o de indu\u00e7\u00e3o<\/td><\/tr><\/tbody><\/table><\/figure>\n\n\n\n<figure class=\"wp-block-table\"><table><tbody><tr><td>Tamanhos<\/td><td>Di\u00e2metro exterior<\/td><td>Di\u00e2metro interno<\/td><td>Comprimento do cabo<\/td><td>Altura do corpo da panela<\/td><td>Di\u00e2metro de aquecimento<\/td><td>Peso l\u00edquido<\/td><\/tr><tr><td>32 cm<\/td><td>34,0 cm<\/td><td>32,0 cm<\/td><td>21,5 cm<\/td><td>9,3 cm<\/td><td>22 cm<\/td><td>1,412 kg<\/td><\/tr><\/tbody><\/table><\/figure>\n\n\n\n<h3 class=\"wp-block-heading\">Op\u00e7\u00f5es de Wok em a\u00e7o inoxid\u00e1vel personalizado<\/h3>\n\n\n\n<figure class=\"wp-block-table\"><table class=\"has-fixed-layout\"><tbody><tr><td>Op\u00e7\u00f5es de personaliza\u00e7\u00e3o<\/td><td>Detalhes<\/td><\/tr><tr><td>Log\u00f3tipo<\/td><td>Personalize o log\u00f3tipo da sua marca no produto e na embalagem.<\/td><\/tr><tr><td>Tamanho<\/td><td>Personalize diferentes tamanhos de frigideiras de acordo com as suas necessidades.<\/td><\/tr><tr><td>Embalagem<\/td><td>Caixa de cart\u00e3o \/ Caixa de cor.<\/td><\/tr><\/tbody><\/table><\/figure>\n\n\n\n<div class=\"wp-block-columns is-layout-flex wp-container-core-columns-is-layout-9d6595d7 wp-block-columns-is-layout-flex\">\n<div class=\"wp-block-column is-layout-flow wp-block-column-is-layout-flow\">\n<figure class=\"wp-block-image size-full\"><img fetchpriority=\"high\" decoding=\"async\" width=\"395\" height=\"620\" src=\"https:\/\/www.hg-cooker.com\/wp-content\/uploads\/2024\/06\/Custom-Tri-Ply-Stainless-Steel-Wok-Detail-1-1.png\" alt=\"Detalhe do Wok em a\u00e7o inoxid\u00e1vel Tri Ply personalizado (1)\" class=\"wp-image-4747\" srcset=\"https:\/\/www.hg-cooker.com\/wp-content\/uploads\/2024\/06\/Custom-Tri-Ply-Stainless-Steel-Wok-Detail-1-1.png 395w, https:\/\/www.hg-cooker.com\/wp-content\/uploads\/2024\/06\/Custom-Tri-Ply-Stainless-Steel-Wok-Detail-1-1-96x150.png 96w, https:\/\/www.hg-cooker.com\/wp-content\/uploads\/2024\/06\/Custom-Tri-Ply-Stainless-Steel-Wok-Detail-1-1-191x300.png 191w, https:\/\/www.hg-cooker.com\/wp-content\/uploads\/2024\/06\/Custom-Tri-Ply-Stainless-Steel-Wok-Detail-1-1-8x12.png 8w, https:\/\/www.hg-cooker.com\/wp-content\/uploads\/2024\/06\/Custom-Tri-Ply-Stainless-Steel-Wok-Detail-1-1-285x447.png 285w\" sizes=\"(max-width: 395px) 100vw, 395px\" \/><\/figure>\n<\/div>\n\n\n\n<div class=\"wp-block-column is-layout-flow wp-block-column-is-layout-flow\">\n<figure class=\"wp-block-image size-full\"><img decoding=\"async\" width=\"395\" height=\"620\" src=\"https:\/\/www.hg-cooker.com\/wp-content\/uploads\/2024\/06\/Custom-Tri-Ply-Stainless-Steel-Wok-Detail-2-1.png\" alt=\"Detalhe do Wok em a\u00e7o inoxid\u00e1vel Tri Ply personalizado (2)\" class=\"wp-image-4748\" srcset=\"https:\/\/www.hg-cooker.com\/wp-content\/uploads\/2024\/06\/Custom-Tri-Ply-Stainless-Steel-Wok-Detail-2-1.png 395w, https:\/\/www.hg-cooker.com\/wp-content\/uploads\/2024\/06\/Custom-Tri-Ply-Stainless-Steel-Wok-Detail-2-1-96x150.png 96w, https:\/\/www.hg-cooker.com\/wp-content\/uploads\/2024\/06\/Custom-Tri-Ply-Stainless-Steel-Wok-Detail-2-1-191x300.png 191w, https:\/\/www.hg-cooker.com\/wp-content\/uploads\/2024\/06\/Custom-Tri-Ply-Stainless-Steel-Wok-Detail-2-1-8x12.png 8w, https:\/\/www.hg-cooker.com\/wp-content\/uploads\/2024\/06\/Custom-Tri-Ply-Stainless-Steel-Wok-Detail-2-1-285x447.png 285w\" sizes=\"(max-width: 395px) 100vw, 395px\" \/><\/figure>\n<\/div>\n<\/div>","protected":false},"excerpt":{"rendered":"<p>Wok de a\u00e7o inoxid\u00e1vel antiaderente de tr\u00eas camadas por atacado. Este wok \u00e9 feito de a\u00e7o composto de tr\u00eas camadas, que combina as vantagens do n\u00facleo de alum\u00ednio e da camada externa de a\u00e7o inoxid\u00e1vel 430, melhora a durabilidade e a condutividade t\u00e9rmica do corpo da panela, e a camada interna adota o revestimento antiaderente f\u00edsico em favo de mel, que tem bom efeito antiaderente. Para desfrutar do pre\u00e7o de f\u00e1brica, contacte-nos para obter um or\u00e7amento.<\/p>\n<h2>Carater\u00edsticas do Wok em a\u00e7o inoxid\u00e1vel antiaderente Tri-Ply<\/h2>\n<p><strong>Processo de fundi\u00e7\u00e3o de comp\u00f3sito multicamada:<\/strong> Atrav\u00e9s do processo de fundi\u00e7\u00e3o composto de v\u00e1rias camadas, este wok de a\u00e7o inoxid\u00e1vel tem maior durabilidade e condutividade t\u00e9rmica. O calor \u00e9 distribu\u00eddo uniformemente e o efeito de cozedura \u00e9 mais est\u00e1vel.<\/p>\n<p><strong>Materiais de alta qualidade:<\/strong> O wok \u00e9 feito de materiais de alta qualidade. Mesmo que seja cozinhada durante muito tempo, a forma e o desempenho do corpo da panela n\u00e3o s\u00e3o afectados, e tem uma vida \u00fatil mais longa e uma boa efici\u00eancia de cozedura.<\/p>\n<p><strong>Antiaderente f\u00edsico:<\/strong> Este wok de a\u00e7o inoxid\u00e1vel adopta um design tridimensional micro-convexo em forma de favo de mel e os alimentos podem deslizar facilmente na superf\u00edcie interior do wok para evitar que se colem \u00e0 panela. \u00c9 mais f\u00e1cil de limpar e pode reduzir a utiliza\u00e7\u00e3o de gordura, tornando os cozinhados mais saud\u00e1veis.<\/p>\n<p><strong>Ampla aplicabilidade:<\/strong> Esta frigideira antiaderente em a\u00e7o inoxid\u00e1vel \u00e9 adequada para uma variedade de m\u00e9todos de cozedura, como fritar e estufar. \u00c9 adequada para v\u00e1rios fog\u00f5es, como fog\u00f5es a g\u00e1s, fog\u00f5es de indu\u00e7\u00e3o e fog\u00f5es el\u00e9ctricos de cer\u00e2mica, para satisfazer as necessidades culin\u00e1rias di\u00e1rias da fam\u00edlia.<\/p>","protected":false},"featured_media":4741,"comment_status":"closed","ping_status":"closed","template":"","meta":[],"product_brand":[],"product_cat":[52],"product_tag":[],"class_list":{"0":"post-2802","1":"product","2":"type-product","3":"status-publish","4":"has-post-thumbnail","6":"product_cat-stainless-steel-cookware","8":"first","9":"instock","10":"shipping-taxable","11":"product-type-simple"},"_links":{"self":[{"href":"https:\/\/www.hg-cooker.com\/pt\/wp-json\/wp\/v2\/product\/2802","targetHints":{"allow":["GET"]}}],"collection":[{"href":"https:\/\/www.hg-cooker.com\/pt\/wp-json\/wp\/v2\/product"}],"about":[{"href":"https:\/\/www.hg-cooker.com\/pt\/wp-json\/wp\/v2\/types\/product"}],"replies":[{"embeddable":true,"href":"https:\/\/www.hg-cooker.com\/pt\/wp-json\/wp\/v2\/comments?post=2802"}],"wp:featuredmedia":[{"embeddable":true,"href":"https:\/\/www.hg-cooker.com\/pt\/wp-json\/wp\/v2\/media\/4741"}],"wp:attachment":[{"href":"https:\/\/www.hg-cooker.com\/pt\/wp-json\/wp\/v2\/media?parent=2802"}],"wp:term":[{"taxonomy":"product_brand","embeddable":true,"href":"https:\/\/www.hg-cooker.com\/pt\/wp-json\/wp\/v2\/product_brand?post=2802"},{"taxonomy":"product_cat","embeddable":true,"href":"https:\/\/www.hg-cooker.com\/pt\/wp-json\/wp\/v2\/product_cat?post=2802"},{"taxonomy":"product_tag","embeddable":true,"href":"https:\/\/www.hg-cooker.com\/pt\/wp-json\/wp\/v2\/product_tag?post=2802"}],"curies":[{"name":"wp","href":"https:\/\/api.w.org\/{rel}","templated":true}]}}