{"id":6383,"date":"2024-09-11T09:46:02","date_gmt":"2024-09-11T09:46:02","guid":{"rendered":"https:\/\/www.hg-cooker.com\/?post_type=product&#038;p=6383"},"modified":"2025-11-13T02:17:40","modified_gmt":"2025-11-13T02:17:40","slug":"wholesale-multi-function-pressure-cooker","status":"publish","type":"product","link":"https:\/\/www.hg-cooker.com\/fr\/produit\/wholesale-multi-function-pressure-cooker\/","title":{"rendered":"Autocuiseur multifonction de gros - Conception \"ouverture\/fermeture en un clic\"."},"content":{"rendered":"<h3 class=\"wp-block-heading\">Param\u00e8tres de l'autocuiseur multifonction<\/h3>\n\n\n\n<div class=\"wp-block-columns is-layout-flex wp-container-core-columns-is-layout-9d6595d7 wp-block-columns-is-layout-flex\">\n<div class=\"wp-block-column is-layout-flow wp-block-column-is-layout-flow\" style=\"flex-basis:66.66%\">\n<figure class=\"wp-block-image size-full\"><img fetchpriority=\"high\" decoding=\"async\" width=\"4060\" height=\"2032\" src=\"https:\/\/www.hg-cooker.com\/wp-content\/uploads\/2025\/09\/Specifications-of-multi-function-pressure-cooker.webp\" alt=\"Sp\u00e9cifications de l&#039;autocuiseur multifonction\" class=\"wp-image-6384\" srcset=\"https:\/\/www.hg-cooker.com\/wp-content\/uploads\/2025\/09\/Specifications-of-multi-function-pressure-cooker.webp 4060w, https:\/\/www.hg-cooker.com\/wp-content\/uploads\/2025\/09\/Specifications-of-multi-function-pressure-cooker-300x150.webp 300w, https:\/\/www.hg-cooker.com\/wp-content\/uploads\/2025\/09\/Specifications-of-multi-function-pressure-cooker-768x384.webp 768w, https:\/\/www.hg-cooker.com\/wp-content\/uploads\/2025\/09\/Specifications-of-multi-function-pressure-cooker-18x9.webp 18w, https:\/\/www.hg-cooker.com\/wp-content\/uploads\/2025\/09\/Specifications-of-multi-function-pressure-cooker-285x143.webp 285w, https:\/\/www.hg-cooker.com\/wp-content\/uploads\/2025\/09\/Specifications-of-multi-function-pressure-cooker-1600x801.webp 1600w, https:\/\/www.hg-cooker.com\/wp-content\/uploads\/2025\/09\/Specifications-of-multi-function-pressure-cooker-660x330.webp 660w, https:\/\/www.hg-cooker.com\/wp-content\/uploads\/2025\/09\/Specifications-of-multi-function-pressure-cooker-150x75.webp 150w\" sizes=\"(max-width: 4060px) 100vw, 4060px\" \/><\/figure>\n<\/div>\n\n\n\n<div class=\"wp-block-column is-layout-flow wp-block-column-is-layout-flow\" style=\"flex-basis:33.33%\"><\/div>\n<\/div>\n\n\n\n<h3 class=\"wp-block-heading\">Options d'ustensiles de cuisine personnalis\u00e9s<\/h3>\n\n\n\n<p><strong>Logo :<\/strong> Personnalisable avec le logo de votre marque<br><strong>Emballage :<\/strong>&nbsp;Bo\u00eete de couleur\/Carton, etc.<br><strong>Mat\u00e9riau : <\/strong>Personnalisable<\/p>","protected":false},"excerpt":{"rendered":"<p>Autocuiseur multifonctionnel de gros, \u00e9quip\u00e9 d'un couvercle \u00e0 ouverture et fermeture en un clic, les utilisateurs n'ont qu'\u00e0 appuyer l\u00e9g\u00e8rement pour ouvrir le couvercle de l'autocuiseur. Cet autocuiseur offre plusieurs capacit\u00e9s allant de 4 litres \u00e0 8 litres pour r\u00e9pondre aux diff\u00e9rents besoins de cuisson. Le produit est conforme aux normes internationales telles que CE, LFGB, FDA et ISO. Les grossistes, les distributeurs et les n\u00e9gociants sont les bienvenus pour acheter en gros.<\/p>\n<h2>Caract\u00e9ristiques de l'autocuiseur multifonction<\/h2>\n<p><strong>Ouverture et fermeture en un seul clic :<\/strong> Les utilisateurs peuvent facilement ouvrir le couvercle de la casserole d'une simple pression. Cette fonction am\u00e9liore non seulement la s\u00e9curit\u00e9 de l'utilisateur, mais rend \u00e9galement la cuisine plus rapide et plus agr\u00e9able.<\/p>\n<p><strong>Mat\u00e9riau durable et sans danger pour les aliments :<\/strong> Cet autocuiseur est fabriqu\u00e9 en acier inoxydable 304, qui pr\u00e9sente une excellente r\u00e9sistance \u00e0 la rouille et \u00e0 la corrosion, et est tr\u00e8s durable, ce qui en fait un investissement s\u00fbr et durable.<\/p>\n<p><strong>Plusieurs tailles au choix :<\/strong> Cet autocuiseur offre plusieurs options de capacit\u00e9, notamment 4 litres, 6 litres, 7 litres et 8 litres. Il convient aux besoins de cuisson de tailles et d'\u00e9chelles diff\u00e9rentes.<\/p>\n<p><strong>\u00c9conomiser le temps de cuisson :<\/strong> Le corps scell\u00e9 de la marmite peut augmenter la pression \u00e0 l'int\u00e9rieur de la marmite, ce qui permet aux aliments de cuire plus rapidement et aux utilisateurs de pr\u00e9parer une grande quantit\u00e9 de repas en peu de temps, am\u00e9liorant ainsi l'efficacit\u00e9 de la cuisine.<\/p>\n<p><strong>Contr\u00f4le et certification stricts de la qualit\u00e9 :<\/strong> En tant que principal fabricant d'autocuiseurs en Chine, nos produits sont soumis \u00e0 des proc\u00e9dures strictes de contr\u00f4le de la qualit\u00e9 et sont conformes aux normes internationales telles que CE, LFGB, FDA et ISO.<\/p>","protected":false},"featured_media":6385,"comment_status":"closed","ping_status":"closed","template":"","meta":[],"product_brand":[],"product_cat":[54],"product_tag":[],"class_list":{"0":"post-6383","1":"product","2":"type-product","3":"status-publish","4":"has-post-thumbnail","6":"product_cat-pressure-cooker","8":"first","9":"instock","10":"shipping-taxable","11":"product-type-simple"},"_links":{"self":[{"href":"https:\/\/www.hg-cooker.com\/fr\/wp-json\/wp\/v2\/product\/6383","targetHints":{"allow":["GET"]}}],"collection":[{"href":"https:\/\/www.hg-cooker.com\/fr\/wp-json\/wp\/v2\/product"}],"about":[{"href":"https:\/\/www.hg-cooker.com\/fr\/wp-json\/wp\/v2\/types\/product"}],"replies":[{"embeddable":true,"href":"https:\/\/www.hg-cooker.com\/fr\/wp-json\/wp\/v2\/comments?post=6383"}],"wp:featuredmedia":[{"embeddable":true,"href":"https:\/\/www.hg-cooker.com\/fr\/wp-json\/wp\/v2\/media\/6385"}],"wp:attachment":[{"href":"https:\/\/www.hg-cooker.com\/fr\/wp-json\/wp\/v2\/media?parent=6383"}],"wp:term":[{"taxonomy":"product_brand","embeddable":true,"href":"https:\/\/www.hg-cooker.com\/fr\/wp-json\/wp\/v2\/product_brand?post=6383"},{"taxonomy":"product_cat","embeddable":true,"href":"https:\/\/www.hg-cooker.com\/fr\/wp-json\/wp\/v2\/product_cat?post=6383"},{"taxonomy":"product_tag","embeddable":true,"href":"https:\/\/www.hg-cooker.com\/fr\/wp-json\/wp\/v2\/product_tag?post=6383"}],"curies":[{"name":"wp","href":"https:\/\/api.w.org\/{rel}","templated":true}]}}