{"id":6371,"date":"2024-09-11T07:20:34","date_gmt":"2024-09-11T07:20:34","guid":{"rendered":"https:\/\/www.hg-cooker.com\/?post_type=product&#038;p=6371"},"modified":"2025-11-13T02:17:21","modified_gmt":"2025-11-13T02:17:21","slug":"wholesale-pressure-cooker-in-bulk","status":"publish","type":"product","link":"https:\/\/www.hg-cooker.com\/fr\/produit\/wholesale-pressure-cooker-in-bulk\/","title":{"rendered":"Autocuiseur en gros, Durable, Efficace, Fourni par l'usine en grandes quantit\u00e9s"},"content":{"rendered":"<h3 class=\"wp-block-heading\">Param\u00e8tres des autocuiseurs en acier inoxydable<\/h3>\n\n\n\n<div class=\"wp-block-columns is-layout-flex wp-container-core-columns-is-layout-9d6595d7 wp-block-columns-is-layout-flex\">\n<div class=\"wp-block-column is-layout-flow wp-block-column-is-layout-flow\" style=\"flex-basis:66.66%\">\n<figure class=\"wp-block-image size-full\"><img fetchpriority=\"high\" decoding=\"async\" width=\"4964\" height=\"2700\" src=\"https:\/\/www.hg-cooker.com\/wp-content\/uploads\/2025\/09\/specifications-of-pressure-cooker.webp\" alt=\"sp\u00e9cifications de l&#039;autocuiseur\" class=\"wp-image-6382\" srcset=\"https:\/\/www.hg-cooker.com\/wp-content\/uploads\/2025\/09\/specifications-of-pressure-cooker.webp 4964w, https:\/\/www.hg-cooker.com\/wp-content\/uploads\/2025\/09\/specifications-of-pressure-cooker-300x163.webp 300w, https:\/\/www.hg-cooker.com\/wp-content\/uploads\/2025\/09\/specifications-of-pressure-cooker-768x418.webp 768w, https:\/\/www.hg-cooker.com\/wp-content\/uploads\/2025\/09\/specifications-of-pressure-cooker-18x10.webp 18w, https:\/\/www.hg-cooker.com\/wp-content\/uploads\/2025\/09\/specifications-of-pressure-cooker-285x155.webp 285w, https:\/\/www.hg-cooker.com\/wp-content\/uploads\/2025\/09\/specifications-of-pressure-cooker-1600x870.webp 1600w, https:\/\/www.hg-cooker.com\/wp-content\/uploads\/2025\/09\/specifications-of-pressure-cooker-660x359.webp 660w, https:\/\/www.hg-cooker.com\/wp-content\/uploads\/2025\/09\/specifications-of-pressure-cooker-150x82.webp 150w\" sizes=\"(max-width: 4964px) 100vw, 4964px\" \/><\/figure>\n<\/div>\n\n\n\n<div class=\"wp-block-column is-layout-flow wp-block-column-is-layout-flow\" style=\"flex-basis:33.33%\"><\/div>\n<\/div>\n\n\n\n<h3 class=\"wp-block-heading\">Options des autocuiseurs personnalis\u00e9s<\/h3>\n\n\n\n<p><strong>Logo :<\/strong> Personnalisable avec le logo de votre marque ; <strong>Emballage :<\/strong>&nbsp;Bo\u00eete de couleur\/Carton, etc ; <strong>Mat\u00e9riau : <\/strong>Personnalisable<\/p>","protected":false},"excerpt":{"rendered":"<p>Autocuiseurs en gros, con\u00e7us sp\u00e9cialement pour les cuisines domestiques et l'utilisation professionnelle, disponibles en huit tailles diff\u00e9rentes. Chaque autocuiseur est \u00e9quip\u00e9 d'un fond en acier inoxydable \u00e0 trois couches, qui offre une excellente conductivit\u00e9 thermique et am\u00e9liore consid\u00e9rablement l'efficacit\u00e9 de la cuisson et les performances globales. Nous invitons les n\u00e9gociants, les grossistes et les distributeurs du monde entier \u00e0 nous contacter pour des achats en gros.<\/p>\n<h2>Caract\u00e9ristiques des autocuiseurs<\/h2>\n<p><strong>Fond en acier inoxydable triple \u00e9paisseur :<\/strong> Cette structure combine la solidit\u00e9 et la r\u00e9sistance \u00e0 la corrosion de l'acier inoxydable avec l'excellente conductivit\u00e9 thermique de l'aluminium, assurant une distribution uniforme de la chaleur sur toute la surface de cuisson de l'autocuiseur, ce qui am\u00e9liore consid\u00e9rablement l'efficacit\u00e9 et le rendement de la cuisson.<\/p>\n<p><strong>Huit tailles :<\/strong> Ces autocuiseurs sont disponibles en huit tailles diff\u00e9rentes, allant des mod\u00e8les compacts adapt\u00e9s aux petits m\u00e9nages aux mod\u00e8les de grande capacit\u00e9 adapt\u00e9s aux restaurants ou aux services de restauration, ce qui offre aux utilisateurs un large \u00e9ventail de choix.<\/p>\n<p><strong>Excellente durabilit\u00e9 :<\/strong> Ces autocuiseurs sont fabriqu\u00e9s en acier inoxydable de haute qualit\u00e9 et peuvent r\u00e9sister \u00e0 une utilisation fr\u00e9quente et intensive sans d\u00e9formation, indentation ou corrosion.<\/p>\n<p><strong>Cuisson efficace :<\/strong> La combinaison de la cuisson sous pression scell\u00e9e et d'une base en acier inoxydable \u00e0 trois couches permet \u00e0 ces autocuiseurs de cuire 50% plus rapidement que les m\u00e9thodes de cuisson traditionnelles.<\/p>\n<p><strong>Approvisionnement fiable de l'usine :<\/strong> Comme ces autocuiseurs sont directement fournis par l'usine, les grossistes et les distributeurs peuvent compter sur un approvisionnement stable et \u00e0 grande \u00e9chelle, sans interruption.<\/p>","protected":false},"featured_media":6372,"comment_status":"closed","ping_status":"closed","template":"","meta":[],"product_brand":[],"product_cat":[54],"product_tag":[],"class_list":{"0":"post-6371","1":"product","2":"type-product","3":"status-publish","4":"has-post-thumbnail","6":"product_cat-pressure-cooker","8":"first","9":"instock","10":"shipping-taxable","11":"product-type-simple"},"_links":{"self":[{"href":"https:\/\/www.hg-cooker.com\/fr\/wp-json\/wp\/v2\/product\/6371","targetHints":{"allow":["GET"]}}],"collection":[{"href":"https:\/\/www.hg-cooker.com\/fr\/wp-json\/wp\/v2\/product"}],"about":[{"href":"https:\/\/www.hg-cooker.com\/fr\/wp-json\/wp\/v2\/types\/product"}],"replies":[{"embeddable":true,"href":"https:\/\/www.hg-cooker.com\/fr\/wp-json\/wp\/v2\/comments?post=6371"}],"wp:featuredmedia":[{"embeddable":true,"href":"https:\/\/www.hg-cooker.com\/fr\/wp-json\/wp\/v2\/media\/6372"}],"wp:attachment":[{"href":"https:\/\/www.hg-cooker.com\/fr\/wp-json\/wp\/v2\/media?parent=6371"}],"wp:term":[{"taxonomy":"product_brand","embeddable":true,"href":"https:\/\/www.hg-cooker.com\/fr\/wp-json\/wp\/v2\/product_brand?post=6371"},{"taxonomy":"product_cat","embeddable":true,"href":"https:\/\/www.hg-cooker.com\/fr\/wp-json\/wp\/v2\/product_cat?post=6371"},{"taxonomy":"product_tag","embeddable":true,"href":"https:\/\/www.hg-cooker.com\/fr\/wp-json\/wp\/v2\/product_tag?post=6371"}],"curies":[{"name":"wp","href":"https:\/\/api.w.org\/{rel}","templated":true}]}}