{"id":6368,"date":"2024-09-11T06:58:04","date_gmt":"2024-09-11T06:58:04","guid":{"rendered":"https:\/\/www.hg-cooker.com\/?post_type=product&#038;p=6368"},"modified":"2025-11-13T02:12:44","modified_gmt":"2025-11-13T02:12:44","slug":"wholesale-mini-pressure-cooker-for-home-and-outdoor-cooking","status":"publish","type":"product","link":"https:\/\/www.hg-cooker.com\/fr\/produit\/wholesale-mini-pressure-cooker-for-home-and-outdoor-cooking\/","title":{"rendered":"Mini autocuiseur en gros - Convient \u00e0 la cuisine en plein air et \u00e0 la maison"},"content":{"rendered":"<h3 class=\"wp-block-heading\">Param\u00e8tres du mini autocuiseur<\/h3>\n\n\n\n<div class=\"wp-block-columns is-layout-flex wp-container-core-columns-is-layout-9d6595d7 wp-block-columns-is-layout-flex\">\n<div class=\"wp-block-column is-layout-flow wp-block-column-is-layout-flow\" style=\"flex-basis:66.66%\">\n<figure class=\"wp-block-image size-full\"><img fetchpriority=\"high\" decoding=\"async\" width=\"4460\" height=\"2056\" src=\"https:\/\/www.hg-cooker.com\/wp-content\/uploads\/2025\/09\/specifications-of-mini-pressure-cooker-1.webp\" alt=\"sp\u00e9cifications de l&#039;autocuiseur miniature\" class=\"wp-image-6370\" srcset=\"https:\/\/www.hg-cooker.com\/wp-content\/uploads\/2025\/09\/specifications-of-mini-pressure-cooker-1.webp 4460w, https:\/\/www.hg-cooker.com\/wp-content\/uploads\/2025\/09\/specifications-of-mini-pressure-cooker-1-300x138.webp 300w, https:\/\/www.hg-cooker.com\/wp-content\/uploads\/2025\/09\/specifications-of-mini-pressure-cooker-1-768x354.webp 768w, https:\/\/www.hg-cooker.com\/wp-content\/uploads\/2025\/09\/specifications-of-mini-pressure-cooker-1-18x8.webp 18w, https:\/\/www.hg-cooker.com\/wp-content\/uploads\/2025\/09\/specifications-of-mini-pressure-cooker-1-285x131.webp 285w, https:\/\/www.hg-cooker.com\/wp-content\/uploads\/2025\/09\/specifications-of-mini-pressure-cooker-1-1600x738.webp 1600w, https:\/\/www.hg-cooker.com\/wp-content\/uploads\/2025\/09\/specifications-of-mini-pressure-cooker-1-660x304.webp 660w, https:\/\/www.hg-cooker.com\/wp-content\/uploads\/2025\/09\/specifications-of-mini-pressure-cooker-1-150x69.webp 150w\" sizes=\"(max-width: 4460px) 100vw, 4460px\" \/><\/figure>\n<\/div>\n\n\n\n<div class=\"wp-block-column is-layout-flow wp-block-column-is-layout-flow\" style=\"flex-basis:33.33%\"><\/div>\n<\/div>\n\n\n\n<h3 class=\"wp-block-heading\">Options d'autocuiseur personnalis\u00e9es<\/h3>\n\n\n\n<p><strong>Logo :<\/strong> Personnalisable avec le logo de votre marque ; <strong>Emballage :<\/strong>\u00a0Bo\u00eete de couleur\/Carton, etc ; <strong>Mat\u00e9riau : <\/strong>Personnalisable<\/p>\n\n\n\n<p><\/p>","protected":false},"excerpt":{"rendered":"<p>Les mini autocuiseurs de gros sont parfaits pour les m\u00e9nages, les appartements, les dortoirs ou les v\u00e9hicules de loisirs disposant d'un espace de cuisine limit\u00e9. La vitesse de cuisson des mini autocuiseurs est 70% plus rapide que les m\u00e9thodes de cuisson traditionnelles, et leur construction l\u00e9g\u00e8re et portable en fait un choix id\u00e9al pour les activit\u00e9s de plein air telles que le camping, le pique-nique et les voyages. Nous invitons les n\u00e9gociants, les grossistes et les distributeurs du monde entier \u00e0 nous contacter.<\/p>\n<h2>Caract\u00e9ristiques des mini-cuiseurs \u00e0 pression<\/h2>\n<p><strong>Conception peu encombrante :<\/strong> Ce mini autocuiseur a une petite capacit\u00e9 de seulement 0,8 \u00e0 1,6 litre, ce qui en fait un choix id\u00e9al pour les m\u00e9nages, les appartements, les dortoirs ou les v\u00e9hicules de loisirs disposant d'un espace de cuisine limit\u00e9.<\/p>\n<p><strong>Convient \u00e0 diverses utilisations \u00e0 l'int\u00e9rieur et \u00e0 l'ext\u00e9rieur :<\/strong> Le mini autocuiseur peut \u00eatre chauff\u00e9 \u00e0 l'aide d'une flamme nue ou d'un r\u00e9chaud portable. Pour les amateurs de camping, un mini autocuiseur est un outil fiable pour cuisiner de d\u00e9licieux plats en plein air.<\/p>\n<p><strong>Pr\u00e9server la nutrition et la saveur :<\/strong> Un environnement de cuisson herm\u00e9tique permet de pr\u00e9server efficacement les vitamines et les min\u00e9raux, \u00e9vitant ainsi les pertes dues aux m\u00e9thodes traditionnelles de cuisson par \u00e9bullition ou friture.<\/p>\n<p><strong>Fonctionnalit\u00e9s s\u00fbres et conviviales :<\/strong> Les mini-cuiseurs \u00e0 pression donnent la priorit\u00e9 \u00e0 la s\u00e9curit\u00e9. Il est \u00e9quip\u00e9 de nombreux dispositifs de protection, notamment d'un couvercle verrouillable pour \u00e9viter toute ouverture accidentelle sous pression, d'une soupape de surpression pour contr\u00f4ler l'\u00e9vacuation de la vapeur et d'une poign\u00e9e r\u00e9sistante \u00e0 la chaleur pour \u00e9viter les br\u00fblures aux deux mains.<\/p>\n<p><strong>Exp\u00e9rience de l'exportation au niveau mondial :<\/strong> en tant que fabricant professionnel d'autocuiseurs. Nous poss\u00e9dons une vaste exp\u00e9rience de l'exportation de produits \u00e0 l'\u00e9chelle mondiale, ce qui nous permet de fournir des cha\u00eenes d'approvisionnement fiables et des produits de qualit\u00e9 constante aux acheteurs du monde entier.<\/p>","protected":false},"featured_media":6369,"comment_status":"closed","ping_status":"closed","template":"","meta":[],"product_brand":[],"product_cat":[49],"product_tag":[],"class_list":{"0":"post-6368","1":"product","2":"type-product","3":"status-publish","4":"has-post-thumbnail","6":"product_cat-mini-pressure-cooker","8":"first","9":"instock","10":"shipping-taxable","11":"product-type-simple"},"_links":{"self":[{"href":"https:\/\/www.hg-cooker.com\/fr\/wp-json\/wp\/v2\/product\/6368","targetHints":{"allow":["GET"]}}],"collection":[{"href":"https:\/\/www.hg-cooker.com\/fr\/wp-json\/wp\/v2\/product"}],"about":[{"href":"https:\/\/www.hg-cooker.com\/fr\/wp-json\/wp\/v2\/types\/product"}],"replies":[{"embeddable":true,"href":"https:\/\/www.hg-cooker.com\/fr\/wp-json\/wp\/v2\/comments?post=6368"}],"wp:featuredmedia":[{"embeddable":true,"href":"https:\/\/www.hg-cooker.com\/fr\/wp-json\/wp\/v2\/media\/6369"}],"wp:attachment":[{"href":"https:\/\/www.hg-cooker.com\/fr\/wp-json\/wp\/v2\/media?parent=6368"}],"wp:term":[{"taxonomy":"product_brand","embeddable":true,"href":"https:\/\/www.hg-cooker.com\/fr\/wp-json\/wp\/v2\/product_brand?post=6368"},{"taxonomy":"product_cat","embeddable":true,"href":"https:\/\/www.hg-cooker.com\/fr\/wp-json\/wp\/v2\/product_cat?post=6368"},{"taxonomy":"product_tag","embeddable":true,"href":"https:\/\/www.hg-cooker.com\/fr\/wp-json\/wp\/v2\/product_tag?post=6368"}],"curies":[{"name":"wp","href":"https:\/\/api.w.org\/{rel}","templated":true}]}}