{"id":6365,"date":"2024-09-11T06:17:23","date_gmt":"2024-09-11T06:17:23","guid":{"rendered":"https:\/\/www.hg-cooker.com\/?post_type=product&#038;p=6365"},"modified":"2025-11-13T02:12:54","modified_gmt":"2025-11-13T02:12:54","slug":"wholesale-mini-pressure-cooker-with-handle","status":"publish","type":"product","link":"https:\/\/www.hg-cooker.com\/fr\/produit\/wholesale-mini-pressure-cooker-with-handle\/","title":{"rendered":"Grossiste Mini autocuiseur avec poign\u00e9e - Factory Bulk Supply"},"content":{"rendered":"<h3 class=\"wp-block-heading\">Param\u00e8tres du mini autocuiseur<\/h3>\n\n\n\n<div class=\"wp-block-columns is-layout-flex wp-container-core-columns-is-layout-9d6595d7 wp-block-columns-is-layout-flex\">\n<div class=\"wp-block-column is-layout-flow wp-block-column-is-layout-flow\" style=\"flex-basis:66.66%\">\n<figure class=\"wp-block-image size-full\"><img fetchpriority=\"high\" decoding=\"async\" width=\"5120\" height=\"2304\" src=\"https:\/\/www.hg-cooker.com\/wp-content\/uploads\/2025\/09\/specifications-of-mini-pressure-cooker.webp\" alt=\"sp\u00e9cifications de l&#039;autocuiseur miniature\" class=\"wp-image-6366\" srcset=\"https:\/\/www.hg-cooker.com\/wp-content\/uploads\/2025\/09\/specifications-of-mini-pressure-cooker.webp 5120w, https:\/\/www.hg-cooker.com\/wp-content\/uploads\/2025\/09\/specifications-of-mini-pressure-cooker-300x135.webp 300w, https:\/\/www.hg-cooker.com\/wp-content\/uploads\/2025\/09\/specifications-of-mini-pressure-cooker-768x346.webp 768w, https:\/\/www.hg-cooker.com\/wp-content\/uploads\/2025\/09\/specifications-of-mini-pressure-cooker-18x8.webp 18w, https:\/\/www.hg-cooker.com\/wp-content\/uploads\/2025\/09\/specifications-of-mini-pressure-cooker-285x128.webp 285w, https:\/\/www.hg-cooker.com\/wp-content\/uploads\/2025\/09\/specifications-of-mini-pressure-cooker-1600x720.webp 1600w, https:\/\/www.hg-cooker.com\/wp-content\/uploads\/2025\/09\/specifications-of-mini-pressure-cooker-660x297.webp 660w, https:\/\/www.hg-cooker.com\/wp-content\/uploads\/2025\/09\/specifications-of-mini-pressure-cooker-150x68.webp 150w\" sizes=\"(max-width: 5120px) 100vw, 5120px\" \/><\/figure>\n<\/div>\n\n\n\n<div class=\"wp-block-column is-layout-flow wp-block-column-is-layout-flow\" style=\"flex-basis:33.33%\"><\/div>\n<\/div>\n\n\n\n<h3 class=\"wp-block-heading\">Options d'ustensiles de cuisine personnalis\u00e9s<\/h3>\n\n\n\n<p><strong>Logo :<\/strong> Personnalisable avec le logo de votre marque ; <strong>Emballage :<\/strong>\u00a0Bo\u00eete de couleur\/Carton, etc ; <strong>Mat\u00e9riau : <\/strong>Personnalisable<\/p>","protected":false},"excerpt":{"rendered":"<p>L'usine fournit des mini-cuiseurs \u00e0 pression en vrac. Ils conviennent aux grossistes, aux d\u00e9taillants et aux fournisseurs d'ustensiles de cuisine. Nous proposons des prix comp\u00e9titifs, une qualit\u00e9 stable et une livraison fiable.<\/p>\n<h2>Caract\u00e9ristiques de l'autocuiseur miniature<\/h2>\n<p><strong>Conception peu encombrante :<\/strong> Nous proposons des mini autocuiseurs de 0,8 \u00e0 2,0 litres, dont la conception miniature permet de les adapter facilement aux petites cuisines, aux appartements, aux dortoirs ou aux v\u00e9hicules de loisirs.<\/p>\n<p><strong>Efficacit\u00e9 \u00e9nerg\u00e9tique :<\/strong> Le mini autocuiseur Wholesale utilise un mat\u00e9riau en acier inoxydable \u00e0 trois couches, qui consomme moins d'\u00e9nergie et a une plus grande efficacit\u00e9 de cuisson, r\u00e9duisant ainsi consid\u00e9rablement le temps de cuisson total.<\/p>\n<p><strong>Nutrition et conservation de la saveur :<\/strong> L'environnement de cuisson herm\u00e9tique de l'autocuiseur permet d'emprisonner la vapeur, ce qui contribue \u00e0 pr\u00e9server les vitamines, les min\u00e9raux et les ar\u00f4mes naturels des aliments.<\/p>\n<p><strong>Facile \u00e0 nettoyer :<\/strong> Notre mini-cuiseur \u00e0 pression est fabriqu\u00e9 en acier inoxydable, ce qui facilite le nettoyage et l'entretien.<\/p>\n<p><strong>Contr\u00f4le et certification stricts de la qualit\u00e9 :<\/strong> De l'inspection des mati\u00e8res premi\u00e8res \u00e0 l'essai du produit final, nos produits ont satisfait aux normes internationales telles que CE, LFGB, FDA et ISO.<\/p>","protected":false},"featured_media":6367,"comment_status":"closed","ping_status":"closed","template":"","meta":[],"product_brand":[],"product_cat":[49],"product_tag":[],"class_list":{"0":"post-6365","1":"product","2":"type-product","3":"status-publish","4":"has-post-thumbnail","6":"product_cat-mini-pressure-cooker","8":"first","9":"instock","10":"shipping-taxable","11":"product-type-simple"},"_links":{"self":[{"href":"https:\/\/www.hg-cooker.com\/fr\/wp-json\/wp\/v2\/product\/6365","targetHints":{"allow":["GET"]}}],"collection":[{"href":"https:\/\/www.hg-cooker.com\/fr\/wp-json\/wp\/v2\/product"}],"about":[{"href":"https:\/\/www.hg-cooker.com\/fr\/wp-json\/wp\/v2\/types\/product"}],"replies":[{"embeddable":true,"href":"https:\/\/www.hg-cooker.com\/fr\/wp-json\/wp\/v2\/comments?post=6365"}],"wp:featuredmedia":[{"embeddable":true,"href":"https:\/\/www.hg-cooker.com\/fr\/wp-json\/wp\/v2\/media\/6367"}],"wp:attachment":[{"href":"https:\/\/www.hg-cooker.com\/fr\/wp-json\/wp\/v2\/media?parent=6365"}],"wp:term":[{"taxonomy":"product_brand","embeddable":true,"href":"https:\/\/www.hg-cooker.com\/fr\/wp-json\/wp\/v2\/product_brand?post=6365"},{"taxonomy":"product_cat","embeddable":true,"href":"https:\/\/www.hg-cooker.com\/fr\/wp-json\/wp\/v2\/product_cat?post=6365"},{"taxonomy":"product_tag","embeddable":true,"href":"https:\/\/www.hg-cooker.com\/fr\/wp-json\/wp\/v2\/product_tag?post=6365"}],"curies":[{"name":"wp","href":"https:\/\/api.w.org\/{rel}","templated":true}]}}