{"id":6360,"date":"2024-09-11T02:52:05","date_gmt":"2024-09-11T02:52:05","guid":{"rendered":"https:\/\/www.hg-cooker.com\/?post_type=product&#038;p=6360"},"modified":"2025-11-13T02:13:08","modified_gmt":"2025-11-13T02:13:08","slug":"wholesale-mini-pressure-cooker-e-type","status":"publish","type":"product","link":"https:\/\/www.hg-cooker.com\/fr\/produit\/wholesale-mini-pressure-cooker-e-type\/","title":{"rendered":"Mini autocuiseur en gros 0.8 -1.6L, chauffant rapidement et facile \u00e0 transporter"},"content":{"rendered":"<h3 class=\"wp-block-heading\">Param\u00e8tres du mini autocuiseur<\/h3>\n\n\n\n<div class=\"wp-block-columns is-layout-flex wp-container-core-columns-is-layout-9d6595d7 wp-block-columns-is-layout-flex\">\n<div class=\"wp-block-column is-layout-flow wp-block-column-is-layout-flow\" style=\"flex-basis:66.66%\">\n<figure class=\"wp-block-image size-full\"><img fetchpriority=\"high\" decoding=\"async\" width=\"5120\" height=\"1980\" src=\"https:\/\/www.hg-cooker.com\/wp-content\/uploads\/2025\/09\/specification-of-mini-pressure-cooker.webp\" alt=\"sp\u00e9cification de l&#039;autocuiseur miniature\" class=\"wp-image-6362\" srcset=\"https:\/\/www.hg-cooker.com\/wp-content\/uploads\/2025\/09\/specification-of-mini-pressure-cooker.webp 5120w, https:\/\/www.hg-cooker.com\/wp-content\/uploads\/2025\/09\/specification-of-mini-pressure-cooker-300x116.webp 300w, https:\/\/www.hg-cooker.com\/wp-content\/uploads\/2025\/09\/specification-of-mini-pressure-cooker-768x297.webp 768w, https:\/\/www.hg-cooker.com\/wp-content\/uploads\/2025\/09\/specification-of-mini-pressure-cooker-18x7.webp 18w, https:\/\/www.hg-cooker.com\/wp-content\/uploads\/2025\/09\/specification-of-mini-pressure-cooker-285x110.webp 285w, https:\/\/www.hg-cooker.com\/wp-content\/uploads\/2025\/09\/specification-of-mini-pressure-cooker-1600x619.webp 1600w, https:\/\/www.hg-cooker.com\/wp-content\/uploads\/2025\/09\/specification-of-mini-pressure-cooker-660x255.webp 660w, https:\/\/www.hg-cooker.com\/wp-content\/uploads\/2025\/09\/specification-of-mini-pressure-cooker-150x58.webp 150w\" sizes=\"(max-width: 5120px) 100vw, 5120px\" \/><\/figure>\n<\/div>\n\n\n\n<div class=\"wp-block-column is-layout-flow wp-block-column-is-layout-flow\" style=\"flex-basis:33.33%\"><\/div>\n<\/div>","protected":false},"excerpt":{"rendered":"<p>Vente en gros de mini-cuiseurs \u00e0 pression. Avec une capacit\u00e9 de seulement 0,8-1,6L et une taille compacte, ils conviennent aux activit\u00e9s ext\u00e9rieures telles que les appartements, les dortoirs, le camping et les voyages. Fabriqu\u00e9s en acier inoxydable triple \u00e9paisseur, ils chauffent uniform\u00e9ment et conduisent la chaleur rapidement, r\u00e9duisant ainsi le temps de pr\u00e9paration tout en pr\u00e9servant la nutrition et la saveur des ingr\u00e9dients. Nous fournissons des devis d'usine et accueillons les n\u00e9gociants, grossistes et propri\u00e9taires de marques d'autocuiseurs du monde entier \u00e0 nous contacter pour des achats en gros.<\/p>\n<h2>Caract\u00e9ristiques de l'autocuiseur miniature 0.8 - 2.0L<\/h2>\n<ul>\n<li>\n<p><strong>Taille compacte :<\/strong> Les mini-cuiseurs \u00e0 pression ont g\u00e9n\u00e9ralement une capacit\u00e9 comprise entre 0,8 et 1,6 litre. Leur taille compacte et leur poids l\u00e9ger les rendent adapt\u00e9s aux foyers uni- ou bifamiliaux, aux dortoirs d'\u00e9tudiants et aux petites cuisines.<\/p>\n<\/li>\n<li>\n<p><strong>Chauffage rapide :<\/strong> En raison de leur petite taille et de leur faible capacit\u00e9 calorifique, ces mini-cuiseurs \u00e0 pression sont construits en triple acier inoxydable, ce qui permet une conduction plus rapide et plus r\u00e9guli\u00e8re de la chaleur, r\u00e9duisant ainsi de mani\u00e8re significative le temps de cuisson des plats traditionnellement longs, comme les viandes et les haricots \u00e0 mijoter.<\/p>\n<\/li>\n<li>\n<p><strong>Facile \u00e0 utiliser :<\/strong> Des dispositifs de s\u00e9curit\u00e9 tels que le verrouillage automatique, la soupape de surpression et la protection contre l'\u00e9bullition \u00e0 sec garantissent que les utilisateurs n'ont qu'\u00e0 suivre les instructions pour r\u00e9gler le niveau d'eau et le temps de cuisson.<\/p>\n<\/li>\n<li>\n<p><strong>Cuisine polyvalente :<\/strong> Les mini-cuiseurs \u00e0 pression peuvent \u00eatre utilis\u00e9s pour une vari\u00e9t\u00e9 de m\u00e9thodes de cuisson, y compris la cuisson \u00e0 l'\u00e9touff\u00e9e, l'\u00e9bullition, la cuisson \u00e0 la vapeur et le braisage. Des soupes nourrissantes aux rago\u00fbts de b\u0153uf, en passant par la cuisson rapide du riz \u00e0 la vapeur, la cuisson des haricots et les rago\u00fbts de l\u00e9gumes, ils peuvent tout faire.<\/p>\n<\/li>\n<li>\n<p><strong>Prix d'usine comp\u00e9titifs :<\/strong> En tant que fabricant professionnel d'autocuiseurs, nous disposons de capacit\u00e9s de production \u00e0 grande \u00e9chelle pour garantir des produits de haute qualit\u00e9 et proposer de grandes quantit\u00e9s \u00e0 des prix comp\u00e9titifs.<\/p>\n<\/li>\n<\/ul>","protected":false},"featured_media":6361,"comment_status":"closed","ping_status":"closed","template":"","meta":[],"product_brand":[],"product_cat":[49],"product_tag":[],"class_list":{"0":"post-6360","1":"product","2":"type-product","3":"status-publish","4":"has-post-thumbnail","6":"product_cat-mini-pressure-cooker","8":"first","9":"instock","10":"shipping-taxable","11":"product-type-simple"},"_links":{"self":[{"href":"https:\/\/www.hg-cooker.com\/fr\/wp-json\/wp\/v2\/product\/6360","targetHints":{"allow":["GET"]}}],"collection":[{"href":"https:\/\/www.hg-cooker.com\/fr\/wp-json\/wp\/v2\/product"}],"about":[{"href":"https:\/\/www.hg-cooker.com\/fr\/wp-json\/wp\/v2\/types\/product"}],"replies":[{"embeddable":true,"href":"https:\/\/www.hg-cooker.com\/fr\/wp-json\/wp\/v2\/comments?post=6360"}],"wp:featuredmedia":[{"embeddable":true,"href":"https:\/\/www.hg-cooker.com\/fr\/wp-json\/wp\/v2\/media\/6361"}],"wp:attachment":[{"href":"https:\/\/www.hg-cooker.com\/fr\/wp-json\/wp\/v2\/media?parent=6360"}],"wp:term":[{"taxonomy":"product_brand","embeddable":true,"href":"https:\/\/www.hg-cooker.com\/fr\/wp-json\/wp\/v2\/product_brand?post=6360"},{"taxonomy":"product_cat","embeddable":true,"href":"https:\/\/www.hg-cooker.com\/fr\/wp-json\/wp\/v2\/product_cat?post=6360"},{"taxonomy":"product_tag","embeddable":true,"href":"https:\/\/www.hg-cooker.com\/fr\/wp-json\/wp\/v2\/product_tag?post=6360"}],"curies":[{"name":"wp","href":"https:\/\/api.w.org\/{rel}","templated":true}]}}